{"id":27994,"date":"2021-11-27T09:52:41","date_gmt":"2021-11-27T09:52:41","guid":{"rendered":"https:\/\/mouldking.store\/?post_type=product&#038;p=27994"},"modified":"2025-12-25T09:16:57","modified_gmt":"2025-12-25T02:16:57","slug":"moc-42826-ford-velociraptor-with-505-pieces","status":"publish","type":"product","link":"https:\/\/mouldking.store\/nb\/shop\/moc-42826-ford-velociraptor-with-505-pieces\/","title":{"rendered":"MOC-42826 Ford VelociRaptor with 505 pieces"},"content":{"rendered":"<p>Produktinformasjon:<\/p>\n<ol>\n<li>Merke: MOC<\/li>\n<li>Kj\u00f8nn: Unisex<\/li>\n<li>Name: Ford VelociRaptor<\/li>\n<li>Aldersgruppe: &gt; 6 \u00e5r gammel<\/li>\n<li>Model Number: MOC-42826<\/li>\n<li>Klassifisering: Montering<\/li>\n<li>Plastblokkform: Selvl\u00e5sende murstein<\/li>\n<li>Materiale: Plast<\/li>\n<li>Plasttype: ABS<\/li>\n<li>Bricks Blocks: 505 PCS<\/li>\n<li>Inneholder detaljerte monteringsanvisninger.<\/li>\n<\/ol>\n<p>Legge merke til:<br \/>\n1. Uten original eske, men vi garanterer at v\u00e5re produkter har kvalitetssikring og pen emballasje.<br \/>\n2. Som alle delene vi har sjekket f\u00f8r frakt, s\u00e5 hvis du finner noen deler savnet eller skadet, ikke bekymre deg og bare kontakt oss, s\u00e5 kan vi sende dem til deg p\u00e5 nytt umiddelbart gratis.<\/p>\n<figure id=\"attachment_27995\" aria-describedby=\"caption-attachment-27995\" style=\"width: 1000px\" class=\"wp-caption aligncenter\"><img fetchpriority=\"high\" decoding=\"async\" class=\"size-full wp-image-27995\" title=\"MOC-42826 Ford VelociRaptor with 505 pieces\" src=\"https:\/\/mouldking.store\/wp-content\/uploads\/2021\/11\/moc-42826-ford-velociraptor-with-505-pieces.jpg\" alt=\"MOC-42826 Ford VelociRaptor with 505 pieces\" width=\"1000\" height=\"1000\" srcset=\"https:\/\/mouldking.store\/wp-content\/uploads\/2021\/11\/moc-42826-ford-velociraptor-with-505-pieces.jpg 1000w, https:\/\/mouldking.store\/wp-content\/uploads\/2021\/11\/moc-42826-ford-velociraptor-with-505-pieces-300x300.jpg 300w, https:\/\/mouldking.store\/wp-content\/uploads\/2021\/11\/moc-42826-ford-velociraptor-with-505-pieces-768x768.jpg 768w, https:\/\/mouldking.store\/wp-content\/uploads\/2021\/11\/moc-42826-ford-velociraptor-with-505-pieces-600x600.jpg 600w, https:\/\/mouldking.store\/wp-content\/uploads\/2021\/11\/moc-42826-ford-velociraptor-with-505-pieces-150x150.jpg 150w\" sizes=\"(max-width: 1000px) 100vw, 1000px\" \/><figcaption id=\"caption-attachment-27995\" class=\"wp-caption-text\">MOC-42826 Ford VelociRaptor with 505 pieces<\/figcaption><\/figure>\n<figure id=\"attachment_27996\" aria-describedby=\"caption-attachment-27996\" style=\"width: 1000px\" class=\"wp-caption aligncenter\"><img decoding=\"async\" class=\"size-full wp-image-27996\" title=\"MOC-42826 Ford VelociRaptor with 505 pieces\" src=\"https:\/\/mouldking.store\/wp-content\/uploads\/2021\/11\/moc-42826-ford-velociraptor-with-505-pieces-1.jpg\" alt=\"MOC-42826 Ford VelociRaptor with 505 pieces\" width=\"1000\" height=\"1000\" srcset=\"https:\/\/mouldking.store\/wp-content\/uploads\/2021\/11\/moc-42826-ford-velociraptor-with-505-pieces-1.jpg 1000w, https:\/\/mouldking.store\/wp-content\/uploads\/2021\/11\/moc-42826-ford-velociraptor-with-505-pieces-1-300x300.jpg 300w, https:\/\/mouldking.store\/wp-content\/uploads\/2021\/11\/moc-42826-ford-velociraptor-with-505-pieces-1-768x768.jpg 768w, https:\/\/mouldking.store\/wp-content\/uploads\/2021\/11\/moc-42826-ford-velociraptor-with-505-pieces-1-600x600.jpg 600w, https:\/\/mouldking.store\/wp-content\/uploads\/2021\/11\/moc-42826-ford-velociraptor-with-505-pieces-1-150x150.jpg 150w\" sizes=\"(max-width: 1000px) 100vw, 1000px\" \/><figcaption id=\"caption-attachment-27996\" class=\"wp-caption-text\">MOC-42826 Ford VelociRaptor with 505 pieces<\/figcaption><\/figure>\n<figure id=\"attachment_27997\" aria-describedby=\"caption-attachment-27997\" style=\"width: 1000px\" class=\"wp-caption aligncenter\"><img decoding=\"async\" class=\"size-full wp-image-27997\" title=\"MOC-42826 Ford VelociRaptor with 505 pieces\" src=\"https:\/\/mouldking.store\/wp-content\/uploads\/2021\/11\/moc-42826-ford-velociraptor-with-505-pieces-2.jpg\" alt=\"MOC-42826 Ford VelociRaptor with 505 pieces\" width=\"1000\" height=\"1000\" srcset=\"https:\/\/mouldking.store\/wp-content\/uploads\/2021\/11\/moc-42826-ford-velociraptor-with-505-pieces-2.jpg 1000w, https:\/\/mouldking.store\/wp-content\/uploads\/2021\/11\/moc-42826-ford-velociraptor-with-505-pieces-2-300x300.jpg 300w, https:\/\/mouldking.store\/wp-content\/uploads\/2021\/11\/moc-42826-ford-velociraptor-with-505-pieces-2-768x768.jpg 768w, https:\/\/mouldking.store\/wp-content\/uploads\/2021\/11\/moc-42826-ford-velociraptor-with-505-pieces-2-600x600.jpg 600w, https:\/\/mouldking.store\/wp-content\/uploads\/2021\/11\/moc-42826-ford-velociraptor-with-505-pieces-2-150x150.jpg 150w\" sizes=\"(max-width: 1000px) 100vw, 1000px\" \/><figcaption id=\"caption-attachment-27997\" class=\"wp-caption-text\">MOC-42826 Ford VelociRaptor with 505 pieces<\/figcaption><\/figure>","protected":false},"excerpt":{"rendered":"<p>Product information: Brand: MOC Gender: Unisex Name: Ford VelociRaptor Age Range: &gt; 6 years old Model Number: MOC-42826 Classification: Assemblage Plastic Block Shape: Self-Locking Bricks Material: Plastic Plastic Type: ABS Bricks Blocks: 505 PCS Contains detailed assembly instructions. Notice: 1. Without an original box, but we guarantee our products have quality assurance and nice packaging. [&hellip;]<\/p>","protected":false},"featured_media":27998,"comment_status":"open","ping_status":"closed","template":"","meta":{"_acf_changed":false},"product_cat":[364],"product_tag":[3900,3899],"class_list":["product","first","instock","shipping-taxable","purchasable","product-type-simple"],"acf":[],"_links":{"self":[{"href":"https:\/\/mouldking.store\/nb\/wp-json\/wp\/v2\/product\/27994","targetHints":{"allow":["GET"]}}],"collection":[{"href":"https:\/\/mouldking.store\/nb\/wp-json\/wp\/v2\/product"}],"about":[{"href":"https:\/\/mouldking.store\/nb\/wp-json\/wp\/v2\/types\/product"}],"replies":[{"embeddable":true,"href":"https:\/\/mouldking.store\/nb\/wp-json\/wp\/v2\/comments?post=27994"}],"wp:featuredmedia":[{"embeddable":true,"href":"https:\/\/mouldking.store\/nb\/wp-json\/wp\/v2\/media\/27998"}],"wp:attachment":[{"href":"https:\/\/mouldking.store\/nb\/wp-json\/wp\/v2\/media?parent=27994"}],"wp:term":[{"taxonomy":"product_cat","embeddable":true,"href":"https:\/\/mouldking.store\/nb\/wp-json\/wp\/v2\/product_cat?post=27994"},{"taxonomy":"product_tag","embeddable":true,"href":"https:\/\/mouldking.store\/nb\/wp-json\/wp\/v2\/product_tag?post=27994"}],"curies":[{"name":"wp","href":"https:\/\/api.w.org\/{rel}","templated":true}]}}