{"id":28026,"date":"2021-11-29T04:16:35","date_gmt":"2021-11-29T04:16:35","guid":{"rendered":"https:\/\/mouldking.store\/?post_type=product&#038;p=28026"},"modified":"2025-12-25T09:16:57","modified_gmt":"2025-12-25T02:16:57","slug":"moc-53166-deer-skull-dinosaur-fossils-with-275-pieces","status":"publish","type":"product","link":"https:\/\/mouldking.store\/nb\/shop\/moc-53166-deer-skull-dinosaur-fossils-with-275-pieces\/","title":{"rendered":"MOC-53166 Deer Skull \u2013 Dinosaur Fossils med 275 deler"},"content":{"rendered":"<p>Produktinformasjon:<\/p>\n<ol>\n<li>Merke: MOC<\/li>\n<li>Kj\u00f8nn: Unisex<\/li>\n<li>Name: Deer Skull &#8211; Dinosaur Fossils<\/li>\n<li>Aldersgruppe: &gt; 6 \u00e5r gammel<\/li>\n<li>Model Number: MOC-53166<\/li>\n<li>Klassifisering: Montering<\/li>\n<li>Plastblokkform: Selvl\u00e5sende murstein<\/li>\n<li>Materiale: Plast<\/li>\n<li>Plasttype: ABS<\/li>\n<li>Bricks Blocks: 275 PCS<\/li>\n<li>Inneholder detaljerte monteringsanvisninger.<\/li>\n<li>Arrangementstid: 5-7 uker<\/li>\n<\/ol>\n<p>Legge merke til:<br \/>\n1. Uten original eske, men vi garanterer at v\u00e5re produkter har kvalitetssikring og pen emballasje.<br \/>\n2. Som alle delene vi har sjekket f\u00f8r frakt, s\u00e5 hvis du finner noen deler savnet eller skadet, ikke bekymre deg og bare kontakt oss, s\u00e5 kan vi sende dem til deg p\u00e5 nytt umiddelbart gratis.<\/p>\n<figure id=\"attachment_28027\" aria-describedby=\"caption-attachment-28027\" style=\"width: 1000px\" class=\"wp-caption aligncenter\"><img fetchpriority=\"high\" decoding=\"async\" class=\"size-full wp-image-28027\" title=\"MOC-53166 Deer Skull - Dinosaur Fossils with 275 pieces\" src=\"https:\/\/mouldking.store\/wp-content\/uploads\/2021\/11\/moc-53166-deer-skull-dinosaur-fossils-with-275-pieces.jpg\" alt=\"MOC-53166 Deer Skull - Dinosaur Fossils with 275 pieces\" width=\"1000\" height=\"1000\" srcset=\"https:\/\/mouldking.store\/wp-content\/uploads\/2021\/11\/moc-53166-deer-skull-dinosaur-fossils-with-275-pieces.jpg 1000w, https:\/\/mouldking.store\/wp-content\/uploads\/2021\/11\/moc-53166-deer-skull-dinosaur-fossils-with-275-pieces-300x300.jpg 300w, https:\/\/mouldking.store\/wp-content\/uploads\/2021\/11\/moc-53166-deer-skull-dinosaur-fossils-with-275-pieces-768x768.jpg 768w, https:\/\/mouldking.store\/wp-content\/uploads\/2021\/11\/moc-53166-deer-skull-dinosaur-fossils-with-275-pieces-600x600.jpg 600w, https:\/\/mouldking.store\/wp-content\/uploads\/2021\/11\/moc-53166-deer-skull-dinosaur-fossils-with-275-pieces-150x150.jpg 150w\" sizes=\"(max-width: 1000px) 100vw, 1000px\" \/><figcaption id=\"caption-attachment-28027\" class=\"wp-caption-text\">MOC-53166 Deer Skull \u2013 Dinosaur Fossils med 275 deler<\/figcaption><\/figure>\n<figure id=\"attachment_28028\" aria-describedby=\"caption-attachment-28028\" style=\"width: 1000px\" class=\"wp-caption aligncenter\"><img decoding=\"async\" class=\"size-full wp-image-28028\" title=\"MOC-53166 Deer Skull - Dinosaur Fossils with 275 pieces\" src=\"https:\/\/mouldking.store\/wp-content\/uploads\/2021\/11\/moc-53166-deer-skull-dinosaur-fossils-with-275-pieces-1.jpg\" alt=\"MOC-53166 Deer Skull - Dinosaur Fossils with 275 pieces\" width=\"1000\" height=\"1000\" srcset=\"https:\/\/mouldking.store\/wp-content\/uploads\/2021\/11\/moc-53166-deer-skull-dinosaur-fossils-with-275-pieces-1.jpg 1000w, https:\/\/mouldking.store\/wp-content\/uploads\/2021\/11\/moc-53166-deer-skull-dinosaur-fossils-with-275-pieces-1-300x300.jpg 300w, https:\/\/mouldking.store\/wp-content\/uploads\/2021\/11\/moc-53166-deer-skull-dinosaur-fossils-with-275-pieces-1-768x768.jpg 768w, https:\/\/mouldking.store\/wp-content\/uploads\/2021\/11\/moc-53166-deer-skull-dinosaur-fossils-with-275-pieces-1-600x600.jpg 600w, https:\/\/mouldking.store\/wp-content\/uploads\/2021\/11\/moc-53166-deer-skull-dinosaur-fossils-with-275-pieces-1-150x150.jpg 150w\" sizes=\"(max-width: 1000px) 100vw, 1000px\" \/><figcaption id=\"caption-attachment-28028\" class=\"wp-caption-text\">MOC-53166 Deer Skull \u2013 Dinosaur Fossils med 275 deler<\/figcaption><\/figure>\n<figure id=\"attachment_28029\" aria-describedby=\"caption-attachment-28029\" style=\"width: 1000px\" class=\"wp-caption aligncenter\"><img decoding=\"async\" class=\"size-full wp-image-28029\" title=\"MOC-53166 Deer Skull - Dinosaur Fossils with 275 pieces\" src=\"https:\/\/mouldking.store\/wp-content\/uploads\/2021\/11\/moc-53166-deer-skull-dinosaur-fossils-with-275-pieces-2.jpg\" alt=\"MOC-53166 Deer Skull - Dinosaur Fossils with 275 pieces\" width=\"1000\" height=\"1000\" srcset=\"https:\/\/mouldking.store\/wp-content\/uploads\/2021\/11\/moc-53166-deer-skull-dinosaur-fossils-with-275-pieces-2.jpg 1000w, https:\/\/mouldking.store\/wp-content\/uploads\/2021\/11\/moc-53166-deer-skull-dinosaur-fossils-with-275-pieces-2-300x300.jpg 300w, https:\/\/mouldking.store\/wp-content\/uploads\/2021\/11\/moc-53166-deer-skull-dinosaur-fossils-with-275-pieces-2-768x768.jpg 768w, https:\/\/mouldking.store\/wp-content\/uploads\/2021\/11\/moc-53166-deer-skull-dinosaur-fossils-with-275-pieces-2-600x600.jpg 600w, https:\/\/mouldking.store\/wp-content\/uploads\/2021\/11\/moc-53166-deer-skull-dinosaur-fossils-with-275-pieces-2-150x150.jpg 150w\" sizes=\"(max-width: 1000px) 100vw, 1000px\" \/><figcaption id=\"caption-attachment-28029\" class=\"wp-caption-text\">MOC-53166 Deer Skull \u2013 Dinosaur Fossils med 275 deler<\/figcaption><\/figure>\n<p>&nbsp;<\/p>","protected":false},"excerpt":{"rendered":"<p>Product information: Brand: MOC Gender: Unisex Name: Deer Skull &#8211; Dinosaur Fossils Age Range: &gt; 6 years old Model Number: MOC-53166 Classification: Assemblage Plastic Block Shape: Self-Locking Bricks Material: Plastic Plastic Type: ABS Bricks Blocks: 275 PCS Contains detailed assembly instructions. Arrange Time: 5-7 weeks Notice: 1. Without an original box, but we guarantee our [&hellip;]<\/p>","protected":false},"featured_media":28030,"comment_status":"open","ping_status":"closed","template":"","meta":{"_acf_changed":false},"product_cat":[371],"product_tag":[3910,3909],"class_list":["product","first","instock","shipping-taxable","purchasable","product-type-simple"],"acf":[],"_links":{"self":[{"href":"https:\/\/mouldking.store\/nb\/wp-json\/wp\/v2\/product\/28026","targetHints":{"allow":["GET"]}}],"collection":[{"href":"https:\/\/mouldking.store\/nb\/wp-json\/wp\/v2\/product"}],"about":[{"href":"https:\/\/mouldking.store\/nb\/wp-json\/wp\/v2\/types\/product"}],"replies":[{"embeddable":true,"href":"https:\/\/mouldking.store\/nb\/wp-json\/wp\/v2\/comments?post=28026"}],"wp:featuredmedia":[{"embeddable":true,"href":"https:\/\/mouldking.store\/nb\/wp-json\/wp\/v2\/media\/28030"}],"wp:attachment":[{"href":"https:\/\/mouldking.store\/nb\/wp-json\/wp\/v2\/media?parent=28026"}],"wp:term":[{"taxonomy":"product_cat","embeddable":true,"href":"https:\/\/mouldking.store\/nb\/wp-json\/wp\/v2\/product_cat?post=28026"},{"taxonomy":"product_tag","embeddable":true,"href":"https:\/\/mouldking.store\/nb\/wp-json\/wp\/v2\/product_tag?post=28026"}],"curies":[{"name":"wp","href":"https:\/\/api.w.org\/{rel}","templated":true}]}}