{"id":28040,"date":"2021-11-29T10:45:54","date_gmt":"2021-11-29T10:45:54","guid":{"rendered":"https:\/\/mouldking.store\/?post_type=product&#038;p=28040"},"modified":"2021-12-23T09:40:27","modified_gmt":"2021-12-23T09:40:27","slug":"leji-3301-iron-man-book-with-2009-pieces","status":"publish","type":"product","link":"https:\/\/mouldking.store\/nb\/shop\/leji-3301-iron-man-book-with-2009-pieces\/","title":{"rendered":"LEJI 3301 Iron Man-bok med 2009 deler"},"content":{"rendered":"<p>Produktinformasjon:<\/p>\n<ol>\n<li>Merke: LEJI<\/li>\n<li>Kj\u00f8nn: Unisex<\/li>\n<li>Name: Iron Man Book<\/li>\n<li>Aldersgruppe: &gt; 6 \u00e5r gammel<\/li>\n<li>Model Number: 3301<\/li>\n<li>Klassifisering: Montering<\/li>\n<li>Plastblokkform: Selvl\u00e5sende murstein<\/li>\n<li>Materiale: Plast<\/li>\n<li>Plasttype: ABS<\/li>\n<li>Bricks Blocks: 2009 PCS<\/li>\n<li>Inneholder detaljerte monteringsanvisninger.<\/li>\n<\/ol>\n<p>Legge merke til:<br \/>\n1. Uten original eske, men vi garanterer at v\u00e5re produkter har kvalitetssikring og pen emballasje.<br \/>\n2. Som alle delene vi har sjekket f\u00f8r frakt, s\u00e5 hvis du finner noen deler savnet eller skadet, ikke bekymre deg og bare kontakt oss, s\u00e5 kan vi sende dem til deg p\u00e5 nytt umiddelbart gratis.<\/p>\n<figure id=\"attachment_28041\" aria-describedby=\"caption-attachment-28041\" style=\"width: 800px\" class=\"wp-caption aligncenter\"><img fetchpriority=\"high\" decoding=\"async\" class=\"wp-image-28041 size-full\" src=\"https:\/\/mouldking.store\/wp-content\/uploads\/2021\/11\/LEJI-3301-Iron-Man-Book-with-2009-pieces-1.jpg\" alt=\"LEJI 3301 Iron Man Book with 2009 pieces\" width=\"800\" height=\"800\" title=\"-\" srcset=\"https:\/\/mouldking.store\/wp-content\/uploads\/2021\/11\/LEJI-3301-Iron-Man-Book-with-2009-pieces-1.jpg 800w, https:\/\/mouldking.store\/wp-content\/uploads\/2021\/11\/LEJI-3301-Iron-Man-Book-with-2009-pieces-1-300x300.jpg 300w, https:\/\/mouldking.store\/wp-content\/uploads\/2021\/11\/LEJI-3301-Iron-Man-Book-with-2009-pieces-1-768x768.jpg 768w, https:\/\/mouldking.store\/wp-content\/uploads\/2021\/11\/LEJI-3301-Iron-Man-Book-with-2009-pieces-1-600x600.jpg 600w, https:\/\/mouldking.store\/wp-content\/uploads\/2021\/11\/LEJI-3301-Iron-Man-Book-with-2009-pieces-1-150x150.jpg 150w\" sizes=\"(max-width: 800px) 100vw, 800px\" \/><figcaption id=\"caption-attachment-28041\" class=\"wp-caption-text\">LEJI 3301 Iron Man-bok med 2009 deler<\/figcaption><\/figure>\n<figure id=\"attachment_28044\" aria-describedby=\"caption-attachment-28044\" style=\"width: 800px\" class=\"wp-caption aligncenter\"><img decoding=\"async\" class=\"wp-image-28044 size-full\" src=\"https:\/\/mouldking.store\/wp-content\/uploads\/2021\/11\/LEJI-3301-Iron-Man-Book-with-2009-pieces-4.jpg\" alt=\"LEJI 3301 Iron Man Book with 2009 pieces\" width=\"800\" height=\"800\" title=\"-\" srcset=\"https:\/\/mouldking.store\/wp-content\/uploads\/2021\/11\/LEJI-3301-Iron-Man-Book-with-2009-pieces-4.jpg 800w, https:\/\/mouldking.store\/wp-content\/uploads\/2021\/11\/LEJI-3301-Iron-Man-Book-with-2009-pieces-4-300x300.jpg 300w, https:\/\/mouldking.store\/wp-content\/uploads\/2021\/11\/LEJI-3301-Iron-Man-Book-with-2009-pieces-4-768x768.jpg 768w, https:\/\/mouldking.store\/wp-content\/uploads\/2021\/11\/LEJI-3301-Iron-Man-Book-with-2009-pieces-4-600x600.jpg 600w, https:\/\/mouldking.store\/wp-content\/uploads\/2021\/11\/LEJI-3301-Iron-Man-Book-with-2009-pieces-4-150x150.jpg 150w\" sizes=\"(max-width: 800px) 100vw, 800px\" \/><figcaption id=\"caption-attachment-28044\" class=\"wp-caption-text\">LEJI 3301 Iron Man-bok med 2009 deler<\/figcaption><\/figure>\n<figure id=\"attachment_28042\" aria-describedby=\"caption-attachment-28042\" style=\"width: 784px\" class=\"wp-caption aligncenter\"><img decoding=\"async\" class=\"wp-image-28042 size-full\" src=\"https:\/\/mouldking.store\/wp-content\/uploads\/2021\/11\/LEJI-3301-Iron-Man-Book-with-2009-pieces-2.jpg\" alt=\"LEJI 3301 Iron Man Book with 2009 pieces\" width=\"784\" height=\"1024\" title=\"-\" srcset=\"https:\/\/mouldking.store\/wp-content\/uploads\/2021\/11\/LEJI-3301-Iron-Man-Book-with-2009-pieces-2.jpg 784w, https:\/\/mouldking.store\/wp-content\/uploads\/2021\/11\/LEJI-3301-Iron-Man-Book-with-2009-pieces-2-230x300.jpg 230w, https:\/\/mouldking.store\/wp-content\/uploads\/2021\/11\/LEJI-3301-Iron-Man-Book-with-2009-pieces-2-768x1003.jpg 768w, https:\/\/mouldking.store\/wp-content\/uploads\/2021\/11\/LEJI-3301-Iron-Man-Book-with-2009-pieces-2-300x392.jpg 300w, https:\/\/mouldking.store\/wp-content\/uploads\/2021\/11\/LEJI-3301-Iron-Man-Book-with-2009-pieces-2-600x784.jpg 600w, https:\/\/mouldking.store\/wp-content\/uploads\/2021\/11\/LEJI-3301-Iron-Man-Book-with-2009-pieces-2-115x150.jpg 115w\" sizes=\"(max-width: 784px) 100vw, 784px\" \/><figcaption id=\"caption-attachment-28042\" class=\"wp-caption-text\">LEJI 3301 Iron Man-bok med 2009 deler<\/figcaption><\/figure>\n<figure id=\"attachment_28043\" aria-describedby=\"caption-attachment-28043\" style=\"width: 800px\" class=\"wp-caption aligncenter\"><img loading=\"lazy\" decoding=\"async\" class=\"wp-image-28043\" src=\"https:\/\/mouldking.store\/wp-content\/uploads\/2021\/11\/LEJI-3301-Iron-Man-Book-with-2009-pieces-3-300x287.jpg\" alt=\"LEJI 3301 Iron Man Book with 2009 pieces\" width=\"800\" height=\"766\" title=\"-\" srcset=\"https:\/\/mouldking.store\/wp-content\/uploads\/2021\/11\/LEJI-3301-Iron-Man-Book-with-2009-pieces-3-300x287.jpg 300w, https:\/\/mouldking.store\/wp-content\/uploads\/2021\/11\/LEJI-3301-Iron-Man-Book-with-2009-pieces-3-768x736.jpg 768w, https:\/\/mouldking.store\/wp-content\/uploads\/2021\/11\/LEJI-3301-Iron-Man-Book-with-2009-pieces-3-600x575.jpg 600w, https:\/\/mouldking.store\/wp-content\/uploads\/2021\/11\/LEJI-3301-Iron-Man-Book-with-2009-pieces-3-150x144.jpg 150w, https:\/\/mouldking.store\/wp-content\/uploads\/2021\/11\/LEJI-3301-Iron-Man-Book-with-2009-pieces-3.jpg 1024w\" sizes=\"(max-width: 800px) 100vw, 800px\" \/><figcaption id=\"caption-attachment-28043\" class=\"wp-caption-text\">LEJI 3301 Iron Man-bok med 2009 deler<\/figcaption><\/figure>","protected":false},"excerpt":{"rendered":"<p>Product information: Brand: LEJI Gender: Unisex Name: Iron Man Book Age Range: &gt; 6 years old Model Number: 3301 Classification: Assemblage Plastic Block Shape: Self-Locking Bricks Material: Plastic Plastic Type: ABS Bricks Blocks: 2009 PCS Contains detailed assembly instructions. Notice: 1. Without an original box, but we guarantee our products have quality assurance and nice [&hellip;]<\/p>","protected":false},"featured_media":28041,"comment_status":"open","ping_status":"closed","template":"","meta":{"_acf_changed":false},"product_cat":[371,581],"product_tag":[3925,1411,1856,3923,3924,3922,3926,3920,3919,3921],"class_list":["product","first","instock","shipping-taxable","purchasable","product-type-simple"],"acf":[],"_links":{"self":[{"href":"https:\/\/mouldking.store\/nb\/wp-json\/wp\/v2\/product\/28040","targetHints":{"allow":["GET"]}}],"collection":[{"href":"https:\/\/mouldking.store\/nb\/wp-json\/wp\/v2\/product"}],"about":[{"href":"https:\/\/mouldking.store\/nb\/wp-json\/wp\/v2\/types\/product"}],"replies":[{"embeddable":true,"href":"https:\/\/mouldking.store\/nb\/wp-json\/wp\/v2\/comments?post=28040"}],"wp:featuredmedia":[{"embeddable":true,"href":"https:\/\/mouldking.store\/nb\/wp-json\/wp\/v2\/media\/28041"}],"wp:attachment":[{"href":"https:\/\/mouldking.store\/nb\/wp-json\/wp\/v2\/media?parent=28040"}],"wp:term":[{"taxonomy":"product_cat","embeddable":true,"href":"https:\/\/mouldking.store\/nb\/wp-json\/wp\/v2\/product_cat?post=28040"},{"taxonomy":"product_tag","embeddable":true,"href":"https:\/\/mouldking.store\/nb\/wp-json\/wp\/v2\/product_tag?post=28040"}],"curies":[{"name":"wp","href":"https:\/\/api.w.org\/{rel}","templated":true}]}}