{"id":28072,"date":"2021-11-29T11:09:43","date_gmt":"2021-11-29T11:09:43","guid":{"rendered":"https:\/\/mouldking.store\/?post_type=product&#038;p=28072"},"modified":"2024-05-02T19:08:08","modified_gmt":"2024-05-02T12:08:08","slug":"mould-king-15019-rc-garbage-truck-with-1689-pieces","status":"publish","type":"product","link":"https:\/\/mouldking.store\/nb\/shop\/mould-king-15019-rc-garbage-truck-with-1689-pieces\/","title":{"rendered":"Mould King 15019 RC Garbage Truck with 1689 pieces"},"content":{"rendered":"<p>Produktinformasjon:<\/p>\n<ol>\n<li>Merke: Mold King<\/li>\n<li>Kj\u00f8nn: Unisex<\/li>\n<li>Name: RC Garbage Truck<\/li>\n<li>Aldersgruppe: &gt; 8 \u00e5r gammel<\/li>\n<li>Model Number: 15019<\/li>\n<li>Klassifisering: Montering<\/li>\n<li>Plastblokkform: Selvl\u00e5sende murstein<\/li>\n<li>Materiale: Plast<\/li>\n<li>Plasttype: ABS<\/li>\n<li>Bricks Blocks: 1689 PCS<\/li>\n<li>Inneholder detaljerte monteringsanvisninger.<\/li>\n<\/ol>\n<p>Legge merke til:<br \/>\n1. Uten original eske, men vi garanterer at v\u00e5re produkter har kvalitetssikring og pen emballasje.<br \/>\n2. Som alle delene vi har sjekket f\u00f8r frakt, s\u00e5 hvis du finner noen deler savnet eller skadet, ikke bekymre deg og bare kontakt oss, s\u00e5 kan vi sende dem til deg p\u00e5 nytt umiddelbart gratis.<\/p>\n<figure id=\"attachment_28073\" aria-describedby=\"caption-attachment-28073\" style=\"width: 800px\" class=\"wp-caption aligncenter\"><img fetchpriority=\"high\" decoding=\"async\" class=\"wp-image-28073 size-full\" src=\"https:\/\/mouldking.store\/wp-content\/uploads\/2021\/11\/Mould-King-15019-RC-Garbage-Truck-with-1689-pieces-1.jpg\" alt=\"Mould King 15019 RC Garbage Truck with 1689 pieces\" width=\"800\" height=\"800\" title=\"-\" srcset=\"https:\/\/mouldking.store\/wp-content\/uploads\/2021\/11\/Mould-King-15019-RC-Garbage-Truck-with-1689-pieces-1.jpg 800w, https:\/\/mouldking.store\/wp-content\/uploads\/2021\/11\/Mould-King-15019-RC-Garbage-Truck-with-1689-pieces-1-300x300.jpg 300w, https:\/\/mouldking.store\/wp-content\/uploads\/2021\/11\/Mould-King-15019-RC-Garbage-Truck-with-1689-pieces-1-768x768.jpg 768w, https:\/\/mouldking.store\/wp-content\/uploads\/2021\/11\/Mould-King-15019-RC-Garbage-Truck-with-1689-pieces-1-600x600.jpg 600w, https:\/\/mouldking.store\/wp-content\/uploads\/2021\/11\/Mould-King-15019-RC-Garbage-Truck-with-1689-pieces-1-150x150.jpg 150w\" sizes=\"(max-width: 800px) 100vw, 800px\" \/><figcaption id=\"caption-attachment-28073\" class=\"wp-caption-text\">Mould King 15019 RC Garbage Truck with 1689 pieces<\/figcaption><\/figure>\n<figure id=\"attachment_28078\" aria-describedby=\"caption-attachment-28078\" style=\"width: 800px\" class=\"wp-caption aligncenter\"><img decoding=\"async\" class=\"wp-image-28078 size-full\" src=\"https:\/\/mouldking.store\/wp-content\/uploads\/2021\/11\/Mould-King-15019-RC-Garbage-Truck-with-1689-pieces-6.jpg\" alt=\"Mould King 15019 RC Garbage Truck with 1689 pieces\" width=\"800\" height=\"800\" title=\"-\" srcset=\"https:\/\/mouldking.store\/wp-content\/uploads\/2021\/11\/Mould-King-15019-RC-Garbage-Truck-with-1689-pieces-6.jpg 800w, https:\/\/mouldking.store\/wp-content\/uploads\/2021\/11\/Mould-King-15019-RC-Garbage-Truck-with-1689-pieces-6-300x300.jpg 300w, https:\/\/mouldking.store\/wp-content\/uploads\/2021\/11\/Mould-King-15019-RC-Garbage-Truck-with-1689-pieces-6-768x768.jpg 768w, https:\/\/mouldking.store\/wp-content\/uploads\/2021\/11\/Mould-King-15019-RC-Garbage-Truck-with-1689-pieces-6-600x600.jpg 600w, https:\/\/mouldking.store\/wp-content\/uploads\/2021\/11\/Mould-King-15019-RC-Garbage-Truck-with-1689-pieces-6-150x150.jpg 150w\" sizes=\"(max-width: 800px) 100vw, 800px\" \/><figcaption id=\"caption-attachment-28078\" class=\"wp-caption-text\">Mould King 15019 RC Garbage Truck with 1689 pieces<\/figcaption><\/figure>\n<figure id=\"attachment_28075\" aria-describedby=\"caption-attachment-28075\" style=\"width: 790px\" class=\"wp-caption aligncenter\"><img decoding=\"async\" class=\"wp-image-28075 size-full\" src=\"https:\/\/mouldking.store\/wp-content\/uploads\/2021\/11\/Mould-King-15019-RC-Garbage-Truck-with-1689-pieces-3.jpg\" alt=\"Mould King 15019 RC Garbage Truck with 1689 pieces\" width=\"790\" height=\"483\" title=\"-\" srcset=\"https:\/\/mouldking.store\/wp-content\/uploads\/2021\/11\/Mould-King-15019-RC-Garbage-Truck-with-1689-pieces-3.jpg 790w, https:\/\/mouldking.store\/wp-content\/uploads\/2021\/11\/Mould-King-15019-RC-Garbage-Truck-with-1689-pieces-3-300x183.jpg 300w, https:\/\/mouldking.store\/wp-content\/uploads\/2021\/11\/Mould-King-15019-RC-Garbage-Truck-with-1689-pieces-3-768x470.jpg 768w, https:\/\/mouldking.store\/wp-content\/uploads\/2021\/11\/Mould-King-15019-RC-Garbage-Truck-with-1689-pieces-3-600x367.jpg 600w, https:\/\/mouldking.store\/wp-content\/uploads\/2021\/11\/Mould-King-15019-RC-Garbage-Truck-with-1689-pieces-3-150x92.jpg 150w\" sizes=\"(max-width: 790px) 100vw, 790px\" \/><figcaption id=\"caption-attachment-28075\" class=\"wp-caption-text\">Mould King 15019 RC Garbage Truck with 1689 pieces<\/figcaption><\/figure>\n<figure id=\"attachment_28076\" aria-describedby=\"caption-attachment-28076\" style=\"width: 790px\" class=\"wp-caption aligncenter\"><img loading=\"lazy\" decoding=\"async\" class=\"wp-image-28076 size-full\" src=\"https:\/\/mouldking.store\/wp-content\/uploads\/2021\/11\/Mould-King-15019-RC-Garbage-Truck-with-1689-pieces-4.jpg\" alt=\"Mould King 15019 RC Garbage Truck with 1689 pieces\" width=\"790\" height=\"700\" title=\"-\" srcset=\"https:\/\/mouldking.store\/wp-content\/uploads\/2021\/11\/Mould-King-15019-RC-Garbage-Truck-with-1689-pieces-4.jpg 790w, https:\/\/mouldking.store\/wp-content\/uploads\/2021\/11\/Mould-King-15019-RC-Garbage-Truck-with-1689-pieces-4-300x266.jpg 300w, https:\/\/mouldking.store\/wp-content\/uploads\/2021\/11\/Mould-King-15019-RC-Garbage-Truck-with-1689-pieces-4-768x681.jpg 768w, https:\/\/mouldking.store\/wp-content\/uploads\/2021\/11\/Mould-King-15019-RC-Garbage-Truck-with-1689-pieces-4-600x532.jpg 600w, https:\/\/mouldking.store\/wp-content\/uploads\/2021\/11\/Mould-King-15019-RC-Garbage-Truck-with-1689-pieces-4-150x133.jpg 150w\" sizes=\"(max-width: 790px) 100vw, 790px\" \/><figcaption id=\"caption-attachment-28076\" class=\"wp-caption-text\">Mould King 15019 RC Garbage Truck with 1689 pieces<\/figcaption><\/figure>\n<figure id=\"attachment_28077\" aria-describedby=\"caption-attachment-28077\" style=\"width: 800px\" class=\"wp-caption aligncenter\"><img loading=\"lazy\" decoding=\"async\" class=\"wp-image-28077 size-full\" src=\"https:\/\/mouldking.store\/wp-content\/uploads\/2021\/11\/Mould-King-15019-RC-Garbage-Truck-with-1689-pieces-5.jpg\" alt=\"Mould King 15019 RC Garbage Truck with 1689 pieces\" width=\"800\" height=\"800\" title=\"-\" srcset=\"https:\/\/mouldking.store\/wp-content\/uploads\/2021\/11\/Mould-King-15019-RC-Garbage-Truck-with-1689-pieces-5.jpg 800w, https:\/\/mouldking.store\/wp-content\/uploads\/2021\/11\/Mould-King-15019-RC-Garbage-Truck-with-1689-pieces-5-300x300.jpg 300w, https:\/\/mouldking.store\/wp-content\/uploads\/2021\/11\/Mould-King-15019-RC-Garbage-Truck-with-1689-pieces-5-768x768.jpg 768w, https:\/\/mouldking.store\/wp-content\/uploads\/2021\/11\/Mould-King-15019-RC-Garbage-Truck-with-1689-pieces-5-600x600.jpg 600w, https:\/\/mouldking.store\/wp-content\/uploads\/2021\/11\/Mould-King-15019-RC-Garbage-Truck-with-1689-pieces-5-150x150.jpg 150w\" sizes=\"(max-width: 800px) 100vw, 800px\" \/><figcaption id=\"caption-attachment-28077\" class=\"wp-caption-text\">Mould King 15019 RC Garbage Truck with 1689 pieces<\/figcaption><\/figure>\n<figure id=\"attachment_28074\" aria-describedby=\"caption-attachment-28074\" style=\"width: 790px\" class=\"wp-caption aligncenter\"><img loading=\"lazy\" decoding=\"async\" class=\"wp-image-28074 size-full\" src=\"https:\/\/mouldking.store\/wp-content\/uploads\/2021\/11\/Mould-King-15019-RC-Garbage-Truck-with-1689-pieces-2.jpg\" alt=\"Mould King 15019 RC Garbage Truck with 1689 pieces\" width=\"790\" height=\"488\" title=\"-\" srcset=\"https:\/\/mouldking.store\/wp-content\/uploads\/2021\/11\/Mould-King-15019-RC-Garbage-Truck-with-1689-pieces-2.jpg 790w, https:\/\/mouldking.store\/wp-content\/uploads\/2021\/11\/Mould-King-15019-RC-Garbage-Truck-with-1689-pieces-2-300x185.jpg 300w, https:\/\/mouldking.store\/wp-content\/uploads\/2021\/11\/Mould-King-15019-RC-Garbage-Truck-with-1689-pieces-2-768x474.jpg 768w, https:\/\/mouldking.store\/wp-content\/uploads\/2021\/11\/Mould-King-15019-RC-Garbage-Truck-with-1689-pieces-2-600x371.jpg 600w, https:\/\/mouldking.store\/wp-content\/uploads\/2021\/11\/Mould-King-15019-RC-Garbage-Truck-with-1689-pieces-2-150x93.jpg 150w\" sizes=\"(max-width: 790px) 100vw, 790px\" \/><figcaption id=\"caption-attachment-28074\" class=\"wp-caption-text\">Mould King 15019 RC Garbage Truck with 1689 pieces<\/figcaption><\/figure>","protected":false},"excerpt":{"rendered":"<p>Product information: Brand: Mould King Gender: Unisex Name: RC Garbage Truck Age Range: &gt; 8 years old Model Number: 15019 Classification: Assemblage Plastic Block Shape: Self-Locking Bricks Material: Plastic Plastic Type: ABS Bricks Blocks: 1689 PCS Contains detailed assembly instructions. Notice: 1. Without an original box, but we guarantee our products have quality assurance and [&hellip;]<\/p>","protected":false},"featured_media":28073,"comment_status":"open","ping_status":"closed","template":"","meta":{"_acf_changed":false},"product_cat":[364],"product_tag":[3953,3950,3948,3947,3949,3952,3951],"class_list":["product","first","instock","shipping-taxable","purchasable","product-type-simple"],"acf":[],"_links":{"self":[{"href":"https:\/\/mouldking.store\/nb\/wp-json\/wp\/v2\/product\/28072","targetHints":{"allow":["GET"]}}],"collection":[{"href":"https:\/\/mouldking.store\/nb\/wp-json\/wp\/v2\/product"}],"about":[{"href":"https:\/\/mouldking.store\/nb\/wp-json\/wp\/v2\/types\/product"}],"replies":[{"embeddable":true,"href":"https:\/\/mouldking.store\/nb\/wp-json\/wp\/v2\/comments?post=28072"}],"wp:featuredmedia":[{"embeddable":true,"href":"https:\/\/mouldking.store\/nb\/wp-json\/wp\/v2\/media\/28073"}],"wp:attachment":[{"href":"https:\/\/mouldking.store\/nb\/wp-json\/wp\/v2\/media?parent=28072"}],"wp:term":[{"taxonomy":"product_cat","embeddable":true,"href":"https:\/\/mouldking.store\/nb\/wp-json\/wp\/v2\/product_cat?post=28072"},{"taxonomy":"product_tag","embeddable":true,"href":"https:\/\/mouldking.store\/nb\/wp-json\/wp\/v2\/product_tag?post=28072"}],"curies":[{"name":"wp","href":"https:\/\/api.w.org\/{rel}","templated":true}]}}