{"id":28095,"date":"2021-11-29T11:23:33","date_gmt":"2021-11-29T11:23:33","guid":{"rendered":"https:\/\/mouldking.store\/?post_type=product&#038;p=28095"},"modified":"2021-12-23T09:40:27","modified_gmt":"2021-12-23T09:40:27","slug":"mould-king-15025-rc-dump-truck-with-1012-pieces","status":"publish","type":"product","link":"https:\/\/mouldking.store\/nb\/shop\/mould-king-15025-rc-dump-truck-with-1012-pieces\/","title":{"rendered":"Mold King 15025 RC Dumper med 1012 stk"},"content":{"rendered":"<p>Produktinformasjon:<\/p>\n<ol>\n<li>Merke: Mold King<\/li>\n<li>Kj\u00f8nn: Unisex<\/li>\n<li>Navn: RC dumper<\/li>\n<li>Aldersgruppe: &gt; 8 \u00e5r gammel<\/li>\n<li>Modellnummer: 15025<\/li>\n<li>Klassifisering: Montering<\/li>\n<li>Plastblokkform: Selvl\u00e5sende murstein<\/li>\n<li>Materiale: Plast<\/li>\n<li>Plasttype: ABS<\/li>\n<li>Mursteinsblokker: 1012 STK<\/li>\n<li>Inneholder detaljerte monteringsanvisninger.<\/li>\n<\/ol>\n<p>Legge merke til:<br \/>\n1. Uten original eske, men vi garanterer at v\u00e5re produkter har kvalitetssikring og pen emballasje.<br \/>\n2. Som alle delene vi har sjekket f\u00f8r frakt, s\u00e5 hvis du finner noen deler savnet eller skadet, ikke bekymre deg og bare kontakt oss, s\u00e5 kan vi sende dem til deg p\u00e5 nytt umiddelbart gratis.<\/p>\n<figure id=\"attachment_28096\" aria-describedby=\"caption-attachment-28096\" style=\"width: 800px\" class=\"wp-caption aligncenter\"><img fetchpriority=\"high\" decoding=\"async\" class=\"wp-image-28096 size-full\" src=\"https:\/\/mouldking.store\/wp-content\/uploads\/2021\/11\/Mould-King-15025-RC-Dump-Truck-with-1012-pieces-1.jpg\" alt=\"Mould King 15025 RC Dump Truck with 1012 pieces\" width=\"800\" height=\"800\" title=\"-\" srcset=\"https:\/\/mouldking.store\/wp-content\/uploads\/2021\/11\/Mould-King-15025-RC-Dump-Truck-with-1012-pieces-1.jpg 800w, https:\/\/mouldking.store\/wp-content\/uploads\/2021\/11\/Mould-King-15025-RC-Dump-Truck-with-1012-pieces-1-300x300.jpg 300w, https:\/\/mouldking.store\/wp-content\/uploads\/2021\/11\/Mould-King-15025-RC-Dump-Truck-with-1012-pieces-1-768x768.jpg 768w, https:\/\/mouldking.store\/wp-content\/uploads\/2021\/11\/Mould-King-15025-RC-Dump-Truck-with-1012-pieces-1-600x600.jpg 600w, https:\/\/mouldking.store\/wp-content\/uploads\/2021\/11\/Mould-King-15025-RC-Dump-Truck-with-1012-pieces-1-150x150.jpg 150w\" sizes=\"(max-width: 800px) 100vw, 800px\" \/><figcaption id=\"caption-attachment-28096\" class=\"wp-caption-text\">Mold King 15025 RC Dumper med 1012 stk<\/figcaption><\/figure>\n<figure id=\"attachment_28099\" aria-describedby=\"caption-attachment-28099\" style=\"width: 800px\" class=\"wp-caption aligncenter\"><img decoding=\"async\" class=\"wp-image-28099\" src=\"https:\/\/mouldking.store\/wp-content\/uploads\/2021\/11\/Mould-King-15025-RC-Dump-Truck-with-1012-pieces-4-300x277.jpg\" alt=\"Mould King 15025 RC Dump Truck with 1012 pieces\" width=\"800\" height=\"738\" title=\"-\" srcset=\"https:\/\/mouldking.store\/wp-content\/uploads\/2021\/11\/Mould-King-15025-RC-Dump-Truck-with-1012-pieces-4-300x277.jpg 300w, https:\/\/mouldking.store\/wp-content\/uploads\/2021\/11\/Mould-King-15025-RC-Dump-Truck-with-1012-pieces-4-768x709.jpg 768w, https:\/\/mouldking.store\/wp-content\/uploads\/2021\/11\/Mould-King-15025-RC-Dump-Truck-with-1012-pieces-4-600x554.jpg 600w, https:\/\/mouldking.store\/wp-content\/uploads\/2021\/11\/Mould-King-15025-RC-Dump-Truck-with-1012-pieces-4-150x138.jpg 150w, https:\/\/mouldking.store\/wp-content\/uploads\/2021\/11\/Mould-King-15025-RC-Dump-Truck-with-1012-pieces-4.jpg 1024w\" sizes=\"(max-width: 800px) 100vw, 800px\" \/><figcaption id=\"caption-attachment-28099\" class=\"wp-caption-text\">Mold King 15025 RC Dumper med 1012 stk<\/figcaption><\/figure>\n<figure id=\"attachment_28098\" aria-describedby=\"caption-attachment-28098\" style=\"width: 800px\" class=\"wp-caption aligncenter\"><img decoding=\"async\" class=\"wp-image-28098\" src=\"https:\/\/mouldking.store\/wp-content\/uploads\/2021\/11\/Mould-King-15025-RC-Dump-Truck-with-1012-pieces-3-300x181.jpg\" alt=\"Mould King 15025 RC Dump Truck with 1012 pieces\" width=\"800\" height=\"482\" title=\"-\" srcset=\"https:\/\/mouldking.store\/wp-content\/uploads\/2021\/11\/Mould-King-15025-RC-Dump-Truck-with-1012-pieces-3-300x181.jpg 300w, https:\/\/mouldking.store\/wp-content\/uploads\/2021\/11\/Mould-King-15025-RC-Dump-Truck-with-1012-pieces-3-768x463.jpg 768w, https:\/\/mouldking.store\/wp-content\/uploads\/2021\/11\/Mould-King-15025-RC-Dump-Truck-with-1012-pieces-3-600x362.jpg 600w, https:\/\/mouldking.store\/wp-content\/uploads\/2021\/11\/Mould-King-15025-RC-Dump-Truck-with-1012-pieces-3-150x90.jpg 150w, https:\/\/mouldking.store\/wp-content\/uploads\/2021\/11\/Mould-King-15025-RC-Dump-Truck-with-1012-pieces-3.jpg 1024w\" sizes=\"(max-width: 800px) 100vw, 800px\" \/><figcaption id=\"caption-attachment-28098\" class=\"wp-caption-text\">Mold King 15025 RC Dumper med 1012 stk<\/figcaption><\/figure>\n<figure id=\"attachment_28097\" aria-describedby=\"caption-attachment-28097\" style=\"width: 800px\" class=\"wp-caption aligncenter\"><img loading=\"lazy\" decoding=\"async\" class=\"wp-image-28097\" src=\"https:\/\/mouldking.store\/wp-content\/uploads\/2021\/11\/Mould-King-15025-RC-Dump-Truck-with-1012-pieces-2-300x142.jpg\" alt=\"Mould King 15025 RC Dump Truck with 1012 pieces\" width=\"800\" height=\"377\" title=\"-\" srcset=\"https:\/\/mouldking.store\/wp-content\/uploads\/2021\/11\/Mould-King-15025-RC-Dump-Truck-with-1012-pieces-2-300x142.jpg 300w, https:\/\/mouldking.store\/wp-content\/uploads\/2021\/11\/Mould-King-15025-RC-Dump-Truck-with-1012-pieces-2-768x362.jpg 768w, https:\/\/mouldking.store\/wp-content\/uploads\/2021\/11\/Mould-King-15025-RC-Dump-Truck-with-1012-pieces-2-600x283.jpg 600w, https:\/\/mouldking.store\/wp-content\/uploads\/2021\/11\/Mould-King-15025-RC-Dump-Truck-with-1012-pieces-2-150x71.jpg 150w, https:\/\/mouldking.store\/wp-content\/uploads\/2021\/11\/Mould-King-15025-RC-Dump-Truck-with-1012-pieces-2.jpg 1024w\" sizes=\"(max-width: 800px) 100vw, 800px\" \/><figcaption id=\"caption-attachment-28097\" class=\"wp-caption-text\">Mold King 15025 RC Dumper med 1012 stk<\/figcaption><\/figure>","protected":false},"excerpt":{"rendered":"<p>Product information: Brand: Mould King Gender: Unisex Name: RC Dump Truck Age Range: &gt; 8 years old Model Number: 15025 Classification: Assemblage Plastic Block Shape: Self-Locking Bricks Material: Plastic Plastic Type: ABS Bricks Blocks: 1012 PCS Contains detailed assembly instructions. Notice: 1. Without an original box, but we guarantee our products have quality assurance and [&hellip;]<\/p>","protected":false},"featured_media":28096,"comment_status":"open","ping_status":"closed","template":"","meta":{"_acf_changed":false},"product_cat":[364],"product_tag":[3978,2900,3977,3976,3979,3981,3980],"class_list":["product","first","instock","shipping-taxable","purchasable","product-type-simple"],"acf":[],"_links":{"self":[{"href":"https:\/\/mouldking.store\/nb\/wp-json\/wp\/v2\/product\/28095","targetHints":{"allow":["GET"]}}],"collection":[{"href":"https:\/\/mouldking.store\/nb\/wp-json\/wp\/v2\/product"}],"about":[{"href":"https:\/\/mouldking.store\/nb\/wp-json\/wp\/v2\/types\/product"}],"replies":[{"embeddable":true,"href":"https:\/\/mouldking.store\/nb\/wp-json\/wp\/v2\/comments?post=28095"}],"wp:featuredmedia":[{"embeddable":true,"href":"https:\/\/mouldking.store\/nb\/wp-json\/wp\/v2\/media\/28096"}],"wp:attachment":[{"href":"https:\/\/mouldking.store\/nb\/wp-json\/wp\/v2\/media?parent=28095"}],"wp:term":[{"taxonomy":"product_cat","embeddable":true,"href":"https:\/\/mouldking.store\/nb\/wp-json\/wp\/v2\/product_cat?post=28095"},{"taxonomy":"product_tag","embeddable":true,"href":"https:\/\/mouldking.store\/nb\/wp-json\/wp\/v2\/product_tag?post=28095"}],"curies":[{"name":"wp","href":"https:\/\/api.w.org\/{rel}","templated":true}]}}