{"id":28111,"date":"2021-11-30T04:22:28","date_gmt":"2021-11-30T04:22:28","guid":{"rendered":"https:\/\/mouldking.store\/?post_type=product&#038;p=28111"},"modified":"2025-12-25T09:16:57","modified_gmt":"2025-12-25T02:16:57","slug":"moc-50197-toothless-how-to-train-your-dragon-with-174-pieces","status":"publish","type":"product","link":"https:\/\/mouldking.store\/nb\/shop\/moc-50197-toothless-how-to-train-your-dragon-with-174-pieces\/","title":{"rendered":"MOC-50197 Tannl\u00f8s \u2013 Slik trener du dragen din med 174 deler"},"content":{"rendered":"<p>Produktinformasjon:<\/p>\n<ol>\n<li>Merke: MOC<\/li>\n<li>Kj\u00f8nn: Unisex<\/li>\n<li>Name: Toothless &#8211; How to Train Your Dragon<\/li>\n<li>Aldersgruppe: &gt; 6 \u00e5r gammel<\/li>\n<li>Model Number: MOC-50197<\/li>\n<li>Klassifisering: Montering<\/li>\n<li>Plastblokkform: Selvl\u00e5sende murstein<\/li>\n<li>Materiale: Plast<\/li>\n<li>Plasttype: ABS<\/li>\n<li>Bricks Blocks: 174 PCS<\/li>\n<li>Inneholder detaljerte monteringsanvisninger.<\/li>\n<\/ol>\n<p>Legge merke til:<br \/>\n1. Uten original eske, men vi garanterer at v\u00e5re produkter har kvalitetssikring og pen emballasje.<br \/>\n2. Som alle delene vi har sjekket f\u00f8r frakt, s\u00e5 hvis du finner noen deler savnet eller skadet, ikke bekymre deg og bare kontakt oss, s\u00e5 kan vi sende dem til deg p\u00e5 nytt umiddelbart gratis.<\/p>\n<figure id=\"attachment_28112\" aria-describedby=\"caption-attachment-28112\" style=\"width: 1000px\" class=\"wp-caption aligncenter\"><img fetchpriority=\"high\" decoding=\"async\" class=\"size-full wp-image-28112\" title=\"MOC-50197 Toothless - How to Train Your Dragon with 174 pieces\" src=\"https:\/\/mouldking.store\/wp-content\/uploads\/2021\/11\/moc-50197-toothless-how-to-train-your-dragon-with-174-pieces.jpg\" alt=\"MOC-50197 Toothless - How to Train Your Dragon with 174 pieces\" width=\"1000\" height=\"1000\" srcset=\"https:\/\/mouldking.store\/wp-content\/uploads\/2021\/11\/moc-50197-toothless-how-to-train-your-dragon-with-174-pieces.jpg 1000w, https:\/\/mouldking.store\/wp-content\/uploads\/2021\/11\/moc-50197-toothless-how-to-train-your-dragon-with-174-pieces-300x300.jpg 300w, https:\/\/mouldking.store\/wp-content\/uploads\/2021\/11\/moc-50197-toothless-how-to-train-your-dragon-with-174-pieces-768x768.jpg 768w, https:\/\/mouldking.store\/wp-content\/uploads\/2021\/11\/moc-50197-toothless-how-to-train-your-dragon-with-174-pieces-600x600.jpg 600w, https:\/\/mouldking.store\/wp-content\/uploads\/2021\/11\/moc-50197-toothless-how-to-train-your-dragon-with-174-pieces-150x150.jpg 150w\" sizes=\"(max-width: 1000px) 100vw, 1000px\" \/><figcaption id=\"caption-attachment-28112\" class=\"wp-caption-text\">MOC-50197 Tannl\u00f8s \u2013 Slik trener du dragen din med 174 deler<\/figcaption><\/figure>\n<figure id=\"attachment_28113\" aria-describedby=\"caption-attachment-28113\" style=\"width: 1000px\" class=\"wp-caption aligncenter\"><img decoding=\"async\" class=\"size-full wp-image-28113\" title=\"MOC-50197 Toothless - How to Train Your Dragon with 174 pieces\" src=\"https:\/\/mouldking.store\/wp-content\/uploads\/2021\/11\/moc-50197-toothless-how-to-train-your-dragon-with-174-pieces-1.jpg\" alt=\"MOC-50197 Toothless - How to Train Your Dragon with 174 pieces\" width=\"1000\" height=\"1000\" srcset=\"https:\/\/mouldking.store\/wp-content\/uploads\/2021\/11\/moc-50197-toothless-how-to-train-your-dragon-with-174-pieces-1.jpg 1000w, https:\/\/mouldking.store\/wp-content\/uploads\/2021\/11\/moc-50197-toothless-how-to-train-your-dragon-with-174-pieces-1-300x300.jpg 300w, https:\/\/mouldking.store\/wp-content\/uploads\/2021\/11\/moc-50197-toothless-how-to-train-your-dragon-with-174-pieces-1-768x768.jpg 768w, https:\/\/mouldking.store\/wp-content\/uploads\/2021\/11\/moc-50197-toothless-how-to-train-your-dragon-with-174-pieces-1-600x600.jpg 600w, https:\/\/mouldking.store\/wp-content\/uploads\/2021\/11\/moc-50197-toothless-how-to-train-your-dragon-with-174-pieces-1-150x150.jpg 150w\" sizes=\"(max-width: 1000px) 100vw, 1000px\" \/><figcaption id=\"caption-attachment-28113\" class=\"wp-caption-text\">MOC-50197 Tannl\u00f8s \u2013 Slik trener du dragen din med 174 deler<\/figcaption><\/figure>","protected":false},"excerpt":{"rendered":"<p>Product information: Brand: MOC Gender: Unisex Name: Toothless &#8211; How to Train Your Dragon Age Range: &gt; 6 years old Model Number: MOC-50197 Classification: Assemblage Plastic Block Shape: Self-Locking Bricks Material: Plastic Plastic Type: ABS Bricks Blocks: 174 PCS Contains detailed assembly instructions. Notice: 1. Without an original box, but we guarantee our products have [&hellip;]<\/p>","protected":false},"featured_media":28114,"comment_status":"open","ping_status":"closed","template":"","meta":{"_acf_changed":false},"product_cat":[581],"product_tag":[3984,3985],"class_list":["product","first","instock","shipping-taxable","purchasable","product-type-simple"],"acf":[],"_links":{"self":[{"href":"https:\/\/mouldking.store\/nb\/wp-json\/wp\/v2\/product\/28111","targetHints":{"allow":["GET"]}}],"collection":[{"href":"https:\/\/mouldking.store\/nb\/wp-json\/wp\/v2\/product"}],"about":[{"href":"https:\/\/mouldking.store\/nb\/wp-json\/wp\/v2\/types\/product"}],"replies":[{"embeddable":true,"href":"https:\/\/mouldking.store\/nb\/wp-json\/wp\/v2\/comments?post=28111"}],"wp:featuredmedia":[{"embeddable":true,"href":"https:\/\/mouldking.store\/nb\/wp-json\/wp\/v2\/media\/28114"}],"wp:attachment":[{"href":"https:\/\/mouldking.store\/nb\/wp-json\/wp\/v2\/media?parent=28111"}],"wp:term":[{"taxonomy":"product_cat","embeddable":true,"href":"https:\/\/mouldking.store\/nb\/wp-json\/wp\/v2\/product_cat?post=28111"},{"taxonomy":"product_tag","embeddable":true,"href":"https:\/\/mouldking.store\/nb\/wp-json\/wp\/v2\/product_tag?post=28111"}],"curies":[{"name":"wp","href":"https:\/\/api.w.org\/{rel}","templated":true}]}}