{"id":28128,"date":"2021-12-01T03:23:06","date_gmt":"2021-11-30T20:23:06","guid":{"rendered":"https:\/\/mouldking.store\/?post_type=product&#038;p=28128"},"modified":"2025-12-25T09:16:57","modified_gmt":"2025-12-25T02:16:57","slug":"moc-65837-urtya-tusken-hut-tent-with-771-pieces","status":"publish","type":"product","link":"https:\/\/mouldking.store\/nb\/shop\/moc-65837-urtya-tusken-hut-tent-with-771-pieces\/","title":{"rendered":"MOC-65837 Urtya \u2013 Tusken Hytte\/Telt med 771 stk."},"content":{"rendered":"<p>Produktinformasjon:<\/p>\n<ol>\n<li>Merke: MOC<\/li>\n<li>Kj\u00f8nn: Unisex<\/li>\n<li>Navn: Urtya \u2013 Tusken Hytte\/Telt<\/li>\n<li>Aldersgruppe: &gt; 6 \u00e5r gammel<\/li>\n<li>Modellnummer: MOC-65837<\/li>\n<li>Klassifisering: Montering<\/li>\n<li>Plastblokkform: Selvl\u00e5sende murstein<\/li>\n<li>Materiale: Plast<\/li>\n<li>Plasttype: ABS<\/li>\n<li>Mursteinsblokker: 771 STK<\/li>\n<li>Inneholder detaljerte monteringsanvisninger.<\/li>\n<\/ol>\n<p>Legge merke til:<br \/>\n1. Uten original eske, men vi garanterer at v\u00e5re produkter har kvalitetssikring og pen emballasje.<br \/>\n2. Som alle delene vi har sjekket f\u00f8r frakt, s\u00e5 hvis du finner noen deler savnet eller skadet, ikke bekymre deg og bare kontakt oss, s\u00e5 kan vi sende dem til deg p\u00e5 nytt umiddelbart gratis.<\/p>\n<figure id=\"attachment_28129\" aria-describedby=\"caption-attachment-28129\" style=\"width: 1000px\" class=\"wp-caption aligncenter\"><img fetchpriority=\"high\" decoding=\"async\" class=\"size-full wp-image-28129\" title=\"MOC-65837 Urtya - Tusken Hytte\/Telt med 771 stykker\" src=\"https:\/\/mouldking.store\/wp-content\/uploads\/2021\/12\/moc-65837-urtya-tusken-huttent-with-771-pieces.jpg\" alt=\"MOC-65837 Urtya - Tusken Hut\/Tent with 771 pieces\" width=\"1000\" height=\"1000\" srcset=\"https:\/\/mouldking.store\/wp-content\/uploads\/2021\/12\/moc-65837-urtya-tusken-huttent-with-771-pieces.jpg 1000w, https:\/\/mouldking.store\/wp-content\/uploads\/2021\/12\/moc-65837-urtya-tusken-huttent-with-771-pieces-300x300.jpg 300w, https:\/\/mouldking.store\/wp-content\/uploads\/2021\/12\/moc-65837-urtya-tusken-huttent-with-771-pieces-768x768.jpg 768w, https:\/\/mouldking.store\/wp-content\/uploads\/2021\/12\/moc-65837-urtya-tusken-huttent-with-771-pieces-600x600.jpg 600w, https:\/\/mouldking.store\/wp-content\/uploads\/2021\/12\/moc-65837-urtya-tusken-huttent-with-771-pieces-150x150.jpg 150w\" sizes=\"(max-width: 1000px) 100vw, 1000px\" \/><figcaption id=\"caption-attachment-28129\" class=\"wp-caption-text\">MOC-65837 Urtya \u2013 Tusken Hytte\/Telt med 771 stk.<\/figcaption><\/figure>\n<figure id=\"attachment_28130\" aria-describedby=\"caption-attachment-28130\" style=\"width: 1000px\" class=\"wp-caption aligncenter\"><img decoding=\"async\" class=\"size-full wp-image-28130\" title=\"MOC-65837 Urtya - Tusken Hytte\/Telt med 771 stykker\" src=\"https:\/\/mouldking.store\/wp-content\/uploads\/2021\/12\/moc-65837-urtya-tusken-huttent-with-771-pieces-1.jpg\" alt=\"MOC-65837 Urtya - Tusken Hut\/Tent with 771 pieces\" width=\"1000\" height=\"1000\" srcset=\"https:\/\/mouldking.store\/wp-content\/uploads\/2021\/12\/moc-65837-urtya-tusken-huttent-with-771-pieces-1.jpg 1000w, https:\/\/mouldking.store\/wp-content\/uploads\/2021\/12\/moc-65837-urtya-tusken-huttent-with-771-pieces-1-300x300.jpg 300w, https:\/\/mouldking.store\/wp-content\/uploads\/2021\/12\/moc-65837-urtya-tusken-huttent-with-771-pieces-1-768x768.jpg 768w, https:\/\/mouldking.store\/wp-content\/uploads\/2021\/12\/moc-65837-urtya-tusken-huttent-with-771-pieces-1-600x600.jpg 600w, https:\/\/mouldking.store\/wp-content\/uploads\/2021\/12\/moc-65837-urtya-tusken-huttent-with-771-pieces-1-150x150.jpg 150w\" sizes=\"(max-width: 1000px) 100vw, 1000px\" \/><figcaption id=\"caption-attachment-28130\" class=\"wp-caption-text\">MOC-65837 Urtya \u2013 Tusken Hytte\/Telt med 771 stk.<\/figcaption><\/figure>","protected":false},"excerpt":{"rendered":"<p>Product information: Brand: MOC Gender: Unisex Name: Urtya &#8211; Tusken Hut\/Tent Age Range: &gt; 6 years old Model Number: MOC-65837 Classification: Assemblage Plastic Block Shape: Self-Locking Bricks Material: Plastic Plastic Type: ABS Bricks Blocks: 771 PCS Contains detailed assembly instructions. Notice: 1. Without an original box, but we guarantee our products have quality assurance and [&hellip;]<\/p>","protected":false},"featured_media":28131,"comment_status":"open","ping_status":"closed","template":"","meta":{"_acf_changed":false},"product_cat":[415],"product_tag":[3990,3991],"class_list":["product","first","instock","shipping-taxable","purchasable","product-type-simple"],"acf":[],"_links":{"self":[{"href":"https:\/\/mouldking.store\/nb\/wp-json\/wp\/v2\/product\/28128","targetHints":{"allow":["GET"]}}],"collection":[{"href":"https:\/\/mouldking.store\/nb\/wp-json\/wp\/v2\/product"}],"about":[{"href":"https:\/\/mouldking.store\/nb\/wp-json\/wp\/v2\/types\/product"}],"replies":[{"embeddable":true,"href":"https:\/\/mouldking.store\/nb\/wp-json\/wp\/v2\/comments?post=28128"}],"wp:featuredmedia":[{"embeddable":true,"href":"https:\/\/mouldking.store\/nb\/wp-json\/wp\/v2\/media\/28131"}],"wp:attachment":[{"href":"https:\/\/mouldking.store\/nb\/wp-json\/wp\/v2\/media?parent=28128"}],"wp:term":[{"taxonomy":"product_cat","embeddable":true,"href":"https:\/\/mouldking.store\/nb\/wp-json\/wp\/v2\/product_cat?post=28128"},{"taxonomy":"product_tag","embeddable":true,"href":"https:\/\/mouldking.store\/nb\/wp-json\/wp\/v2\/product_tag?post=28128"}],"curies":[{"name":"wp","href":"https:\/\/api.w.org\/{rel}","templated":true}]}}