{"id":28172,"date":"2021-12-02T11:26:16","date_gmt":"2021-12-02T04:26:16","guid":{"rendered":"https:\/\/mouldking.store\/?post_type=product&#038;p=28172"},"modified":"2022-05-04T14:09:28","modified_gmt":"2022-05-04T07:09:28","slug":"urge-10203-seafood-restaurant-flying-lobster-modular-with-4039-pieces","status":"publish","type":"product","link":"https:\/\/mouldking.store\/nb\/shop\/urge-10203-seafood-restaurant-flying-lobster-modular-with-4039-pieces\/","title":{"rendered":"URGE 10203 Sj\u00f8matrestaurant Flying Lobster Modular med 4039 stykker"},"content":{"rendered":"<p>Produktinformasjon:<\/p>\n<ol>\n<li>Merke: URGE<\/li>\n<li>Kj\u00f8nn: Unisex<\/li>\n<li>Name: Seafood Restaurant Flying Lobster Modular<\/li>\n<li>Aldersgruppe: &gt; 6 \u00e5r gammel<\/li>\n<li>Model Number: 10203<\/li>\n<li>Klassifisering: Montering<\/li>\n<li>Plastblokkform: Selvl\u00e5sende murstein<\/li>\n<li>Materiale: Plast<\/li>\n<li>Plasttype: ABS<\/li>\n<li>Bricks Blocks: 4039 PCS<\/li>\n<li>Inneholder detaljerte monteringsanvisninger.<\/li>\n<\/ol>\n<p>Legge merke til:<br \/>\n1. Uten original eske, men vi garanterer at v\u00e5re produkter har kvalitetssikring og pen emballasje.<br \/>\n2. Som alle delene vi har sjekket f\u00f8r frakt, s\u00e5 hvis du finner noen deler savnet eller skadet, ikke bekymre deg og bare kontakt oss, s\u00e5 kan vi sende dem til deg p\u00e5 nytt umiddelbart gratis.<\/p>\n<figure id=\"attachment_28173\" aria-describedby=\"caption-attachment-28173\" style=\"width: 800px\" class=\"wp-caption aligncenter\"><img fetchpriority=\"high\" decoding=\"async\" class=\"wp-image-28173 size-full\" src=\"https:\/\/mouldking.store\/wp-content\/uploads\/2021\/12\/URGE-10203-Seafood-Restaurant-Flying-Lobster-Modular-with-4039-pieces-1.jpg\" alt=\"URGE 10203 Seafood Restaurant Flying Lobster Modular with 4039 pieces\" width=\"800\" height=\"800\" title=\"-\" srcset=\"https:\/\/mouldking.store\/wp-content\/uploads\/2021\/12\/URGE-10203-Seafood-Restaurant-Flying-Lobster-Modular-with-4039-pieces-1.jpg 800w, https:\/\/mouldking.store\/wp-content\/uploads\/2021\/12\/URGE-10203-Seafood-Restaurant-Flying-Lobster-Modular-with-4039-pieces-1-300x300.jpg 300w, https:\/\/mouldking.store\/wp-content\/uploads\/2021\/12\/URGE-10203-Seafood-Restaurant-Flying-Lobster-Modular-with-4039-pieces-1-768x768.jpg 768w, https:\/\/mouldking.store\/wp-content\/uploads\/2021\/12\/URGE-10203-Seafood-Restaurant-Flying-Lobster-Modular-with-4039-pieces-1-600x600.jpg 600w, https:\/\/mouldking.store\/wp-content\/uploads\/2021\/12\/URGE-10203-Seafood-Restaurant-Flying-Lobster-Modular-with-4039-pieces-1-150x150.jpg 150w\" sizes=\"(max-width: 800px) 100vw, 800px\" \/><figcaption id=\"caption-attachment-28173\" class=\"wp-caption-text\">URGE 10203 Sj\u00f8matrestaurant Flying Lobster Modular med 4039 stykker<\/figcaption><\/figure>\n<figure id=\"attachment_28181\" aria-describedby=\"caption-attachment-28181\" style=\"width: 694px\" class=\"wp-caption aligncenter\"><img decoding=\"async\" class=\"wp-image-28181 size-full\" src=\"https:\/\/mouldking.store\/wp-content\/uploads\/2021\/12\/URGE-10203-Seafood-Restaurant-Flying-Lobster-Modular-with-4039-pieces-9.jpg\" alt=\"URGE 10203 Seafood Restaurant Flying Lobster Modular with 4039 pieces\" width=\"694\" height=\"1024\" title=\"-\" srcset=\"https:\/\/mouldking.store\/wp-content\/uploads\/2021\/12\/URGE-10203-Seafood-Restaurant-Flying-Lobster-Modular-with-4039-pieces-9.jpg 694w, https:\/\/mouldking.store\/wp-content\/uploads\/2021\/12\/URGE-10203-Seafood-Restaurant-Flying-Lobster-Modular-with-4039-pieces-9-203x300.jpg 203w, https:\/\/mouldking.store\/wp-content\/uploads\/2021\/12\/URGE-10203-Seafood-Restaurant-Flying-Lobster-Modular-with-4039-pieces-9-300x443.jpg 300w, https:\/\/mouldking.store\/wp-content\/uploads\/2021\/12\/URGE-10203-Seafood-Restaurant-Flying-Lobster-Modular-with-4039-pieces-9-600x885.jpg 600w, https:\/\/mouldking.store\/wp-content\/uploads\/2021\/12\/URGE-10203-Seafood-Restaurant-Flying-Lobster-Modular-with-4039-pieces-9-102x150.jpg 102w\" sizes=\"(max-width: 694px) 100vw, 694px\" \/><figcaption id=\"caption-attachment-28181\" class=\"wp-caption-text\">URGE 10203 Sj\u00f8matrestaurant Flying Lobster Modular med 4039 stykker<\/figcaption><\/figure>\n<figure id=\"attachment_28180\" aria-describedby=\"caption-attachment-28180\" style=\"width: 732px\" class=\"wp-caption aligncenter\"><img decoding=\"async\" class=\"wp-image-28180 size-full\" src=\"https:\/\/mouldking.store\/wp-content\/uploads\/2021\/12\/URGE-10203-Seafood-Restaurant-Flying-Lobster-Modular-with-4039-pieces-8.jpg\" alt=\"URGE 10203 Seafood Restaurant Flying Lobster Modular with 4039 pieces\" width=\"732\" height=\"1024\" title=\"-\" srcset=\"https:\/\/mouldking.store\/wp-content\/uploads\/2021\/12\/URGE-10203-Seafood-Restaurant-Flying-Lobster-Modular-with-4039-pieces-8.jpg 732w, https:\/\/mouldking.store\/wp-content\/uploads\/2021\/12\/URGE-10203-Seafood-Restaurant-Flying-Lobster-Modular-with-4039-pieces-8-214x300.jpg 214w, https:\/\/mouldking.store\/wp-content\/uploads\/2021\/12\/URGE-10203-Seafood-Restaurant-Flying-Lobster-Modular-with-4039-pieces-8-300x420.jpg 300w, https:\/\/mouldking.store\/wp-content\/uploads\/2021\/12\/URGE-10203-Seafood-Restaurant-Flying-Lobster-Modular-with-4039-pieces-8-600x839.jpg 600w, https:\/\/mouldking.store\/wp-content\/uploads\/2021\/12\/URGE-10203-Seafood-Restaurant-Flying-Lobster-Modular-with-4039-pieces-8-107x150.jpg 107w\" sizes=\"(max-width: 732px) 100vw, 732px\" \/><figcaption id=\"caption-attachment-28180\" class=\"wp-caption-text\">URGE 10203 Sj\u00f8matrestaurant Flying Lobster Modular med 4039 stykker<\/figcaption><\/figure>\n<figure id=\"attachment_28179\" aria-describedby=\"caption-attachment-28179\" style=\"width: 701px\" class=\"wp-caption aligncenter\"><img loading=\"lazy\" decoding=\"async\" class=\"wp-image-28179 size-full\" src=\"https:\/\/mouldking.store\/wp-content\/uploads\/2021\/12\/URGE-10203-Seafood-Restaurant-Flying-Lobster-Modular-with-4039-pieces-7.jpg\" alt=\"URGE 10203 Seafood Restaurant Flying Lobster Modular with 4039 pieces\" width=\"701\" height=\"1023\" title=\"-\" srcset=\"https:\/\/mouldking.store\/wp-content\/uploads\/2021\/12\/URGE-10203-Seafood-Restaurant-Flying-Lobster-Modular-with-4039-pieces-7.jpg 701w, https:\/\/mouldking.store\/wp-content\/uploads\/2021\/12\/URGE-10203-Seafood-Restaurant-Flying-Lobster-Modular-with-4039-pieces-7-206x300.jpg 206w, https:\/\/mouldking.store\/wp-content\/uploads\/2021\/12\/URGE-10203-Seafood-Restaurant-Flying-Lobster-Modular-with-4039-pieces-7-300x438.jpg 300w, https:\/\/mouldking.store\/wp-content\/uploads\/2021\/12\/URGE-10203-Seafood-Restaurant-Flying-Lobster-Modular-with-4039-pieces-7-600x876.jpg 600w, https:\/\/mouldking.store\/wp-content\/uploads\/2021\/12\/URGE-10203-Seafood-Restaurant-Flying-Lobster-Modular-with-4039-pieces-7-103x150.jpg 103w\" sizes=\"(max-width: 701px) 100vw, 701px\" \/><figcaption id=\"caption-attachment-28179\" class=\"wp-caption-text\">URGE 10203 Sj\u00f8matrestaurant Flying Lobster Modular med 4039 stykker<\/figcaption><\/figure>\n<figure id=\"attachment_28178\" aria-describedby=\"caption-attachment-28178\" style=\"width: 594px\" class=\"wp-caption aligncenter\"><img loading=\"lazy\" decoding=\"async\" class=\"wp-image-28178 size-full\" src=\"https:\/\/mouldking.store\/wp-content\/uploads\/2021\/12\/URGE-10203-Seafood-Restaurant-Flying-Lobster-Modular-with-4039-pieces-6.jpg\" alt=\"URGE 10203 Seafood Restaurant Flying Lobster Modular with 4039 pieces\" width=\"594\" height=\"1023\" title=\"-\" srcset=\"https:\/\/mouldking.store\/wp-content\/uploads\/2021\/12\/URGE-10203-Seafood-Restaurant-Flying-Lobster-Modular-with-4039-pieces-6.jpg 594w, https:\/\/mouldking.store\/wp-content\/uploads\/2021\/12\/URGE-10203-Seafood-Restaurant-Flying-Lobster-Modular-with-4039-pieces-6-174x300.jpg 174w, https:\/\/mouldking.store\/wp-content\/uploads\/2021\/12\/URGE-10203-Seafood-Restaurant-Flying-Lobster-Modular-with-4039-pieces-6-300x517.jpg 300w, https:\/\/mouldking.store\/wp-content\/uploads\/2021\/12\/URGE-10203-Seafood-Restaurant-Flying-Lobster-Modular-with-4039-pieces-6-87x150.jpg 87w\" sizes=\"(max-width: 594px) 100vw, 594px\" \/><figcaption id=\"caption-attachment-28178\" class=\"wp-caption-text\">URGE 10203 Sj\u00f8matrestaurant Flying Lobster Modular med 4039 stykker<\/figcaption><\/figure>\n<figure id=\"attachment_28177\" aria-describedby=\"caption-attachment-28177\" style=\"width: 750px\" class=\"wp-caption aligncenter\"><img loading=\"lazy\" decoding=\"async\" class=\"wp-image-28177 size-full\" src=\"https:\/\/mouldking.store\/wp-content\/uploads\/2021\/12\/URGE-10203-Seafood-Restaurant-Flying-Lobster-Modular-with-4039-pieces-5.jpg\" alt=\"URGE 10203 Seafood Restaurant Flying Lobster Modular with 4039 pieces\" width=\"750\" height=\"897\" title=\"-\" srcset=\"https:\/\/mouldking.store\/wp-content\/uploads\/2021\/12\/URGE-10203-Seafood-Restaurant-Flying-Lobster-Modular-with-4039-pieces-5.jpg 750w, https:\/\/mouldking.store\/wp-content\/uploads\/2021\/12\/URGE-10203-Seafood-Restaurant-Flying-Lobster-Modular-with-4039-pieces-5-251x300.jpg 251w, https:\/\/mouldking.store\/wp-content\/uploads\/2021\/12\/URGE-10203-Seafood-Restaurant-Flying-Lobster-Modular-with-4039-pieces-5-300x359.jpg 300w, https:\/\/mouldking.store\/wp-content\/uploads\/2021\/12\/URGE-10203-Seafood-Restaurant-Flying-Lobster-Modular-with-4039-pieces-5-600x718.jpg 600w, https:\/\/mouldking.store\/wp-content\/uploads\/2021\/12\/URGE-10203-Seafood-Restaurant-Flying-Lobster-Modular-with-4039-pieces-5-125x150.jpg 125w\" sizes=\"(max-width: 750px) 100vw, 750px\" \/><figcaption id=\"caption-attachment-28177\" class=\"wp-caption-text\">URGE 10203 Sj\u00f8matrestaurant Flying Lobster Modular med 4039 stykker<\/figcaption><\/figure>\n<figure id=\"attachment_28176\" aria-describedby=\"caption-attachment-28176\" style=\"width: 750px\" class=\"wp-caption aligncenter\"><img loading=\"lazy\" decoding=\"async\" class=\"wp-image-28176 size-full\" src=\"https:\/\/mouldking.store\/wp-content\/uploads\/2021\/12\/URGE-10203-Seafood-Restaurant-Flying-Lobster-Modular-with-4039-pieces-4.jpg\" alt=\"URGE 10203 Seafood Restaurant Flying Lobster Modular with 4039 pieces\" width=\"750\" height=\"972\" title=\"-\" srcset=\"https:\/\/mouldking.store\/wp-content\/uploads\/2021\/12\/URGE-10203-Seafood-Restaurant-Flying-Lobster-Modular-with-4039-pieces-4.jpg 750w, https:\/\/mouldking.store\/wp-content\/uploads\/2021\/12\/URGE-10203-Seafood-Restaurant-Flying-Lobster-Modular-with-4039-pieces-4-231x300.jpg 231w, https:\/\/mouldking.store\/wp-content\/uploads\/2021\/12\/URGE-10203-Seafood-Restaurant-Flying-Lobster-Modular-with-4039-pieces-4-300x389.jpg 300w, https:\/\/mouldking.store\/wp-content\/uploads\/2021\/12\/URGE-10203-Seafood-Restaurant-Flying-Lobster-Modular-with-4039-pieces-4-600x778.jpg 600w, https:\/\/mouldking.store\/wp-content\/uploads\/2021\/12\/URGE-10203-Seafood-Restaurant-Flying-Lobster-Modular-with-4039-pieces-4-116x150.jpg 116w\" sizes=\"(max-width: 750px) 100vw, 750px\" \/><figcaption id=\"caption-attachment-28176\" class=\"wp-caption-text\">URGE 10203 Sj\u00f8matrestaurant Flying Lobster Modular med 4039 stykker<\/figcaption><\/figure>\n<figure id=\"attachment_28175\" aria-describedby=\"caption-attachment-28175\" style=\"width: 750px\" class=\"wp-caption aligncenter\"><img loading=\"lazy\" decoding=\"async\" class=\"wp-image-28175 size-full\" src=\"https:\/\/mouldking.store\/wp-content\/uploads\/2021\/12\/URGE-10203-Seafood-Restaurant-Flying-Lobster-Modular-with-4039-pieces-3.jpg\" alt=\"URGE 10203 Seafood Restaurant Flying Lobster Modular with 4039 pieces\" width=\"750\" height=\"383\" title=\"-\" srcset=\"https:\/\/mouldking.store\/wp-content\/uploads\/2021\/12\/URGE-10203-Seafood-Restaurant-Flying-Lobster-Modular-with-4039-pieces-3.jpg 750w, https:\/\/mouldking.store\/wp-content\/uploads\/2021\/12\/URGE-10203-Seafood-Restaurant-Flying-Lobster-Modular-with-4039-pieces-3-300x153.jpg 300w, https:\/\/mouldking.store\/wp-content\/uploads\/2021\/12\/URGE-10203-Seafood-Restaurant-Flying-Lobster-Modular-with-4039-pieces-3-600x306.jpg 600w, https:\/\/mouldking.store\/wp-content\/uploads\/2021\/12\/URGE-10203-Seafood-Restaurant-Flying-Lobster-Modular-with-4039-pieces-3-150x77.jpg 150w\" sizes=\"(max-width: 750px) 100vw, 750px\" \/><figcaption id=\"caption-attachment-28175\" class=\"wp-caption-text\">URGE 10203 Sj\u00f8matrestaurant Flying Lobster Modular med 4039 stykker<\/figcaption><\/figure>\n<figure id=\"attachment_28174\" aria-describedby=\"caption-attachment-28174\" style=\"width: 750px\" class=\"wp-caption aligncenter\"><img loading=\"lazy\" decoding=\"async\" class=\"wp-image-28174 size-full\" src=\"https:\/\/mouldking.store\/wp-content\/uploads\/2021\/12\/URGE-10203-Seafood-Restaurant-Flying-Lobster-Modular-with-4039-pieces-2.jpg\" alt=\"URGE 10203 Seafood Restaurant Flying Lobster Modular with 4039 pieces\" width=\"750\" height=\"931\" title=\"-\" srcset=\"https:\/\/mouldking.store\/wp-content\/uploads\/2021\/12\/URGE-10203-Seafood-Restaurant-Flying-Lobster-Modular-with-4039-pieces-2.jpg 750w, https:\/\/mouldking.store\/wp-content\/uploads\/2021\/12\/URGE-10203-Seafood-Restaurant-Flying-Lobster-Modular-with-4039-pieces-2-242x300.jpg 242w, https:\/\/mouldking.store\/wp-content\/uploads\/2021\/12\/URGE-10203-Seafood-Restaurant-Flying-Lobster-Modular-with-4039-pieces-2-300x372.jpg 300w, https:\/\/mouldking.store\/wp-content\/uploads\/2021\/12\/URGE-10203-Seafood-Restaurant-Flying-Lobster-Modular-with-4039-pieces-2-600x745.jpg 600w, https:\/\/mouldking.store\/wp-content\/uploads\/2021\/12\/URGE-10203-Seafood-Restaurant-Flying-Lobster-Modular-with-4039-pieces-2-121x150.jpg 121w\" sizes=\"(max-width: 750px) 100vw, 750px\" \/><figcaption id=\"caption-attachment-28174\" class=\"wp-caption-text\">URGE 10203 Sj\u00f8matrestaurant Flying Lobster Modular med 4039 stykker<\/figcaption><\/figure>\n<figure id=\"attachment_28182\" aria-describedby=\"caption-attachment-28182\" style=\"width: 750px\" class=\"wp-caption aligncenter\"><img loading=\"lazy\" decoding=\"async\" class=\"wp-image-28182 size-full\" src=\"https:\/\/mouldking.store\/wp-content\/uploads\/2021\/12\/URGE-10203-Seafood-Restaurant-Flying-Lobster-Modular-with-4039-pieces-10.jpg\" alt=\"URGE 10203 Seafood Restaurant Flying Lobster Modular with 4039 pieces\" width=\"750\" height=\"668\" title=\"-\" srcset=\"https:\/\/mouldking.store\/wp-content\/uploads\/2021\/12\/URGE-10203-Seafood-Restaurant-Flying-Lobster-Modular-with-4039-pieces-10.jpg 750w, https:\/\/mouldking.store\/wp-content\/uploads\/2021\/12\/URGE-10203-Seafood-Restaurant-Flying-Lobster-Modular-with-4039-pieces-10-300x267.jpg 300w, https:\/\/mouldking.store\/wp-content\/uploads\/2021\/12\/URGE-10203-Seafood-Restaurant-Flying-Lobster-Modular-with-4039-pieces-10-600x534.jpg 600w, https:\/\/mouldking.store\/wp-content\/uploads\/2021\/12\/URGE-10203-Seafood-Restaurant-Flying-Lobster-Modular-with-4039-pieces-10-150x134.jpg 150w\" sizes=\"(max-width: 750px) 100vw, 750px\" \/><figcaption id=\"caption-attachment-28182\" class=\"wp-caption-text\">URGE 10203 Sj\u00f8matrestaurant Flying Lobster Modular med 4039 stykker<\/figcaption><\/figure>","protected":false},"excerpt":{"rendered":"<p>Product information: Brand: URGE Gender: Unisex Name: Seafood Restaurant Flying Lobster Modular Age Range: &gt; 6 years old Model Number: 10203 Classification: Assemblage Plastic Block Shape: Self-Locking Bricks Material: Plastic Plastic Type: ABS Bricks Blocks: 4039 PCS Contains detailed assembly instructions. Notice: 1. Without an original box, but we guarantee our products have quality assurance [&hellip;]<\/p>","protected":false},"featured_media":28173,"comment_status":"open","ping_status":"closed","template":"","meta":{"_acf_changed":false},"product_cat":[390],"product_tag":[4014,4013,2870,4012,4009,4008,4010,4011,4007,4006],"class_list":["product","first","outofstock","shipping-taxable","purchasable","product-type-simple"],"acf":[],"_links":{"self":[{"href":"https:\/\/mouldking.store\/nb\/wp-json\/wp\/v2\/product\/28172","targetHints":{"allow":["GET"]}}],"collection":[{"href":"https:\/\/mouldking.store\/nb\/wp-json\/wp\/v2\/product"}],"about":[{"href":"https:\/\/mouldking.store\/nb\/wp-json\/wp\/v2\/types\/product"}],"replies":[{"embeddable":true,"href":"https:\/\/mouldking.store\/nb\/wp-json\/wp\/v2\/comments?post=28172"}],"wp:featuredmedia":[{"embeddable":true,"href":"https:\/\/mouldking.store\/nb\/wp-json\/wp\/v2\/media\/28173"}],"wp:attachment":[{"href":"https:\/\/mouldking.store\/nb\/wp-json\/wp\/v2\/media?parent=28172"}],"wp:term":[{"taxonomy":"product_cat","embeddable":true,"href":"https:\/\/mouldking.store\/nb\/wp-json\/wp\/v2\/product_cat?post=28172"},{"taxonomy":"product_tag","embeddable":true,"href":"https:\/\/mouldking.store\/nb\/wp-json\/wp\/v2\/product_tag?post=28172"}],"curies":[{"name":"wp","href":"https:\/\/api.w.org\/{rel}","templated":true}]}}