{"id":28184,"date":"2021-12-02T11:30:10","date_gmt":"2021-12-02T11:30:10","guid":{"rendered":"https:\/\/mouldking.store\/?post_type=product&#038;p=28184"},"modified":"2021-12-23T09:40:25","modified_gmt":"2021-12-23T09:40:25","slug":"zhegao-ql0959-drifting-city-with-3206-pieces","status":"publish","type":"product","link":"https:\/\/mouldking.store\/nb\/shop\/zhegao-ql0959-drifting-city-with-3206-pieces\/","title":{"rendered":"ZHEGAO QL0959 Drifting City with 3206 pieces"},"content":{"rendered":"<p>Produktinformasjon:<\/p>\n<ol>\n<li>Merke: ZHEGAO<\/li>\n<li>Kj\u00f8nn: Unisex<\/li>\n<li>Name: Drifting City<\/li>\n<li>Aldersgruppe: &gt; 6 \u00e5r gammel<\/li>\n<li>Model Number: QL0959<\/li>\n<li>Klassifisering: Montering<\/li>\n<li>Plastblokkform: Selvl\u00e5sende murstein<\/li>\n<li>Materiale: Plast<\/li>\n<li>Plasttype: ABS<\/li>\n<li>Bricks Blocks: 3206 PCS<\/li>\n<li>Inneholder detaljerte monteringsanvisninger.<\/li>\n<\/ol>\n<p>Legge merke til:<br \/>\n1. Uten original eske, men vi garanterer at v\u00e5re produkter har kvalitetssikring og pen emballasje.<br \/>\n2. Som alle delene vi har sjekket f\u00f8r frakt, s\u00e5 hvis du finner noen deler savnet eller skadet, ikke bekymre deg og bare kontakt oss, s\u00e5 kan vi sende dem til deg p\u00e5 nytt umiddelbart gratis.<\/p>\n<figure id=\"attachment_28185\" aria-describedby=\"caption-attachment-28185\" style=\"width: 800px\" class=\"wp-caption aligncenter\"><img fetchpriority=\"high\" decoding=\"async\" class=\"wp-image-28185 size-full\" src=\"https:\/\/mouldking.store\/wp-content\/uploads\/2021\/12\/ZHEGAO-QL0959-Drifting-City-with-3206-pieces-1.jpg\" alt=\"ZHEGAO QL0959 Drifting City with 3206 pieces\" width=\"800\" height=\"800\" title=\"-\" srcset=\"https:\/\/mouldking.store\/wp-content\/uploads\/2021\/12\/ZHEGAO-QL0959-Drifting-City-with-3206-pieces-1.jpg 800w, https:\/\/mouldking.store\/wp-content\/uploads\/2021\/12\/ZHEGAO-QL0959-Drifting-City-with-3206-pieces-1-300x300.jpg 300w, https:\/\/mouldking.store\/wp-content\/uploads\/2021\/12\/ZHEGAO-QL0959-Drifting-City-with-3206-pieces-1-768x768.jpg 768w, https:\/\/mouldking.store\/wp-content\/uploads\/2021\/12\/ZHEGAO-QL0959-Drifting-City-with-3206-pieces-1-600x600.jpg 600w, https:\/\/mouldking.store\/wp-content\/uploads\/2021\/12\/ZHEGAO-QL0959-Drifting-City-with-3206-pieces-1-150x150.jpg 150w\" sizes=\"(max-width: 800px) 100vw, 800px\" \/><figcaption id=\"caption-attachment-28185\" class=\"wp-caption-text\">ZHEGAO QL0959 Drifting City with 3206 pieces<\/figcaption><\/figure>\n<figure id=\"attachment_28189\" aria-describedby=\"caption-attachment-28189\" style=\"width: 800px\" class=\"wp-caption aligncenter\"><img decoding=\"async\" class=\"wp-image-28189 size-full\" src=\"https:\/\/mouldking.store\/wp-content\/uploads\/2021\/12\/ZHEGAO-QL0959-Drifting-City-with-3206-pieces-2.png\" alt=\"ZHEGAO QL0959 Drifting City with 3206 pieces\" width=\"800\" height=\"800\" title=\"-\" srcset=\"https:\/\/mouldking.store\/wp-content\/uploads\/2021\/12\/ZHEGAO-QL0959-Drifting-City-with-3206-pieces-2.png 800w, https:\/\/mouldking.store\/wp-content\/uploads\/2021\/12\/ZHEGAO-QL0959-Drifting-City-with-3206-pieces-2-300x300.png 300w, https:\/\/mouldking.store\/wp-content\/uploads\/2021\/12\/ZHEGAO-QL0959-Drifting-City-with-3206-pieces-2-768x768.png 768w, https:\/\/mouldking.store\/wp-content\/uploads\/2021\/12\/ZHEGAO-QL0959-Drifting-City-with-3206-pieces-2-600x600.png 600w, https:\/\/mouldking.store\/wp-content\/uploads\/2021\/12\/ZHEGAO-QL0959-Drifting-City-with-3206-pieces-2-150x150.png 150w\" sizes=\"(max-width: 800px) 100vw, 800px\" \/><figcaption id=\"caption-attachment-28189\" class=\"wp-caption-text\">ZHEGAO QL0959 Drifting City with 3206 pieces<\/figcaption><\/figure>\n<figure id=\"attachment_28186\" aria-describedby=\"caption-attachment-28186\" style=\"width: 889px\" class=\"wp-caption aligncenter\"><img decoding=\"async\" class=\"wp-image-28186 size-full\" src=\"https:\/\/mouldking.store\/wp-content\/uploads\/2021\/12\/ZHEGAO-QL0959-Drifting-City-with-3206-pieces-2.jpg\" alt=\"ZHEGAO QL0959 Drifting City with 3206 pieces\" width=\"889\" height=\"1024\" title=\"-\" srcset=\"https:\/\/mouldking.store\/wp-content\/uploads\/2021\/12\/ZHEGAO-QL0959-Drifting-City-with-3206-pieces-2.jpg 889w, https:\/\/mouldking.store\/wp-content\/uploads\/2021\/12\/ZHEGAO-QL0959-Drifting-City-with-3206-pieces-2-260x300.jpg 260w, https:\/\/mouldking.store\/wp-content\/uploads\/2021\/12\/ZHEGAO-QL0959-Drifting-City-with-3206-pieces-2-768x885.jpg 768w, https:\/\/mouldking.store\/wp-content\/uploads\/2021\/12\/ZHEGAO-QL0959-Drifting-City-with-3206-pieces-2-300x346.jpg 300w, https:\/\/mouldking.store\/wp-content\/uploads\/2021\/12\/ZHEGAO-QL0959-Drifting-City-with-3206-pieces-2-600x691.jpg 600w, https:\/\/mouldking.store\/wp-content\/uploads\/2021\/12\/ZHEGAO-QL0959-Drifting-City-with-3206-pieces-2-130x150.jpg 130w\" sizes=\"(max-width: 889px) 100vw, 889px\" \/><figcaption id=\"caption-attachment-28186\" class=\"wp-caption-text\">ZHEGAO QL0959 Drifting City with 3206 pieces<\/figcaption><\/figure>\n<figure id=\"attachment_28188\" aria-describedby=\"caption-attachment-28188\" style=\"width: 800px\" class=\"wp-caption aligncenter\"><img loading=\"lazy\" decoding=\"async\" class=\"wp-image-28188 size-full\" src=\"https:\/\/mouldking.store\/wp-content\/uploads\/2021\/12\/ZHEGAO-QL0959-Drifting-City-with-3206-pieces-1.png\" alt=\"ZHEGAO QL0959 Drifting City with 3206 pieces\" width=\"800\" height=\"800\" title=\"-\" srcset=\"https:\/\/mouldking.store\/wp-content\/uploads\/2021\/12\/ZHEGAO-QL0959-Drifting-City-with-3206-pieces-1.png 800w, https:\/\/mouldking.store\/wp-content\/uploads\/2021\/12\/ZHEGAO-QL0959-Drifting-City-with-3206-pieces-1-300x300.png 300w, https:\/\/mouldking.store\/wp-content\/uploads\/2021\/12\/ZHEGAO-QL0959-Drifting-City-with-3206-pieces-1-768x768.png 768w, https:\/\/mouldking.store\/wp-content\/uploads\/2021\/12\/ZHEGAO-QL0959-Drifting-City-with-3206-pieces-1-600x600.png 600w, https:\/\/mouldking.store\/wp-content\/uploads\/2021\/12\/ZHEGAO-QL0959-Drifting-City-with-3206-pieces-1-150x150.png 150w\" sizes=\"(max-width: 800px) 100vw, 800px\" \/><figcaption id=\"caption-attachment-28188\" class=\"wp-caption-text\">ZHEGAO QL0959 Drifting City with 3206 pieces<\/figcaption><\/figure>\n<figure id=\"attachment_28187\" aria-describedby=\"caption-attachment-28187\" style=\"width: 835px\" class=\"wp-caption aligncenter\"><img loading=\"lazy\" decoding=\"async\" class=\"wp-image-28187 size-full\" src=\"https:\/\/mouldking.store\/wp-content\/uploads\/2021\/12\/ZHEGAO-QL0959-Drifting-City-with-3206-pieces-3.jpg\" alt=\"ZHEGAO QL0959 Drifting City with 3206 pieces\" width=\"835\" height=\"1024\" title=\"-\" srcset=\"https:\/\/mouldking.store\/wp-content\/uploads\/2021\/12\/ZHEGAO-QL0959-Drifting-City-with-3206-pieces-3.jpg 835w, https:\/\/mouldking.store\/wp-content\/uploads\/2021\/12\/ZHEGAO-QL0959-Drifting-City-with-3206-pieces-3-245x300.jpg 245w, https:\/\/mouldking.store\/wp-content\/uploads\/2021\/12\/ZHEGAO-QL0959-Drifting-City-with-3206-pieces-3-768x942.jpg 768w, https:\/\/mouldking.store\/wp-content\/uploads\/2021\/12\/ZHEGAO-QL0959-Drifting-City-with-3206-pieces-3-300x368.jpg 300w, https:\/\/mouldking.store\/wp-content\/uploads\/2021\/12\/ZHEGAO-QL0959-Drifting-City-with-3206-pieces-3-600x736.jpg 600w, https:\/\/mouldking.store\/wp-content\/uploads\/2021\/12\/ZHEGAO-QL0959-Drifting-City-with-3206-pieces-3-122x150.jpg 122w\" sizes=\"(max-width: 835px) 100vw, 835px\" \/><figcaption id=\"caption-attachment-28187\" class=\"wp-caption-text\">ZHEGAO QL0959 Drifting City with 3206 pieces<\/figcaption><\/figure>","protected":false},"excerpt":{"rendered":"<p>Product information: Brand: ZHEGAO Gender: Unisex Name: Drifting City Age Range: &gt; 6 years old Model Number: QL0959 Classification: Assemblage Plastic Block Shape: Self-Locking Bricks Material: Plastic Plastic Type: ABS Bricks Blocks: 3206 PCS Contains detailed assembly instructions. Notice: 1. Without an original box, but we guarantee our products have quality assurance and nice packaging. [&hellip;]<\/p>","protected":false},"featured_media":28185,"comment_status":"open","ping_status":"closed","template":"","meta":{"_acf_changed":false},"product_cat":[390],"product_tag":[4021,4017,4020,4019,4016,4018,4015],"class_list":["product","first","instock","shipping-taxable","purchasable","product-type-simple"],"acf":[],"_links":{"self":[{"href":"https:\/\/mouldking.store\/nb\/wp-json\/wp\/v2\/product\/28184","targetHints":{"allow":["GET"]}}],"collection":[{"href":"https:\/\/mouldking.store\/nb\/wp-json\/wp\/v2\/product"}],"about":[{"href":"https:\/\/mouldking.store\/nb\/wp-json\/wp\/v2\/types\/product"}],"replies":[{"embeddable":true,"href":"https:\/\/mouldking.store\/nb\/wp-json\/wp\/v2\/comments?post=28184"}],"wp:featuredmedia":[{"embeddable":true,"href":"https:\/\/mouldking.store\/nb\/wp-json\/wp\/v2\/media\/28185"}],"wp:attachment":[{"href":"https:\/\/mouldking.store\/nb\/wp-json\/wp\/v2\/media?parent=28184"}],"wp:term":[{"taxonomy":"product_cat","embeddable":true,"href":"https:\/\/mouldking.store\/nb\/wp-json\/wp\/v2\/product_cat?post=28184"},{"taxonomy":"product_tag","embeddable":true,"href":"https:\/\/mouldking.store\/nb\/wp-json\/wp\/v2\/product_tag?post=28184"}],"curies":[{"name":"wp","href":"https:\/\/api.w.org\/{rel}","templated":true}]}}