{"id":28190,"date":"2021-12-02T11:35:32","date_gmt":"2021-12-02T11:35:32","guid":{"rendered":"https:\/\/mouldking.store\/?post_type=product&#038;p=28190"},"modified":"2021-12-23T09:40:25","modified_gmt":"2021-12-23T09:40:25","slug":"mould-king-27006-ferrari-488-gtb","status":"publish","type":"product","link":"https:\/\/mouldking.store\/nb\/shop\/mould-king-27006-ferrari-488-gtb\/","title":{"rendered":"Mold King 27006 Ferrari 488 GTB med 329 stk"},"content":{"rendered":"<p>Produktinformasjon:<\/p>\n<ol>\n<li>Merke: Mold King<\/li>\n<li>Kj\u00f8nn: Unisex<\/li>\n<li>Name: Ferrari 488 GTB<\/li>\n<li>Aldersgruppe: &gt; 8 \u00e5r gammel<\/li>\n<li>Model Number: 27006<\/li>\n<li>Klassifisering: Montering<\/li>\n<li>Plastblokkform: Selvl\u00e5sende murstein<\/li>\n<li>Materiale: Plast<\/li>\n<li>Plasttype: ABS<\/li>\n<li>Mursteinsblokker: 329 STK<\/li>\n<li>Inneholder detaljerte monteringsanvisninger.<\/li>\n<\/ol>\n<p>Legge merke til:<br \/>\n1. Uten original eske, men vi garanterer at v\u00e5re produkter har kvalitetssikring og pen emballasje.<br \/>\n2. Som alle delene vi har sjekket f\u00f8r frakt, s\u00e5 hvis du finner noen deler savnet eller skadet, ikke bekymre deg og bare kontakt oss, s\u00e5 kan vi sende dem til deg p\u00e5 nytt umiddelbart gratis.<\/p>\n<figure id=\"attachment_28191\" aria-describedby=\"caption-attachment-28191\" style=\"width: 635px\" class=\"wp-caption aligncenter\"><img fetchpriority=\"high\" decoding=\"async\" class=\"wp-image-28191 size-full\" src=\"https:\/\/mouldking.store\/wp-content\/uploads\/2021\/12\/TECHNICIAN-MOULDKING-27006-Ferrari-488-GTB-1.jpg\" alt=\"Mould King 27006 Ferrari 488 GTB\" width=\"635\" height=\"638\" title=\"-\" srcset=\"https:\/\/mouldking.store\/wp-content\/uploads\/2021\/12\/TECHNICIAN-MOULDKING-27006-Ferrari-488-GTB-1.jpg 635w, https:\/\/mouldking.store\/wp-content\/uploads\/2021\/12\/TECHNICIAN-MOULDKING-27006-Ferrari-488-GTB-1-300x301.jpg 300w, https:\/\/mouldking.store\/wp-content\/uploads\/2021\/12\/TECHNICIAN-MOULDKING-27006-Ferrari-488-GTB-1-600x603.jpg 600w, https:\/\/mouldking.store\/wp-content\/uploads\/2021\/12\/TECHNICIAN-MOULDKING-27006-Ferrari-488-GTB-1-150x150.jpg 150w\" sizes=\"(max-width: 635px) 100vw, 635px\" \/><figcaption id=\"caption-attachment-28191\" class=\"wp-caption-text\">Mould King 27006 Ferrari 488 GTB<\/figcaption><\/figure>\n<figure id=\"attachment_28194\" aria-describedby=\"caption-attachment-28194\" style=\"width: 642px\" class=\"wp-caption aligncenter\"><img decoding=\"async\" class=\"wp-image-28194 size-full\" src=\"https:\/\/mouldking.store\/wp-content\/uploads\/2021\/12\/TECHNICIAN-MOULDKING-27006-Ferrari-488-GTB-4.jpg\" alt=\"Mould King 27006 Ferrari 488 GTB\" width=\"642\" height=\"811\" title=\"-\" srcset=\"https:\/\/mouldking.store\/wp-content\/uploads\/2021\/12\/TECHNICIAN-MOULDKING-27006-Ferrari-488-GTB-4.jpg 642w, https:\/\/mouldking.store\/wp-content\/uploads\/2021\/12\/TECHNICIAN-MOULDKING-27006-Ferrari-488-GTB-4-237x300.jpg 237w, https:\/\/mouldking.store\/wp-content\/uploads\/2021\/12\/TECHNICIAN-MOULDKING-27006-Ferrari-488-GTB-4-300x379.jpg 300w, https:\/\/mouldking.store\/wp-content\/uploads\/2021\/12\/TECHNICIAN-MOULDKING-27006-Ferrari-488-GTB-4-600x758.jpg 600w, https:\/\/mouldking.store\/wp-content\/uploads\/2021\/12\/TECHNICIAN-MOULDKING-27006-Ferrari-488-GTB-4-119x150.jpg 119w\" sizes=\"(max-width: 642px) 100vw, 642px\" \/><figcaption id=\"caption-attachment-28194\" class=\"wp-caption-text\">Mould King 27006 Ferrari 488 GTB<\/figcaption><\/figure>\n<figure id=\"attachment_28193\" aria-describedby=\"caption-attachment-28193\" style=\"width: 643px\" class=\"wp-caption aligncenter\"><img decoding=\"async\" class=\"wp-image-28193 size-full\" src=\"https:\/\/mouldking.store\/wp-content\/uploads\/2021\/12\/TECHNICIAN-MOULDKING-27006-Ferrari-488-GTB-3.jpg\" alt=\"Mould King 27006 Ferrari 488 GTB\" width=\"643\" height=\"673\" title=\"-\" srcset=\"https:\/\/mouldking.store\/wp-content\/uploads\/2021\/12\/TECHNICIAN-MOULDKING-27006-Ferrari-488-GTB-3.jpg 643w, https:\/\/mouldking.store\/wp-content\/uploads\/2021\/12\/TECHNICIAN-MOULDKING-27006-Ferrari-488-GTB-3-287x300.jpg 287w, https:\/\/mouldking.store\/wp-content\/uploads\/2021\/12\/TECHNICIAN-MOULDKING-27006-Ferrari-488-GTB-3-300x314.jpg 300w, https:\/\/mouldking.store\/wp-content\/uploads\/2021\/12\/TECHNICIAN-MOULDKING-27006-Ferrari-488-GTB-3-600x628.jpg 600w, https:\/\/mouldking.store\/wp-content\/uploads\/2021\/12\/TECHNICIAN-MOULDKING-27006-Ferrari-488-GTB-3-143x150.jpg 143w\" sizes=\"(max-width: 643px) 100vw, 643px\" \/><figcaption id=\"caption-attachment-28193\" class=\"wp-caption-text\">Mould King 27006 Ferrari 488 GTB<\/figcaption><\/figure>\n<figure id=\"attachment_28192\" aria-describedby=\"caption-attachment-28192\" style=\"width: 639px\" class=\"wp-caption aligncenter\"><img loading=\"lazy\" decoding=\"async\" class=\"wp-image-28192 size-full\" src=\"https:\/\/mouldking.store\/wp-content\/uploads\/2021\/12\/TECHNICIAN-MOULDKING-27006-Ferrari-488-GTB-2.jpg\" alt=\"Mould King 27006 Ferrari 488 GTB\" width=\"639\" height=\"760\" title=\"-\" srcset=\"https:\/\/mouldking.store\/wp-content\/uploads\/2021\/12\/TECHNICIAN-MOULDKING-27006-Ferrari-488-GTB-2.jpg 639w, https:\/\/mouldking.store\/wp-content\/uploads\/2021\/12\/TECHNICIAN-MOULDKING-27006-Ferrari-488-GTB-2-252x300.jpg 252w, https:\/\/mouldking.store\/wp-content\/uploads\/2021\/12\/TECHNICIAN-MOULDKING-27006-Ferrari-488-GTB-2-300x357.jpg 300w, https:\/\/mouldking.store\/wp-content\/uploads\/2021\/12\/TECHNICIAN-MOULDKING-27006-Ferrari-488-GTB-2-600x714.jpg 600w, https:\/\/mouldking.store\/wp-content\/uploads\/2021\/12\/TECHNICIAN-MOULDKING-27006-Ferrari-488-GTB-2-126x150.jpg 126w\" sizes=\"(max-width: 639px) 100vw, 639px\" \/><figcaption id=\"caption-attachment-28192\" class=\"wp-caption-text\">Mould King 27006 Ferrari 488 GTB<\/figcaption><\/figure>","protected":false},"excerpt":{"rendered":"<p>Product information: Brand: Mould King Gender: Unisex Name: Ferrari 488 GTB Age Range: &gt; 8 years old Model Number: 27006 Classification: Assemblage Plastic Block Shape: Self-Locking Bricks Material: Plastic Plastic Type: ABS Bricks Blocks: 329 PCS Contains detailed assembly instructions. Notice: 1. Without an original box, but we guarantee our products have quality assurance and [&hellip;]<\/p>","protected":false},"featured_media":28191,"comment_status":"open","ping_status":"closed","template":"","meta":{"_acf_changed":false},"product_cat":[364],"product_tag":[4029,4024,4031,4023,4022,4025,4027,4028,4030,4026,4033,4032],"class_list":["product","first","instock","shipping-taxable","purchasable","product-type-simple"],"acf":[],"_links":{"self":[{"href":"https:\/\/mouldking.store\/nb\/wp-json\/wp\/v2\/product\/28190","targetHints":{"allow":["GET"]}}],"collection":[{"href":"https:\/\/mouldking.store\/nb\/wp-json\/wp\/v2\/product"}],"about":[{"href":"https:\/\/mouldking.store\/nb\/wp-json\/wp\/v2\/types\/product"}],"replies":[{"embeddable":true,"href":"https:\/\/mouldking.store\/nb\/wp-json\/wp\/v2\/comments?post=28190"}],"wp:featuredmedia":[{"embeddable":true,"href":"https:\/\/mouldking.store\/nb\/wp-json\/wp\/v2\/media\/28191"}],"wp:attachment":[{"href":"https:\/\/mouldking.store\/nb\/wp-json\/wp\/v2\/media?parent=28190"}],"wp:term":[{"taxonomy":"product_cat","embeddable":true,"href":"https:\/\/mouldking.store\/nb\/wp-json\/wp\/v2\/product_cat?post=28190"},{"taxonomy":"product_tag","embeddable":true,"href":"https:\/\/mouldking.store\/nb\/wp-json\/wp\/v2\/product_tag?post=28190"}],"curies":[{"name":"wp","href":"https:\/\/api.w.org\/{rel}","templated":true}]}}