{"id":28220,"date":"2021-12-04T06:37:43","date_gmt":"2021-12-04T06:37:43","guid":{"rendered":"https:\/\/mouldking.store\/?post_type=product&#038;p=28220"},"modified":"2021-12-23T09:40:25","modified_gmt":"2021-12-23T09:40:25","slug":"mould-king-27005-porsche-918-rsr-with-330-pieces","status":"publish","type":"product","link":"https:\/\/mouldking.store\/nb\/shop\/mould-king-27005-porsche-918-rsr-with-330-pieces\/","title":{"rendered":"Mould King 27005 Porsche 918 RSR with 330 pieces"},"content":{"rendered":"<p>Produktinformasjon:<\/p>\n<ol>\n<li>Merke: Mold King<\/li>\n<li>Kj\u00f8nn: Unisex<\/li>\n<li>Name: Porsche 918 RSR<\/li>\n<li>Aldersgruppe: &gt; 8 \u00e5r gammel<\/li>\n<li>Model Number: 27005<\/li>\n<li>Klassifisering: Montering<\/li>\n<li>Plastblokkform: Selvl\u00e5sende murstein<\/li>\n<li>Materiale: Plast<\/li>\n<li>Plasttype: ABS<\/li>\n<li>Bricks Blocks: 330 PCS<\/li>\n<li>Inneholder detaljerte monteringsanvisninger.<\/li>\n<\/ol>\n<p>Legge merke til:<br \/>\n1. Uten original eske, men vi garanterer at v\u00e5re produkter har kvalitetssikring og pen emballasje.<br \/>\n2. Som alle delene vi har sjekket f\u00f8r frakt, s\u00e5 hvis du finner noen deler savnet eller skadet, ikke bekymre deg og bare kontakt oss, s\u00e5 kan vi sende dem til deg p\u00e5 nytt umiddelbart gratis.<\/p>\n<figure id=\"attachment_28221\" aria-describedby=\"caption-attachment-28221\" style=\"width: 800px\" class=\"wp-caption aligncenter\"><img fetchpriority=\"high\" decoding=\"async\" class=\"wp-image-28221 size-full\" src=\"https:\/\/mouldking.store\/wp-content\/uploads\/2021\/12\/Mould-King-27005-Porsche-918-RSR-with-330-pieces-1.jpg\" alt=\"Mould King 27005 Porsche 918 RSR with 330 pieces\" width=\"800\" height=\"800\" title=\"-\" srcset=\"https:\/\/mouldking.store\/wp-content\/uploads\/2021\/12\/Mould-King-27005-Porsche-918-RSR-with-330-pieces-1.jpg 800w, https:\/\/mouldking.store\/wp-content\/uploads\/2021\/12\/Mould-King-27005-Porsche-918-RSR-with-330-pieces-1-300x300.jpg 300w, https:\/\/mouldking.store\/wp-content\/uploads\/2021\/12\/Mould-King-27005-Porsche-918-RSR-with-330-pieces-1-768x768.jpg 768w, https:\/\/mouldking.store\/wp-content\/uploads\/2021\/12\/Mould-King-27005-Porsche-918-RSR-with-330-pieces-1-600x600.jpg 600w, https:\/\/mouldking.store\/wp-content\/uploads\/2021\/12\/Mould-King-27005-Porsche-918-RSR-with-330-pieces-1-150x150.jpg 150w\" sizes=\"(max-width: 800px) 100vw, 800px\" \/><figcaption id=\"caption-attachment-28221\" class=\"wp-caption-text\">Mould King 27005 Porsche 918 RSR with 330 pieces<\/figcaption><\/figure>\n<figure id=\"attachment_28225\" aria-describedby=\"caption-attachment-28225\" style=\"width: 800px\" class=\"wp-caption aligncenter\"><img decoding=\"async\" class=\"wp-image-28225 size-full\" src=\"https:\/\/mouldking.store\/wp-content\/uploads\/2021\/12\/Mould-King-27005-Porsche-918-RSR-with-330-pieces-5.jpg\" alt=\"Mould King 27005 Porsche 918 RSR with 330 pieces\" width=\"800\" height=\"688\" title=\"-\" srcset=\"https:\/\/mouldking.store\/wp-content\/uploads\/2021\/12\/Mould-King-27005-Porsche-918-RSR-with-330-pieces-5.jpg 800w, https:\/\/mouldking.store\/wp-content\/uploads\/2021\/12\/Mould-King-27005-Porsche-918-RSR-with-330-pieces-5-300x258.jpg 300w, https:\/\/mouldking.store\/wp-content\/uploads\/2021\/12\/Mould-King-27005-Porsche-918-RSR-with-330-pieces-5-768x660.jpg 768w, https:\/\/mouldking.store\/wp-content\/uploads\/2021\/12\/Mould-King-27005-Porsche-918-RSR-with-330-pieces-5-600x516.jpg 600w, https:\/\/mouldking.store\/wp-content\/uploads\/2021\/12\/Mould-King-27005-Porsche-918-RSR-with-330-pieces-5-150x129.jpg 150w\" sizes=\"(max-width: 800px) 100vw, 800px\" \/><figcaption id=\"caption-attachment-28225\" class=\"wp-caption-text\">Mould King 27005 Porsche 918 RSR with 330 pieces<\/figcaption><\/figure>\n<figure id=\"attachment_28224\" aria-describedby=\"caption-attachment-28224\" style=\"width: 800px\" class=\"wp-caption aligncenter\"><img decoding=\"async\" class=\"wp-image-28224 size-full\" src=\"https:\/\/mouldking.store\/wp-content\/uploads\/2021\/12\/Mould-King-27005-Porsche-918-RSR-with-330-pieces-4.jpg\" alt=\"Mould King 27005 Porsche 918 RSR with 330 pieces\" width=\"800\" height=\"843\" title=\"-\" srcset=\"https:\/\/mouldking.store\/wp-content\/uploads\/2021\/12\/Mould-King-27005-Porsche-918-RSR-with-330-pieces-4.jpg 800w, https:\/\/mouldking.store\/wp-content\/uploads\/2021\/12\/Mould-King-27005-Porsche-918-RSR-with-330-pieces-4-285x300.jpg 285w, https:\/\/mouldking.store\/wp-content\/uploads\/2021\/12\/Mould-King-27005-Porsche-918-RSR-with-330-pieces-4-768x809.jpg 768w, https:\/\/mouldking.store\/wp-content\/uploads\/2021\/12\/Mould-King-27005-Porsche-918-RSR-with-330-pieces-4-300x316.jpg 300w, https:\/\/mouldking.store\/wp-content\/uploads\/2021\/12\/Mould-King-27005-Porsche-918-RSR-with-330-pieces-4-600x632.jpg 600w, https:\/\/mouldking.store\/wp-content\/uploads\/2021\/12\/Mould-King-27005-Porsche-918-RSR-with-330-pieces-4-142x150.jpg 142w\" sizes=\"(max-width: 800px) 100vw, 800px\" \/><figcaption id=\"caption-attachment-28224\" class=\"wp-caption-text\">Mould King 27005 Porsche 918 RSR with 330 pieces<\/figcaption><\/figure>\n<figure id=\"attachment_28223\" aria-describedby=\"caption-attachment-28223\" style=\"width: 800px\" class=\"wp-caption aligncenter\"><img loading=\"lazy\" decoding=\"async\" class=\"wp-image-28223 size-full\" src=\"https:\/\/mouldking.store\/wp-content\/uploads\/2021\/12\/Mould-King-27005-Porsche-918-RSR-with-330-pieces-3.jpg\" alt=\"Mould King 27005 Porsche 918 RSR with 330 pieces\" width=\"800\" height=\"949\" title=\"-\" srcset=\"https:\/\/mouldking.store\/wp-content\/uploads\/2021\/12\/Mould-King-27005-Porsche-918-RSR-with-330-pieces-3.jpg 800w, https:\/\/mouldking.store\/wp-content\/uploads\/2021\/12\/Mould-King-27005-Porsche-918-RSR-with-330-pieces-3-253x300.jpg 253w, https:\/\/mouldking.store\/wp-content\/uploads\/2021\/12\/Mould-King-27005-Porsche-918-RSR-with-330-pieces-3-768x911.jpg 768w, https:\/\/mouldking.store\/wp-content\/uploads\/2021\/12\/Mould-King-27005-Porsche-918-RSR-with-330-pieces-3-300x356.jpg 300w, https:\/\/mouldking.store\/wp-content\/uploads\/2021\/12\/Mould-King-27005-Porsche-918-RSR-with-330-pieces-3-600x712.jpg 600w, https:\/\/mouldking.store\/wp-content\/uploads\/2021\/12\/Mould-King-27005-Porsche-918-RSR-with-330-pieces-3-126x150.jpg 126w\" sizes=\"(max-width: 800px) 100vw, 800px\" \/><figcaption id=\"caption-attachment-28223\" class=\"wp-caption-text\">Mould King 27005 Porsche 918 RSR with 330 pieces<\/figcaption><\/figure>\n<figure id=\"attachment_28222\" aria-describedby=\"caption-attachment-28222\" style=\"width: 800px\" class=\"wp-caption aligncenter\"><img loading=\"lazy\" decoding=\"async\" class=\"wp-image-28222 size-full\" src=\"https:\/\/mouldking.store\/wp-content\/uploads\/2021\/12\/Mould-King-27005-Porsche-918-RSR-with-330-pieces-2.jpg\" alt=\"Mould King 27005 Porsche 918 RSR with 330 pieces\" width=\"800\" height=\"647\" title=\"-\" srcset=\"https:\/\/mouldking.store\/wp-content\/uploads\/2021\/12\/Mould-King-27005-Porsche-918-RSR-with-330-pieces-2.jpg 800w, https:\/\/mouldking.store\/wp-content\/uploads\/2021\/12\/Mould-King-27005-Porsche-918-RSR-with-330-pieces-2-300x243.jpg 300w, https:\/\/mouldking.store\/wp-content\/uploads\/2021\/12\/Mould-King-27005-Porsche-918-RSR-with-330-pieces-2-768x621.jpg 768w, https:\/\/mouldking.store\/wp-content\/uploads\/2021\/12\/Mould-King-27005-Porsche-918-RSR-with-330-pieces-2-600x485.jpg 600w, https:\/\/mouldking.store\/wp-content\/uploads\/2021\/12\/Mould-King-27005-Porsche-918-RSR-with-330-pieces-2-150x121.jpg 150w\" sizes=\"(max-width: 800px) 100vw, 800px\" \/><figcaption id=\"caption-attachment-28222\" class=\"wp-caption-text\">Mould King 27005 Porsche 918 RSR with 330 pieces<\/figcaption><\/figure>","protected":false},"excerpt":{"rendered":"<p>Product information: Brand: Mould King Gender: Unisex Name: Porsche 918 RSR Age Range: &gt; 8 years old Model Number: 27005 Classification: Assemblage Plastic Block Shape: Self-Locking Bricks Material: Plastic Plastic Type: ABS Bricks Blocks: 330 PCS Contains detailed assembly instructions. Notice: 1. Without an original box, but we guarantee our products have quality assurance and [&hellip;]<\/p>","protected":false},"featured_media":28221,"comment_status":"open","ping_status":"closed","template":"","meta":{"_acf_changed":false},"product_cat":[364],"product_tag":[4048,4047,4045,4044,4046,4050,4049,4051],"class_list":["product","first","instock","shipping-taxable","purchasable","product-type-simple"],"acf":[],"_links":{"self":[{"href":"https:\/\/mouldking.store\/nb\/wp-json\/wp\/v2\/product\/28220","targetHints":{"allow":["GET"]}}],"collection":[{"href":"https:\/\/mouldking.store\/nb\/wp-json\/wp\/v2\/product"}],"about":[{"href":"https:\/\/mouldking.store\/nb\/wp-json\/wp\/v2\/types\/product"}],"replies":[{"embeddable":true,"href":"https:\/\/mouldking.store\/nb\/wp-json\/wp\/v2\/comments?post=28220"}],"wp:featuredmedia":[{"embeddable":true,"href":"https:\/\/mouldking.store\/nb\/wp-json\/wp\/v2\/media\/28221"}],"wp:attachment":[{"href":"https:\/\/mouldking.store\/nb\/wp-json\/wp\/v2\/media?parent=28220"}],"wp:term":[{"taxonomy":"product_cat","embeddable":true,"href":"https:\/\/mouldking.store\/nb\/wp-json\/wp\/v2\/product_cat?post=28220"},{"taxonomy":"product_tag","embeddable":true,"href":"https:\/\/mouldking.store\/nb\/wp-json\/wp\/v2\/product_tag?post=28220"}],"curies":[{"name":"wp","href":"https:\/\/api.w.org\/{rel}","templated":true}]}}