{"id":28226,"date":"2021-12-04T06:45:30","date_gmt":"2021-12-03T23:45:30","guid":{"rendered":"https:\/\/mouldking.store\/?post_type=product&#038;p=28226"},"modified":"2025-12-25T09:16:55","modified_gmt":"2025-12-25T02:16:55","slug":"moc-59227-mill-on-the-hill-with-1776-pieces-2","status":"publish","type":"product","link":"https:\/\/mouldking.store\/nb\/shop\/moc-59227-mill-on-the-hill-with-1776-pieces-2\/","title":{"rendered":"MOC-59227 Mill on the Hill med 1776 stykker"},"content":{"rendered":"<p>Produktinformasjon:<\/p>\n<ol>\n<li>Merke: MOC Factory<\/li>\n<li>Kj\u00f8nn: Unisex<\/li>\n<li>Name: Mill on the Hill<\/li>\n<li>Aldersgruppe: &gt; 6 \u00e5r gammel<\/li>\n<li>Model Number: 59227<\/li>\n<li>Klassifisering: Montering<\/li>\n<li>Plastblokkform: Selvl\u00e5sende murstein<\/li>\n<li>Materiale: Plast<\/li>\n<li>Plasttype: ABS<\/li>\n<li>Bricks Blocks: 1776 PCS<\/li>\n<li>Inneholder detaljerte monteringsanvisninger.<\/li>\n<\/ol>\n<p>Legge merke til:<br \/>\n1. Uten original eske, men vi garanterer at v\u00e5re produkter har kvalitetssikring og pen emballasje.<br \/>\n2. Som alle delene vi har sjekket f\u00f8r frakt, s\u00e5 hvis du finner noen deler savnet eller skadet, ikke bekymre deg og bare kontakt oss, s\u00e5 kan vi sende dem til deg p\u00e5 nytt umiddelbart gratis.<\/p>\n<figure id=\"attachment_28227\" aria-describedby=\"caption-attachment-28227\" style=\"width: 800px\" class=\"wp-caption aligncenter\"><img fetchpriority=\"high\" decoding=\"async\" class=\"wp-image-28227 size-full\" src=\"https:\/\/mouldking.store\/wp-content\/uploads\/2021\/12\/MOC-59227-Mill-on-the-Hill-with-1776-pieces-1.png\" alt=\"MOC-59227 Mill on the Hill with 1776 pieces\" width=\"800\" height=\"800\" title=\"-\" srcset=\"https:\/\/mouldking.store\/wp-content\/uploads\/2021\/12\/MOC-59227-Mill-on-the-Hill-with-1776-pieces-1.png 800w, https:\/\/mouldking.store\/wp-content\/uploads\/2021\/12\/MOC-59227-Mill-on-the-Hill-with-1776-pieces-1-300x300.png 300w, https:\/\/mouldking.store\/wp-content\/uploads\/2021\/12\/MOC-59227-Mill-on-the-Hill-with-1776-pieces-1-768x768.png 768w, https:\/\/mouldking.store\/wp-content\/uploads\/2021\/12\/MOC-59227-Mill-on-the-Hill-with-1776-pieces-1-600x600.png 600w, https:\/\/mouldking.store\/wp-content\/uploads\/2021\/12\/MOC-59227-Mill-on-the-Hill-with-1776-pieces-1-150x150.png 150w\" sizes=\"(max-width: 800px) 100vw, 800px\" \/><figcaption id=\"caption-attachment-28227\" class=\"wp-caption-text\">MOC-59227 Mill on the Hill med 1776 stykker<\/figcaption><\/figure>\n<figure id=\"attachment_28228\" aria-describedby=\"caption-attachment-28228\" style=\"width: 800px\" class=\"wp-caption aligncenter\"><img decoding=\"async\" class=\"wp-image-28228\" src=\"https:\/\/mouldking.store\/wp-content\/uploads\/2021\/12\/MOC-59227-Mill-on-the-Hill-with-1776-pieces-1-300x300.jpg\" alt=\"MOC-59227 Mill on the Hill with 1776 pieces\" width=\"800\" height=\"800\" title=\"-\" srcset=\"https:\/\/mouldking.store\/wp-content\/uploads\/2021\/12\/MOC-59227-Mill-on-the-Hill-with-1776-pieces-1-300x300.jpg 300w, https:\/\/mouldking.store\/wp-content\/uploads\/2021\/12\/MOC-59227-Mill-on-the-Hill-with-1776-pieces-1-768x768.jpg 768w, https:\/\/mouldking.store\/wp-content\/uploads\/2021\/12\/MOC-59227-Mill-on-the-Hill-with-1776-pieces-1-600x600.jpg 600w, https:\/\/mouldking.store\/wp-content\/uploads\/2021\/12\/MOC-59227-Mill-on-the-Hill-with-1776-pieces-1-150x150.jpg 150w, https:\/\/mouldking.store\/wp-content\/uploads\/2021\/12\/MOC-59227-Mill-on-the-Hill-with-1776-pieces-1.jpg 1000w\" sizes=\"(max-width: 800px) 100vw, 800px\" \/><figcaption id=\"caption-attachment-28228\" class=\"wp-caption-text\">MOC-59227 Mill on the Hill med 1776 stykker<\/figcaption><\/figure>\n<figure id=\"attachment_28229\" aria-describedby=\"caption-attachment-28229\" style=\"width: 800px\" class=\"wp-caption aligncenter\"><img decoding=\"async\" class=\"wp-image-28229\" src=\"https:\/\/mouldking.store\/wp-content\/uploads\/2021\/12\/MOC-59227-Mill-on-the-Hill-with-1776-pieces-2-300x300.jpg\" alt=\"MOC-59227 Mill on the Hill with 1776 pieces\" width=\"800\" height=\"800\" title=\"-\" srcset=\"https:\/\/mouldking.store\/wp-content\/uploads\/2021\/12\/MOC-59227-Mill-on-the-Hill-with-1776-pieces-2-300x300.jpg 300w, https:\/\/mouldking.store\/wp-content\/uploads\/2021\/12\/MOC-59227-Mill-on-the-Hill-with-1776-pieces-2-768x768.jpg 768w, https:\/\/mouldking.store\/wp-content\/uploads\/2021\/12\/MOC-59227-Mill-on-the-Hill-with-1776-pieces-2-600x600.jpg 600w, https:\/\/mouldking.store\/wp-content\/uploads\/2021\/12\/MOC-59227-Mill-on-the-Hill-with-1776-pieces-2-150x150.jpg 150w, https:\/\/mouldking.store\/wp-content\/uploads\/2021\/12\/MOC-59227-Mill-on-the-Hill-with-1776-pieces-2.jpg 1000w\" sizes=\"(max-width: 800px) 100vw, 800px\" \/><figcaption id=\"caption-attachment-28229\" class=\"wp-caption-text\">MOC-59227 Mill on the Hill med 1776 stykker<\/figcaption><\/figure>","protected":false},"excerpt":{"rendered":"<p>Product information: Brand: MOC Factory Gender: Unisex Name: Mill on the Hill Age Range: &gt; 6 years old Model Number: 59227 Classification: Assemblage Plastic Block Shape: Self-Locking Bricks Material: Plastic Plastic Type: ABS Bricks Blocks: 1776 PCS Contains detailed assembly instructions. Notice: 1. Without an original box, but we guarantee our products have quality assurance [&hellip;]<\/p>","protected":false},"featured_media":28227,"comment_status":"open","ping_status":"closed","template":"","meta":{"_acf_changed":false},"product_cat":[371],"product_tag":[3049,4054,3048,4053,4052],"class_list":["product","first","instock","shipping-taxable","purchasable","product-type-simple"],"acf":[],"_links":{"self":[{"href":"https:\/\/mouldking.store\/nb\/wp-json\/wp\/v2\/product\/28226","targetHints":{"allow":["GET"]}}],"collection":[{"href":"https:\/\/mouldking.store\/nb\/wp-json\/wp\/v2\/product"}],"about":[{"href":"https:\/\/mouldking.store\/nb\/wp-json\/wp\/v2\/types\/product"}],"replies":[{"embeddable":true,"href":"https:\/\/mouldking.store\/nb\/wp-json\/wp\/v2\/comments?post=28226"}],"wp:featuredmedia":[{"embeddable":true,"href":"https:\/\/mouldking.store\/nb\/wp-json\/wp\/v2\/media\/28227"}],"wp:attachment":[{"href":"https:\/\/mouldking.store\/nb\/wp-json\/wp\/v2\/media?parent=28226"}],"wp:term":[{"taxonomy":"product_cat","embeddable":true,"href":"https:\/\/mouldking.store\/nb\/wp-json\/wp\/v2\/product_cat?post=28226"},{"taxonomy":"product_tag","embeddable":true,"href":"https:\/\/mouldking.store\/nb\/wp-json\/wp\/v2\/product_tag?post=28226"}],"curies":[{"name":"wp","href":"https:\/\/api.w.org\/{rel}","templated":true}]}}