{"id":28230,"date":"2021-12-04T06:49:37","date_gmt":"2021-12-03T23:49:37","guid":{"rendered":"https:\/\/mouldking.store\/?post_type=product&#038;p=28230"},"modified":"2025-12-25T09:16:55","modified_gmt":"2025-12-25T02:16:55","slug":"moc-61103-lake-house-with-1906-pieces-2","status":"publish","type":"product","link":"https:\/\/mouldking.store\/nb\/shop\/moc-61103-lake-house-with-1906-pieces-2\/","title":{"rendered":"MOC-61103 Lake House med 1906 deler"},"content":{"rendered":"<p>Produktinformasjon:<\/p>\n<ol>\n<li>Merke: MOC Factory<\/li>\n<li>Kj\u00f8nn: Unisex<\/li>\n<li>Navn: Lake House<\/li>\n<li>Aldersgruppe: &gt;6 \u00e5r gammel<\/li>\n<li>Modellnummer: 61103<\/li>\n<li>Klassifisering: Montering<\/li>\n<li>Plastblokkform: Selvl\u00e5sende murstein<\/li>\n<li>Materiale: Plast<\/li>\n<li>Plasttype: ABS<\/li>\n<li>Mursteinsblokker: 1906 STK<\/li>\n<li>Inneholder detaljerte monteringsanvisninger.<\/li>\n<\/ol>\n<p>Legge merke til:<br \/>\n1. Uten original eske, men vi garanterer at v\u00e5re produkter har kvalitetssikring og pen emballasje.<br \/>\n2. Som alle delene vi har sjekket f\u00f8r frakt, s\u00e5 hvis du finner noen deler savnet eller skadet, ikke bekymre deg og bare kontakt oss, s\u00e5 kan vi sende dem til deg p\u00e5 nytt umiddelbart gratis.<\/p>\n<figure id=\"attachment_28231\" aria-describedby=\"caption-attachment-28231\" style=\"width: 800px\" class=\"wp-caption aligncenter\"><img fetchpriority=\"high\" decoding=\"async\" class=\"wp-image-28231 size-full\" src=\"https:\/\/mouldking.store\/wp-content\/uploads\/2021\/12\/MOC-61103-Lake-House-with-1906-pieces-1.png\" alt=\"MOC-61103 Lake House with 1906 pieces\" width=\"800\" height=\"800\" title=\"-\" srcset=\"https:\/\/mouldking.store\/wp-content\/uploads\/2021\/12\/MOC-61103-Lake-House-with-1906-pieces-1.png 800w, https:\/\/mouldking.store\/wp-content\/uploads\/2021\/12\/MOC-61103-Lake-House-with-1906-pieces-1-300x300.png 300w, https:\/\/mouldking.store\/wp-content\/uploads\/2021\/12\/MOC-61103-Lake-House-with-1906-pieces-1-768x768.png 768w, https:\/\/mouldking.store\/wp-content\/uploads\/2021\/12\/MOC-61103-Lake-House-with-1906-pieces-1-600x600.png 600w, https:\/\/mouldking.store\/wp-content\/uploads\/2021\/12\/MOC-61103-Lake-House-with-1906-pieces-1-150x150.png 150w\" sizes=\"(max-width: 800px) 100vw, 800px\" \/><figcaption id=\"caption-attachment-28231\" class=\"wp-caption-text\">MOC-61103 Lake House med 1906 deler<\/figcaption><\/figure>\n<figure id=\"attachment_28232\" aria-describedby=\"caption-attachment-28232\" style=\"width: 1000px\" class=\"wp-caption aligncenter\"><img decoding=\"async\" class=\"wp-image-28232 size-full\" src=\"https:\/\/mouldking.store\/wp-content\/uploads\/2021\/12\/MOC-61103-Lake-House-with-1906-pieces-1.jpg\" alt=\"MOC-61103 Lake House with 1906 pieces\" width=\"1000\" height=\"1000\" title=\"-\" srcset=\"https:\/\/mouldking.store\/wp-content\/uploads\/2021\/12\/MOC-61103-Lake-House-with-1906-pieces-1.jpg 1000w, https:\/\/mouldking.store\/wp-content\/uploads\/2021\/12\/MOC-61103-Lake-House-with-1906-pieces-1-300x300.jpg 300w, https:\/\/mouldking.store\/wp-content\/uploads\/2021\/12\/MOC-61103-Lake-House-with-1906-pieces-1-768x768.jpg 768w, https:\/\/mouldking.store\/wp-content\/uploads\/2021\/12\/MOC-61103-Lake-House-with-1906-pieces-1-600x600.jpg 600w, https:\/\/mouldking.store\/wp-content\/uploads\/2021\/12\/MOC-61103-Lake-House-with-1906-pieces-1-150x150.jpg 150w\" sizes=\"(max-width: 1000px) 100vw, 1000px\" \/><figcaption id=\"caption-attachment-28232\" class=\"wp-caption-text\">MOC-61103 Lake House med 1906 deler<\/figcaption><\/figure>\n<figure id=\"attachment_28233\" aria-describedby=\"caption-attachment-28233\" style=\"width: 1024px\" class=\"wp-caption aligncenter\"><img decoding=\"async\" class=\"wp-image-28233 size-large\" src=\"https:\/\/mouldking.store\/wp-content\/uploads\/2021\/12\/MOC-61103-Lake-House-with-1906-pieces-2-1024x1024.jpg\" alt=\"MOC-61103 Lake House with 1906 pieces\" width=\"1024\" height=\"1024\" title=\"-\" srcset=\"https:\/\/mouldking.store\/wp-content\/uploads\/2021\/12\/MOC-61103-Lake-House-with-1906-pieces-2-1024x1024.jpg 1024w, https:\/\/mouldking.store\/wp-content\/uploads\/2021\/12\/MOC-61103-Lake-House-with-1906-pieces-2-300x300.jpg 300w, https:\/\/mouldking.store\/wp-content\/uploads\/2021\/12\/MOC-61103-Lake-House-with-1906-pieces-2-768x768.jpg 768w, https:\/\/mouldking.store\/wp-content\/uploads\/2021\/12\/MOC-61103-Lake-House-with-1906-pieces-2-600x600.jpg 600w, https:\/\/mouldking.store\/wp-content\/uploads\/2021\/12\/MOC-61103-Lake-House-with-1906-pieces-2-150x150.jpg 150w, https:\/\/mouldking.store\/wp-content\/uploads\/2021\/12\/MOC-61103-Lake-House-with-1906-pieces-2.jpg 1280w\" sizes=\"(max-width: 1024px) 100vw, 1024px\" \/><figcaption id=\"caption-attachment-28233\" class=\"wp-caption-text\">MOC-61103 Lake House med 1906 deler<\/figcaption><\/figure>","protected":false},"excerpt":{"rendered":"<p>Product information: Brand: MOC Factory Gender: Unisex Name: Lake House Age Range: &gt;6 years old Model Number: 61103 Classification: Assemblage Plastic Block Shape: Self-Locking Bricks Material: Plastic Plastic Type: ABS Bricks Blocks: 1906 PCS Contains detailed assembly instructions. Notice: 1. Without an original box, but we guarantee our products have quality assurance and nice packaging. [&hellip;]<\/p>","protected":false},"featured_media":28231,"comment_status":"open","ping_status":"closed","template":"","meta":{"_acf_changed":false},"product_cat":[371],"product_tag":[3306,4057,3305,4056,4055],"class_list":["product","first","instock","shipping-taxable","purchasable","product-type-simple"],"acf":[],"_links":{"self":[{"href":"https:\/\/mouldking.store\/nb\/wp-json\/wp\/v2\/product\/28230","targetHints":{"allow":["GET"]}}],"collection":[{"href":"https:\/\/mouldking.store\/nb\/wp-json\/wp\/v2\/product"}],"about":[{"href":"https:\/\/mouldking.store\/nb\/wp-json\/wp\/v2\/types\/product"}],"replies":[{"embeddable":true,"href":"https:\/\/mouldking.store\/nb\/wp-json\/wp\/v2\/comments?post=28230"}],"wp:featuredmedia":[{"embeddable":true,"href":"https:\/\/mouldking.store\/nb\/wp-json\/wp\/v2\/media\/28231"}],"wp:attachment":[{"href":"https:\/\/mouldking.store\/nb\/wp-json\/wp\/v2\/media?parent=28230"}],"wp:term":[{"taxonomy":"product_cat","embeddable":true,"href":"https:\/\/mouldking.store\/nb\/wp-json\/wp\/v2\/product_cat?post=28230"},{"taxonomy":"product_tag","embeddable":true,"href":"https:\/\/mouldking.store\/nb\/wp-json\/wp\/v2\/product_tag?post=28230"}],"curies":[{"name":"wp","href":"https:\/\/api.w.org\/{rel}","templated":true}]}}