{"id":28251,"date":"2021-12-04T07:04:24","date_gmt":"2021-12-04T07:04:24","guid":{"rendered":"https:\/\/mouldking.store\/?post_type=product&#038;p=28251"},"modified":"2021-12-23T09:40:24","modified_gmt":"2021-12-23T09:40:24","slug":"quanguan-100149-liberty-walk-nissan-fairlady-240zg-with-330-pieces","status":"publish","type":"product","link":"https:\/\/mouldking.store\/nb\/shop\/quanguan-100149-liberty-walk-nissan-fairlady-240zg-with-330-pieces\/","title":{"rendered":"Quanguan 100149 Liberty Walk Nissan Fairlady 240ZG med 330 stykker"},"content":{"rendered":"<p>Produktinformasjon:<\/p>\n<ol>\n<li>Brand: Quanguan<\/li>\n<li>Kj\u00f8nn: Unisex<\/li>\n<li>Name: Liberty Walk Nissan Fairlady 240ZG<\/li>\n<li>Aldersgruppe: &gt; 6 \u00e5r gammel<\/li>\n<li>Model Number: 100149<\/li>\n<li>Klassifisering: Montering<\/li>\n<li>Plastblokkform: Selvl\u00e5sende murstein<\/li>\n<li>Materiale: Plast<\/li>\n<li>Plasttype: ABS<\/li>\n<li>Bricks Blocks: 330 PCS<\/li>\n<li>Inneholder detaljerte monteringsanvisninger.<\/li>\n<\/ol>\n<p>Legge merke til:<br \/>\n1. Uten original eske, men vi garanterer at v\u00e5re produkter har kvalitetssikring og pen emballasje.<br \/>\n2. Som alle delene vi har sjekket f\u00f8r frakt, s\u00e5 hvis du finner noen deler savnet eller skadet, ikke bekymre deg og bare kontakt oss, s\u00e5 kan vi sende dem til deg p\u00e5 nytt umiddelbart gratis.<\/p>\n<figure id=\"attachment_28252\" aria-describedby=\"caption-attachment-28252\" style=\"width: 800px\" class=\"wp-caption aligncenter\"><img fetchpriority=\"high\" decoding=\"async\" class=\"wp-image-28252 size-full\" src=\"https:\/\/mouldking.store\/wp-content\/uploads\/2021\/12\/Quanguan-100149-Liberty-Walk-Nissan-Fairlady-240ZG-with-330-pieces-1.jpg\" alt=\"Quanguan 100149 Liberty Walk Nissan Fairlady 240ZG with 330 pieces\" width=\"800\" height=\"800\" title=\"-\" srcset=\"https:\/\/mouldking.store\/wp-content\/uploads\/2021\/12\/Quanguan-100149-Liberty-Walk-Nissan-Fairlady-240ZG-with-330-pieces-1.jpg 800w, https:\/\/mouldking.store\/wp-content\/uploads\/2021\/12\/Quanguan-100149-Liberty-Walk-Nissan-Fairlady-240ZG-with-330-pieces-1-300x300.jpg 300w, https:\/\/mouldking.store\/wp-content\/uploads\/2021\/12\/Quanguan-100149-Liberty-Walk-Nissan-Fairlady-240ZG-with-330-pieces-1-768x768.jpg 768w, https:\/\/mouldking.store\/wp-content\/uploads\/2021\/12\/Quanguan-100149-Liberty-Walk-Nissan-Fairlady-240ZG-with-330-pieces-1-600x600.jpg 600w, https:\/\/mouldking.store\/wp-content\/uploads\/2021\/12\/Quanguan-100149-Liberty-Walk-Nissan-Fairlady-240ZG-with-330-pieces-1-150x150.jpg 150w\" sizes=\"(max-width: 800px) 100vw, 800px\" \/><figcaption id=\"caption-attachment-28252\" class=\"wp-caption-text\">Quanguan 100149 Liberty Walk Nissan Fairlady 240ZG med 330 stykker<\/figcaption><\/figure>\n<figure id=\"attachment_28254\" aria-describedby=\"caption-attachment-28254\" style=\"width: 749px\" class=\"wp-caption aligncenter\"><img decoding=\"async\" class=\"wp-image-28254 size-full\" src=\"https:\/\/mouldking.store\/wp-content\/uploads\/2021\/12\/Quanguan-100149-Liberty-Walk-Nissan-Fairlady-240ZG-with-330-pieces-3.jpg\" alt=\"Quanguan 100149 Liberty Walk Nissan Fairlady 240ZG with 330 pieces\" width=\"749\" height=\"934\" title=\"-\" srcset=\"https:\/\/mouldking.store\/wp-content\/uploads\/2021\/12\/Quanguan-100149-Liberty-Walk-Nissan-Fairlady-240ZG-with-330-pieces-3.jpg 749w, https:\/\/mouldking.store\/wp-content\/uploads\/2021\/12\/Quanguan-100149-Liberty-Walk-Nissan-Fairlady-240ZG-with-330-pieces-3-241x300.jpg 241w, https:\/\/mouldking.store\/wp-content\/uploads\/2021\/12\/Quanguan-100149-Liberty-Walk-Nissan-Fairlady-240ZG-with-330-pieces-3-300x374.jpg 300w, https:\/\/mouldking.store\/wp-content\/uploads\/2021\/12\/Quanguan-100149-Liberty-Walk-Nissan-Fairlady-240ZG-with-330-pieces-3-600x748.jpg 600w, https:\/\/mouldking.store\/wp-content\/uploads\/2021\/12\/Quanguan-100149-Liberty-Walk-Nissan-Fairlady-240ZG-with-330-pieces-3-120x150.jpg 120w\" sizes=\"(max-width: 749px) 100vw, 749px\" \/><figcaption id=\"caption-attachment-28254\" class=\"wp-caption-text\">Quanguan 100149 Liberty Walk Nissan Fairlady 240ZG med 330 stykker<\/figcaption><\/figure>\n<figure id=\"attachment_28255\" aria-describedby=\"caption-attachment-28255\" style=\"width: 750px\" class=\"wp-caption aligncenter\"><img decoding=\"async\" class=\"wp-image-28255 size-full\" src=\"https:\/\/mouldking.store\/wp-content\/uploads\/2021\/12\/Quanguan-100149-Liberty-Walk-Nissan-Fairlady-240ZG-with-330-pieces-4.jpg\" alt=\"Quanguan 100149 Liberty Walk Nissan Fairlady 240ZG with 330 pieces\" width=\"750\" height=\"978\" title=\"-\" srcset=\"https:\/\/mouldking.store\/wp-content\/uploads\/2021\/12\/Quanguan-100149-Liberty-Walk-Nissan-Fairlady-240ZG-with-330-pieces-4.jpg 750w, https:\/\/mouldking.store\/wp-content\/uploads\/2021\/12\/Quanguan-100149-Liberty-Walk-Nissan-Fairlady-240ZG-with-330-pieces-4-230x300.jpg 230w, https:\/\/mouldking.store\/wp-content\/uploads\/2021\/12\/Quanguan-100149-Liberty-Walk-Nissan-Fairlady-240ZG-with-330-pieces-4-300x391.jpg 300w, https:\/\/mouldking.store\/wp-content\/uploads\/2021\/12\/Quanguan-100149-Liberty-Walk-Nissan-Fairlady-240ZG-with-330-pieces-4-600x782.jpg 600w, https:\/\/mouldking.store\/wp-content\/uploads\/2021\/12\/Quanguan-100149-Liberty-Walk-Nissan-Fairlady-240ZG-with-330-pieces-4-115x150.jpg 115w\" sizes=\"(max-width: 750px) 100vw, 750px\" \/><figcaption id=\"caption-attachment-28255\" class=\"wp-caption-text\">Quanguan 100149 Liberty Walk Nissan Fairlady 240ZG med 330 stykker<\/figcaption><\/figure>\n<figure id=\"attachment_28253\" aria-describedby=\"caption-attachment-28253\" style=\"width: 749px\" class=\"wp-caption aligncenter\"><img loading=\"lazy\" decoding=\"async\" class=\"wp-image-28253 size-full\" src=\"https:\/\/mouldking.store\/wp-content\/uploads\/2021\/12\/Quanguan-100149-Liberty-Walk-Nissan-Fairlady-240ZG-with-330-pieces-2.jpg\" alt=\"Quanguan 100149 Liberty Walk Nissan Fairlady 240ZG with 330 pieces\" width=\"749\" height=\"607\" title=\"-\" srcset=\"https:\/\/mouldking.store\/wp-content\/uploads\/2021\/12\/Quanguan-100149-Liberty-Walk-Nissan-Fairlady-240ZG-with-330-pieces-2.jpg 749w, https:\/\/mouldking.store\/wp-content\/uploads\/2021\/12\/Quanguan-100149-Liberty-Walk-Nissan-Fairlady-240ZG-with-330-pieces-2-300x243.jpg 300w, https:\/\/mouldking.store\/wp-content\/uploads\/2021\/12\/Quanguan-100149-Liberty-Walk-Nissan-Fairlady-240ZG-with-330-pieces-2-600x486.jpg 600w, https:\/\/mouldking.store\/wp-content\/uploads\/2021\/12\/Quanguan-100149-Liberty-Walk-Nissan-Fairlady-240ZG-with-330-pieces-2-150x122.jpg 150w\" sizes=\"(max-width: 749px) 100vw, 749px\" \/><figcaption id=\"caption-attachment-28253\" class=\"wp-caption-text\">Quanguan 100149 Liberty Walk Nissan Fairlady 240ZG med 330 stykker<\/figcaption><\/figure>","protected":false},"excerpt":{"rendered":"<p>Product information: Brand: Quanguan Gender: Unisex Name: Liberty Walk Nissan Fairlady 240ZG Age Range: &gt; 6 years old Model Number: 100149 Classification: Assemblage Plastic Block Shape: Self-Locking Bricks Material: Plastic Plastic Type: ABS Bricks Blocks: 330 PCS Contains detailed assembly instructions. Notice: 1. Without an original box, but we guarantee our products have quality assurance [&hellip;]<\/p>","protected":false},"featured_media":28252,"comment_status":"open","ping_status":"closed","template":"","meta":{"_acf_changed":false},"product_cat":[364],"product_tag":[4082,4084,4085,4083,4081,2693,4086,2290,4080,4079,4078],"class_list":["product","first","instock","shipping-taxable","purchasable","product-type-simple"],"acf":[],"_links":{"self":[{"href":"https:\/\/mouldking.store\/nb\/wp-json\/wp\/v2\/product\/28251","targetHints":{"allow":["GET"]}}],"collection":[{"href":"https:\/\/mouldking.store\/nb\/wp-json\/wp\/v2\/product"}],"about":[{"href":"https:\/\/mouldking.store\/nb\/wp-json\/wp\/v2\/types\/product"}],"replies":[{"embeddable":true,"href":"https:\/\/mouldking.store\/nb\/wp-json\/wp\/v2\/comments?post=28251"}],"wp:featuredmedia":[{"embeddable":true,"href":"https:\/\/mouldking.store\/nb\/wp-json\/wp\/v2\/media\/28252"}],"wp:attachment":[{"href":"https:\/\/mouldking.store\/nb\/wp-json\/wp\/v2\/media?parent=28251"}],"wp:term":[{"taxonomy":"product_cat","embeddable":true,"href":"https:\/\/mouldking.store\/nb\/wp-json\/wp\/v2\/product_cat?post=28251"},{"taxonomy":"product_tag","embeddable":true,"href":"https:\/\/mouldking.store\/nb\/wp-json\/wp\/v2\/product_tag?post=28251"}],"curies":[{"name":"wp","href":"https:\/\/api.w.org\/{rel}","templated":true}]}}