{"id":28263,"date":"2021-12-04T07:12:14","date_gmt":"2021-12-04T07:12:14","guid":{"rendered":"https:\/\/mouldking.store\/?post_type=product&#038;p=28263"},"modified":"2021-12-23T09:40:24","modified_gmt":"2021-12-23T09:40:24","slug":"jiestar-89131-clothing-store-with-3065-pieces","status":"publish","type":"product","link":"https:\/\/mouldking.store\/nb\/shop\/jiestar-89131-clothing-store-with-3065-pieces\/","title":{"rendered":"JIESTAR 89131 Klesbutikk med 3065 stk"},"content":{"rendered":"<p>Produktinformasjon:<\/p>\n<ol>\n<li>Merke: JIESTAR<\/li>\n<li>Kj\u00f8nn: Unisex<\/li>\n<li>Name: Clothing Store<\/li>\n<li>Aldersgruppe: &gt; 6 \u00e5r gammel<\/li>\n<li>Model Number: 89131<\/li>\n<li>Klassifisering: Montering<\/li>\n<li>Plastblokkform: Selvl\u00e5sende murstein<\/li>\n<li>Materiale: Plast<\/li>\n<li>Plasttype: ABS<\/li>\n<li>Bricks Blocks: 3065 PCS<\/li>\n<li>Inneholder detaljerte monteringsanvisninger.<\/li>\n<\/ol>\n<p>Legge merke til:<br \/>\n1. Uten original eske, men vi garanterer at v\u00e5re produkter har kvalitetssikring og pen emballasje.<br \/>\n2. Som alle delene vi har sjekket f\u00f8r frakt, s\u00e5 hvis du finner noen deler savnet eller skadet, ikke bekymre deg og bare kontakt oss, s\u00e5 kan vi sende dem til deg p\u00e5 nytt umiddelbart gratis.<\/p>\n<figure id=\"attachment_28266\" aria-describedby=\"caption-attachment-28266\" style=\"width: 652px\" class=\"wp-caption aligncenter\"><img fetchpriority=\"high\" decoding=\"async\" class=\"wp-image-28266 size-full\" src=\"https:\/\/mouldking.store\/wp-content\/uploads\/2021\/12\/JIESTAR-89131-Clothing-Store-with-3065-pieces-3.jpg\" alt=\"JIESTAR 89131 Clothing Store with 3065 pieces\" width=\"652\" height=\"1024\" title=\"-\" srcset=\"https:\/\/mouldking.store\/wp-content\/uploads\/2021\/12\/JIESTAR-89131-Clothing-Store-with-3065-pieces-3.jpg 652w, https:\/\/mouldking.store\/wp-content\/uploads\/2021\/12\/JIESTAR-89131-Clothing-Store-with-3065-pieces-3-191x300.jpg 191w, https:\/\/mouldking.store\/wp-content\/uploads\/2021\/12\/JIESTAR-89131-Clothing-Store-with-3065-pieces-3-300x471.jpg 300w, https:\/\/mouldking.store\/wp-content\/uploads\/2021\/12\/JIESTAR-89131-Clothing-Store-with-3065-pieces-3-600x942.jpg 600w, https:\/\/mouldking.store\/wp-content\/uploads\/2021\/12\/JIESTAR-89131-Clothing-Store-with-3065-pieces-3-96x150.jpg 96w\" sizes=\"(max-width: 652px) 100vw, 652px\" \/><figcaption id=\"caption-attachment-28266\" class=\"wp-caption-text\">JIESTAR 89131 Klesbutikk med 3065 stk<\/figcaption><\/figure>\n<figure id=\"attachment_28265\" aria-describedby=\"caption-attachment-28265\" style=\"width: 711px\" class=\"wp-caption aligncenter\"><img decoding=\"async\" class=\"wp-image-28265 size-full\" src=\"https:\/\/mouldking.store\/wp-content\/uploads\/2021\/12\/JIESTAR-89131-Clothing-Store-with-3065-pieces-2.jpg\" alt=\"JIESTAR 89131 Clothing Store with 3065 pieces\" width=\"711\" height=\"1024\" title=\"-\" srcset=\"https:\/\/mouldking.store\/wp-content\/uploads\/2021\/12\/JIESTAR-89131-Clothing-Store-with-3065-pieces-2.jpg 711w, https:\/\/mouldking.store\/wp-content\/uploads\/2021\/12\/JIESTAR-89131-Clothing-Store-with-3065-pieces-2-208x300.jpg 208w, https:\/\/mouldking.store\/wp-content\/uploads\/2021\/12\/JIESTAR-89131-Clothing-Store-with-3065-pieces-2-300x432.jpg 300w, https:\/\/mouldking.store\/wp-content\/uploads\/2021\/12\/JIESTAR-89131-Clothing-Store-with-3065-pieces-2-600x864.jpg 600w, https:\/\/mouldking.store\/wp-content\/uploads\/2021\/12\/JIESTAR-89131-Clothing-Store-with-3065-pieces-2-104x150.jpg 104w\" sizes=\"(max-width: 711px) 100vw, 711px\" \/><figcaption id=\"caption-attachment-28265\" class=\"wp-caption-text\">JIESTAR 89131 Klesbutikk med 3065 stk<\/figcaption><\/figure>\n<figure id=\"attachment_28264\" aria-describedby=\"caption-attachment-28264\" style=\"width: 900px\" class=\"wp-caption aligncenter\"><img decoding=\"async\" class=\"wp-image-28264 size-full\" src=\"https:\/\/mouldking.store\/wp-content\/uploads\/2021\/12\/JIESTAR-89131-Clothing-Store-with-3065-pieces-1.jpg\" alt=\"JIESTAR 89131 Clothing Store with 3065 pieces\" width=\"900\" height=\"830\" title=\"-\" srcset=\"https:\/\/mouldking.store\/wp-content\/uploads\/2021\/12\/JIESTAR-89131-Clothing-Store-with-3065-pieces-1.jpg 900w, https:\/\/mouldking.store\/wp-content\/uploads\/2021\/12\/JIESTAR-89131-Clothing-Store-with-3065-pieces-1-300x277.jpg 300w, https:\/\/mouldking.store\/wp-content\/uploads\/2021\/12\/JIESTAR-89131-Clothing-Store-with-3065-pieces-1-768x708.jpg 768w, https:\/\/mouldking.store\/wp-content\/uploads\/2021\/12\/JIESTAR-89131-Clothing-Store-with-3065-pieces-1-600x553.jpg 600w, https:\/\/mouldking.store\/wp-content\/uploads\/2021\/12\/JIESTAR-89131-Clothing-Store-with-3065-pieces-1-150x138.jpg 150w\" sizes=\"(max-width: 900px) 100vw, 900px\" \/><figcaption id=\"caption-attachment-28264\" class=\"wp-caption-text\">JIESTAR 89131 Klesbutikk med 3065 stk<\/figcaption><\/figure>","protected":false},"excerpt":{"rendered":"<p>Product information: Brand: JIESTAR Gender: Unisex Name: Clothing Store Age Range: &gt; 6 years old Model Number: 89131 Classification: Assemblage Plastic Block Shape: Self-Locking Bricks Material: Plastic Plastic Type: ABS Bricks Blocks: 3065 PCS Contains detailed assembly instructions. Notice: 1. Without an original box, but we guarantee our products have quality assurance and nice packaging. [&hellip;]<\/p>","protected":false},"featured_media":28267,"comment_status":"open","ping_status":"closed","template":"","meta":{"_acf_changed":false},"product_cat":[390],"product_tag":[4100,4099,4101,4098,3075,4097,4095,4094,4096,1693],"class_list":["product","first","instock","shipping-taxable","purchasable","product-type-simple"],"acf":[],"_links":{"self":[{"href":"https:\/\/mouldking.store\/nb\/wp-json\/wp\/v2\/product\/28263","targetHints":{"allow":["GET"]}}],"collection":[{"href":"https:\/\/mouldking.store\/nb\/wp-json\/wp\/v2\/product"}],"about":[{"href":"https:\/\/mouldking.store\/nb\/wp-json\/wp\/v2\/types\/product"}],"replies":[{"embeddable":true,"href":"https:\/\/mouldking.store\/nb\/wp-json\/wp\/v2\/comments?post=28263"}],"wp:featuredmedia":[{"embeddable":true,"href":"https:\/\/mouldking.store\/nb\/wp-json\/wp\/v2\/media\/28267"}],"wp:attachment":[{"href":"https:\/\/mouldking.store\/nb\/wp-json\/wp\/v2\/media?parent=28263"}],"wp:term":[{"taxonomy":"product_cat","embeddable":true,"href":"https:\/\/mouldking.store\/nb\/wp-json\/wp\/v2\/product_cat?post=28263"},{"taxonomy":"product_tag","embeddable":true,"href":"https:\/\/mouldking.store\/nb\/wp-json\/wp\/v2\/product_tag?post=28263"}],"curies":[{"name":"wp","href":"https:\/\/api.w.org\/{rel}","templated":true}]}}