{"id":28316,"date":"2021-12-06T03:17:52","date_gmt":"2021-12-05T20:17:52","guid":{"rendered":"https:\/\/mouldking.store\/?post_type=product&#038;p=28316"},"modified":"2025-12-25T09:16:55","modified_gmt":"2025-12-25T02:16:55","slug":"moc-56069-desert-power-plant-with-752-pieces","status":"publish","type":"product","link":"https:\/\/mouldking.store\/nb\/shop\/moc-56069-desert-power-plant-with-752-pieces\/","title":{"rendered":"MOC-56069 Desert Power Plant with 752 pieces"},"content":{"rendered":"<p>Produktinformasjon:<\/p>\n<ol>\n<li>Merke: MOC<\/li>\n<li>Kj\u00f8nn: Unisex<\/li>\n<li>Name: Desert Power Plant<\/li>\n<li>Aldersgruppe: &gt; 6 \u00e5r gammel<\/li>\n<li>Model Number: MOC-56069<\/li>\n<li>Klassifisering: Montering<\/li>\n<li>Plastblokkform: Selvl\u00e5sende murstein<\/li>\n<li>Materiale: Plast<\/li>\n<li>Plasttype: ABS<\/li>\n<li>Bricks Blocks: 752 PCS<\/li>\n<li>Inneholder detaljerte monteringsanvisninger.<\/li>\n<\/ol>\n<p>Legge merke til:<br \/>\n1. Uten original eske, men vi garanterer at v\u00e5re produkter har kvalitetssikring og pen emballasje.<br \/>\n2. Som alle delene vi har sjekket f\u00f8r frakt, s\u00e5 hvis du finner noen deler savnet eller skadet, ikke bekymre deg og bare kontakt oss, s\u00e5 kan vi sende dem til deg p\u00e5 nytt umiddelbart gratis.<\/p>\n<figure id=\"attachment_28317\" aria-describedby=\"caption-attachment-28317\" style=\"width: 1024px\" class=\"wp-caption aligncenter\"><img fetchpriority=\"high\" decoding=\"async\" class=\"size-large wp-image-28317\" title=\"MOC-56069 Desert Power Plant with 752 pieces\" src=\"https:\/\/mouldking.store\/wp-content\/uploads\/2021\/12\/moc-56069-desert-power-plant-with-752-pieces-1024x1024.jpg\" alt=\"MOC-56069 Desert Power Plant with 752 pieces\" width=\"1024\" height=\"1024\" srcset=\"https:\/\/mouldking.store\/wp-content\/uploads\/2021\/12\/moc-56069-desert-power-plant-with-752-pieces-1024x1024.jpg 1024w, https:\/\/mouldking.store\/wp-content\/uploads\/2021\/12\/moc-56069-desert-power-plant-with-752-pieces-300x300.jpg 300w, https:\/\/mouldking.store\/wp-content\/uploads\/2021\/12\/moc-56069-desert-power-plant-with-752-pieces-768x768.jpg 768w, https:\/\/mouldking.store\/wp-content\/uploads\/2021\/12\/moc-56069-desert-power-plant-with-752-pieces-600x600.jpg 600w, https:\/\/mouldking.store\/wp-content\/uploads\/2021\/12\/moc-56069-desert-power-plant-with-752-pieces-150x150.jpg 150w, https:\/\/mouldking.store\/wp-content\/uploads\/2021\/12\/moc-56069-desert-power-plant-with-752-pieces.jpg 1280w\" sizes=\"(max-width: 1024px) 100vw, 1024px\" \/><figcaption id=\"caption-attachment-28317\" class=\"wp-caption-text\">MOC-56069 Desert Power Plant with 752 pieces<\/figcaption><\/figure>\n<figure id=\"attachment_28318\" aria-describedby=\"caption-attachment-28318\" style=\"width: 1024px\" class=\"wp-caption aligncenter\"><img decoding=\"async\" class=\"size-large wp-image-28318\" title=\"MOC-56069 Desert Power Plant with 752 pieces\" src=\"https:\/\/mouldking.store\/wp-content\/uploads\/2021\/12\/moc-56069-desert-power-plant-with-752-pieces-1-1024x1024.jpg\" alt=\"MOC-56069 Desert Power Plant with 752 pieces\" width=\"1024\" height=\"1024\" srcset=\"https:\/\/mouldking.store\/wp-content\/uploads\/2021\/12\/moc-56069-desert-power-plant-with-752-pieces-1-1024x1024.jpg 1024w, https:\/\/mouldking.store\/wp-content\/uploads\/2021\/12\/moc-56069-desert-power-plant-with-752-pieces-1-300x300.jpg 300w, https:\/\/mouldking.store\/wp-content\/uploads\/2021\/12\/moc-56069-desert-power-plant-with-752-pieces-1-768x768.jpg 768w, https:\/\/mouldking.store\/wp-content\/uploads\/2021\/12\/moc-56069-desert-power-plant-with-752-pieces-1-600x600.jpg 600w, https:\/\/mouldking.store\/wp-content\/uploads\/2021\/12\/moc-56069-desert-power-plant-with-752-pieces-1-150x150.jpg 150w, https:\/\/mouldking.store\/wp-content\/uploads\/2021\/12\/moc-56069-desert-power-plant-with-752-pieces-1.jpg 1280w\" sizes=\"(max-width: 1024px) 100vw, 1024px\" \/><figcaption id=\"caption-attachment-28318\" class=\"wp-caption-text\">MOC-56069 Desert Power Plant with 752 pieces<\/figcaption><\/figure>","protected":false},"excerpt":{"rendered":"<p>Product information: Brand: MOC Gender: Unisex Name: Desert Power Plant Age Range: &gt; 6 years old Model Number: MOC-56069 Classification: Assemblage Plastic Block Shape: Self-Locking Bricks Material: Plastic Plastic Type: ABS Bricks Blocks: 752 PCS Contains detailed assembly instructions. Notice: 1. Without an original box, but we guarantee our products have quality assurance and nice [&hellip;]<\/p>","protected":false},"featured_media":28319,"comment_status":"open","ping_status":"closed","template":"","meta":{"_acf_changed":false},"product_cat":[390],"product_tag":[4138,4137],"class_list":["product","first","instock","shipping-taxable","purchasable","product-type-simple"],"acf":[],"_links":{"self":[{"href":"https:\/\/mouldking.store\/nb\/wp-json\/wp\/v2\/product\/28316","targetHints":{"allow":["GET"]}}],"collection":[{"href":"https:\/\/mouldking.store\/nb\/wp-json\/wp\/v2\/product"}],"about":[{"href":"https:\/\/mouldking.store\/nb\/wp-json\/wp\/v2\/types\/product"}],"replies":[{"embeddable":true,"href":"https:\/\/mouldking.store\/nb\/wp-json\/wp\/v2\/comments?post=28316"}],"wp:featuredmedia":[{"embeddable":true,"href":"https:\/\/mouldking.store\/nb\/wp-json\/wp\/v2\/media\/28319"}],"wp:attachment":[{"href":"https:\/\/mouldking.store\/nb\/wp-json\/wp\/v2\/media?parent=28316"}],"wp:term":[{"taxonomy":"product_cat","embeddable":true,"href":"https:\/\/mouldking.store\/nb\/wp-json\/wp\/v2\/product_cat?post=28316"},{"taxonomy":"product_tag","embeddable":true,"href":"https:\/\/mouldking.store\/nb\/wp-json\/wp\/v2\/product_tag?post=28316"}],"curies":[{"name":"wp","href":"https:\/\/api.w.org\/{rel}","templated":true}]}}