{"id":28359,"date":"2021-12-08T03:53:32","date_gmt":"2021-12-08T03:53:32","guid":{"rendered":"https:\/\/mouldking.store\/?post_type=product&#038;p=28359"},"modified":"2025-12-25T09:16:55","modified_gmt":"2025-12-25T02:16:55","slug":"moc-29813-stifos-vertical-stand-for-mf-with-63-pieces","status":"publish","type":"product","link":"https:\/\/mouldking.store\/nb\/shop\/moc-29813-stifos-vertical-stand-for-mf-with-63-pieces\/","title":{"rendered":"MOC-29813 Stifos \u2013 Vertikalt stativ for MF med 63 stk"},"content":{"rendered":"<p>Produktinformasjon:<\/p>\n<ol>\n<li>Merke: MOC<\/li>\n<li>Kj\u00f8nn: Unisex<\/li>\n<li>Name: Stifos &#8211; Vertical Stand for MF<\/li>\n<li>Aldersgruppe: &gt; 6 \u00e5r gammel<\/li>\n<li>Model Number: MOC-29813<\/li>\n<li>Klassifisering: Montering<\/li>\n<li>Plastblokkform: Selvl\u00e5sende murstein<\/li>\n<li>Materiale: Plast<\/li>\n<li>Plasttype: ABS<\/li>\n<li>Bricks Blocks: 63 PCS<\/li>\n<li>Inneholder detaljerte monteringsanvisninger.<\/li>\n<li>Tidsbestemt: 4-8 uker<\/li>\n<\/ol>\n<p>Legge merke til:<br \/>\n1. Uten original eske, men vi garanterer at v\u00e5re produkter har kvalitetssikring og pen emballasje.<br \/>\n2. Som alle delene vi har sjekket f\u00f8r frakt, s\u00e5 hvis du finner noen deler savnet eller skadet, ikke bekymre deg og bare kontakt oss, s\u00e5 kan vi sende dem til deg p\u00e5 nytt umiddelbart gratis.<\/p>\n<figure id=\"attachment_28360\" aria-describedby=\"caption-attachment-28360\" style=\"width: 1000px\" class=\"wp-caption aligncenter\"><img fetchpriority=\"high\" decoding=\"async\" class=\"size-full wp-image-28360\" title=\"MOC-29813 Stifos - Vertical Stand for MF with 63 pieces\" src=\"https:\/\/mouldking.store\/wp-content\/uploads\/2021\/12\/moc-29813-stifos-vertical-stand-for-mf-with-63-pieces.jpg\" alt=\"MOC-29813 Stifos - Vertical Stand for MF with 63 pieces\" width=\"1000\" height=\"1000\" srcset=\"https:\/\/mouldking.store\/wp-content\/uploads\/2021\/12\/moc-29813-stifos-vertical-stand-for-mf-with-63-pieces.jpg 1000w, https:\/\/mouldking.store\/wp-content\/uploads\/2021\/12\/moc-29813-stifos-vertical-stand-for-mf-with-63-pieces-300x300.jpg 300w, https:\/\/mouldking.store\/wp-content\/uploads\/2021\/12\/moc-29813-stifos-vertical-stand-for-mf-with-63-pieces-768x768.jpg 768w, https:\/\/mouldking.store\/wp-content\/uploads\/2021\/12\/moc-29813-stifos-vertical-stand-for-mf-with-63-pieces-600x600.jpg 600w, https:\/\/mouldking.store\/wp-content\/uploads\/2021\/12\/moc-29813-stifos-vertical-stand-for-mf-with-63-pieces-150x150.jpg 150w\" sizes=\"(max-width: 1000px) 100vw, 1000px\" \/><figcaption id=\"caption-attachment-28360\" class=\"wp-caption-text\">MOC-29813 Stifos \u2013 Vertikalt stativ for MF med 63 stk<\/figcaption><\/figure>\n<figure id=\"attachment_28361\" aria-describedby=\"caption-attachment-28361\" style=\"width: 1000px\" class=\"wp-caption aligncenter\"><img decoding=\"async\" class=\"size-full wp-image-28361\" title=\"MOC-29813 Stifos - Vertical Stand for MF with 63 pieces\" src=\"https:\/\/mouldking.store\/wp-content\/uploads\/2021\/12\/moc-29813-stifos-vertical-stand-for-mf-with-63-pieces-1.jpg\" alt=\"MOC-29813 Stifos - Vertical Stand for MF with 63 pieces\" width=\"1000\" height=\"1000\" srcset=\"https:\/\/mouldking.store\/wp-content\/uploads\/2021\/12\/moc-29813-stifos-vertical-stand-for-mf-with-63-pieces-1.jpg 1000w, https:\/\/mouldking.store\/wp-content\/uploads\/2021\/12\/moc-29813-stifos-vertical-stand-for-mf-with-63-pieces-1-300x300.jpg 300w, https:\/\/mouldking.store\/wp-content\/uploads\/2021\/12\/moc-29813-stifos-vertical-stand-for-mf-with-63-pieces-1-768x768.jpg 768w, https:\/\/mouldking.store\/wp-content\/uploads\/2021\/12\/moc-29813-stifos-vertical-stand-for-mf-with-63-pieces-1-600x600.jpg 600w, https:\/\/mouldking.store\/wp-content\/uploads\/2021\/12\/moc-29813-stifos-vertical-stand-for-mf-with-63-pieces-1-150x150.jpg 150w\" sizes=\"(max-width: 1000px) 100vw, 1000px\" \/><figcaption id=\"caption-attachment-28361\" class=\"wp-caption-text\">MOC-29813 Stifos \u2013 Vertikalt stativ for MF med 63 stk<\/figcaption><\/figure>\n<figure id=\"attachment_28362\" aria-describedby=\"caption-attachment-28362\" style=\"width: 1000px\" class=\"wp-caption aligncenter\"><img decoding=\"async\" class=\"size-full wp-image-28362\" title=\"MOC-29813 Stifos - Vertical Stand for MF with 63 pieces\" src=\"https:\/\/mouldking.store\/wp-content\/uploads\/2021\/12\/moc-29813-stifos-vertical-stand-for-mf-with-63-pieces-2.jpg\" alt=\"MOC-29813 Stifos - Vertical Stand for MF with 63 pieces\" width=\"1000\" height=\"1000\" srcset=\"https:\/\/mouldking.store\/wp-content\/uploads\/2021\/12\/moc-29813-stifos-vertical-stand-for-mf-with-63-pieces-2.jpg 1000w, https:\/\/mouldking.store\/wp-content\/uploads\/2021\/12\/moc-29813-stifos-vertical-stand-for-mf-with-63-pieces-2-300x300.jpg 300w, https:\/\/mouldking.store\/wp-content\/uploads\/2021\/12\/moc-29813-stifos-vertical-stand-for-mf-with-63-pieces-2-768x768.jpg 768w, https:\/\/mouldking.store\/wp-content\/uploads\/2021\/12\/moc-29813-stifos-vertical-stand-for-mf-with-63-pieces-2-600x600.jpg 600w, https:\/\/mouldking.store\/wp-content\/uploads\/2021\/12\/moc-29813-stifos-vertical-stand-for-mf-with-63-pieces-2-150x150.jpg 150w\" sizes=\"(max-width: 1000px) 100vw, 1000px\" \/><figcaption id=\"caption-attachment-28362\" class=\"wp-caption-text\">MOC-29813 Stifos \u2013 Vertikalt stativ for MF med 63 stk<\/figcaption><\/figure>","protected":false},"excerpt":{"rendered":"<p>Product information: Brand: MOC Gender: Unisex Name: Stifos &#8211; Vertical Stand for MF Age Range: &gt; 6 years old Model Number: MOC-29813 Classification: Assemblage Plastic Block Shape: Self-Locking Bricks Material: Plastic Plastic Type: ABS Bricks Blocks: 63 PCS Contains detailed assembly instructions. Time arrange: 4-8 weeks Notice: 1. Without an original box, but we guarantee [&hellip;]<\/p>","protected":false},"featured_media":28363,"comment_status":"open","ping_status":"closed","template":"","meta":{"_acf_changed":false},"product_cat":[415],"product_tag":[4150,4151],"class_list":["product","first","instock","shipping-taxable","purchasable","product-type-simple"],"acf":[],"_links":{"self":[{"href":"https:\/\/mouldking.store\/nb\/wp-json\/wp\/v2\/product\/28359","targetHints":{"allow":["GET"]}}],"collection":[{"href":"https:\/\/mouldking.store\/nb\/wp-json\/wp\/v2\/product"}],"about":[{"href":"https:\/\/mouldking.store\/nb\/wp-json\/wp\/v2\/types\/product"}],"replies":[{"embeddable":true,"href":"https:\/\/mouldking.store\/nb\/wp-json\/wp\/v2\/comments?post=28359"}],"wp:featuredmedia":[{"embeddable":true,"href":"https:\/\/mouldking.store\/nb\/wp-json\/wp\/v2\/media\/28363"}],"wp:attachment":[{"href":"https:\/\/mouldking.store\/nb\/wp-json\/wp\/v2\/media?parent=28359"}],"wp:term":[{"taxonomy":"product_cat","embeddable":true,"href":"https:\/\/mouldking.store\/nb\/wp-json\/wp\/v2\/product_cat?post=28359"},{"taxonomy":"product_tag","embeddable":true,"href":"https:\/\/mouldking.store\/nb\/wp-json\/wp\/v2\/product_tag?post=28359"}],"curies":[{"name":"wp","href":"https:\/\/api.w.org\/{rel}","templated":true}]}}