{"id":28389,"date":"2021-12-09T05:55:53","date_gmt":"2021-12-08T22:55:53","guid":{"rendered":"https:\/\/mouldking.store\/?post_type=product&#038;p=28389"},"modified":"2025-12-25T09:16:54","modified_gmt":"2025-12-25T02:16:54","slug":"moc-49396-galaxy-class-explorer-with-2306-pieces","status":"publish","type":"product","link":"https:\/\/mouldking.store\/nb\/shop\/moc-49396-galaxy-class-explorer-with-2306-pieces\/","title":{"rendered":"MOC-49396 Galaxy-Class Explorer med 2306 deler"},"content":{"rendered":"<p>Produktinformasjon:<\/p>\n<ol>\n<li>Merke: MOC<\/li>\n<li>Kj\u00f8nn: Unisex<\/li>\n<li>Name: Galaxy-Class Explorer<\/li>\n<li>Aldersgruppe: &gt; 6 \u00e5r gammel<\/li>\n<li>Model Number: MOC-49396<\/li>\n<li>Klassifisering: Montering<\/li>\n<li>Plastblokkform: Selvl\u00e5sende murstein<\/li>\n<li>Materiale: Plast<\/li>\n<li>Plasttype: ABS<\/li>\n<li>Bricks Blocks: 2306 PCS<\/li>\n<li>Inneholder detaljerte monteringsanvisninger.<\/li>\n<\/ol>\n<p>Legge merke til:<br \/>\n1. Uten original eske, men vi garanterer at v\u00e5re produkter har kvalitetssikring og pen emballasje.<br \/>\n2. Som alle delene vi har sjekket f\u00f8r frakt, s\u00e5 hvis du finner noen deler savnet eller skadet, ikke bekymre deg og bare kontakt oss, s\u00e5 kan vi sende dem til deg p\u00e5 nytt umiddelbart gratis.<\/p>\n<figure id=\"attachment_28390\" aria-describedby=\"caption-attachment-28390\" style=\"width: 1000px\" class=\"wp-caption aligncenter\"><img fetchpriority=\"high\" decoding=\"async\" class=\"size-full wp-image-28390\" title=\"MOC-49396 Galaxy-Class Explorer med 2306 deler\" src=\"https:\/\/mouldking.store\/wp-content\/uploads\/2021\/12\/moc-49396-galaxy-class-explorer-with-2306-pieces.jpg\" alt=\"MOC-49396 Galaxy-Class Explorer with 2306 pieces\" width=\"1000\" height=\"1000\" srcset=\"https:\/\/mouldking.store\/wp-content\/uploads\/2021\/12\/moc-49396-galaxy-class-explorer-with-2306-pieces.jpg 1000w, https:\/\/mouldking.store\/wp-content\/uploads\/2021\/12\/moc-49396-galaxy-class-explorer-with-2306-pieces-300x300.jpg 300w, https:\/\/mouldking.store\/wp-content\/uploads\/2021\/12\/moc-49396-galaxy-class-explorer-with-2306-pieces-768x768.jpg 768w, https:\/\/mouldking.store\/wp-content\/uploads\/2021\/12\/moc-49396-galaxy-class-explorer-with-2306-pieces-600x600.jpg 600w, https:\/\/mouldking.store\/wp-content\/uploads\/2021\/12\/moc-49396-galaxy-class-explorer-with-2306-pieces-150x150.jpg 150w\" sizes=\"(max-width: 1000px) 100vw, 1000px\" \/><figcaption id=\"caption-attachment-28390\" class=\"wp-caption-text\">MOC-49396 Galaxy-Class Explorer med 2306 deler<\/figcaption><\/figure>\n<figure id=\"attachment_28391\" aria-describedby=\"caption-attachment-28391\" style=\"width: 1000px\" class=\"wp-caption aligncenter\"><img decoding=\"async\" class=\"size-full wp-image-28391\" title=\"MOC-49396 Galaxy-Class Explorer med 2306 deler\" src=\"https:\/\/mouldking.store\/wp-content\/uploads\/2021\/12\/moc-49396-galaxy-class-explorer-with-2306-pieces-1.jpg\" alt=\"MOC-49396 Galaxy-Class Explorer with 2306 pieces\" width=\"1000\" height=\"1000\" srcset=\"https:\/\/mouldking.store\/wp-content\/uploads\/2021\/12\/moc-49396-galaxy-class-explorer-with-2306-pieces-1.jpg 1000w, https:\/\/mouldking.store\/wp-content\/uploads\/2021\/12\/moc-49396-galaxy-class-explorer-with-2306-pieces-1-300x300.jpg 300w, https:\/\/mouldking.store\/wp-content\/uploads\/2021\/12\/moc-49396-galaxy-class-explorer-with-2306-pieces-1-768x768.jpg 768w, https:\/\/mouldking.store\/wp-content\/uploads\/2021\/12\/moc-49396-galaxy-class-explorer-with-2306-pieces-1-600x600.jpg 600w, https:\/\/mouldking.store\/wp-content\/uploads\/2021\/12\/moc-49396-galaxy-class-explorer-with-2306-pieces-1-150x150.jpg 150w\" sizes=\"(max-width: 1000px) 100vw, 1000px\" \/><figcaption id=\"caption-attachment-28391\" class=\"wp-caption-text\">MOC-49396 Galaxy-Class Explorer med 2306 deler<\/figcaption><\/figure>\n<figure id=\"attachment_28392\" aria-describedby=\"caption-attachment-28392\" style=\"width: 1000px\" class=\"wp-caption aligncenter\"><img decoding=\"async\" class=\"size-full wp-image-28392\" title=\"MOC-49396 Galaxy-Class Explorer med 2306 deler\" src=\"https:\/\/mouldking.store\/wp-content\/uploads\/2021\/12\/moc-49396-galaxy-class-explorer-with-2306-pieces-2.jpg\" alt=\"MOC-49396 Galaxy-Class Explorer with 2306 pieces\" width=\"1000\" height=\"1000\" srcset=\"https:\/\/mouldking.store\/wp-content\/uploads\/2021\/12\/moc-49396-galaxy-class-explorer-with-2306-pieces-2.jpg 1000w, https:\/\/mouldking.store\/wp-content\/uploads\/2021\/12\/moc-49396-galaxy-class-explorer-with-2306-pieces-2-300x300.jpg 300w, https:\/\/mouldking.store\/wp-content\/uploads\/2021\/12\/moc-49396-galaxy-class-explorer-with-2306-pieces-2-768x768.jpg 768w, https:\/\/mouldking.store\/wp-content\/uploads\/2021\/12\/moc-49396-galaxy-class-explorer-with-2306-pieces-2-600x600.jpg 600w, https:\/\/mouldking.store\/wp-content\/uploads\/2021\/12\/moc-49396-galaxy-class-explorer-with-2306-pieces-2-150x150.jpg 150w\" sizes=\"(max-width: 1000px) 100vw, 1000px\" \/><figcaption id=\"caption-attachment-28392\" class=\"wp-caption-text\">MOC-49396 Galaxy-Class Explorer med 2306 deler<\/figcaption><\/figure>","protected":false},"excerpt":{"rendered":"<p>Product information: Brand: MOC Gender: Unisex Name: Galaxy-Class Explorer Age Range: &gt; 6 years old Model Number: MOC-49396 Classification: Assemblage Plastic Block Shape: Self-Locking Bricks Material: Plastic Plastic Type: ABS Bricks Blocks: 2306 PCS Contains detailed assembly instructions. Notice: 1. Without an original box, but we guarantee our products have quality assurance and nice packaging. [&hellip;]<\/p>","protected":false},"featured_media":28393,"comment_status":"open","ping_status":"closed","template":"","meta":{"_acf_changed":false},"product_cat":[364],"product_tag":[4163,4162],"class_list":["product","first","instock","shipping-taxable","purchasable","product-type-simple"],"acf":[],"_links":{"self":[{"href":"https:\/\/mouldking.store\/nb\/wp-json\/wp\/v2\/product\/28389","targetHints":{"allow":["GET"]}}],"collection":[{"href":"https:\/\/mouldking.store\/nb\/wp-json\/wp\/v2\/product"}],"about":[{"href":"https:\/\/mouldking.store\/nb\/wp-json\/wp\/v2\/types\/product"}],"replies":[{"embeddable":true,"href":"https:\/\/mouldking.store\/nb\/wp-json\/wp\/v2\/comments?post=28389"}],"wp:featuredmedia":[{"embeddable":true,"href":"https:\/\/mouldking.store\/nb\/wp-json\/wp\/v2\/media\/28393"}],"wp:attachment":[{"href":"https:\/\/mouldking.store\/nb\/wp-json\/wp\/v2\/media?parent=28389"}],"wp:term":[{"taxonomy":"product_cat","embeddable":true,"href":"https:\/\/mouldking.store\/nb\/wp-json\/wp\/v2\/product_cat?post=28389"},{"taxonomy":"product_tag","embeddable":true,"href":"https:\/\/mouldking.store\/nb\/wp-json\/wp\/v2\/product_tag?post=28389"}],"curies":[{"name":"wp","href":"https:\/\/api.w.org\/{rel}","templated":true}]}}