{"id":28394,"date":"2021-12-09T06:03:27","date_gmt":"2021-12-09T06:03:27","guid":{"rendered":"https:\/\/mouldking.store\/?post_type=product&#038;p=28394"},"modified":"2025-12-25T09:16:54","modified_gmt":"2025-12-25T02:16:54","slug":"moc-90748-squid-game-skyline-architecture-with-453-pieces","status":"publish","type":"product","link":"https:\/\/mouldking.store\/nb\/shop\/moc-90748-squid-game-skyline-architecture-with-453-pieces\/","title":{"rendered":"MOC-90748 SQUID GAME Skyline Architecture med 453 deler"},"content":{"rendered":"<p>Produktinformasjon:<\/p>\n<ol>\n<li>Merke: MOC<\/li>\n<li>Kj\u00f8nn: Unisex<\/li>\n<li>Name: SQUID GAME Skyline Architecture<\/li>\n<li>Aldersgruppe: &gt; 6 \u00e5r gammel<\/li>\n<li>Model Number: MOC-90748<\/li>\n<li>Klassifisering: Montering<\/li>\n<li>Plastblokkform: Selvl\u00e5sende murstein<\/li>\n<li>Materiale: Plast<\/li>\n<li>Plasttype: ABS<\/li>\n<li>Bricks Blocks: 453 PCS<\/li>\n<li>Inneholder detaljerte monteringsanvisninger.<\/li>\n<li>Arrangementstid: 5-7 uker<\/li>\n<\/ol>\n<p>Legge merke til:<br \/>\n1. Uten original eske, men vi garanterer at v\u00e5re produkter har kvalitetssikring og pen emballasje.<br \/>\n2. Som alle delene vi har sjekket f\u00f8r frakt, s\u00e5 hvis du finner noen deler savnet eller skadet, ikke bekymre deg og bare kontakt oss, s\u00e5 kan vi sende dem til deg p\u00e5 nytt umiddelbart gratis.<\/p>\n<figure id=\"attachment_28395\" aria-describedby=\"caption-attachment-28395\" style=\"width: 1000px\" class=\"wp-caption aligncenter\"><img fetchpriority=\"high\" decoding=\"async\" class=\"size-full wp-image-28395\" title=\"MOC-90748 SQUID GAME Skyline Architecture med 453 deler\" src=\"https:\/\/mouldking.store\/wp-content\/uploads\/2021\/12\/moc-90748-squid-game-skyline-architecture-with-453-pieces.jpg\" alt=\"MOC-90748 SQUID GAME Skyline Architecture with 453 pieces\" width=\"1000\" height=\"1000\" srcset=\"https:\/\/mouldking.store\/wp-content\/uploads\/2021\/12\/moc-90748-squid-game-skyline-architecture-with-453-pieces.jpg 1000w, https:\/\/mouldking.store\/wp-content\/uploads\/2021\/12\/moc-90748-squid-game-skyline-architecture-with-453-pieces-300x300.jpg 300w, https:\/\/mouldking.store\/wp-content\/uploads\/2021\/12\/moc-90748-squid-game-skyline-architecture-with-453-pieces-768x768.jpg 768w, https:\/\/mouldking.store\/wp-content\/uploads\/2021\/12\/moc-90748-squid-game-skyline-architecture-with-453-pieces-600x600.jpg 600w, https:\/\/mouldking.store\/wp-content\/uploads\/2021\/12\/moc-90748-squid-game-skyline-architecture-with-453-pieces-150x150.jpg 150w\" sizes=\"(max-width: 1000px) 100vw, 1000px\" \/><figcaption id=\"caption-attachment-28395\" class=\"wp-caption-text\">MOC-90748 SQUID GAME Skyline Architecture med 453 deler<\/figcaption><\/figure>\n<figure id=\"attachment_28396\" aria-describedby=\"caption-attachment-28396\" style=\"width: 1000px\" class=\"wp-caption aligncenter\"><img decoding=\"async\" class=\"size-full wp-image-28396\" title=\"MOC-90748 SQUID GAME Skyline Architecture med 453 deler\" src=\"https:\/\/mouldking.store\/wp-content\/uploads\/2021\/12\/moc-90748-squid-game-skyline-architecture-with-453-pieces-1.jpg\" alt=\"MOC-90748 SQUID GAME Skyline Architecture with 453 pieces\" width=\"1000\" height=\"1000\" srcset=\"https:\/\/mouldking.store\/wp-content\/uploads\/2021\/12\/moc-90748-squid-game-skyline-architecture-with-453-pieces-1.jpg 1000w, https:\/\/mouldking.store\/wp-content\/uploads\/2021\/12\/moc-90748-squid-game-skyline-architecture-with-453-pieces-1-300x300.jpg 300w, https:\/\/mouldking.store\/wp-content\/uploads\/2021\/12\/moc-90748-squid-game-skyline-architecture-with-453-pieces-1-768x768.jpg 768w, https:\/\/mouldking.store\/wp-content\/uploads\/2021\/12\/moc-90748-squid-game-skyline-architecture-with-453-pieces-1-600x600.jpg 600w, https:\/\/mouldking.store\/wp-content\/uploads\/2021\/12\/moc-90748-squid-game-skyline-architecture-with-453-pieces-1-150x150.jpg 150w\" sizes=\"(max-width: 1000px) 100vw, 1000px\" \/><figcaption id=\"caption-attachment-28396\" class=\"wp-caption-text\">MOC-90748 SQUID GAME Skyline Architecture med 453 deler<\/figcaption><\/figure>","protected":false},"excerpt":{"rendered":"<p>Product information: Brand: MOC Gender: Unisex Name: SQUID GAME Skyline Architecture Age Range: &gt; 6 years old Model Number: MOC-90748 Classification: Assemblage Plastic Block Shape: Self-Locking Bricks Material: Plastic Plastic Type: ABS Bricks Blocks: 453 PCS Contains detailed assembly instructions. Arrange Time: 5-7 weeks Notice: 1. Without an original box, but we guarantee our products [&hellip;]<\/p>","protected":false},"featured_media":28397,"comment_status":"open","ping_status":"closed","template":"","meta":{"_acf_changed":false},"product_cat":[581],"product_tag":[4164,4165],"class_list":["product","first","instock","shipping-taxable","purchasable","product-type-simple"],"acf":[],"_links":{"self":[{"href":"https:\/\/mouldking.store\/nb\/wp-json\/wp\/v2\/product\/28394","targetHints":{"allow":["GET"]}}],"collection":[{"href":"https:\/\/mouldking.store\/nb\/wp-json\/wp\/v2\/product"}],"about":[{"href":"https:\/\/mouldking.store\/nb\/wp-json\/wp\/v2\/types\/product"}],"replies":[{"embeddable":true,"href":"https:\/\/mouldking.store\/nb\/wp-json\/wp\/v2\/comments?post=28394"}],"wp:featuredmedia":[{"embeddable":true,"href":"https:\/\/mouldking.store\/nb\/wp-json\/wp\/v2\/media\/28397"}],"wp:attachment":[{"href":"https:\/\/mouldking.store\/nb\/wp-json\/wp\/v2\/media?parent=28394"}],"wp:term":[{"taxonomy":"product_cat","embeddable":true,"href":"https:\/\/mouldking.store\/nb\/wp-json\/wp\/v2\/product_cat?post=28394"},{"taxonomy":"product_tag","embeddable":true,"href":"https:\/\/mouldking.store\/nb\/wp-json\/wp\/v2\/product_tag?post=28394"}],"curies":[{"name":"wp","href":"https:\/\/api.w.org\/{rel}","templated":true}]}}