{"id":28416,"date":"2021-12-09T06:46:41","date_gmt":"2021-12-08T23:46:41","guid":{"rendered":"https:\/\/mouldking.store\/?post_type=product&#038;p=28416"},"modified":"2025-12-25T09:16:54","modified_gmt":"2025-12-25T02:16:54","slug":"moc-56760-post-apocalyptic-survivors-base-on-docks-with-2180-pieces","status":"publish","type":"product","link":"https:\/\/mouldking.store\/nb\/shop\/moc-56760-post-apocalyptic-survivors-base-on-docks-with-2180-pieces\/","title":{"rendered":"MOC-56760 Post Apocalyptic Survivors Base on Docks med 2180 stykker"},"content":{"rendered":"<p>Produktinformasjon:<\/p>\n<ol>\n<li>Merke: MOC<\/li>\n<li>Kj\u00f8nn: Unisex<\/li>\n<li>Navn: Post Apocalyptic Survivors Base on Docks<\/li>\n<li>Aldersgruppe: &gt; 6 \u00e5r gammel<\/li>\n<li>Modellnummer: MOC-56760<\/li>\n<li>Klassifisering: Montering<\/li>\n<li>Plastblokkform: Selvl\u00e5sende murstein<\/li>\n<li>Materiale: Plast<\/li>\n<li>Plasttype: ABS<\/li>\n<li>Mursteinsblokker: 2180 STK<\/li>\n<li>M\u00e5l: 34 x 39 x 35 cm<\/li>\n<li>Vekt: 1,84 kg<\/li>\n<li>Ordnetid: 30-50 dager (egendefinert vare)<\/li>\n<li>Inneholder detaljerte monteringsanvisninger.<\/li>\n<\/ol>\n<p>Legge merke til:<br \/>\n1. Uten original eske, men vi garanterer at v\u00e5re produkter har kvalitetssikring og pen emballasje.<br \/>\n2. Som alle delene vi har sjekket f\u00f8r frakt, s\u00e5 hvis du finner noen deler savnet eller skadet, ikke bekymre deg og bare kontakt oss, s\u00e5 kan vi sende dem til deg p\u00e5 nytt umiddelbart gratis.<\/p>\n<figure id=\"attachment_28417\" aria-describedby=\"caption-attachment-28417\" style=\"width: 1000px\" class=\"wp-caption aligncenter\"><img fetchpriority=\"high\" decoding=\"async\" class=\"size-full wp-image-28417\" title=\"MOC-56760 Post Apocalyptic Survivors Base on Docks med 2180 stykker\" src=\"https:\/\/mouldking.store\/wp-content\/uploads\/2021\/12\/moc-56760-post-apocalyptic-survivors-base-on-docks-with-2180-pieces.jpg\" alt=\"MOC-56760 Post Apocalyptic Survivors Base on Docks with 2180 pieces\" width=\"1000\" height=\"1000\" srcset=\"https:\/\/mouldking.store\/wp-content\/uploads\/2021\/12\/moc-56760-post-apocalyptic-survivors-base-on-docks-with-2180-pieces.jpg 1000w, https:\/\/mouldking.store\/wp-content\/uploads\/2021\/12\/moc-56760-post-apocalyptic-survivors-base-on-docks-with-2180-pieces-300x300.jpg 300w, https:\/\/mouldking.store\/wp-content\/uploads\/2021\/12\/moc-56760-post-apocalyptic-survivors-base-on-docks-with-2180-pieces-768x768.jpg 768w, https:\/\/mouldking.store\/wp-content\/uploads\/2021\/12\/moc-56760-post-apocalyptic-survivors-base-on-docks-with-2180-pieces-600x600.jpg 600w, https:\/\/mouldking.store\/wp-content\/uploads\/2021\/12\/moc-56760-post-apocalyptic-survivors-base-on-docks-with-2180-pieces-150x150.jpg 150w\" sizes=\"(max-width: 1000px) 100vw, 1000px\" \/><figcaption id=\"caption-attachment-28417\" class=\"wp-caption-text\">MOC-56760 Post Apocalyptic Survivors Base on Docks med 2180 stykker<\/figcaption><\/figure>\n<figure id=\"attachment_28418\" aria-describedby=\"caption-attachment-28418\" style=\"width: 1000px\" class=\"wp-caption aligncenter\"><img decoding=\"async\" class=\"size-full wp-image-28418\" title=\"MOC-56760 Post Apocalyptic Survivors Base on Docks med 2180 stykker\" src=\"https:\/\/mouldking.store\/wp-content\/uploads\/2021\/12\/moc-56760-post-apocalyptic-survivors-base-on-docks-with-2180-pieces-1.jpg\" alt=\"MOC-56760 Post Apocalyptic Survivors Base on Docks with 2180 pieces\" width=\"1000\" height=\"1000\" srcset=\"https:\/\/mouldking.store\/wp-content\/uploads\/2021\/12\/moc-56760-post-apocalyptic-survivors-base-on-docks-with-2180-pieces-1.jpg 1000w, https:\/\/mouldking.store\/wp-content\/uploads\/2021\/12\/moc-56760-post-apocalyptic-survivors-base-on-docks-with-2180-pieces-1-300x300.jpg 300w, https:\/\/mouldking.store\/wp-content\/uploads\/2021\/12\/moc-56760-post-apocalyptic-survivors-base-on-docks-with-2180-pieces-1-768x768.jpg 768w, https:\/\/mouldking.store\/wp-content\/uploads\/2021\/12\/moc-56760-post-apocalyptic-survivors-base-on-docks-with-2180-pieces-1-600x600.jpg 600w, https:\/\/mouldking.store\/wp-content\/uploads\/2021\/12\/moc-56760-post-apocalyptic-survivors-base-on-docks-with-2180-pieces-1-150x150.jpg 150w\" sizes=\"(max-width: 1000px) 100vw, 1000px\" \/><figcaption id=\"caption-attachment-28418\" class=\"wp-caption-text\">MOC-56760 Post Apocalyptic Survivors Base on Docks med 2180 stykker<\/figcaption><\/figure>\n<p>&nbsp;<\/p>","protected":false},"excerpt":{"rendered":"<p>Product information: Brand: MOC Gender: Unisex Name: Post Apocalyptic Survivors Base on Docks Age Range: &gt; 6 years old Model Number: MOC-56760 Classification: Assemblage Plastic Block Shape: Self-Locking Bricks Material: Plastic Plastic Type: ABS Bricks Blocks: 2180 PCS Dimensions: 34 x 39 x 35 cm Weight: 1.84 kg Arrange Time: 30-50 days (custom item) Contains [&hellip;]<\/p>","protected":false},"featured_media":28419,"comment_status":"open","ping_status":"closed","template":"","meta":{"_acf_changed":false},"product_cat":[390],"product_tag":[4175,4176],"class_list":["product","first","instock","shipping-taxable","purchasable","product-type-simple"],"acf":[],"_links":{"self":[{"href":"https:\/\/mouldking.store\/nb\/wp-json\/wp\/v2\/product\/28416","targetHints":{"allow":["GET"]}}],"collection":[{"href":"https:\/\/mouldking.store\/nb\/wp-json\/wp\/v2\/product"}],"about":[{"href":"https:\/\/mouldking.store\/nb\/wp-json\/wp\/v2\/types\/product"}],"replies":[{"embeddable":true,"href":"https:\/\/mouldking.store\/nb\/wp-json\/wp\/v2\/comments?post=28416"}],"wp:featuredmedia":[{"embeddable":true,"href":"https:\/\/mouldking.store\/nb\/wp-json\/wp\/v2\/media\/28419"}],"wp:attachment":[{"href":"https:\/\/mouldking.store\/nb\/wp-json\/wp\/v2\/media?parent=28416"}],"wp:term":[{"taxonomy":"product_cat","embeddable":true,"href":"https:\/\/mouldking.store\/nb\/wp-json\/wp\/v2\/product_cat?post=28416"},{"taxonomy":"product_tag","embeddable":true,"href":"https:\/\/mouldking.store\/nb\/wp-json\/wp\/v2\/product_tag?post=28416"}],"curies":[{"name":"wp","href":"https:\/\/api.w.org\/{rel}","templated":true}]}}