{"id":28589,"date":"2021-12-16T15:16:57","date_gmt":"2021-12-16T08:16:57","guid":{"rendered":"https:\/\/mouldking.store\/?post_type=product&#038;p=28589"},"modified":"2025-12-25T09:16:52","modified_gmt":"2025-12-25T02:16:52","slug":"moc-59833-fantasy-orcs-horde-bundle-with-3675-pieces","status":"publish","type":"product","link":"https:\/\/mouldking.store\/nb\/shop\/moc-59833-fantasy-orcs-horde-bundle-with-3675-pieces\/","title":{"rendered":"MOC-59833 Fantasy Orc&#039;s (Horde) pakke med 3675 deler"},"content":{"rendered":"<p>Produktinformasjon:<\/p>\n<ol>\n<li>Merke: MOC<\/li>\n<li>Kj\u00f8nn: Unisex<\/li>\n<li>Navn: Fantasy Orc&#039;s (Horde) Bundle<\/li>\n<li>Aldersgruppe: &gt; 6 \u00e5r gammel<\/li>\n<li>Modellnummer: MOC-59833<\/li>\n<li>Klassifisering: Montering<\/li>\n<li>Plastblokkform: Selvl\u00e5sende murstein<\/li>\n<li>Materiale: Plast<\/li>\n<li>Plasttype: ABS<\/li>\n<li>Mursteinsblokker: 3675 STK<\/li>\n<li>Inneholder detaljerte monteringsanvisninger.<\/li>\n<li>Tidsbestemt: 4-8 uker<\/li>\n<\/ol>\n<p>Legge merke til:<br \/>\n1. Uten original eske, men vi garanterer at v\u00e5re produkter har kvalitetssikring og pen emballasje.<br \/>\n2. Som alle delene vi har sjekket f\u00f8r frakt, s\u00e5 hvis du finner noen deler savnet eller skadet, ikke bekymre deg og bare kontakt oss, s\u00e5 kan vi sende dem til deg p\u00e5 nytt umiddelbart gratis.<\/p>\n<figure id=\"attachment_28590\" aria-describedby=\"caption-attachment-28590\" style=\"width: 1000px\" class=\"wp-caption aligncenter\"><img fetchpriority=\"high\" decoding=\"async\" class=\"size-full wp-image-28590\" title=\"MOC-59833 Fantasy Orc&#039;s (Horde) pakke med 3675 deler\" src=\"https:\/\/mouldking.store\/wp-content\/uploads\/2021\/12\/moc-59833-fantasy-orcs-horde-bundle-with-3675-pieces.jpg\" alt=\"MOC-59833 Fantasy Orc's (Horde) Bundle with 3675 pieces\" width=\"1000\" height=\"1000\" srcset=\"https:\/\/mouldking.store\/wp-content\/uploads\/2021\/12\/moc-59833-fantasy-orcs-horde-bundle-with-3675-pieces.jpg 1000w, https:\/\/mouldking.store\/wp-content\/uploads\/2021\/12\/moc-59833-fantasy-orcs-horde-bundle-with-3675-pieces-300x300.jpg 300w, https:\/\/mouldking.store\/wp-content\/uploads\/2021\/12\/moc-59833-fantasy-orcs-horde-bundle-with-3675-pieces-768x768.jpg 768w, https:\/\/mouldking.store\/wp-content\/uploads\/2021\/12\/moc-59833-fantasy-orcs-horde-bundle-with-3675-pieces-600x600.jpg 600w, https:\/\/mouldking.store\/wp-content\/uploads\/2021\/12\/moc-59833-fantasy-orcs-horde-bundle-with-3675-pieces-150x150.jpg 150w\" sizes=\"(max-width: 1000px) 100vw, 1000px\" \/><figcaption id=\"caption-attachment-28590\" class=\"wp-caption-text\">MOC-59833 Fantasy Orc&#039;s (Horde) pakke med 3675 deler<\/figcaption><\/figure>\n<figure id=\"attachment_28591\" aria-describedby=\"caption-attachment-28591\" style=\"width: 1000px\" class=\"wp-caption aligncenter\"><img decoding=\"async\" class=\"size-full wp-image-28591\" title=\"MOC-59833 Fantasy Orc&#039;s (Horde) pakke med 3675 deler\" src=\"https:\/\/mouldking.store\/wp-content\/uploads\/2021\/12\/moc-59833-fantasy-orcs-horde-bundle-with-3675-pieces-1.jpg\" alt=\"MOC-59833 Fantasy Orc's (Horde) Bundle with 3675 pieces\" width=\"1000\" height=\"1000\" srcset=\"https:\/\/mouldking.store\/wp-content\/uploads\/2021\/12\/moc-59833-fantasy-orcs-horde-bundle-with-3675-pieces-1.jpg 1000w, https:\/\/mouldking.store\/wp-content\/uploads\/2021\/12\/moc-59833-fantasy-orcs-horde-bundle-with-3675-pieces-1-300x300.jpg 300w, https:\/\/mouldking.store\/wp-content\/uploads\/2021\/12\/moc-59833-fantasy-orcs-horde-bundle-with-3675-pieces-1-768x768.jpg 768w, https:\/\/mouldking.store\/wp-content\/uploads\/2021\/12\/moc-59833-fantasy-orcs-horde-bundle-with-3675-pieces-1-600x600.jpg 600w, https:\/\/mouldking.store\/wp-content\/uploads\/2021\/12\/moc-59833-fantasy-orcs-horde-bundle-with-3675-pieces-1-150x150.jpg 150w\" sizes=\"(max-width: 1000px) 100vw, 1000px\" \/><figcaption id=\"caption-attachment-28591\" class=\"wp-caption-text\">MOC-59833 Fantasy Orc&#039;s (Horde) pakke med 3675 deler<\/figcaption><\/figure>","protected":false},"excerpt":{"rendered":"<p>Product information: Brand: MOC Gender: Unisex Name: Fantasy Orc&#8217;s (Horde) Bundle Age Range: &gt; 6 years old Model Number: MOC-59833 Classification: Assemblage Plastic Block Shape: Self-Locking Bricks Material: Plastic Plastic Type: ABS Bricks Blocks: 3675 PCS Contains detailed assembly instructions. Time arrange: 4-8 weeks Notice: 1. Without an original box, but we guarantee our products [&hellip;]<\/p>","protected":false},"featured_media":28592,"comment_status":"open","ping_status":"closed","template":"","meta":{"_acf_changed":false},"product_cat":[390],"product_tag":[4238,4237],"class_list":["product","first","instock","shipping-taxable","purchasable","product-type-simple"],"acf":[],"_links":{"self":[{"href":"https:\/\/mouldking.store\/nb\/wp-json\/wp\/v2\/product\/28589","targetHints":{"allow":["GET"]}}],"collection":[{"href":"https:\/\/mouldking.store\/nb\/wp-json\/wp\/v2\/product"}],"about":[{"href":"https:\/\/mouldking.store\/nb\/wp-json\/wp\/v2\/types\/product"}],"replies":[{"embeddable":true,"href":"https:\/\/mouldking.store\/nb\/wp-json\/wp\/v2\/comments?post=28589"}],"wp:featuredmedia":[{"embeddable":true,"href":"https:\/\/mouldking.store\/nb\/wp-json\/wp\/v2\/media\/28592"}],"wp:attachment":[{"href":"https:\/\/mouldking.store\/nb\/wp-json\/wp\/v2\/media?parent=28589"}],"wp:term":[{"taxonomy":"product_cat","embeddable":true,"href":"https:\/\/mouldking.store\/nb\/wp-json\/wp\/v2\/product_cat?post=28589"},{"taxonomy":"product_tag","embeddable":true,"href":"https:\/\/mouldking.store\/nb\/wp-json\/wp\/v2\/product_tag?post=28589"}],"curies":[{"name":"wp","href":"https:\/\/api.w.org\/{rel}","templated":true}]}}