{"id":28597,"date":"2021-12-16T15:32:08","date_gmt":"2021-12-16T08:32:08","guid":{"rendered":"https:\/\/mouldking.store\/?post_type=product&#038;p=28597"},"modified":"2025-12-25T09:16:52","modified_gmt":"2025-12-25T02:16:52","slug":"moc-60256-puzzle-box-lock-and-key-2-lock-harder-with-666-pieces","status":"publish","type":"product","link":"https:\/\/mouldking.store\/nb\/shop\/moc-60256-puzzle-box-lock-and-key-2-lock-harder-with-666-pieces\/","title":{"rendered":"MOC-60256 Puzzle Box &quot;Lock and Key 2: Lock Harder&quot; med 666 deler"},"content":{"rendered":"<p>Produktinformasjon:<\/p>\n<ol>\n<li>Merke: MOC<\/li>\n<li>Kj\u00f8nn: Unisex<\/li>\n<li>Navn: Puslespillboks \u00abL\u00e5s og n\u00f8kkel 2: L\u00e5s hardere\u00bb<\/li>\n<li>Aldersgruppe: &gt; 6 \u00e5r gammel<\/li>\n<li>Modellnummer: MOC-60256<\/li>\n<li>Klassifisering: Montering<\/li>\n<li>Plastblokkform: Selvl\u00e5sende murstein<\/li>\n<li>Materiale: Plast<\/li>\n<li>Plasttype: ABS<\/li>\n<li>Mursteinsblokker: 666 STK<\/li>\n<li>M\u00e5l: 20 x 12 x 9 cm<\/li>\n<li>Vekt: 0,69 kg<\/li>\n<li>Ordnetid: 30-50 dager (egendefinert vare)<\/li>\n<li>Inneholder detaljerte monteringsanvisninger.<\/li>\n<\/ol>\n<p>Legge merke til:<br \/>\n1. Uten original eske, men vi garanterer at v\u00e5re produkter har kvalitetssikring og pen emballasje.<br \/>\n2. Som alle delene vi har sjekket f\u00f8r frakt, s\u00e5 hvis du finner noen deler savnet eller skadet, ikke bekymre deg og bare kontakt oss, s\u00e5 kan vi sende dem til deg p\u00e5 nytt umiddelbart gratis.<\/p>\n<figure id=\"attachment_28598\" aria-describedby=\"caption-attachment-28598\" style=\"width: 1000px\" class=\"wp-caption aligncenter\"><img fetchpriority=\"high\" decoding=\"async\" class=\"size-full wp-image-28598\" title=\"MOC-60256 Puslespillboks \" src=\"https:\/\/mouldking.store\/wp-content\/uploads\/2021\/12\/moc-60256-puzzle-box-lock-and-key-2-lock-harder-with-666-pieces.jpg\" alt=\"MOC-60256 Puzzle Box \" width=\"1000\" height=\"1000\" srcset=\"https:\/\/mouldking.store\/wp-content\/uploads\/2021\/12\/moc-60256-puzzle-box-lock-and-key-2-lock-harder-with-666-pieces.jpg 1000w, https:\/\/mouldking.store\/wp-content\/uploads\/2021\/12\/moc-60256-puzzle-box-lock-and-key-2-lock-harder-with-666-pieces-300x300.jpg 300w, https:\/\/mouldking.store\/wp-content\/uploads\/2021\/12\/moc-60256-puzzle-box-lock-and-key-2-lock-harder-with-666-pieces-768x768.jpg 768w, https:\/\/mouldking.store\/wp-content\/uploads\/2021\/12\/moc-60256-puzzle-box-lock-and-key-2-lock-harder-with-666-pieces-600x600.jpg 600w, https:\/\/mouldking.store\/wp-content\/uploads\/2021\/12\/moc-60256-puzzle-box-lock-and-key-2-lock-harder-with-666-pieces-150x150.jpg 150w\" sizes=\"(max-width: 1000px) 100vw, 1000px\" \/><figcaption id=\"caption-attachment-28598\" class=\"wp-caption-text\">MOC-60256 Puzzle Box &quot;Lock and Key 2: Lock Harder&quot; med 666 deler<\/figcaption><\/figure>\n<figure id=\"attachment_28599\" aria-describedby=\"caption-attachment-28599\" style=\"width: 1000px\" class=\"wp-caption aligncenter\"><img decoding=\"async\" class=\"size-full wp-image-28599\" title=\"MOC-60256 Puslespillboks \" src=\"https:\/\/mouldking.store\/wp-content\/uploads\/2021\/12\/moc-60256-puzzle-box-lock-and-key-2-lock-harder-with-666-pieces-1.jpg\" alt=\"MOC-60256 Puzzle Box \" width=\"1000\" height=\"1000\" srcset=\"https:\/\/mouldking.store\/wp-content\/uploads\/2021\/12\/moc-60256-puzzle-box-lock-and-key-2-lock-harder-with-666-pieces-1.jpg 1000w, https:\/\/mouldking.store\/wp-content\/uploads\/2021\/12\/moc-60256-puzzle-box-lock-and-key-2-lock-harder-with-666-pieces-1-300x300.jpg 300w, https:\/\/mouldking.store\/wp-content\/uploads\/2021\/12\/moc-60256-puzzle-box-lock-and-key-2-lock-harder-with-666-pieces-1-768x768.jpg 768w, https:\/\/mouldking.store\/wp-content\/uploads\/2021\/12\/moc-60256-puzzle-box-lock-and-key-2-lock-harder-with-666-pieces-1-600x600.jpg 600w, https:\/\/mouldking.store\/wp-content\/uploads\/2021\/12\/moc-60256-puzzle-box-lock-and-key-2-lock-harder-with-666-pieces-1-150x150.jpg 150w\" sizes=\"(max-width: 1000px) 100vw, 1000px\" \/><figcaption id=\"caption-attachment-28599\" class=\"wp-caption-text\">MOC-60256 Puzzle Box &quot;Lock and Key 2: Lock Harder&quot; med 666 deler<\/figcaption><\/figure>\n<figure id=\"attachment_28600\" aria-describedby=\"caption-attachment-28600\" style=\"width: 1000px\" class=\"wp-caption aligncenter\"><img decoding=\"async\" class=\"size-full wp-image-28600\" title=\"MOC-60256 Puslespillboks \" src=\"https:\/\/mouldking.store\/wp-content\/uploads\/2021\/12\/moc-60256-puzzle-box-lock-and-key-2-lock-harder-with-666-pieces-2.jpg\" alt=\"MOC-60256 Puzzle Box \" width=\"1000\" height=\"1000\" srcset=\"https:\/\/mouldking.store\/wp-content\/uploads\/2021\/12\/moc-60256-puzzle-box-lock-and-key-2-lock-harder-with-666-pieces-2.jpg 1000w, https:\/\/mouldking.store\/wp-content\/uploads\/2021\/12\/moc-60256-puzzle-box-lock-and-key-2-lock-harder-with-666-pieces-2-300x300.jpg 300w, https:\/\/mouldking.store\/wp-content\/uploads\/2021\/12\/moc-60256-puzzle-box-lock-and-key-2-lock-harder-with-666-pieces-2-768x768.jpg 768w, https:\/\/mouldking.store\/wp-content\/uploads\/2021\/12\/moc-60256-puzzle-box-lock-and-key-2-lock-harder-with-666-pieces-2-600x600.jpg 600w, https:\/\/mouldking.store\/wp-content\/uploads\/2021\/12\/moc-60256-puzzle-box-lock-and-key-2-lock-harder-with-666-pieces-2-150x150.jpg 150w\" sizes=\"(max-width: 1000px) 100vw, 1000px\" \/><figcaption id=\"caption-attachment-28600\" class=\"wp-caption-text\">MOC-60256 Puzzle Box &quot;Lock and Key 2: Lock Harder&quot; med 666 deler<\/figcaption><\/figure>","protected":false},"excerpt":{"rendered":"<p>Product information: Brand: MOC Gender: Unisex Name: Puzzle Box &#8220;Lock and Key 2: Lock Harder&#8221; Age Range: &gt; 6 years old Model Number: MOC-60256 Classification: Assemblage Plastic Block Shape: Self-Locking Bricks Material: Plastic Plastic Type: ABS Bricks Blocks: 666 PCS Dimensions: 20 x 12 x 9 cm Weight: 0.69 kg Arrange Time: 30-50 days (custom [&hellip;]<\/p>","protected":false},"author":104,"featured_media":28601,"comment_status":"open","ping_status":"closed","template":"","meta":{"_acf_changed":false},"product_cat":[371],"product_tag":[4241,4242],"class_list":["product","first","instock","shipping-taxable","purchasable","product-type-simple"],"acf":[],"_links":{"self":[{"href":"https:\/\/mouldking.store\/nb\/wp-json\/wp\/v2\/product\/28597","targetHints":{"allow":["GET"]}}],"collection":[{"href":"https:\/\/mouldking.store\/nb\/wp-json\/wp\/v2\/product"}],"about":[{"href":"https:\/\/mouldking.store\/nb\/wp-json\/wp\/v2\/types\/product"}],"author":[{"embeddable":true,"href":"https:\/\/mouldking.store\/nb\/wp-json\/wp\/v2\/users\/104"}],"replies":[{"embeddable":true,"href":"https:\/\/mouldking.store\/nb\/wp-json\/wp\/v2\/comments?post=28597"}],"wp:featuredmedia":[{"embeddable":true,"href":"https:\/\/mouldking.store\/nb\/wp-json\/wp\/v2\/media\/28601"}],"wp:attachment":[{"href":"https:\/\/mouldking.store\/nb\/wp-json\/wp\/v2\/media?parent=28597"}],"wp:term":[{"taxonomy":"product_cat","embeddable":true,"href":"https:\/\/mouldking.store\/nb\/wp-json\/wp\/v2\/product_cat?post=28597"},{"taxonomy":"product_tag","embeddable":true,"href":"https:\/\/mouldking.store\/nb\/wp-json\/wp\/v2\/product_tag?post=28597"}],"curies":[{"name":"wp","href":"https:\/\/api.w.org\/{rel}","templated":true}]}}