{"id":28644,"date":"2021-12-20T15:17:03","date_gmt":"2021-12-20T15:17:03","guid":{"rendered":"https:\/\/mouldking.store\/?post_type=product&#038;p=28644"},"modified":"2025-12-25T09:16:52","modified_gmt":"2025-12-25T02:16:52","slug":"moc-4808-mini-modular-corner-deli-with-148-pieces","status":"publish","type":"product","link":"https:\/\/mouldking.store\/nb\/shop\/moc-4808-mini-modular-corner-deli-with-148-pieces\/","title":{"rendered":"MOC-4808 Mini Modular: Corner Deli med 148 stykker"},"content":{"rendered":"<p>Produktinformasjon:<\/p>\n<ol>\n<li>Merke: MOC<\/li>\n<li>Kj\u00f8nn: Unisex<\/li>\n<li>Name: Mini Modular: Corner Deli<\/li>\n<li>Aldersgruppe: &gt; 6 \u00e5r gammel<\/li>\n<li>Model Number: MOC-4808<\/li>\n<li>Klassifisering: Montering<\/li>\n<li>Plastblokkform: Selvl\u00e5sende murstein<\/li>\n<li>Materiale: Plast<\/li>\n<li>Plasttype: ABS<\/li>\n<li>Mursteinsblokker: 148 STK<\/li>\n<li>Inneholder detaljerte monteringsanvisninger.<\/li>\n<\/ol>\n<p>Legge merke til:<br \/>\n1. Uten original eske, men vi garanterer at v\u00e5re produkter har kvalitetssikring og pen emballasje.<br \/>\n2. Som alle delene vi har sjekket f\u00f8r frakt, s\u00e5 hvis du finner noen deler savnet eller skadet, ikke bekymre deg og bare kontakt oss, s\u00e5 kan vi sende dem til deg p\u00e5 nytt umiddelbart gratis.<\/p>\n<figure id=\"attachment_28645\" aria-describedby=\"caption-attachment-28645\" style=\"width: 800px\" class=\"wp-caption aligncenter\"><img fetchpriority=\"high\" decoding=\"async\" class=\"size-full wp-image-28645\" title=\"MOC-4808 Mini Modular: Corner Deli med 148 stykker\" src=\"https:\/\/mouldking.store\/wp-content\/uploads\/2021\/12\/moc-4808-mini-modular-corner-deli-with-148-pieces.jpg\" alt=\"MOC-4808 Mini Modular: Corner Deli with 148 pieces\" width=\"800\" height=\"800\" srcset=\"https:\/\/mouldking.store\/wp-content\/uploads\/2021\/12\/moc-4808-mini-modular-corner-deli-with-148-pieces.jpg 800w, https:\/\/mouldking.store\/wp-content\/uploads\/2021\/12\/moc-4808-mini-modular-corner-deli-with-148-pieces-300x300.jpg 300w, https:\/\/mouldking.store\/wp-content\/uploads\/2021\/12\/moc-4808-mini-modular-corner-deli-with-148-pieces-768x768.jpg 768w, https:\/\/mouldking.store\/wp-content\/uploads\/2021\/12\/moc-4808-mini-modular-corner-deli-with-148-pieces-600x600.jpg 600w, https:\/\/mouldking.store\/wp-content\/uploads\/2021\/12\/moc-4808-mini-modular-corner-deli-with-148-pieces-150x150.jpg 150w\" sizes=\"(max-width: 800px) 100vw, 800px\" \/><figcaption id=\"caption-attachment-28645\" class=\"wp-caption-text\">MOC-4808 Mini Modular: Corner Deli med 148 stykker<\/figcaption><\/figure>\n<figure id=\"attachment_28646\" aria-describedby=\"caption-attachment-28646\" style=\"width: 800px\" class=\"wp-caption aligncenter\"><img decoding=\"async\" class=\"size-full wp-image-28646\" title=\"MOC-4808 Mini Modular: Corner Deli med 148 stykker\" src=\"https:\/\/mouldking.store\/wp-content\/uploads\/2021\/12\/moc-4808-mini-modular-corner-deli-with-148-pieces-1.jpg\" alt=\"MOC-4808 Mini Modular: Corner Deli with 148 pieces\" width=\"800\" height=\"800\" srcset=\"https:\/\/mouldking.store\/wp-content\/uploads\/2021\/12\/moc-4808-mini-modular-corner-deli-with-148-pieces-1.jpg 800w, https:\/\/mouldking.store\/wp-content\/uploads\/2021\/12\/moc-4808-mini-modular-corner-deli-with-148-pieces-1-300x300.jpg 300w, https:\/\/mouldking.store\/wp-content\/uploads\/2021\/12\/moc-4808-mini-modular-corner-deli-with-148-pieces-1-768x768.jpg 768w, https:\/\/mouldking.store\/wp-content\/uploads\/2021\/12\/moc-4808-mini-modular-corner-deli-with-148-pieces-1-600x600.jpg 600w, https:\/\/mouldking.store\/wp-content\/uploads\/2021\/12\/moc-4808-mini-modular-corner-deli-with-148-pieces-1-150x150.jpg 150w\" sizes=\"(max-width: 800px) 100vw, 800px\" \/><figcaption id=\"caption-attachment-28646\" class=\"wp-caption-text\">MOC-4808 Mini Modular: Corner Deli med 148 stykker<\/figcaption><\/figure>\n<figure id=\"attachment_28647\" aria-describedby=\"caption-attachment-28647\" style=\"width: 800px\" class=\"wp-caption aligncenter\"><img decoding=\"async\" class=\"size-full wp-image-28647\" title=\"MOC-4808 Mini Modular: Corner Deli med 148 stykker\" src=\"https:\/\/mouldking.store\/wp-content\/uploads\/2021\/12\/moc-4808-mini-modular-corner-deli-with-148-pieces-2.jpg\" alt=\"MOC-4808 Mini Modular: Corner Deli with 148 pieces\" width=\"800\" height=\"800\" srcset=\"https:\/\/mouldking.store\/wp-content\/uploads\/2021\/12\/moc-4808-mini-modular-corner-deli-with-148-pieces-2.jpg 800w, https:\/\/mouldking.store\/wp-content\/uploads\/2021\/12\/moc-4808-mini-modular-corner-deli-with-148-pieces-2-300x300.jpg 300w, https:\/\/mouldking.store\/wp-content\/uploads\/2021\/12\/moc-4808-mini-modular-corner-deli-with-148-pieces-2-768x768.jpg 768w, https:\/\/mouldking.store\/wp-content\/uploads\/2021\/12\/moc-4808-mini-modular-corner-deli-with-148-pieces-2-600x600.jpg 600w, https:\/\/mouldking.store\/wp-content\/uploads\/2021\/12\/moc-4808-mini-modular-corner-deli-with-148-pieces-2-150x150.jpg 150w\" sizes=\"(max-width: 800px) 100vw, 800px\" \/><figcaption id=\"caption-attachment-28647\" class=\"wp-caption-text\">MOC-4808 Mini Modular: Corner Deli med 148 stykker<\/figcaption><\/figure>","protected":false},"excerpt":{"rendered":"<p>Product information: Brand: MOC Gender: Unisex Name: Mini Modular: Corner Deli Age Range: &gt; 6 years old Model Number: MOC-4808 Classification: Assemblage Plastic Block Shape: Self-Locking Bricks Material: Plastic Plastic Type: ABS Bricks Blocks: 148 PCS Contains detailed assembly instructions. Notice: 1. Without an original box, but we guarantee our products have quality assurance and [&hellip;]<\/p>","protected":false},"featured_media":28648,"comment_status":"open","ping_status":"closed","template":"","meta":{"_acf_changed":false},"product_cat":[390],"product_tag":[4258,4257],"class_list":["product","first","instock","shipping-taxable","purchasable","product-type-simple"],"acf":[],"_links":{"self":[{"href":"https:\/\/mouldking.store\/nb\/wp-json\/wp\/v2\/product\/28644","targetHints":{"allow":["GET"]}}],"collection":[{"href":"https:\/\/mouldking.store\/nb\/wp-json\/wp\/v2\/product"}],"about":[{"href":"https:\/\/mouldking.store\/nb\/wp-json\/wp\/v2\/types\/product"}],"replies":[{"embeddable":true,"href":"https:\/\/mouldking.store\/nb\/wp-json\/wp\/v2\/comments?post=28644"}],"wp:featuredmedia":[{"embeddable":true,"href":"https:\/\/mouldking.store\/nb\/wp-json\/wp\/v2\/media\/28648"}],"wp:attachment":[{"href":"https:\/\/mouldking.store\/nb\/wp-json\/wp\/v2\/media?parent=28644"}],"wp:term":[{"taxonomy":"product_cat","embeddable":true,"href":"https:\/\/mouldking.store\/nb\/wp-json\/wp\/v2\/product_cat?post=28644"},{"taxonomy":"product_tag","embeddable":true,"href":"https:\/\/mouldking.store\/nb\/wp-json\/wp\/v2\/product_tag?post=28644"}],"curies":[{"name":"wp","href":"https:\/\/api.w.org\/{rel}","templated":true}]}}