{"id":28649,"date":"2021-12-20T15:25:39","date_gmt":"2021-12-20T15:25:39","guid":{"rendered":"https:\/\/mouldking.store\/?post_type=product&#038;p=28649"},"modified":"2025-12-25T09:16:52","modified_gmt":"2025-12-25T02:16:52","slug":"moc-4809-mini-modular-detectives-office-with-188-pieces","status":"publish","type":"product","link":"https:\/\/mouldking.store\/nb\/shop\/moc-4809-mini-modular-detectives-office-with-188-pieces\/","title":{"rendered":"MOC-4809 Mini Modular: Detective&#8217;s Office with 188 pieces"},"content":{"rendered":"<p>Produktinformasjon:<\/p>\n<ol>\n<li>Merke: MOC<\/li>\n<li>Kj\u00f8nn: Unisex<\/li>\n<li>Name: Mini Modular: Detective&#8217;s Office<\/li>\n<li>Aldersgruppe: &gt; 6 \u00e5r gammel<\/li>\n<li>Model Number: MOC-4809<\/li>\n<li>Klassifisering: Montering<\/li>\n<li>Plastblokkform: Selvl\u00e5sende murstein<\/li>\n<li>Materiale: Plast<\/li>\n<li>Plasttype: ABS<\/li>\n<li>Bricks Blocks: 188 PCS<\/li>\n<li>Inneholder detaljerte monteringsanvisninger.<\/li>\n<\/ol>\n<p>Legge merke til:<br \/>\n1. Uten original eske, men vi garanterer at v\u00e5re produkter har kvalitetssikring og pen emballasje.<br \/>\n2. Som alle delene vi har sjekket f\u00f8r frakt, s\u00e5 hvis du finner noen deler savnet eller skadet, ikke bekymre deg og bare kontakt oss, s\u00e5 kan vi sende dem til deg p\u00e5 nytt umiddelbart gratis.<\/p>\n<figure id=\"attachment_28650\" aria-describedby=\"caption-attachment-28650\" style=\"width: 800px\" class=\"wp-caption aligncenter\"><img fetchpriority=\"high\" decoding=\"async\" class=\"size-full wp-image-28650\" title=\"MOC-4809 Mini Modular: Detective's Office with 188 pieces\" src=\"https:\/\/mouldking.store\/wp-content\/uploads\/2021\/12\/moc-4809-mini-modular-detectives-office-with-188-pieces.jpg\" alt=\"MOC-4809 Mini Modular: Detective's Office with 188 pieces\" width=\"800\" height=\"800\" srcset=\"https:\/\/mouldking.store\/wp-content\/uploads\/2021\/12\/moc-4809-mini-modular-detectives-office-with-188-pieces.jpg 800w, https:\/\/mouldking.store\/wp-content\/uploads\/2021\/12\/moc-4809-mini-modular-detectives-office-with-188-pieces-300x300.jpg 300w, https:\/\/mouldking.store\/wp-content\/uploads\/2021\/12\/moc-4809-mini-modular-detectives-office-with-188-pieces-768x768.jpg 768w, https:\/\/mouldking.store\/wp-content\/uploads\/2021\/12\/moc-4809-mini-modular-detectives-office-with-188-pieces-600x600.jpg 600w, https:\/\/mouldking.store\/wp-content\/uploads\/2021\/12\/moc-4809-mini-modular-detectives-office-with-188-pieces-150x150.jpg 150w\" sizes=\"(max-width: 800px) 100vw, 800px\" \/><figcaption id=\"caption-attachment-28650\" class=\"wp-caption-text\">MOC-4809 Mini Modular: Detective&#8217;s Office with 188 pieces<\/figcaption><\/figure>\n<p><img decoding=\"async\" class=\"alignnone size-full wp-image-28646\" src=\"https:\/\/mouldking.store\/wp-content\/uploads\/2021\/12\/moc-4808-mini-modular-corner-deli-with-148-pieces-1.jpg\" alt=\"MOC-4808 Mini Modular: Corner Deli with 148 pieces\" width=\"800\" height=\"800\" title=\"-\" srcset=\"https:\/\/mouldking.store\/wp-content\/uploads\/2021\/12\/moc-4808-mini-modular-corner-deli-with-148-pieces-1.jpg 800w, https:\/\/mouldking.store\/wp-content\/uploads\/2021\/12\/moc-4808-mini-modular-corner-deli-with-148-pieces-1-300x300.jpg 300w, https:\/\/mouldking.store\/wp-content\/uploads\/2021\/12\/moc-4808-mini-modular-corner-deli-with-148-pieces-1-768x768.jpg 768w, https:\/\/mouldking.store\/wp-content\/uploads\/2021\/12\/moc-4808-mini-modular-corner-deli-with-148-pieces-1-600x600.jpg 600w, https:\/\/mouldking.store\/wp-content\/uploads\/2021\/12\/moc-4808-mini-modular-corner-deli-with-148-pieces-1-150x150.jpg 150w\" sizes=\"(max-width: 800px) 100vw, 800px\" \/> <img decoding=\"async\" class=\"alignnone size-full wp-image-28647\" src=\"https:\/\/mouldking.store\/wp-content\/uploads\/2021\/12\/moc-4808-mini-modular-corner-deli-with-148-pieces-2.jpg\" alt=\"MOC-4808 Mini Modular: Corner Deli with 148 pieces\" width=\"800\" height=\"800\" title=\"-\" srcset=\"https:\/\/mouldking.store\/wp-content\/uploads\/2021\/12\/moc-4808-mini-modular-corner-deli-with-148-pieces-2.jpg 800w, https:\/\/mouldking.store\/wp-content\/uploads\/2021\/12\/moc-4808-mini-modular-corner-deli-with-148-pieces-2-300x300.jpg 300w, https:\/\/mouldking.store\/wp-content\/uploads\/2021\/12\/moc-4808-mini-modular-corner-deli-with-148-pieces-2-768x768.jpg 768w, https:\/\/mouldking.store\/wp-content\/uploads\/2021\/12\/moc-4808-mini-modular-corner-deli-with-148-pieces-2-600x600.jpg 600w, https:\/\/mouldking.store\/wp-content\/uploads\/2021\/12\/moc-4808-mini-modular-corner-deli-with-148-pieces-2-150x150.jpg 150w\" sizes=\"(max-width: 800px) 100vw, 800px\" \/><\/p>","protected":false},"excerpt":{"rendered":"<p>Product information: Brand: MOC Gender: Unisex Name: Mini Modular: Detective&#8217;s Office Age Range: &gt; 6 years old Model Number: MOC-4809 Classification: Assemblage Plastic Block Shape: Self-Locking Bricks Material: Plastic Plastic Type: ABS Bricks Blocks: 188 PCS Contains detailed assembly instructions. Notice: 1. Without an original box, but we guarantee our products have quality assurance and [&hellip;]<\/p>","protected":false},"featured_media":28651,"comment_status":"open","ping_status":"closed","template":"","meta":{"_acf_changed":false},"product_cat":[390],"product_tag":[4260,4259],"class_list":["product","first","instock","shipping-taxable","purchasable","product-type-simple"],"acf":[],"_links":{"self":[{"href":"https:\/\/mouldking.store\/nb\/wp-json\/wp\/v2\/product\/28649","targetHints":{"allow":["GET"]}}],"collection":[{"href":"https:\/\/mouldking.store\/nb\/wp-json\/wp\/v2\/product"}],"about":[{"href":"https:\/\/mouldking.store\/nb\/wp-json\/wp\/v2\/types\/product"}],"replies":[{"embeddable":true,"href":"https:\/\/mouldking.store\/nb\/wp-json\/wp\/v2\/comments?post=28649"}],"wp:featuredmedia":[{"embeddable":true,"href":"https:\/\/mouldking.store\/nb\/wp-json\/wp\/v2\/media\/28651"}],"wp:attachment":[{"href":"https:\/\/mouldking.store\/nb\/wp-json\/wp\/v2\/media?parent=28649"}],"wp:term":[{"taxonomy":"product_cat","embeddable":true,"href":"https:\/\/mouldking.store\/nb\/wp-json\/wp\/v2\/product_cat?post=28649"},{"taxonomy":"product_tag","embeddable":true,"href":"https:\/\/mouldking.store\/nb\/wp-json\/wp\/v2\/product_tag?post=28649"}],"curies":[{"name":"wp","href":"https:\/\/api.w.org\/{rel}","templated":true}]}}