{"id":28664,"date":"2021-12-20T16:43:05","date_gmt":"2021-12-20T16:43:05","guid":{"rendered":"https:\/\/mouldking.store\/?post_type=product&#038;p=28664"},"modified":"2025-12-25T09:16:51","modified_gmt":"2025-12-25T02:16:51","slug":"moc-6021-constitution-class-u-s-s-enterprise-with-199-pieces","status":"publish","type":"product","link":"https:\/\/mouldking.store\/nb\/shop\/moc-6021-constitution-class-u-s-s-enterprise-with-199-pieces\/","title":{"rendered":"MOC-6021 Constitution Class USS Enterprise med 199 stykker"},"content":{"rendered":"<p>Produktinformasjon:<\/p>\n<ol>\n<li>Merke: MOC<\/li>\n<li>Kj\u00f8nn: Unisex<\/li>\n<li>Navn: Constitution Class USS Enterprise<\/li>\n<li>Aldersgruppe: &gt; 6 \u00e5r gammel<\/li>\n<li>Modellnummer: MOC-6021<\/li>\n<li>Klassifisering: Montering<\/li>\n<li>Plastblokkform: Selvl\u00e5sende murstein<\/li>\n<li>Materiale: Plast<\/li>\n<li>Plasttype: ABS<\/li>\n<li>Mursteinsblokker: 199 STK<\/li>\n<li>Inneholder detaljerte monteringsanvisninger.<\/li>\n<\/ol>\n<p>Legge merke til:<br \/>\n1. Uten original eske, men vi garanterer at v\u00e5re produkter har kvalitetssikring og pen emballasje.<br \/>\n2. Som alle delene vi har sjekket f\u00f8r frakt, s\u00e5 hvis du finner noen deler savnet eller skadet, ikke bekymre deg og bare kontakt oss, s\u00e5 kan vi sende dem til deg p\u00e5 nytt umiddelbart gratis.<\/p>\n<figure id=\"attachment_28666\" aria-describedby=\"caption-attachment-28666\" style=\"width: 800px\" class=\"wp-caption aligncenter\"><img fetchpriority=\"high\" decoding=\"async\" class=\"size-full wp-image-28666\" title=\"MOC-6021 Constitution Class USS Enterprise med 199 stykker\" src=\"https:\/\/mouldking.store\/wp-content\/uploads\/2021\/12\/moc-6021-constitution-class-u-s-s-enterprise-with-199-pieces.jpg\" alt=\"MOC-6021 Constitution Class U.S.S. Enterprise with 199 pieces\" width=\"800\" height=\"800\" srcset=\"https:\/\/mouldking.store\/wp-content\/uploads\/2021\/12\/moc-6021-constitution-class-u-s-s-enterprise-with-199-pieces.jpg 800w, https:\/\/mouldking.store\/wp-content\/uploads\/2021\/12\/moc-6021-constitution-class-u-s-s-enterprise-with-199-pieces-300x300.jpg 300w, https:\/\/mouldking.store\/wp-content\/uploads\/2021\/12\/moc-6021-constitution-class-u-s-s-enterprise-with-199-pieces-768x768.jpg 768w, https:\/\/mouldking.store\/wp-content\/uploads\/2021\/12\/moc-6021-constitution-class-u-s-s-enterprise-with-199-pieces-600x600.jpg 600w, https:\/\/mouldking.store\/wp-content\/uploads\/2021\/12\/moc-6021-constitution-class-u-s-s-enterprise-with-199-pieces-150x150.jpg 150w\" sizes=\"(max-width: 800px) 100vw, 800px\" \/><figcaption id=\"caption-attachment-28666\" class=\"wp-caption-text\">MOC-6021 Constitution Class USS Enterprise med 199 stykker<\/figcaption><\/figure>\n<figure id=\"attachment_28667\" aria-describedby=\"caption-attachment-28667\" style=\"width: 800px\" class=\"wp-caption aligncenter\"><img decoding=\"async\" class=\"size-full wp-image-28667\" title=\"MOC-6021 Constitution Class USS Enterprise med 199 stykker\" src=\"https:\/\/mouldking.store\/wp-content\/uploads\/2021\/12\/moc-6021-constitution-class-u-s-s-enterprise-with-199-pieces-1.jpg\" alt=\"MOC-6021 Constitution Class U.S.S. Enterprise with 199 pieces\" width=\"800\" height=\"800\" srcset=\"https:\/\/mouldking.store\/wp-content\/uploads\/2021\/12\/moc-6021-constitution-class-u-s-s-enterprise-with-199-pieces-1.jpg 800w, https:\/\/mouldking.store\/wp-content\/uploads\/2021\/12\/moc-6021-constitution-class-u-s-s-enterprise-with-199-pieces-1-300x300.jpg 300w, https:\/\/mouldking.store\/wp-content\/uploads\/2021\/12\/moc-6021-constitution-class-u-s-s-enterprise-with-199-pieces-1-768x768.jpg 768w, https:\/\/mouldking.store\/wp-content\/uploads\/2021\/12\/moc-6021-constitution-class-u-s-s-enterprise-with-199-pieces-1-600x600.jpg 600w, https:\/\/mouldking.store\/wp-content\/uploads\/2021\/12\/moc-6021-constitution-class-u-s-s-enterprise-with-199-pieces-1-150x150.jpg 150w\" sizes=\"(max-width: 800px) 100vw, 800px\" \/><figcaption id=\"caption-attachment-28667\" class=\"wp-caption-text\">MOC-6021 Constitution Class USS Enterprise med 199 stykker<\/figcaption><\/figure>\n<figure id=\"attachment_28667\" aria-describedby=\"caption-attachment-28667\" style=\"width: 800px\" class=\"wp-caption aligncenter\"><img decoding=\"async\" class=\"size-full wp-image-28667\" title=\"MOC-6021 Constitution Class USS Enterprise med 199 stykker\" src=\"https:\/\/mouldking.store\/wp-content\/uploads\/2021\/12\/moc-6021-constitution-class-u-s-s-enterprise-with-199-pieces-1.jpg\" alt=\"MOC-6021 Constitution Class U.S.S. Enterprise with 199 pieces\" width=\"800\" height=\"800\" srcset=\"https:\/\/mouldking.store\/wp-content\/uploads\/2021\/12\/moc-6021-constitution-class-u-s-s-enterprise-with-199-pieces-1.jpg 800w, https:\/\/mouldking.store\/wp-content\/uploads\/2021\/12\/moc-6021-constitution-class-u-s-s-enterprise-with-199-pieces-1-300x300.jpg 300w, https:\/\/mouldking.store\/wp-content\/uploads\/2021\/12\/moc-6021-constitution-class-u-s-s-enterprise-with-199-pieces-1-768x768.jpg 768w, https:\/\/mouldking.store\/wp-content\/uploads\/2021\/12\/moc-6021-constitution-class-u-s-s-enterprise-with-199-pieces-1-600x600.jpg 600w, https:\/\/mouldking.store\/wp-content\/uploads\/2021\/12\/moc-6021-constitution-class-u-s-s-enterprise-with-199-pieces-1-150x150.jpg 150w\" sizes=\"(max-width: 800px) 100vw, 800px\" \/><figcaption id=\"caption-attachment-28667\" class=\"wp-caption-text\">MOC-6021 Constitution Class USS Enterprise med 199 stykker<\/figcaption><\/figure>","protected":false},"excerpt":{"rendered":"<p>Product information: Brand: MOC Gender: Unisex Name: Constitution Class U.S.S. Enterprise Age Range: &gt; 6 years old Model Number: MOC-6021 Classification: Assemblage Plastic Block Shape: Self-Locking Bricks Material: Plastic Plastic Type: ABS Bricks Blocks: 199 PCS Contains detailed assembly instructions. Notice: 1. Without an original box, but we guarantee our products have quality assurance and [&hellip;]<\/p>","protected":false},"featured_media":28669,"comment_status":"open","ping_status":"closed","template":"","meta":{"_acf_changed":false},"product_cat":[581],"product_tag":[4268,4267],"class_list":["product","first","instock","shipping-taxable","purchasable","product-type-simple"],"acf":[],"_links":{"self":[{"href":"https:\/\/mouldking.store\/nb\/wp-json\/wp\/v2\/product\/28664","targetHints":{"allow":["GET"]}}],"collection":[{"href":"https:\/\/mouldking.store\/nb\/wp-json\/wp\/v2\/product"}],"about":[{"href":"https:\/\/mouldking.store\/nb\/wp-json\/wp\/v2\/types\/product"}],"replies":[{"embeddable":true,"href":"https:\/\/mouldking.store\/nb\/wp-json\/wp\/v2\/comments?post=28664"}],"wp:featuredmedia":[{"embeddable":true,"href":"https:\/\/mouldking.store\/nb\/wp-json\/wp\/v2\/media\/28669"}],"wp:attachment":[{"href":"https:\/\/mouldking.store\/nb\/wp-json\/wp\/v2\/media?parent=28664"}],"wp:term":[{"taxonomy":"product_cat","embeddable":true,"href":"https:\/\/mouldking.store\/nb\/wp-json\/wp\/v2\/product_cat?post=28664"},{"taxonomy":"product_tag","embeddable":true,"href":"https:\/\/mouldking.store\/nb\/wp-json\/wp\/v2\/product_tag?post=28664"}],"curies":[{"name":"wp","href":"https:\/\/api.w.org\/{rel}","templated":true}]}}