{"id":28670,"date":"2021-12-20T16:49:31","date_gmt":"2021-12-20T16:49:31","guid":{"rendered":"https:\/\/mouldking.store\/?post_type=product&#038;p=28670"},"modified":"2025-12-25T09:16:51","modified_gmt":"2025-12-25T02:16:51","slug":"moc-6071-mini-millennium-falcon-with-122-pieces","status":"publish","type":"product","link":"https:\/\/mouldking.store\/nb\/shop\/moc-6071-mini-millennium-falcon-with-122-pieces\/","title":{"rendered":"MOC-6071 Mini Millennium Falcon med 122 stk"},"content":{"rendered":"<p>Produktinformasjon:<\/p>\n<ol>\n<li>Merke: MOC<\/li>\n<li>Kj\u00f8nn: Unisex<\/li>\n<li>Name: Mini Millennium Falcon<\/li>\n<li>Aldersgruppe: &gt; 6 \u00e5r gammel<\/li>\n<li>Model Number: MOC-6071<\/li>\n<li>Klassifisering: Montering<\/li>\n<li>Plastblokkform: Selvl\u00e5sende murstein<\/li>\n<li>Materiale: Plast<\/li>\n<li>Plasttype: ABS<\/li>\n<li>Bricks Blocks: 122 PCS<\/li>\n<li>Inneholder detaljerte monteringsanvisninger.<\/li>\n<\/ol>\n<p>Legge merke til:<br \/>\n1. Uten original eske, men vi garanterer at v\u00e5re produkter har kvalitetssikring og pen emballasje.<br \/>\n2. Som alle delene vi har sjekket f\u00f8r frakt, s\u00e5 hvis du finner noen deler savnet eller skadet, ikke bekymre deg og bare kontakt oss, s\u00e5 kan vi sende dem til deg p\u00e5 nytt umiddelbart gratis.<\/p>\n<figure id=\"attachment_28671\" aria-describedby=\"caption-attachment-28671\" style=\"width: 800px\" class=\"wp-caption aligncenter\"><img fetchpriority=\"high\" decoding=\"async\" class=\"size-full wp-image-28671\" title=\"MOC-6071 Mini Millennium Falcon med 122 stk\" src=\"https:\/\/mouldking.store\/wp-content\/uploads\/2021\/12\/moc-6071-mini-millennium-falcon-with-122-pieces.jpg\" alt=\"MOC-6071 Mini Millennium Falcon with 122 pieces\" width=\"800\" height=\"800\" srcset=\"https:\/\/mouldking.store\/wp-content\/uploads\/2021\/12\/moc-6071-mini-millennium-falcon-with-122-pieces.jpg 800w, https:\/\/mouldking.store\/wp-content\/uploads\/2021\/12\/moc-6071-mini-millennium-falcon-with-122-pieces-300x300.jpg 300w, https:\/\/mouldking.store\/wp-content\/uploads\/2021\/12\/moc-6071-mini-millennium-falcon-with-122-pieces-768x768.jpg 768w, https:\/\/mouldking.store\/wp-content\/uploads\/2021\/12\/moc-6071-mini-millennium-falcon-with-122-pieces-600x600.jpg 600w, https:\/\/mouldking.store\/wp-content\/uploads\/2021\/12\/moc-6071-mini-millennium-falcon-with-122-pieces-150x150.jpg 150w\" sizes=\"(max-width: 800px) 100vw, 800px\" \/><figcaption id=\"caption-attachment-28671\" class=\"wp-caption-text\">MOC-6071 Mini Millennium Falcon med 122 stk<\/figcaption><\/figure>\n<figure id=\"attachment_28672\" aria-describedby=\"caption-attachment-28672\" style=\"width: 800px\" class=\"wp-caption aligncenter\"><img decoding=\"async\" class=\"size-full wp-image-28672\" title=\"MOC-6071 Mini Millennium Falcon med 122 stk\" src=\"https:\/\/mouldking.store\/wp-content\/uploads\/2021\/12\/moc-6071-mini-millennium-falcon-with-122-pieces-1.jpg\" alt=\"MOC-6071 Mini Millennium Falcon with 122 pieces\" width=\"800\" height=\"800\" srcset=\"https:\/\/mouldking.store\/wp-content\/uploads\/2021\/12\/moc-6071-mini-millennium-falcon-with-122-pieces-1.jpg 800w, https:\/\/mouldking.store\/wp-content\/uploads\/2021\/12\/moc-6071-mini-millennium-falcon-with-122-pieces-1-300x300.jpg 300w, https:\/\/mouldking.store\/wp-content\/uploads\/2021\/12\/moc-6071-mini-millennium-falcon-with-122-pieces-1-768x768.jpg 768w, https:\/\/mouldking.store\/wp-content\/uploads\/2021\/12\/moc-6071-mini-millennium-falcon-with-122-pieces-1-600x600.jpg 600w, https:\/\/mouldking.store\/wp-content\/uploads\/2021\/12\/moc-6071-mini-millennium-falcon-with-122-pieces-1-150x150.jpg 150w\" sizes=\"(max-width: 800px) 100vw, 800px\" \/><figcaption id=\"caption-attachment-28672\" class=\"wp-caption-text\">MOC-6071 Mini Millennium Falcon med 122 stk<\/figcaption><\/figure>\n<figure id=\"attachment_28673\" aria-describedby=\"caption-attachment-28673\" style=\"width: 800px\" class=\"wp-caption aligncenter\"><img decoding=\"async\" class=\"size-full wp-image-28673\" title=\"MOC-6071 Mini Millennium Falcon med 122 stk\" src=\"https:\/\/mouldking.store\/wp-content\/uploads\/2021\/12\/moc-6071-mini-millennium-falcon-with-122-pieces-2.jpg\" alt=\"MOC-6071 Mini Millennium Falcon with 122 pieces\" width=\"800\" height=\"800\" srcset=\"https:\/\/mouldking.store\/wp-content\/uploads\/2021\/12\/moc-6071-mini-millennium-falcon-with-122-pieces-2.jpg 800w, https:\/\/mouldking.store\/wp-content\/uploads\/2021\/12\/moc-6071-mini-millennium-falcon-with-122-pieces-2-300x300.jpg 300w, https:\/\/mouldking.store\/wp-content\/uploads\/2021\/12\/moc-6071-mini-millennium-falcon-with-122-pieces-2-768x768.jpg 768w, https:\/\/mouldking.store\/wp-content\/uploads\/2021\/12\/moc-6071-mini-millennium-falcon-with-122-pieces-2-600x600.jpg 600w, https:\/\/mouldking.store\/wp-content\/uploads\/2021\/12\/moc-6071-mini-millennium-falcon-with-122-pieces-2-150x150.jpg 150w\" sizes=\"(max-width: 800px) 100vw, 800px\" \/><figcaption id=\"caption-attachment-28673\" class=\"wp-caption-text\">MOC-6071 Mini Millennium Falcon med 122 stk<\/figcaption><\/figure>","protected":false},"excerpt":{"rendered":"<p>Product information: Brand: MOC Gender: Unisex Name: Mini Millennium Falcon Age Range: &gt; 6 years old Model Number: MOC-6071 Classification: Assemblage Plastic Block Shape: Self-Locking Bricks Material: Plastic Plastic Type: ABS Bricks Blocks: 122 PCS Contains detailed assembly instructions. Notice: 1. Without an original box, but we guarantee our products have quality assurance and nice [&hellip;]<\/p>","protected":false},"featured_media":28674,"comment_status":"open","ping_status":"closed","template":"","meta":{"_acf_changed":false},"product_cat":[581],"product_tag":[4270,4269],"class_list":["product","first","instock","shipping-taxable","purchasable","product-type-simple"],"acf":[],"_links":{"self":[{"href":"https:\/\/mouldking.store\/nb\/wp-json\/wp\/v2\/product\/28670","targetHints":{"allow":["GET"]}}],"collection":[{"href":"https:\/\/mouldking.store\/nb\/wp-json\/wp\/v2\/product"}],"about":[{"href":"https:\/\/mouldking.store\/nb\/wp-json\/wp\/v2\/types\/product"}],"replies":[{"embeddable":true,"href":"https:\/\/mouldking.store\/nb\/wp-json\/wp\/v2\/comments?post=28670"}],"wp:featuredmedia":[{"embeddable":true,"href":"https:\/\/mouldking.store\/nb\/wp-json\/wp\/v2\/media\/28674"}],"wp:attachment":[{"href":"https:\/\/mouldking.store\/nb\/wp-json\/wp\/v2\/media?parent=28670"}],"wp:term":[{"taxonomy":"product_cat","embeddable":true,"href":"https:\/\/mouldking.store\/nb\/wp-json\/wp\/v2\/product_cat?post=28670"},{"taxonomy":"product_tag","embeddable":true,"href":"https:\/\/mouldking.store\/nb\/wp-json\/wp\/v2\/product_tag?post=28670"}],"curies":[{"name":"wp","href":"https:\/\/api.w.org\/{rel}","templated":true}]}}