{"id":28683,"date":"2021-12-20T17:16:39","date_gmt":"2021-12-20T10:16:39","guid":{"rendered":"https:\/\/mouldking.store\/?post_type=product&#038;p=28683"},"modified":"2025-12-25T09:16:51","modified_gmt":"2025-12-25T02:16:51","slug":"moc-9018-moderately-sized-isd-with-full-interior-with-15310-pieces","status":"publish","type":"product","link":"https:\/\/mouldking.store\/nb\/shop\/moc-9018-moderately-sized-isd-with-full-interior-with-15310-pieces\/","title":{"rendered":"MOC-9018 Moderately Sized ISD with Full Interior with 15310 pieces"},"content":{"rendered":"<p>Produktinformasjon:<\/p>\n<ol>\n<li>Merke: MOC<\/li>\n<li>Kj\u00f8nn: Unisex<\/li>\n<li>Name: Moderately Sized ISD with Full Interior<\/li>\n<li>Aldersgruppe: &gt; 6 \u00e5r gammel<\/li>\n<li>Model Number: MOC-9018<\/li>\n<li>Klassifisering: Montering<\/li>\n<li>Plastblokkform: Selvl\u00e5sende murstein<\/li>\n<li>Materiale: Plast<\/li>\n<li>Plasttype: ABS<\/li>\n<li>Bricks Blocks: 15310 PCS<\/li>\n<li>Inneholder detaljerte monteringsanvisninger.<\/li>\n<\/ol>\n<p>Legge merke til:<br \/>\n1. Uten original eske, men vi garanterer at v\u00e5re produkter har kvalitetssikring og pen emballasje.<br \/>\n2. Som alle delene vi har sjekket f\u00f8r frakt, s\u00e5 hvis du finner noen deler savnet eller skadet, ikke bekymre deg og bare kontakt oss, s\u00e5 kan vi sende dem til deg p\u00e5 nytt umiddelbart gratis.<\/p>\n<figure id=\"attachment_28684\" aria-describedby=\"caption-attachment-28684\" style=\"width: 800px\" class=\"wp-caption aligncenter\"><img fetchpriority=\"high\" decoding=\"async\" class=\"size-full wp-image-28684\" title=\"MOC-9018 Moderately Sized ISD with Full Interior with 15310\" src=\"https:\/\/mouldking.store\/wp-content\/uploads\/2021\/12\/moc-9018-moderately-sized-isd-with-full-interior-with-15310.jpg\" alt=\"MOC-9018 Moderately Sized ISD with Full Interior with 15310\" width=\"800\" height=\"800\" srcset=\"https:\/\/mouldking.store\/wp-content\/uploads\/2021\/12\/moc-9018-moderately-sized-isd-with-full-interior-with-15310.jpg 800w, https:\/\/mouldking.store\/wp-content\/uploads\/2021\/12\/moc-9018-moderately-sized-isd-with-full-interior-with-15310-300x300.jpg 300w, https:\/\/mouldking.store\/wp-content\/uploads\/2021\/12\/moc-9018-moderately-sized-isd-with-full-interior-with-15310-768x768.jpg 768w, https:\/\/mouldking.store\/wp-content\/uploads\/2021\/12\/moc-9018-moderately-sized-isd-with-full-interior-with-15310-600x600.jpg 600w, https:\/\/mouldking.store\/wp-content\/uploads\/2021\/12\/moc-9018-moderately-sized-isd-with-full-interior-with-15310-150x150.jpg 150w\" sizes=\"(max-width: 800px) 100vw, 800px\" \/><figcaption id=\"caption-attachment-28684\" class=\"wp-caption-text\">MOC-9018 Moderately Sized ISD with Full Interior with 15310<\/figcaption><\/figure>\n<figure id=\"attachment_28685\" aria-describedby=\"caption-attachment-28685\" style=\"width: 800px\" class=\"wp-caption aligncenter\"><img decoding=\"async\" class=\"size-full wp-image-28685\" title=\"MOC-9018 Moderately Sized ISD with Full Interior with 15310\" src=\"https:\/\/mouldking.store\/wp-content\/uploads\/2021\/12\/moc-9018-moderately-sized-isd-with-full-interior-with-15310-1.jpg\" alt=\"MOC-9018 Moderately Sized ISD with Full Interior with 15310\" width=\"800\" height=\"800\" srcset=\"https:\/\/mouldking.store\/wp-content\/uploads\/2021\/12\/moc-9018-moderately-sized-isd-with-full-interior-with-15310-1.jpg 800w, https:\/\/mouldking.store\/wp-content\/uploads\/2021\/12\/moc-9018-moderately-sized-isd-with-full-interior-with-15310-1-300x300.jpg 300w, https:\/\/mouldking.store\/wp-content\/uploads\/2021\/12\/moc-9018-moderately-sized-isd-with-full-interior-with-15310-1-768x768.jpg 768w, https:\/\/mouldking.store\/wp-content\/uploads\/2021\/12\/moc-9018-moderately-sized-isd-with-full-interior-with-15310-1-600x600.jpg 600w, https:\/\/mouldking.store\/wp-content\/uploads\/2021\/12\/moc-9018-moderately-sized-isd-with-full-interior-with-15310-1-150x150.jpg 150w\" sizes=\"(max-width: 800px) 100vw, 800px\" \/><figcaption id=\"caption-attachment-28685\" class=\"wp-caption-text\">MOC-9018 Moderately Sized ISD with Full Interior with 15310<\/figcaption><\/figure>\n<figure id=\"attachment_28686\" aria-describedby=\"caption-attachment-28686\" style=\"width: 800px\" class=\"wp-caption aligncenter\"><img decoding=\"async\" class=\"size-full wp-image-28686\" title=\"MOC-9018 Moderately Sized ISD with Full Interior with 15310\" src=\"https:\/\/mouldking.store\/wp-content\/uploads\/2021\/12\/moc-9018-moderately-sized-isd-with-full-interior-with-15310-2.jpg\" alt=\"MOC-9018 Moderately Sized ISD with Full Interior with 15310\" width=\"800\" height=\"800\" srcset=\"https:\/\/mouldking.store\/wp-content\/uploads\/2021\/12\/moc-9018-moderately-sized-isd-with-full-interior-with-15310-2.jpg 800w, https:\/\/mouldking.store\/wp-content\/uploads\/2021\/12\/moc-9018-moderately-sized-isd-with-full-interior-with-15310-2-300x300.jpg 300w, https:\/\/mouldking.store\/wp-content\/uploads\/2021\/12\/moc-9018-moderately-sized-isd-with-full-interior-with-15310-2-768x768.jpg 768w, https:\/\/mouldking.store\/wp-content\/uploads\/2021\/12\/moc-9018-moderately-sized-isd-with-full-interior-with-15310-2-600x600.jpg 600w, https:\/\/mouldking.store\/wp-content\/uploads\/2021\/12\/moc-9018-moderately-sized-isd-with-full-interior-with-15310-2-150x150.jpg 150w\" sizes=\"(max-width: 800px) 100vw, 800px\" \/><figcaption id=\"caption-attachment-28686\" class=\"wp-caption-text\">MOC-9018 Moderately Sized ISD with Full Interior with 15310<\/figcaption><\/figure>","protected":false},"excerpt":{"rendered":"<p>Arrangementstid: 4-8 uker<\/p>","protected":false},"featured_media":28687,"comment_status":"open","ping_status":"closed","template":"","meta":{"_acf_changed":false},"product_cat":[415],"product_tag":[4275,4276],"class_list":["product","first","instock","shipping-taxable","purchasable","product-type-simple"],"acf":[],"_links":{"self":[{"href":"https:\/\/mouldking.store\/nb\/wp-json\/wp\/v2\/product\/28683","targetHints":{"allow":["GET"]}}],"collection":[{"href":"https:\/\/mouldking.store\/nb\/wp-json\/wp\/v2\/product"}],"about":[{"href":"https:\/\/mouldking.store\/nb\/wp-json\/wp\/v2\/types\/product"}],"replies":[{"embeddable":true,"href":"https:\/\/mouldking.store\/nb\/wp-json\/wp\/v2\/comments?post=28683"}],"wp:featuredmedia":[{"embeddable":true,"href":"https:\/\/mouldking.store\/nb\/wp-json\/wp\/v2\/media\/28687"}],"wp:attachment":[{"href":"https:\/\/mouldking.store\/nb\/wp-json\/wp\/v2\/media?parent=28683"}],"wp:term":[{"taxonomy":"product_cat","embeddable":true,"href":"https:\/\/mouldking.store\/nb\/wp-json\/wp\/v2\/product_cat?post=28683"},{"taxonomy":"product_tag","embeddable":true,"href":"https:\/\/mouldking.store\/nb\/wp-json\/wp\/v2\/product_tag?post=28683"}],"curies":[{"name":"wp","href":"https:\/\/api.w.org\/{rel}","templated":true}]}}