{"id":28701,"date":"2021-12-21T04:10:41","date_gmt":"2021-12-21T04:10:41","guid":{"rendered":"https:\/\/mouldking.store\/?post_type=product&#038;p=28701"},"modified":"2025-12-25T09:16:51","modified_gmt":"2025-12-25T02:16:51","slug":"moc-42513-escape-the-space-slug-nano-falcon-episode-v-with-256-pieces","status":"publish","type":"product","link":"https:\/\/mouldking.store\/nb\/shop\/moc-42513-escape-the-space-slug-nano-falcon-episode-v-with-256-pieces\/","title":{"rendered":"MOC-42513 Escape The Space Slug-Nano Falcon-Episode V med 256 deler"},"content":{"rendered":"<p>Produktinformasjon:<\/p>\n<ol>\n<li>Merke: MOC<\/li>\n<li>Kj\u00f8nn: Unisex<\/li>\n<li>Name: Escape The Space Slug-Nano Falcon-Episode V<\/li>\n<li>Aldersgruppe: &gt; 6 \u00e5r gammel<\/li>\n<li>Model Number: MOC-42513<\/li>\n<li>Klassifisering: Montering<\/li>\n<li>Plastblokkform: Selvl\u00e5sende murstein<\/li>\n<li>Materiale: Plast<\/li>\n<li>Plasttype: ABS<\/li>\n<li>Bricks Blocks: 256 PCS<\/li>\n<li>Inneholder detaljerte monteringsanvisninger.<\/li>\n<\/ol>\n<p>Legge merke til:<br \/>\n1. Uten original eske, men vi garanterer at v\u00e5re produkter har kvalitetssikring og pen emballasje.<br \/>\n2. Som alle delene vi har sjekket f\u00f8r frakt, s\u00e5 hvis du finner noen deler savnet eller skadet, ikke bekymre deg og bare kontakt oss, s\u00e5 kan vi sende dem til deg p\u00e5 nytt umiddelbart gratis.<\/p>\n<figure id=\"attachment_28702\" aria-describedby=\"caption-attachment-28702\" style=\"width: 800px\" class=\"wp-caption aligncenter\"><img fetchpriority=\"high\" decoding=\"async\" class=\"size-full wp-image-28702\" title=\"MOC-42513 Escape The Space Slug-Nano Falcon-Episode V med 256 deler\" src=\"https:\/\/mouldking.store\/wp-content\/uploads\/2021\/12\/moc-42513-escape-the-space-slug-nano-falcon-episode-v-with-256-pieces.jpg\" alt=\"MOC-42513 Escape The Space Slug-Nano Falcon-Episode V with 256 pieces\" width=\"800\" height=\"800\" srcset=\"https:\/\/mouldking.store\/wp-content\/uploads\/2021\/12\/moc-42513-escape-the-space-slug-nano-falcon-episode-v-with-256-pieces.jpg 800w, https:\/\/mouldking.store\/wp-content\/uploads\/2021\/12\/moc-42513-escape-the-space-slug-nano-falcon-episode-v-with-256-pieces-300x300.jpg 300w, https:\/\/mouldking.store\/wp-content\/uploads\/2021\/12\/moc-42513-escape-the-space-slug-nano-falcon-episode-v-with-256-pieces-768x768.jpg 768w, https:\/\/mouldking.store\/wp-content\/uploads\/2021\/12\/moc-42513-escape-the-space-slug-nano-falcon-episode-v-with-256-pieces-600x600.jpg 600w, https:\/\/mouldking.store\/wp-content\/uploads\/2021\/12\/moc-42513-escape-the-space-slug-nano-falcon-episode-v-with-256-pieces-150x150.jpg 150w\" sizes=\"(max-width: 800px) 100vw, 800px\" \/><figcaption id=\"caption-attachment-28702\" class=\"wp-caption-text\">MOC-42513 Escape The Space Slug-Nano Falcon-Episode V med 256 deler<\/figcaption><\/figure>\n<figure id=\"attachment_28703\" aria-describedby=\"caption-attachment-28703\" style=\"width: 800px\" class=\"wp-caption aligncenter\"><img decoding=\"async\" class=\"size-full wp-image-28703\" title=\"MOC-42513 Escape The Space Slug-Nano Falcon-Episode V med 256 deler\" src=\"https:\/\/mouldking.store\/wp-content\/uploads\/2021\/12\/moc-42513-escape-the-space-slug-nano-falcon-episode-v-with-256-pieces-1.jpg\" alt=\"MOC-42513 Escape The Space Slug-Nano Falcon-Episode V with 256 pieces\" width=\"800\" height=\"800\" srcset=\"https:\/\/mouldking.store\/wp-content\/uploads\/2021\/12\/moc-42513-escape-the-space-slug-nano-falcon-episode-v-with-256-pieces-1.jpg 800w, https:\/\/mouldking.store\/wp-content\/uploads\/2021\/12\/moc-42513-escape-the-space-slug-nano-falcon-episode-v-with-256-pieces-1-300x300.jpg 300w, https:\/\/mouldking.store\/wp-content\/uploads\/2021\/12\/moc-42513-escape-the-space-slug-nano-falcon-episode-v-with-256-pieces-1-768x768.jpg 768w, https:\/\/mouldking.store\/wp-content\/uploads\/2021\/12\/moc-42513-escape-the-space-slug-nano-falcon-episode-v-with-256-pieces-1-600x600.jpg 600w, https:\/\/mouldking.store\/wp-content\/uploads\/2021\/12\/moc-42513-escape-the-space-slug-nano-falcon-episode-v-with-256-pieces-1-150x150.jpg 150w\" sizes=\"(max-width: 800px) 100vw, 800px\" \/><figcaption id=\"caption-attachment-28703\" class=\"wp-caption-text\">MOC-42513 Escape The Space Slug-Nano Falcon-Episode V med 256 deler<\/figcaption><\/figure>\n<figure id=\"attachment_28704\" aria-describedby=\"caption-attachment-28704\" style=\"width: 800px\" class=\"wp-caption aligncenter\"><img decoding=\"async\" class=\"size-full wp-image-28704\" title=\"MOC-42513 Escape The Space Slug-Nano Falcon-Episode V med 256 deler\" src=\"https:\/\/mouldking.store\/wp-content\/uploads\/2021\/12\/moc-42513-escape-the-space-slug-nano-falcon-episode-v-with-256-pieces-2.jpg\" alt=\"MOC-42513 Escape The Space Slug-Nano Falcon-Episode V with 256 pieces\" width=\"800\" height=\"800\" srcset=\"https:\/\/mouldking.store\/wp-content\/uploads\/2021\/12\/moc-42513-escape-the-space-slug-nano-falcon-episode-v-with-256-pieces-2.jpg 800w, https:\/\/mouldking.store\/wp-content\/uploads\/2021\/12\/moc-42513-escape-the-space-slug-nano-falcon-episode-v-with-256-pieces-2-300x300.jpg 300w, https:\/\/mouldking.store\/wp-content\/uploads\/2021\/12\/moc-42513-escape-the-space-slug-nano-falcon-episode-v-with-256-pieces-2-768x768.jpg 768w, https:\/\/mouldking.store\/wp-content\/uploads\/2021\/12\/moc-42513-escape-the-space-slug-nano-falcon-episode-v-with-256-pieces-2-600x600.jpg 600w, https:\/\/mouldking.store\/wp-content\/uploads\/2021\/12\/moc-42513-escape-the-space-slug-nano-falcon-episode-v-with-256-pieces-2-150x150.jpg 150w\" sizes=\"(max-width: 800px) 100vw, 800px\" \/><figcaption id=\"caption-attachment-28704\" class=\"wp-caption-text\">MOC-42513 Escape The Space Slug-Nano Falcon-Episode V med 256 deler<\/figcaption><\/figure>","protected":false},"excerpt":{"rendered":"<p>Product information: Brand: MOC Gender: Unisex Name: Escape The Space Slug-Nano Falcon-Episode V Age Range: &gt; 6 years old Model Number: MOC-42513 Classification: Assemblage Plastic Block Shape: Self-Locking Bricks Material: Plastic Plastic Type: ABS Bricks Blocks: 256 PCS Contains detailed assembly instructions. Notice: 1. Without an original box, but we guarantee our products have quality [&hellip;]<\/p>","protected":false},"featured_media":28705,"comment_status":"open","ping_status":"closed","template":"","meta":{"_acf_changed":false},"product_cat":[415],"product_tag":[4282,4281],"class_list":["product","first","instock","shipping-taxable","purchasable","product-type-simple"],"acf":[],"_links":{"self":[{"href":"https:\/\/mouldking.store\/nb\/wp-json\/wp\/v2\/product\/28701","targetHints":{"allow":["GET"]}}],"collection":[{"href":"https:\/\/mouldking.store\/nb\/wp-json\/wp\/v2\/product"}],"about":[{"href":"https:\/\/mouldking.store\/nb\/wp-json\/wp\/v2\/types\/product"}],"replies":[{"embeddable":true,"href":"https:\/\/mouldking.store\/nb\/wp-json\/wp\/v2\/comments?post=28701"}],"wp:featuredmedia":[{"embeddable":true,"href":"https:\/\/mouldking.store\/nb\/wp-json\/wp\/v2\/media\/28705"}],"wp:attachment":[{"href":"https:\/\/mouldking.store\/nb\/wp-json\/wp\/v2\/media?parent=28701"}],"wp:term":[{"taxonomy":"product_cat","embeddable":true,"href":"https:\/\/mouldking.store\/nb\/wp-json\/wp\/v2\/product_cat?post=28701"},{"taxonomy":"product_tag","embeddable":true,"href":"https:\/\/mouldking.store\/nb\/wp-json\/wp\/v2\/product_tag?post=28701"}],"curies":[{"name":"wp","href":"https:\/\/api.w.org\/{rel}","templated":true}]}}