{"id":28718,"date":"2021-12-21T04:40:20","date_gmt":"2021-12-20T21:40:20","guid":{"rendered":"https:\/\/mouldking.store\/?post_type=product&#038;p=28718"},"modified":"2025-12-25T09:16:50","modified_gmt":"2025-12-25T02:16:50","slug":"moc-4463-audi-r8-v10-second-generation-with-1839-pieces","status":"publish","type":"product","link":"https:\/\/mouldking.store\/nb\/shop\/moc-4463-audi-r8-v10-second-generation-with-1839-pieces\/","title":{"rendered":"MOC-4463 Audi R8 V10 Second Generation with 1839 pieces"},"content":{"rendered":"<p>Produktinformasjon:<\/p>\n<ol>\n<li>Merke: MOC<\/li>\n<li>Kj\u00f8nn: Unisex<\/li>\n<li>Name: Audi R8 V10 Second Generation<\/li>\n<li>Aldersgruppe: &gt; 6 \u00e5r gammel<\/li>\n<li>Model Number: MOC-4463<\/li>\n<li>Klassifisering: Montering<\/li>\n<li>Plastblokkform: Selvl\u00e5sende murstein<\/li>\n<li>Materiale: Plast<\/li>\n<li>Plasttype: ABS<\/li>\n<li>Mursteinsblokker: 1839 STK<\/li>\n<li>Inneholder detaljerte monteringsanvisninger.<\/li>\n<\/ol>\n<p>Legge merke til:<br \/>\n1. Uten original eske, men vi garanterer at v\u00e5re produkter har kvalitetssikring og pen emballasje.<br \/>\n2. Som alle delene vi har sjekket f\u00f8r frakt, s\u00e5 hvis du finner noen deler savnet eller skadet, ikke bekymre deg og bare kontakt oss, s\u00e5 kan vi sende dem til deg p\u00e5 nytt umiddelbart gratis.<\/p>\n<figure id=\"attachment_28719\" aria-describedby=\"caption-attachment-28719\" style=\"width: 800px\" class=\"wp-caption aligncenter\"><img fetchpriority=\"high\" decoding=\"async\" class=\"size-full wp-image-28719\" title=\"MOC-4463 Audi R8 V10 Second Generation with 1839 pieces\" src=\"https:\/\/mouldking.store\/wp-content\/uploads\/2021\/12\/moc-4463-audi-r8-v10-second-generation-with-1839-pieces.png\" alt=\"MOC-4463 Audi R8 V10 Second Generation with 1839 pieces\" width=\"800\" height=\"800\" srcset=\"https:\/\/mouldking.store\/wp-content\/uploads\/2021\/12\/moc-4463-audi-r8-v10-second-generation-with-1839-pieces.png 800w, https:\/\/mouldking.store\/wp-content\/uploads\/2021\/12\/moc-4463-audi-r8-v10-second-generation-with-1839-pieces-300x300.png 300w, https:\/\/mouldking.store\/wp-content\/uploads\/2021\/12\/moc-4463-audi-r8-v10-second-generation-with-1839-pieces-768x768.png 768w, https:\/\/mouldking.store\/wp-content\/uploads\/2021\/12\/moc-4463-audi-r8-v10-second-generation-with-1839-pieces-600x600.png 600w, https:\/\/mouldking.store\/wp-content\/uploads\/2021\/12\/moc-4463-audi-r8-v10-second-generation-with-1839-pieces-150x150.png 150w\" sizes=\"(max-width: 800px) 100vw, 800px\" \/><figcaption id=\"caption-attachment-28719\" class=\"wp-caption-text\">MOC-4463 Audi R8 V10 Second Generation with 1839 pieces<\/figcaption><\/figure>\n<figure id=\"attachment_28720\" aria-describedby=\"caption-attachment-28720\" style=\"width: 800px\" class=\"wp-caption aligncenter\"><img decoding=\"async\" class=\"size-full wp-image-28720\" title=\"MOC-4463 Audi R8 V10 Second Generation with 1839 pieces\" src=\"https:\/\/mouldking.store\/wp-content\/uploads\/2021\/12\/moc-4463-audi-r8-v10-second-generation-with-1839-pieces-1.png\" alt=\"MOC-4463 Audi R8 V10 Second Generation with 1839 pieces\" width=\"800\" height=\"800\" srcset=\"https:\/\/mouldking.store\/wp-content\/uploads\/2021\/12\/moc-4463-audi-r8-v10-second-generation-with-1839-pieces-1.png 800w, https:\/\/mouldking.store\/wp-content\/uploads\/2021\/12\/moc-4463-audi-r8-v10-second-generation-with-1839-pieces-1-300x300.png 300w, https:\/\/mouldking.store\/wp-content\/uploads\/2021\/12\/moc-4463-audi-r8-v10-second-generation-with-1839-pieces-1-768x768.png 768w, https:\/\/mouldking.store\/wp-content\/uploads\/2021\/12\/moc-4463-audi-r8-v10-second-generation-with-1839-pieces-1-600x600.png 600w, https:\/\/mouldking.store\/wp-content\/uploads\/2021\/12\/moc-4463-audi-r8-v10-second-generation-with-1839-pieces-1-150x150.png 150w\" sizes=\"(max-width: 800px) 100vw, 800px\" \/><figcaption id=\"caption-attachment-28720\" class=\"wp-caption-text\">MOC-4463 Audi R8 V10 Second Generation with 1839 pieces<\/figcaption><\/figure>\n<figure id=\"attachment_28721\" aria-describedby=\"caption-attachment-28721\" style=\"width: 800px\" class=\"wp-caption aligncenter\"><img decoding=\"async\" class=\"size-full wp-image-28721\" title=\"MOC-4463 Audi R8 V10 Second Generation with 1839 pieces\" src=\"https:\/\/mouldking.store\/wp-content\/uploads\/2021\/12\/moc-4463-audi-r8-v10-second-generation-with-1839-pieces-2.png\" alt=\"MOC-4463 Audi R8 V10 Second Generation with 1839 pieces\" width=\"800\" height=\"800\" srcset=\"https:\/\/mouldking.store\/wp-content\/uploads\/2021\/12\/moc-4463-audi-r8-v10-second-generation-with-1839-pieces-2.png 800w, https:\/\/mouldking.store\/wp-content\/uploads\/2021\/12\/moc-4463-audi-r8-v10-second-generation-with-1839-pieces-2-300x300.png 300w, https:\/\/mouldking.store\/wp-content\/uploads\/2021\/12\/moc-4463-audi-r8-v10-second-generation-with-1839-pieces-2-768x768.png 768w, https:\/\/mouldking.store\/wp-content\/uploads\/2021\/12\/moc-4463-audi-r8-v10-second-generation-with-1839-pieces-2-600x600.png 600w, https:\/\/mouldking.store\/wp-content\/uploads\/2021\/12\/moc-4463-audi-r8-v10-second-generation-with-1839-pieces-2-150x150.png 150w\" sizes=\"(max-width: 800px) 100vw, 800px\" \/><figcaption id=\"caption-attachment-28721\" class=\"wp-caption-text\">MOC-4463 Audi R8 V10 Second Generation with 1839 pieces<\/figcaption><\/figure>","protected":false},"excerpt":{"rendered":"<p>Product information: Brand: MOC Gender: Unisex Name: Audi R8 V10 Second Generation Age Range: &gt; 6 years old Model Number: MOC-4463 Classification: Assemblage Plastic Block Shape: Self-Locking Bricks Material: Plastic Plastic Type: ABS Bricks Blocks: 1839 PCS Contains detailed assembly instructions. Notice: 1. Without an original box, but we guarantee our products have quality assurance [&hellip;]<\/p>","protected":false},"featured_media":28722,"comment_status":"open","ping_status":"closed","template":"","meta":{"_acf_changed":false},"product_cat":[364],"product_tag":[816,817],"class_list":["product","first","instock","shipping-taxable","purchasable","product-type-simple"],"acf":[],"_links":{"self":[{"href":"https:\/\/mouldking.store\/nb\/wp-json\/wp\/v2\/product\/28718","targetHints":{"allow":["GET"]}}],"collection":[{"href":"https:\/\/mouldking.store\/nb\/wp-json\/wp\/v2\/product"}],"about":[{"href":"https:\/\/mouldking.store\/nb\/wp-json\/wp\/v2\/types\/product"}],"replies":[{"embeddable":true,"href":"https:\/\/mouldking.store\/nb\/wp-json\/wp\/v2\/comments?post=28718"}],"wp:featuredmedia":[{"embeddable":true,"href":"https:\/\/mouldking.store\/nb\/wp-json\/wp\/v2\/media\/28722"}],"wp:attachment":[{"href":"https:\/\/mouldking.store\/nb\/wp-json\/wp\/v2\/media?parent=28718"}],"wp:term":[{"taxonomy":"product_cat","embeddable":true,"href":"https:\/\/mouldking.store\/nb\/wp-json\/wp\/v2\/product_cat?post=28718"},{"taxonomy":"product_tag","embeddable":true,"href":"https:\/\/mouldking.store\/nb\/wp-json\/wp\/v2\/product_tag?post=28718"}],"curies":[{"name":"wp","href":"https:\/\/api.w.org\/{rel}","templated":true}]}}