{"id":28841,"date":"2021-12-28T04:14:41","date_gmt":"2021-12-27T21:14:41","guid":{"rendered":"https:\/\/mouldking.store\/?post_type=product&#038;p=28841"},"modified":"2025-12-25T09:16:49","modified_gmt":"2025-12-25T02:16:49","slug":"moc-36695-tantive-iv-micro-scale-fleet-scale-with-675-pieces","status":"publish","type":"product","link":"https:\/\/mouldking.store\/nb\/shop\/moc-36695-tantive-iv-micro-scale-fleet-scale-with-675-pieces\/","title":{"rendered":"MOC-36695 Tantive IV Micro Scale Fleet Scale med 675 deler"},"content":{"rendered":"<p>Produktinformasjon:<\/p>\n<ol>\n<li>Merke: MOC<\/li>\n<li>Kj\u00f8nn: Unisex<\/li>\n<li>Navn: Tantive IV Micro Scale Fleet Scale<\/li>\n<li>Aldersgruppe: &gt; 6 \u00e5r gammel<\/li>\n<li>Modellnummer: MOC-36695<\/li>\n<li>Klassifisering: Montering<\/li>\n<li>Plastblokkform: Selvl\u00e5sende murstein<\/li>\n<li>Materiale: Plast<\/li>\n<li>Plasttype: ABS<\/li>\n<li>Mursteinsblokker: 675 STK<\/li>\n<li>Inneholder detaljerte monteringsanvisninger.<\/li>\n<li>Tidsbestemt: 4-8 uker<\/li>\n<\/ol>\n<p>Legge merke til:<br \/>\n1. Uten original eske, men vi garanterer at v\u00e5re produkter har kvalitetssikring og pen emballasje.<br \/>\n2. Som alle delene vi har sjekket f\u00f8r frakt, s\u00e5 hvis du finner noen deler savnet eller skadet, ikke bekymre deg og bare kontakt oss, s\u00e5 kan vi sende dem til deg p\u00e5 nytt umiddelbart gratis.<\/p>\n<figure id=\"attachment_28844\" aria-describedby=\"caption-attachment-28844\" style=\"width: 800px\" class=\"wp-caption aligncenter\"><img fetchpriority=\"high\" decoding=\"async\" class=\"size-full wp-image-28844\" title=\"MOC-36695 Tantive IV Micro Scale Fleet Scale med 675 deler\" src=\"https:\/\/mouldking.store\/wp-content\/uploads\/2021\/12\/moc-36695-tantive-iv-micro-scale-fleet-scale-with-675-pieces-1.jpg\" alt=\"MOC-36695 Tantive IV Micro Scale Fleet Scale with 675 pieces\" width=\"800\" height=\"800\" srcset=\"https:\/\/mouldking.store\/wp-content\/uploads\/2021\/12\/moc-36695-tantive-iv-micro-scale-fleet-scale-with-675-pieces-1.jpg 800w, https:\/\/mouldking.store\/wp-content\/uploads\/2021\/12\/moc-36695-tantive-iv-micro-scale-fleet-scale-with-675-pieces-1-300x300.jpg 300w, https:\/\/mouldking.store\/wp-content\/uploads\/2021\/12\/moc-36695-tantive-iv-micro-scale-fleet-scale-with-675-pieces-1-768x768.jpg 768w, https:\/\/mouldking.store\/wp-content\/uploads\/2021\/12\/moc-36695-tantive-iv-micro-scale-fleet-scale-with-675-pieces-1-600x600.jpg 600w, https:\/\/mouldking.store\/wp-content\/uploads\/2021\/12\/moc-36695-tantive-iv-micro-scale-fleet-scale-with-675-pieces-1-150x150.jpg 150w\" sizes=\"(max-width: 800px) 100vw, 800px\" \/><figcaption id=\"caption-attachment-28844\" class=\"wp-caption-text\">MOC-36695 Tantive IV Micro Scale Fleet Scale med 675 deler<\/figcaption><\/figure>\n<figure id=\"attachment_28845\" aria-describedby=\"caption-attachment-28845\" style=\"width: 800px\" class=\"wp-caption aligncenter\"><img decoding=\"async\" class=\"size-full wp-image-28845\" title=\"MOC-36695 Tantive IV Micro Scale Fleet Scale med 675 deler\" src=\"https:\/\/mouldking.store\/wp-content\/uploads\/2021\/12\/moc-36695-tantive-iv-micro-scale-fleet-scale-with-675-pieces-1.png\" alt=\"MOC-36695 Tantive IV Micro Scale Fleet Scale with 675 pieces\" width=\"800\" height=\"800\" srcset=\"https:\/\/mouldking.store\/wp-content\/uploads\/2021\/12\/moc-36695-tantive-iv-micro-scale-fleet-scale-with-675-pieces-1.png 800w, https:\/\/mouldking.store\/wp-content\/uploads\/2021\/12\/moc-36695-tantive-iv-micro-scale-fleet-scale-with-675-pieces-1-300x300.png 300w, https:\/\/mouldking.store\/wp-content\/uploads\/2021\/12\/moc-36695-tantive-iv-micro-scale-fleet-scale-with-675-pieces-1-768x768.png 768w, https:\/\/mouldking.store\/wp-content\/uploads\/2021\/12\/moc-36695-tantive-iv-micro-scale-fleet-scale-with-675-pieces-1-600x600.png 600w, https:\/\/mouldking.store\/wp-content\/uploads\/2021\/12\/moc-36695-tantive-iv-micro-scale-fleet-scale-with-675-pieces-1-150x150.png 150w\" sizes=\"(max-width: 800px) 100vw, 800px\" \/><figcaption id=\"caption-attachment-28845\" class=\"wp-caption-text\">MOC-36695 Tantive IV Micro Scale Fleet Scale med 675 deler<\/figcaption><\/figure>\n<figure id=\"attachment_28846\" aria-describedby=\"caption-attachment-28846\" style=\"width: 800px\" class=\"wp-caption aligncenter\"><img decoding=\"async\" class=\"size-full wp-image-28846\" title=\"MOC-36695 Tantive IV Micro Scale Fleet Scale med 675 deler\" src=\"https:\/\/mouldking.store\/wp-content\/uploads\/2021\/12\/moc-36695-tantive-iv-micro-scale-fleet-scale-with-675-pieces-2.png\" alt=\"MOC-36695 Tantive IV Micro Scale Fleet Scale with 675 pieces\" width=\"800\" height=\"800\" srcset=\"https:\/\/mouldking.store\/wp-content\/uploads\/2021\/12\/moc-36695-tantive-iv-micro-scale-fleet-scale-with-675-pieces-2.png 800w, https:\/\/mouldking.store\/wp-content\/uploads\/2021\/12\/moc-36695-tantive-iv-micro-scale-fleet-scale-with-675-pieces-2-300x300.png 300w, https:\/\/mouldking.store\/wp-content\/uploads\/2021\/12\/moc-36695-tantive-iv-micro-scale-fleet-scale-with-675-pieces-2-768x768.png 768w, https:\/\/mouldking.store\/wp-content\/uploads\/2021\/12\/moc-36695-tantive-iv-micro-scale-fleet-scale-with-675-pieces-2-600x600.png 600w, https:\/\/mouldking.store\/wp-content\/uploads\/2021\/12\/moc-36695-tantive-iv-micro-scale-fleet-scale-with-675-pieces-2-150x150.png 150w\" sizes=\"(max-width: 800px) 100vw, 800px\" \/><figcaption id=\"caption-attachment-28846\" class=\"wp-caption-text\">MOC-36695 Tantive IV Micro Scale Fleet Scale med 675 deler<\/figcaption><\/figure>","protected":false},"excerpt":{"rendered":"<p>Product information: Brand: MOC Gender: Unisex Name: Tantive IV Micro Scale Fleet Scale Age Range: &gt; 6 years old Model Number: MOC-36695 Classification: Assemblage Plastic Block Shape: Self-Locking Bricks Material: Plastic Plastic Type: ABS Bricks Blocks: 675 PCS Contains detailed assembly instructions. Time arrange: 4-8 weeks Notice: 1. Without an original box, but we guarantee [&hellip;]<\/p>","protected":false},"featured_media":28848,"comment_status":"open","ping_status":"closed","template":"","meta":{"_acf_changed":false},"product_cat":[415],"product_tag":[4329,4330],"class_list":["product","first","instock","shipping-taxable","purchasable","product-type-simple"],"acf":[],"_links":{"self":[{"href":"https:\/\/mouldking.store\/nb\/wp-json\/wp\/v2\/product\/28841","targetHints":{"allow":["GET"]}}],"collection":[{"href":"https:\/\/mouldking.store\/nb\/wp-json\/wp\/v2\/product"}],"about":[{"href":"https:\/\/mouldking.store\/nb\/wp-json\/wp\/v2\/types\/product"}],"replies":[{"embeddable":true,"href":"https:\/\/mouldking.store\/nb\/wp-json\/wp\/v2\/comments?post=28841"}],"wp:featuredmedia":[{"embeddable":true,"href":"https:\/\/mouldking.store\/nb\/wp-json\/wp\/v2\/media\/28848"}],"wp:attachment":[{"href":"https:\/\/mouldking.store\/nb\/wp-json\/wp\/v2\/media?parent=28841"}],"wp:term":[{"taxonomy":"product_cat","embeddable":true,"href":"https:\/\/mouldking.store\/nb\/wp-json\/wp\/v2\/product_cat?post=28841"},{"taxonomy":"product_tag","embeddable":true,"href":"https:\/\/mouldking.store\/nb\/wp-json\/wp\/v2\/product_tag?post=28841"}],"curies":[{"name":"wp","href":"https:\/\/api.w.org\/{rel}","templated":true}]}}