{"id":28852,"date":"2021-12-28T04:33:08","date_gmt":"2021-12-27T21:33:08","guid":{"rendered":"https:\/\/mouldking.store\/?post_type=product&#038;p=28852"},"modified":"2025-12-25T09:16:48","modified_gmt":"2025-12-25T02:16:48","slug":"moc-37121-star-wars-venator-republic-attack-cruiser-with-830-pieces","status":"publish","type":"product","link":"https:\/\/mouldking.store\/nb\/shop\/moc-37121-star-wars-venator-republic-attack-cruiser-with-830-pieces\/","title":{"rendered":"MOC-37121 Star Wars Venator Republic Attack Cruiser med 830 stk"},"content":{"rendered":"<p>Produktinformasjon:<\/p>\n<ol>\n<li>Merke: MOC<\/li>\n<li>Kj\u00f8nn: Unisex<\/li>\n<li>Name: Star Wars Venator Republic Attack Cruiser<\/li>\n<li>Aldersgruppe: &gt; 6 \u00e5r gammel<\/li>\n<li>Model Number: MOC-37121<\/li>\n<li>Klassifisering: Montering<\/li>\n<li>Plastblokkform: Selvl\u00e5sende murstein<\/li>\n<li>Materiale: Plast<\/li>\n<li>Plasttype: ABS<\/li>\n<li>Bricks Blocks: 830 PCS<\/li>\n<li>Inneholder detaljerte monteringsanvisninger.<\/li>\n<\/ol>\n<p>Legge merke til:<br \/>\n1. Uten original eske, men vi garanterer at v\u00e5re produkter har kvalitetssikring og pen emballasje.<br \/>\n2. Som alle delene vi har sjekket f\u00f8r frakt, s\u00e5 hvis du finner noen deler savnet eller skadet, ikke bekymre deg og bare kontakt oss, s\u00e5 kan vi sende dem til deg p\u00e5 nytt umiddelbart gratis.<\/p>\n<figure id=\"attachment_28853\" aria-describedby=\"caption-attachment-28853\" style=\"width: 800px\" class=\"wp-caption aligncenter\"><img fetchpriority=\"high\" decoding=\"async\" class=\"size-full wp-image-28853\" title=\"MOC-37121 Star Wars Venator Republic Attack Cruiser med 830 stk\" src=\"https:\/\/mouldking.store\/wp-content\/uploads\/2021\/12\/moc-37121-star-wars-venator-republic-attack-cruiser-with-830-pieces.jpg\" alt=\"MOC-37121 Star Wars Venator Republic Attack Cruiser with 830 pieces\" width=\"800\" height=\"800\" srcset=\"https:\/\/mouldking.store\/wp-content\/uploads\/2021\/12\/moc-37121-star-wars-venator-republic-attack-cruiser-with-830-pieces.jpg 800w, https:\/\/mouldking.store\/wp-content\/uploads\/2021\/12\/moc-37121-star-wars-venator-republic-attack-cruiser-with-830-pieces-300x300.jpg 300w, https:\/\/mouldking.store\/wp-content\/uploads\/2021\/12\/moc-37121-star-wars-venator-republic-attack-cruiser-with-830-pieces-768x768.jpg 768w, https:\/\/mouldking.store\/wp-content\/uploads\/2021\/12\/moc-37121-star-wars-venator-republic-attack-cruiser-with-830-pieces-600x600.jpg 600w, https:\/\/mouldking.store\/wp-content\/uploads\/2021\/12\/moc-37121-star-wars-venator-republic-attack-cruiser-with-830-pieces-150x150.jpg 150w\" sizes=\"(max-width: 800px) 100vw, 800px\" \/><figcaption id=\"caption-attachment-28853\" class=\"wp-caption-text\">MOC-37121 Star Wars Venator Republic Attack Cruiser med 830 stk<\/figcaption><\/figure>\n<figure id=\"attachment_28854\" aria-describedby=\"caption-attachment-28854\" style=\"width: 800px\" class=\"wp-caption aligncenter\"><img decoding=\"async\" class=\"size-full wp-image-28854\" title=\"MOC-37121 Star Wars Venator Republic Attack Cruiser med 830 stk\" src=\"https:\/\/mouldking.store\/wp-content\/uploads\/2021\/12\/moc-37121-star-wars-venator-republic-attack-cruiser-with-830-pieces-1.jpg\" alt=\"MOC-37121 Star Wars Venator Republic Attack Cruiser with 830 pieces\" width=\"800\" height=\"800\" srcset=\"https:\/\/mouldking.store\/wp-content\/uploads\/2021\/12\/moc-37121-star-wars-venator-republic-attack-cruiser-with-830-pieces-1.jpg 800w, https:\/\/mouldking.store\/wp-content\/uploads\/2021\/12\/moc-37121-star-wars-venator-republic-attack-cruiser-with-830-pieces-1-300x300.jpg 300w, https:\/\/mouldking.store\/wp-content\/uploads\/2021\/12\/moc-37121-star-wars-venator-republic-attack-cruiser-with-830-pieces-1-768x768.jpg 768w, https:\/\/mouldking.store\/wp-content\/uploads\/2021\/12\/moc-37121-star-wars-venator-republic-attack-cruiser-with-830-pieces-1-600x600.jpg 600w, https:\/\/mouldking.store\/wp-content\/uploads\/2021\/12\/moc-37121-star-wars-venator-republic-attack-cruiser-with-830-pieces-1-150x150.jpg 150w\" sizes=\"(max-width: 800px) 100vw, 800px\" \/><figcaption id=\"caption-attachment-28854\" class=\"wp-caption-text\">MOC-37121 Star Wars Venator Republic Attack Cruiser med 830 stk<\/figcaption><\/figure>\n<p>&nbsp;<\/p>","protected":false},"excerpt":{"rendered":"<p>Product information: Brand: MOC Gender: Unisex Name: Star Wars Venator Republic Attack Cruiser Age Range: &gt; 6 years old Model Number: MOC-37121 Classification: Assemblage Plastic Block Shape: Self-Locking Bricks Material: Plastic Plastic Type: ABS Bricks Blocks: 830 PCS Contains detailed assembly instructions. Notice: 1. Without an original box, but we guarantee our products have quality [&hellip;]<\/p>","protected":false},"featured_media":28855,"comment_status":"open","ping_status":"closed","template":"","meta":{"_acf_changed":false},"product_cat":[415],"product_tag":[4333,4334],"class_list":["product","first","instock","shipping-taxable","purchasable","product-type-simple"],"acf":[],"_links":{"self":[{"href":"https:\/\/mouldking.store\/nb\/wp-json\/wp\/v2\/product\/28852","targetHints":{"allow":["GET"]}}],"collection":[{"href":"https:\/\/mouldking.store\/nb\/wp-json\/wp\/v2\/product"}],"about":[{"href":"https:\/\/mouldking.store\/nb\/wp-json\/wp\/v2\/types\/product"}],"replies":[{"embeddable":true,"href":"https:\/\/mouldking.store\/nb\/wp-json\/wp\/v2\/comments?post=28852"}],"wp:featuredmedia":[{"embeddable":true,"href":"https:\/\/mouldking.store\/nb\/wp-json\/wp\/v2\/media\/28855"}],"wp:attachment":[{"href":"https:\/\/mouldking.store\/nb\/wp-json\/wp\/v2\/media?parent=28852"}],"wp:term":[{"taxonomy":"product_cat","embeddable":true,"href":"https:\/\/mouldking.store\/nb\/wp-json\/wp\/v2\/product_cat?post=28852"},{"taxonomy":"product_tag","embeddable":true,"href":"https:\/\/mouldking.store\/nb\/wp-json\/wp\/v2\/product_tag?post=28852"}],"curies":[{"name":"wp","href":"https:\/\/api.w.org\/{rel}","templated":true}]}}