{"id":28917,"date":"2021-12-30T03:45:25","date_gmt":"2021-12-29T20:45:25","guid":{"rendered":"https:\/\/mouldking.store\/?post_type=product&#038;p=28917"},"modified":"2025-12-25T09:16:48","modified_gmt":"2025-12-25T02:16:48","slug":"moc-24500-honda-s2000-ap2-with-1648-pieces","status":"publish","type":"product","link":"https:\/\/mouldking.store\/nb\/shop\/moc-24500-honda-s2000-ap2-with-1648-pieces\/","title":{"rendered":"MOC-24500 Honda S2000 AP2 med 1648 stk"},"content":{"rendered":"<p>Produktinformasjon:<\/p>\n<ol>\n<li>Merke: MOC<\/li>\n<li>Kj\u00f8nn: Unisex<\/li>\n<li>Name: Honda S2000 AP2<\/li>\n<li>Aldersgruppe: &gt; 6 \u00e5r gammel<\/li>\n<li>Model Number: MOC-24500<\/li>\n<li>Klassifisering: Montering<\/li>\n<li>Plastblokkform: Selvl\u00e5sende murstein<\/li>\n<li>Materiale: Plast<\/li>\n<li>Plasttype: ABS<\/li>\n<li>Bricks Blocks: 1648 PCS<\/li>\n<li>Inneholder detaljerte monteringsanvisninger.<\/li>\n<li>Arrangementstid: 5-7 uker<\/li>\n<\/ol>\n<p>Legge merke til:<br \/>\n1. Uten original eske, men vi garanterer at v\u00e5re produkter har kvalitetssikring og pen emballasje.<br \/>\n2. Som alle delene vi har sjekket f\u00f8r frakt, s\u00e5 hvis du finner noen deler savnet eller skadet, ikke bekymre deg og bare kontakt oss, s\u00e5 kan vi sende dem til deg p\u00e5 nytt umiddelbart gratis.<\/p>\n<figure id=\"attachment_28918\" aria-describedby=\"caption-attachment-28918\" style=\"width: 800px\" class=\"wp-caption aligncenter\"><img fetchpriority=\"high\" decoding=\"async\" class=\"size-full wp-image-28918\" title=\"MOC-24500 Honda S2000 AP2 med 1648 stk\" src=\"https:\/\/mouldking.store\/wp-content\/uploads\/2021\/12\/moc-24500-honda-s2000-ap2-with-1648-pieces.jpg\" alt=\"MOC-24500 Honda S2000 AP2 with 1648 pieces\" width=\"800\" height=\"800\" srcset=\"https:\/\/mouldking.store\/wp-content\/uploads\/2021\/12\/moc-24500-honda-s2000-ap2-with-1648-pieces.jpg 800w, https:\/\/mouldking.store\/wp-content\/uploads\/2021\/12\/moc-24500-honda-s2000-ap2-with-1648-pieces-300x300.jpg 300w, https:\/\/mouldking.store\/wp-content\/uploads\/2021\/12\/moc-24500-honda-s2000-ap2-with-1648-pieces-768x768.jpg 768w, https:\/\/mouldking.store\/wp-content\/uploads\/2021\/12\/moc-24500-honda-s2000-ap2-with-1648-pieces-600x600.jpg 600w, https:\/\/mouldking.store\/wp-content\/uploads\/2021\/12\/moc-24500-honda-s2000-ap2-with-1648-pieces-150x150.jpg 150w\" sizes=\"(max-width: 800px) 100vw, 800px\" \/><figcaption id=\"caption-attachment-28918\" class=\"wp-caption-text\">MOC-24500 Honda S2000 AP2 med 1648 stk<\/figcaption><\/figure>\n<figure id=\"attachment_28919\" aria-describedby=\"caption-attachment-28919\" style=\"width: 800px\" class=\"wp-caption aligncenter\"><img decoding=\"async\" class=\"size-full wp-image-28919\" title=\"MOC-24500 Honda S2000 AP2 med 1648 stk\" src=\"https:\/\/mouldking.store\/wp-content\/uploads\/2021\/12\/moc-24500-honda-s2000-ap2-with-1648-pieces-1.jpg\" alt=\"MOC-24500 Honda S2000 AP2 with 1648 pieces\" width=\"800\" height=\"800\" srcset=\"https:\/\/mouldking.store\/wp-content\/uploads\/2021\/12\/moc-24500-honda-s2000-ap2-with-1648-pieces-1.jpg 800w, https:\/\/mouldking.store\/wp-content\/uploads\/2021\/12\/moc-24500-honda-s2000-ap2-with-1648-pieces-1-300x300.jpg 300w, https:\/\/mouldking.store\/wp-content\/uploads\/2021\/12\/moc-24500-honda-s2000-ap2-with-1648-pieces-1-768x768.jpg 768w, https:\/\/mouldking.store\/wp-content\/uploads\/2021\/12\/moc-24500-honda-s2000-ap2-with-1648-pieces-1-600x600.jpg 600w, https:\/\/mouldking.store\/wp-content\/uploads\/2021\/12\/moc-24500-honda-s2000-ap2-with-1648-pieces-1-150x150.jpg 150w\" sizes=\"(max-width: 800px) 100vw, 800px\" \/><figcaption id=\"caption-attachment-28919\" class=\"wp-caption-text\">MOC-24500 Honda S2000 AP2 med 1648 stk<\/figcaption><\/figure>\n<figure id=\"attachment_28920\" aria-describedby=\"caption-attachment-28920\" style=\"width: 800px\" class=\"wp-caption aligncenter\"><img decoding=\"async\" class=\"size-full wp-image-28920\" title=\"MOC-24500 Honda S2000 AP2 med 1648 stk\" src=\"https:\/\/mouldking.store\/wp-content\/uploads\/2021\/12\/moc-24500-honda-s2000-ap2-with-1648-pieces-2.jpg\" alt=\"MOC-24500 Honda S2000 AP2 with 1648 pieces\" width=\"800\" height=\"800\" srcset=\"https:\/\/mouldking.store\/wp-content\/uploads\/2021\/12\/moc-24500-honda-s2000-ap2-with-1648-pieces-2.jpg 800w, https:\/\/mouldking.store\/wp-content\/uploads\/2021\/12\/moc-24500-honda-s2000-ap2-with-1648-pieces-2-300x300.jpg 300w, https:\/\/mouldking.store\/wp-content\/uploads\/2021\/12\/moc-24500-honda-s2000-ap2-with-1648-pieces-2-768x768.jpg 768w, https:\/\/mouldking.store\/wp-content\/uploads\/2021\/12\/moc-24500-honda-s2000-ap2-with-1648-pieces-2-600x600.jpg 600w, https:\/\/mouldking.store\/wp-content\/uploads\/2021\/12\/moc-24500-honda-s2000-ap2-with-1648-pieces-2-150x150.jpg 150w\" sizes=\"(max-width: 800px) 100vw, 800px\" \/><figcaption id=\"caption-attachment-28920\" class=\"wp-caption-text\">MOC-24500 Honda S2000 AP2 med 1648 stk<\/figcaption><\/figure>","protected":false},"excerpt":{"rendered":"<p>Product information: Brand: MOC Gender: Unisex Name: Honda S2000 AP2 Age Range: &gt; 6 years old Model Number: MOC-24500 Classification: Assemblage Plastic Block Shape: Self-Locking Bricks Material: Plastic Plastic Type: ABS Bricks Blocks: 1648 PCS Contains detailed assembly instructions. Arrange Time: 5-7 weeks Notice: 1. Without an original box, but we guarantee our products have [&hellip;]<\/p>","protected":false},"featured_media":28921,"comment_status":"open","ping_status":"closed","template":"","meta":{"_acf_changed":false},"product_cat":[364],"product_tag":[4360,4359],"class_list":["product","first","instock","shipping-taxable","purchasable","product-type-simple"],"acf":[],"_links":{"self":[{"href":"https:\/\/mouldking.store\/nb\/wp-json\/wp\/v2\/product\/28917","targetHints":{"allow":["GET"]}}],"collection":[{"href":"https:\/\/mouldking.store\/nb\/wp-json\/wp\/v2\/product"}],"about":[{"href":"https:\/\/mouldking.store\/nb\/wp-json\/wp\/v2\/types\/product"}],"replies":[{"embeddable":true,"href":"https:\/\/mouldking.store\/nb\/wp-json\/wp\/v2\/comments?post=28917"}],"wp:featuredmedia":[{"embeddable":true,"href":"https:\/\/mouldking.store\/nb\/wp-json\/wp\/v2\/media\/28921"}],"wp:attachment":[{"href":"https:\/\/mouldking.store\/nb\/wp-json\/wp\/v2\/media?parent=28917"}],"wp:term":[{"taxonomy":"product_cat","embeddable":true,"href":"https:\/\/mouldking.store\/nb\/wp-json\/wp\/v2\/product_cat?post=28917"},{"taxonomy":"product_tag","embeddable":true,"href":"https:\/\/mouldking.store\/nb\/wp-json\/wp\/v2\/product_tag?post=28917"}],"curies":[{"name":"wp","href":"https:\/\/api.w.org\/{rel}","templated":true}]}}