{"id":28930,"date":"2021-12-30T04:26:36","date_gmt":"2021-12-30T04:26:36","guid":{"rendered":"https:\/\/mouldking.store\/?post_type=product&#038;p=28930"},"modified":"2025-12-25T09:16:48","modified_gmt":"2025-12-25T02:16:48","slug":"moc-18013-the-simpsons-spingfield-skyline-architecture-with-369-pieces","status":"publish","type":"product","link":"https:\/\/mouldking.store\/nb\/shop\/moc-18013-the-simpsons-spingfield-skyline-architecture-with-369-pieces\/","title":{"rendered":"MOC-18013 The Simpsons Spingfield Skyline Architecture med 369 deler"},"content":{"rendered":"<p>Produktinformasjon:<\/p>\n<ol>\n<li>Merke: MOC<\/li>\n<li>Kj\u00f8nn: Unisex<\/li>\n<li>Navn: The Simpsons Spingfield Skyline Architecture<\/li>\n<li>Aldersgruppe: &gt; 6 \u00e5r gammel<\/li>\n<li>Modellnummer: MOC-18013<\/li>\n<li>Klassifisering: Montering<\/li>\n<li>Plastblokkform: Selvl\u00e5sende murstein<\/li>\n<li>Materiale: Plast<\/li>\n<li>Plasttype: ABS<\/li>\n<li>Mursteinsblokker: 369 STK<\/li>\n<li>Inneholder detaljerte monteringsanvisninger.<\/li>\n<\/ol>\n<p>Legge merke til:<br \/>\n1. Uten original eske, men vi garanterer at v\u00e5re produkter har kvalitetssikring og pen emballasje.<br \/>\n2. Som alle delene vi har sjekket f\u00f8r frakt, s\u00e5 hvis du finner noen deler savnet eller skadet, ikke bekymre deg og bare kontakt oss, s\u00e5 kan vi sende dem til deg p\u00e5 nytt umiddelbart gratis.<\/p>\n<figure id=\"attachment_28931\" aria-describedby=\"caption-attachment-28931\" style=\"width: 800px\" class=\"wp-caption aligncenter\"><img fetchpriority=\"high\" decoding=\"async\" class=\"size-full wp-image-28931\" title=\"MOC-18013 The Simpsons Spingfield Skyline Architecture med 369 deler\" src=\"https:\/\/mouldking.store\/wp-content\/uploads\/2021\/12\/moc-18013-the-simpsons-spingfield-skyline-architecture-with-369-pieces.jpg\" alt=\"MOC-18013 The Simpsons Spingfield Skyline Architecture with 369 pieces\" width=\"800\" height=\"800\" srcset=\"https:\/\/mouldking.store\/wp-content\/uploads\/2021\/12\/moc-18013-the-simpsons-spingfield-skyline-architecture-with-369-pieces.jpg 800w, https:\/\/mouldking.store\/wp-content\/uploads\/2021\/12\/moc-18013-the-simpsons-spingfield-skyline-architecture-with-369-pieces-300x300.jpg 300w, https:\/\/mouldking.store\/wp-content\/uploads\/2021\/12\/moc-18013-the-simpsons-spingfield-skyline-architecture-with-369-pieces-768x768.jpg 768w, https:\/\/mouldking.store\/wp-content\/uploads\/2021\/12\/moc-18013-the-simpsons-spingfield-skyline-architecture-with-369-pieces-600x600.jpg 600w, https:\/\/mouldking.store\/wp-content\/uploads\/2021\/12\/moc-18013-the-simpsons-spingfield-skyline-architecture-with-369-pieces-150x150.jpg 150w\" sizes=\"(max-width: 800px) 100vw, 800px\" \/><figcaption id=\"caption-attachment-28931\" class=\"wp-caption-text\">MOC-18013 The Simpsons Spingfield Skyline Architecture med 369 deler<\/figcaption><\/figure>\n<figure id=\"attachment_28932\" aria-describedby=\"caption-attachment-28932\" style=\"width: 800px\" class=\"wp-caption aligncenter\"><img decoding=\"async\" class=\"size-full wp-image-28932\" title=\"MOC-18013 The Simpsons Spingfield Skyline Architecture med 369 deler\" src=\"https:\/\/mouldking.store\/wp-content\/uploads\/2021\/12\/moc-18013-the-simpsons-spingfield-skyline-architecture-with-369-pieces-1.jpg\" alt=\"MOC-18013 The Simpsons Spingfield Skyline Architecture with 369 pieces\" width=\"800\" height=\"800\" srcset=\"https:\/\/mouldking.store\/wp-content\/uploads\/2021\/12\/moc-18013-the-simpsons-spingfield-skyline-architecture-with-369-pieces-1.jpg 800w, https:\/\/mouldking.store\/wp-content\/uploads\/2021\/12\/moc-18013-the-simpsons-spingfield-skyline-architecture-with-369-pieces-1-300x300.jpg 300w, https:\/\/mouldking.store\/wp-content\/uploads\/2021\/12\/moc-18013-the-simpsons-spingfield-skyline-architecture-with-369-pieces-1-768x768.jpg 768w, https:\/\/mouldking.store\/wp-content\/uploads\/2021\/12\/moc-18013-the-simpsons-spingfield-skyline-architecture-with-369-pieces-1-600x600.jpg 600w, https:\/\/mouldking.store\/wp-content\/uploads\/2021\/12\/moc-18013-the-simpsons-spingfield-skyline-architecture-with-369-pieces-1-150x150.jpg 150w\" sizes=\"(max-width: 800px) 100vw, 800px\" \/><figcaption id=\"caption-attachment-28932\" class=\"wp-caption-text\">MOC-18013 The Simpsons Spingfield Skyline Architecture med 369 deler<\/figcaption><\/figure>","protected":false},"excerpt":{"rendered":"<p>Product information: Brand: MOC Gender: Unisex Name: The Simpsons Spingfield Skyline Architecture Age Range: &gt; 6 years old Model Number: MOC-18013 Classification: Assemblage Plastic Block Shape: Self-Locking Bricks Material: Plastic Plastic Type: ABS Bricks Blocks: 369PCS Contains detailed assembly instructions. Notice: 1. Without an original box, but we guarantee our products have quality assurance and [&hellip;]<\/p>","protected":false},"featured_media":28933,"comment_status":"open","ping_status":"closed","template":"","meta":{"_acf_changed":false},"product_cat":[390],"product_tag":[4365,4366],"class_list":["product","first","instock","shipping-taxable","purchasable","product-type-simple"],"acf":[],"_links":{"self":[{"href":"https:\/\/mouldking.store\/nb\/wp-json\/wp\/v2\/product\/28930","targetHints":{"allow":["GET"]}}],"collection":[{"href":"https:\/\/mouldking.store\/nb\/wp-json\/wp\/v2\/product"}],"about":[{"href":"https:\/\/mouldking.store\/nb\/wp-json\/wp\/v2\/types\/product"}],"replies":[{"embeddable":true,"href":"https:\/\/mouldking.store\/nb\/wp-json\/wp\/v2\/comments?post=28930"}],"wp:featuredmedia":[{"embeddable":true,"href":"https:\/\/mouldking.store\/nb\/wp-json\/wp\/v2\/media\/28933"}],"wp:attachment":[{"href":"https:\/\/mouldking.store\/nb\/wp-json\/wp\/v2\/media?parent=28930"}],"wp:term":[{"taxonomy":"product_cat","embeddable":true,"href":"https:\/\/mouldking.store\/nb\/wp-json\/wp\/v2\/product_cat?post=28930"},{"taxonomy":"product_tag","embeddable":true,"href":"https:\/\/mouldking.store\/nb\/wp-json\/wp\/v2\/product_tag?post=28930"}],"curies":[{"name":"wp","href":"https:\/\/api.w.org\/{rel}","templated":true}]}}