{"id":28985,"date":"2022-01-01T08:13:48","date_gmt":"2022-01-01T08:13:48","guid":{"rendered":"https:\/\/mouldking.store\/?post_type=product&#038;p=28985"},"modified":"2025-12-25T09:12:31","modified_gmt":"2025-12-25T02:12:31","slug":"moc-20217-breaking-bad-skyline-architecture-with-427-pieces","status":"publish","type":"product","link":"https:\/\/mouldking.store\/nb\/shop\/moc-20217-breaking-bad-skyline-architecture-with-427-pieces\/","title":{"rendered":"MOC-20217 Breaking Bad Skyline Architecture med 427 deler"},"content":{"rendered":"<p>Produktinformasjon:<\/p>\n<ol>\n<li>Merke: MOC<\/li>\n<li>Kj\u00f8nn: Unisex<\/li>\n<li>Name: Breaking Bad Skyline Architecture<\/li>\n<li>Aldersgruppe: &gt; 6 \u00e5r gammel<\/li>\n<li>Model Number: MOC-20217<\/li>\n<li>Klassifisering: Montering<\/li>\n<li>Plastblokkform: Selvl\u00e5sende murstein<\/li>\n<li>Materiale: Plast<\/li>\n<li>Plasttype: ABS<\/li>\n<li>Bricks Blocks: 427 PCS<\/li>\n<li>Inneholder detaljerte monteringsanvisninger.<\/li>\n<\/ol>\n<p>Legge merke til:<br \/>\n1. Uten original eske, men vi garanterer at v\u00e5re produkter har kvalitetssikring og pen emballasje.<br \/>\n2. Som alle delene vi har sjekket f\u00f8r frakt, s\u00e5 hvis du finner noen deler savnet eller skadet, ikke bekymre deg og bare kontakt oss, s\u00e5 kan vi sende dem til deg p\u00e5 nytt umiddelbart gratis.<\/p>\n<figure id=\"attachment_28986\" aria-describedby=\"caption-attachment-28986\" style=\"width: 800px\" class=\"wp-caption aligncenter\"><img fetchpriority=\"high\" decoding=\"async\" class=\"size-full wp-image-28986\" title=\"MOC-20217 Breaking Bad Skyline Architecture med 427 deler\" src=\"https:\/\/mouldking.store\/wp-content\/uploads\/2022\/01\/moc-20217-breaking-bad-skyline-architecture-with-427-pieces.jpg\" alt=\"MOC-20217 Breaking Bad Skyline Architecture with 427 pieces\" width=\"800\" height=\"800\" srcset=\"https:\/\/mouldking.store\/wp-content\/uploads\/2022\/01\/moc-20217-breaking-bad-skyline-architecture-with-427-pieces.jpg 800w, https:\/\/mouldking.store\/wp-content\/uploads\/2022\/01\/moc-20217-breaking-bad-skyline-architecture-with-427-pieces-300x300.jpg 300w, https:\/\/mouldking.store\/wp-content\/uploads\/2022\/01\/moc-20217-breaking-bad-skyline-architecture-with-427-pieces-768x768.jpg 768w, https:\/\/mouldking.store\/wp-content\/uploads\/2022\/01\/moc-20217-breaking-bad-skyline-architecture-with-427-pieces-600x600.jpg 600w, https:\/\/mouldking.store\/wp-content\/uploads\/2022\/01\/moc-20217-breaking-bad-skyline-architecture-with-427-pieces-150x150.jpg 150w\" sizes=\"(max-width: 800px) 100vw, 800px\" \/><figcaption id=\"caption-attachment-28986\" class=\"wp-caption-text\">MOC-20217 Breaking Bad Skyline Architecture med 427 deler<\/figcaption><\/figure>\n<figure id=\"attachment_28987\" aria-describedby=\"caption-attachment-28987\" style=\"width: 800px\" class=\"wp-caption aligncenter\"><img decoding=\"async\" class=\"size-full wp-image-28987\" title=\"MOC-20217 Breaking Bad Skyline Architecture med 427 deler\" src=\"https:\/\/mouldking.store\/wp-content\/uploads\/2022\/01\/moc-20217-breaking-bad-skyline-architecture-with-427-pieces-1.jpg\" alt=\"MOC-20217 Breaking Bad Skyline Architecture with 427 pieces\" width=\"800\" height=\"800\" srcset=\"https:\/\/mouldking.store\/wp-content\/uploads\/2022\/01\/moc-20217-breaking-bad-skyline-architecture-with-427-pieces-1.jpg 800w, https:\/\/mouldking.store\/wp-content\/uploads\/2022\/01\/moc-20217-breaking-bad-skyline-architecture-with-427-pieces-1-300x300.jpg 300w, https:\/\/mouldking.store\/wp-content\/uploads\/2022\/01\/moc-20217-breaking-bad-skyline-architecture-with-427-pieces-1-768x768.jpg 768w, https:\/\/mouldking.store\/wp-content\/uploads\/2022\/01\/moc-20217-breaking-bad-skyline-architecture-with-427-pieces-1-600x600.jpg 600w, https:\/\/mouldking.store\/wp-content\/uploads\/2022\/01\/moc-20217-breaking-bad-skyline-architecture-with-427-pieces-1-150x150.jpg 150w\" sizes=\"(max-width: 800px) 100vw, 800px\" \/><figcaption id=\"caption-attachment-28987\" class=\"wp-caption-text\">MOC-20217 Breaking Bad Skyline Architecture med 427 deler<\/figcaption><\/figure>","protected":false},"excerpt":{"rendered":"<p>Product information: Brand: MOC Gender: Unisex Name: Breaking Bad Skyline Architecture Age Range: &gt; 6 years old Model Number: MOC-20217 Classification: Assemblage Plastic Block Shape: Self-Locking Bricks Material: Plastic Plastic Type: ABS Bricks Blocks: 427 PCS Contains detailed assembly instructions. Notice: 1. Without an original box, but we guarantee our products have quality assurance and [&hellip;]<\/p>","protected":false},"author":104,"featured_media":28988,"comment_status":"open","ping_status":"closed","template":"","meta":{"_acf_changed":false},"product_cat":[390],"product_tag":[4388,4387],"class_list":["product","first","instock","shipping-taxable","purchasable","product-type-simple"],"acf":[],"_links":{"self":[{"href":"https:\/\/mouldking.store\/nb\/wp-json\/wp\/v2\/product\/28985","targetHints":{"allow":["GET"]}}],"collection":[{"href":"https:\/\/mouldking.store\/nb\/wp-json\/wp\/v2\/product"}],"about":[{"href":"https:\/\/mouldking.store\/nb\/wp-json\/wp\/v2\/types\/product"}],"author":[{"embeddable":true,"href":"https:\/\/mouldking.store\/nb\/wp-json\/wp\/v2\/users\/104"}],"replies":[{"embeddable":true,"href":"https:\/\/mouldking.store\/nb\/wp-json\/wp\/v2\/comments?post=28985"}],"wp:featuredmedia":[{"embeddable":true,"href":"https:\/\/mouldking.store\/nb\/wp-json\/wp\/v2\/media\/28988"}],"wp:attachment":[{"href":"https:\/\/mouldking.store\/nb\/wp-json\/wp\/v2\/media?parent=28985"}],"wp:term":[{"taxonomy":"product_cat","embeddable":true,"href":"https:\/\/mouldking.store\/nb\/wp-json\/wp\/v2\/product_cat?post=28985"},{"taxonomy":"product_tag","embeddable":true,"href":"https:\/\/mouldking.store\/nb\/wp-json\/wp\/v2\/product_tag?post=28985"}],"curies":[{"name":"wp","href":"https:\/\/api.w.org\/{rel}","templated":true}]}}