{"id":29051,"date":"2022-01-04T03:35:03","date_gmt":"2022-01-04T03:35:03","guid":{"rendered":"https:\/\/mouldking.store\/?post_type=product&#038;p=29051"},"modified":"2025-12-25T09:12:30","modified_gmt":"2025-12-25T02:12:30","slug":"moc-11246-a-team-gmc-vandura-van-with-230-pieces","status":"publish","type":"product","link":"https:\/\/mouldking.store\/nb\/shop\/moc-11246-a-team-gmc-vandura-van-with-230-pieces\/","title":{"rendered":"MOC-11246 A-Team GMC Vandura Van med 230 stk"},"content":{"rendered":"<p>Produktinformasjon:<\/p>\n<ol>\n<li>Merke: MOC<\/li>\n<li>Kj\u00f8nn: Unisex<\/li>\n<li>Name: A-Team GMC Vandura Van<\/li>\n<li>Aldersgruppe: &gt; 6 \u00e5r gammel<\/li>\n<li>Model Number: MOC-11246<\/li>\n<li>Klassifisering: Montering<\/li>\n<li>Plastblokkform: Selvl\u00e5sende murstein<\/li>\n<li>Materiale: Plast<\/li>\n<li>Plasttype: ABS<\/li>\n<li>Bricks Blocks: 230 PCS<\/li>\n<li>Inneholder detaljerte monteringsanvisninger.<\/li>\n<\/ol>\n<p>Legge merke til:<br \/>\n1. Uten original eske, men vi garanterer at v\u00e5re produkter har kvalitetssikring og pen emballasje.<br \/>\n2. Som alle delene vi har sjekket f\u00f8r frakt, s\u00e5 hvis du finner noen deler savnet eller skadet, ikke bekymre deg og bare kontakt oss, s\u00e5 kan vi sende dem til deg p\u00e5 nytt umiddelbart gratis.<\/p>\n<figure id=\"attachment_29052\" aria-describedby=\"caption-attachment-29052\" style=\"width: 800px\" class=\"wp-caption aligncenter\"><img fetchpriority=\"high\" decoding=\"async\" class=\"size-full wp-image-29052\" title=\"MOC-11246 A-Team GMC Vandura Van med 230 stk\" src=\"https:\/\/mouldking.store\/wp-content\/uploads\/2022\/01\/moc-11246-a-team-gmc-vandura-van-with-230-pieces.jpg\" alt=\"MOC-11246 A-Team GMC Vandura Van with 230 pieces\" width=\"800\" height=\"800\" srcset=\"https:\/\/mouldking.store\/wp-content\/uploads\/2022\/01\/moc-11246-a-team-gmc-vandura-van-with-230-pieces.jpg 800w, https:\/\/mouldking.store\/wp-content\/uploads\/2022\/01\/moc-11246-a-team-gmc-vandura-van-with-230-pieces-300x300.jpg 300w, https:\/\/mouldking.store\/wp-content\/uploads\/2022\/01\/moc-11246-a-team-gmc-vandura-van-with-230-pieces-768x768.jpg 768w, https:\/\/mouldking.store\/wp-content\/uploads\/2022\/01\/moc-11246-a-team-gmc-vandura-van-with-230-pieces-600x600.jpg 600w, https:\/\/mouldking.store\/wp-content\/uploads\/2022\/01\/moc-11246-a-team-gmc-vandura-van-with-230-pieces-150x150.jpg 150w\" sizes=\"(max-width: 800px) 100vw, 800px\" \/><figcaption id=\"caption-attachment-29052\" class=\"wp-caption-text\">MOC-11246 A-Team GMC Vandura Van med 230 stk<\/figcaption><\/figure>\n<figure id=\"attachment_29053\" aria-describedby=\"caption-attachment-29053\" style=\"width: 800px\" class=\"wp-caption aligncenter\"><img decoding=\"async\" class=\"size-full wp-image-29053\" title=\"MOC-11246 A-Team GMC Vandura Van med 230 stk\" src=\"https:\/\/mouldking.store\/wp-content\/uploads\/2022\/01\/moc-11246-a-team-gmc-vandura-van-with-230-pieces.png\" alt=\"MOC-11246 A-Team GMC Vandura Van with 230 pieces\" width=\"800\" height=\"800\" srcset=\"https:\/\/mouldking.store\/wp-content\/uploads\/2022\/01\/moc-11246-a-team-gmc-vandura-van-with-230-pieces.png 800w, https:\/\/mouldking.store\/wp-content\/uploads\/2022\/01\/moc-11246-a-team-gmc-vandura-van-with-230-pieces-300x300.png 300w, https:\/\/mouldking.store\/wp-content\/uploads\/2022\/01\/moc-11246-a-team-gmc-vandura-van-with-230-pieces-768x768.png 768w, https:\/\/mouldking.store\/wp-content\/uploads\/2022\/01\/moc-11246-a-team-gmc-vandura-van-with-230-pieces-600x600.png 600w, https:\/\/mouldking.store\/wp-content\/uploads\/2022\/01\/moc-11246-a-team-gmc-vandura-van-with-230-pieces-150x150.png 150w\" sizes=\"(max-width: 800px) 100vw, 800px\" \/><figcaption id=\"caption-attachment-29053\" class=\"wp-caption-text\">MOC-11246 A-Team GMC Vandura Van med 230 stk<\/figcaption><\/figure>","protected":false},"excerpt":{"rendered":"<p>Product information: Brand: MOC Gender: Unisex Name: A-Team GMC Vandura Van Age Range: &gt; 6 years old Model Number: MOC-11246 Classification: Assemblage Plastic Block Shape: Self-Locking Bricks Material: Plastic Plastic Type: ABS Bricks Blocks: 230 PCS Contains detailed assembly instructions. Notice: 1. Without an original box, but we guarantee our products have quality assurance and [&hellip;]<\/p>","protected":false},"featured_media":29054,"comment_status":"open","ping_status":"closed","template":"","meta":{"_acf_changed":false},"product_cat":[364],"product_tag":[4408,4407],"class_list":["product","first","instock","shipping-taxable","purchasable","product-type-simple"],"acf":[],"_links":{"self":[{"href":"https:\/\/mouldking.store\/nb\/wp-json\/wp\/v2\/product\/29051","targetHints":{"allow":["GET"]}}],"collection":[{"href":"https:\/\/mouldking.store\/nb\/wp-json\/wp\/v2\/product"}],"about":[{"href":"https:\/\/mouldking.store\/nb\/wp-json\/wp\/v2\/types\/product"}],"replies":[{"embeddable":true,"href":"https:\/\/mouldking.store\/nb\/wp-json\/wp\/v2\/comments?post=29051"}],"wp:featuredmedia":[{"embeddable":true,"href":"https:\/\/mouldking.store\/nb\/wp-json\/wp\/v2\/media\/29054"}],"wp:attachment":[{"href":"https:\/\/mouldking.store\/nb\/wp-json\/wp\/v2\/media?parent=29051"}],"wp:term":[{"taxonomy":"product_cat","embeddable":true,"href":"https:\/\/mouldking.store\/nb\/wp-json\/wp\/v2\/product_cat?post=29051"},{"taxonomy":"product_tag","embeddable":true,"href":"https:\/\/mouldking.store\/nb\/wp-json\/wp\/v2\/product_tag?post=29051"}],"curies":[{"name":"wp","href":"https:\/\/api.w.org\/{rel}","templated":true}]}}