{"id":29062,"date":"2022-01-04T03:44:33","date_gmt":"2022-01-04T03:44:33","guid":{"rendered":"https:\/\/mouldking.store\/?post_type=product&#038;p=29062"},"modified":"2025-12-25T09:12:30","modified_gmt":"2025-12-25T02:12:30","slug":"moc-13192-grand-piano-functional-with-179-pieces","status":"publish","type":"product","link":"https:\/\/mouldking.store\/nb\/shop\/moc-13192-grand-piano-functional-with-179-pieces\/","title":{"rendered":"MOC-13192 Grand Piano (Functional!) with 179 pieces"},"content":{"rendered":"<p>Produktinformasjon:<\/p>\n<ol>\n<li>Merke: MOC<\/li>\n<li>Kj\u00f8nn: Unisex<\/li>\n<li>Name: Grand Piano (Functional!)<\/li>\n<li>Aldersgruppe: &gt; 6 \u00e5r gammel<\/li>\n<li>Model Number: MOC-13192<\/li>\n<li>Klassifisering: Montering<\/li>\n<li>Plastblokkform: Selvl\u00e5sende murstein<\/li>\n<li>Materiale: Plast<\/li>\n<li>Plasttype: ABS<\/li>\n<li>Bricks Blocks: 179 PCS<\/li>\n<li>Inneholder detaljerte monteringsanvisninger.<\/li>\n<\/ol>\n<p>Legge merke til:<br \/>\n1. Uten original eske, men vi garanterer at v\u00e5re produkter har kvalitetssikring og pen emballasje.<br \/>\n2. Som alle delene vi har sjekket f\u00f8r frakt, s\u00e5 hvis du finner noen deler savnet eller skadet, ikke bekymre deg og bare kontakt oss, s\u00e5 kan vi sende dem til deg p\u00e5 nytt umiddelbart gratis.<\/p>\n<figure id=\"attachment_29063\" aria-describedby=\"caption-attachment-29063\" style=\"width: 800px\" class=\"wp-caption aligncenter\"><img fetchpriority=\"high\" decoding=\"async\" class=\"size-full wp-image-29063\" title=\"MOC-13192 Grand Piano (Functional!) with 179 pieces\" src=\"https:\/\/mouldking.store\/wp-content\/uploads\/2022\/01\/moc-13192-grand-piano-functional-with-179-pieces.jpg\" alt=\"MOC-13192 Grand Piano (Functional!) with 179 pieces\" width=\"800\" height=\"800\" srcset=\"https:\/\/mouldking.store\/wp-content\/uploads\/2022\/01\/moc-13192-grand-piano-functional-with-179-pieces.jpg 800w, https:\/\/mouldking.store\/wp-content\/uploads\/2022\/01\/moc-13192-grand-piano-functional-with-179-pieces-300x300.jpg 300w, https:\/\/mouldking.store\/wp-content\/uploads\/2022\/01\/moc-13192-grand-piano-functional-with-179-pieces-768x768.jpg 768w, https:\/\/mouldking.store\/wp-content\/uploads\/2022\/01\/moc-13192-grand-piano-functional-with-179-pieces-600x600.jpg 600w, https:\/\/mouldking.store\/wp-content\/uploads\/2022\/01\/moc-13192-grand-piano-functional-with-179-pieces-150x150.jpg 150w\" sizes=\"(max-width: 800px) 100vw, 800px\" \/><figcaption id=\"caption-attachment-29063\" class=\"wp-caption-text\">MOC-13192 Grand Piano (Functional!) with 179 pieces<\/figcaption><\/figure>\n<figure id=\"attachment_29064\" aria-describedby=\"caption-attachment-29064\" style=\"width: 800px\" class=\"wp-caption aligncenter\"><img decoding=\"async\" class=\"size-full wp-image-29064\" title=\"MOC-13192 Grand Piano (Functional!) with 179 pieces\" src=\"https:\/\/mouldking.store\/wp-content\/uploads\/2022\/01\/moc-13192-grand-piano-functional-with-179-pieces-1.jpg\" alt=\"MOC-13192 Grand Piano (Functional!) with 179 pieces\" width=\"800\" height=\"800\" srcset=\"https:\/\/mouldking.store\/wp-content\/uploads\/2022\/01\/moc-13192-grand-piano-functional-with-179-pieces-1.jpg 800w, https:\/\/mouldking.store\/wp-content\/uploads\/2022\/01\/moc-13192-grand-piano-functional-with-179-pieces-1-300x300.jpg 300w, https:\/\/mouldking.store\/wp-content\/uploads\/2022\/01\/moc-13192-grand-piano-functional-with-179-pieces-1-768x768.jpg 768w, https:\/\/mouldking.store\/wp-content\/uploads\/2022\/01\/moc-13192-grand-piano-functional-with-179-pieces-1-600x600.jpg 600w, https:\/\/mouldking.store\/wp-content\/uploads\/2022\/01\/moc-13192-grand-piano-functional-with-179-pieces-1-150x150.jpg 150w\" sizes=\"(max-width: 800px) 100vw, 800px\" \/><figcaption id=\"caption-attachment-29064\" class=\"wp-caption-text\">MOC-13192 Grand Piano (Functional!) with 179 pieces<\/figcaption><\/figure>\n<figure id=\"attachment_29065\" aria-describedby=\"caption-attachment-29065\" style=\"width: 800px\" class=\"wp-caption aligncenter\"><img decoding=\"async\" class=\"size-full wp-image-29065\" title=\"MOC-13192 Grand Piano (Functional!) with 179 pieces\" src=\"https:\/\/mouldking.store\/wp-content\/uploads\/2022\/01\/moc-13192-grand-piano-functional-with-179-pieces-2.jpg\" alt=\"MOC-13192 Grand Piano (Functional!) with 179 pieces\" width=\"800\" height=\"800\" srcset=\"https:\/\/mouldking.store\/wp-content\/uploads\/2022\/01\/moc-13192-grand-piano-functional-with-179-pieces-2.jpg 800w, https:\/\/mouldking.store\/wp-content\/uploads\/2022\/01\/moc-13192-grand-piano-functional-with-179-pieces-2-300x300.jpg 300w, https:\/\/mouldking.store\/wp-content\/uploads\/2022\/01\/moc-13192-grand-piano-functional-with-179-pieces-2-768x768.jpg 768w, https:\/\/mouldking.store\/wp-content\/uploads\/2022\/01\/moc-13192-grand-piano-functional-with-179-pieces-2-600x600.jpg 600w, https:\/\/mouldking.store\/wp-content\/uploads\/2022\/01\/moc-13192-grand-piano-functional-with-179-pieces-2-150x150.jpg 150w\" sizes=\"(max-width: 800px) 100vw, 800px\" \/><figcaption id=\"caption-attachment-29065\" class=\"wp-caption-text\">MOC-13192 Grand Piano (Functional!) with 179 pieces<\/figcaption><\/figure>","protected":false},"excerpt":{"rendered":"<p>Product information: Brand: MOC Gender: Unisex Name: Grand Piano (Functional!) Age Range: &gt; 6 years old Model Number: MOC-13192 Classification: Assemblage Plastic Block Shape: Self-Locking Bricks Material: Plastic Plastic Type: ABS Bricks Blocks: 179 PCS Contains detailed assembly instructions. Notice: 1. Without an original box, but we guarantee our products have quality assurance and nice [&hellip;]<\/p>","protected":false},"featured_media":29066,"comment_status":"open","ping_status":"closed","template":"","meta":{"_acf_changed":false},"product_cat":[371],"product_tag":[4414,4413],"class_list":["product","first","instock","shipping-taxable","purchasable","product-type-simple"],"acf":[],"_links":{"self":[{"href":"https:\/\/mouldking.store\/nb\/wp-json\/wp\/v2\/product\/29062","targetHints":{"allow":["GET"]}}],"collection":[{"href":"https:\/\/mouldking.store\/nb\/wp-json\/wp\/v2\/product"}],"about":[{"href":"https:\/\/mouldking.store\/nb\/wp-json\/wp\/v2\/types\/product"}],"replies":[{"embeddable":true,"href":"https:\/\/mouldking.store\/nb\/wp-json\/wp\/v2\/comments?post=29062"}],"wp:featuredmedia":[{"embeddable":true,"href":"https:\/\/mouldking.store\/nb\/wp-json\/wp\/v2\/media\/29066"}],"wp:attachment":[{"href":"https:\/\/mouldking.store\/nb\/wp-json\/wp\/v2\/media?parent=29062"}],"wp:term":[{"taxonomy":"product_cat","embeddable":true,"href":"https:\/\/mouldking.store\/nb\/wp-json\/wp\/v2\/product_cat?post=29062"},{"taxonomy":"product_tag","embeddable":true,"href":"https:\/\/mouldking.store\/nb\/wp-json\/wp\/v2\/product_tag?post=29062"}],"curies":[{"name":"wp","href":"https:\/\/api.w.org\/{rel}","templated":true}]}}