{"id":29077,"date":"2022-01-04T04:27:13","date_gmt":"2022-01-03T21:27:13","guid":{"rendered":"https:\/\/mouldking.store\/?post_type=product&#038;p=29077"},"modified":"2025-12-25T09:12:29","modified_gmt":"2025-12-25T02:12:29","slug":"moc-0203-chilis-restaurant-with-2243-pieces","status":"publish","type":"product","link":"https:\/\/mouldking.store\/nb\/shop\/moc-0203-chilis-restaurant-with-2243-pieces\/","title":{"rendered":"MOC-0203 Chili&#039;s Restaurant med 2243 stykker"},"content":{"rendered":"<p>Produktinformasjon:<\/p>\n<ol>\n<li>Merke: MOC<\/li>\n<li>Kj\u00f8nn: Unisex<\/li>\n<li>Name: Chili\u2019s Restaurant<\/li>\n<li>Aldersgruppe: &gt; 6 \u00e5r gammel<\/li>\n<li>Model Number: MOC-0203<\/li>\n<li>Klassifisering: Montering<\/li>\n<li>Plastblokkform: Selvl\u00e5sende murstein<\/li>\n<li>Materiale: Plast<\/li>\n<li>Plasttype: ABS<\/li>\n<li>Bricks Blocks: 2243 PCS<\/li>\n<li>Inneholder detaljerte monteringsanvisninger.<\/li>\n<\/ol>\n<p>Legge merke til:<br \/>\n1. Uten original eske, men vi garanterer at v\u00e5re produkter har kvalitetssikring og pen emballasje.<br \/>\n2. Som alle delene vi har sjekket f\u00f8r frakt, s\u00e5 hvis du finner noen deler savnet eller skadet, ikke bekymre deg og bare kontakt oss, s\u00e5 kan vi sende dem til deg p\u00e5 nytt umiddelbart gratis.<\/p>\n<figure id=\"attachment_29078\" aria-describedby=\"caption-attachment-29078\" style=\"width: 800px\" class=\"wp-caption aligncenter\"><img fetchpriority=\"high\" decoding=\"async\" class=\"size-full wp-image-29078\" title=\"MOC-0203 Chili&#039;s Restaurant med 2243 stykker\" src=\"https:\/\/mouldking.store\/wp-content\/uploads\/2022\/01\/moc-0203-chilis-restaurant-with-2243-pieces.jpg\" alt=\"MOC-0203 Chili\u2019s Restaurant with 2243 pieces\" width=\"800\" height=\"800\" srcset=\"https:\/\/mouldking.store\/wp-content\/uploads\/2022\/01\/moc-0203-chilis-restaurant-with-2243-pieces.jpg 800w, https:\/\/mouldking.store\/wp-content\/uploads\/2022\/01\/moc-0203-chilis-restaurant-with-2243-pieces-300x300.jpg 300w, https:\/\/mouldking.store\/wp-content\/uploads\/2022\/01\/moc-0203-chilis-restaurant-with-2243-pieces-768x768.jpg 768w, https:\/\/mouldking.store\/wp-content\/uploads\/2022\/01\/moc-0203-chilis-restaurant-with-2243-pieces-600x600.jpg 600w, https:\/\/mouldking.store\/wp-content\/uploads\/2022\/01\/moc-0203-chilis-restaurant-with-2243-pieces-150x150.jpg 150w\" sizes=\"(max-width: 800px) 100vw, 800px\" \/><figcaption id=\"caption-attachment-29078\" class=\"wp-caption-text\">MOC-0203 Chili&#039;s Restaurant med 2243 stykker<\/figcaption><\/figure>\n<figure id=\"attachment_29079\" aria-describedby=\"caption-attachment-29079\" style=\"width: 800px\" class=\"wp-caption aligncenter\"><img decoding=\"async\" class=\"size-full wp-image-29079\" title=\"MOC-0203 Chili&#039;s Restaurant med 2243 stykker\" src=\"https:\/\/mouldking.store\/wp-content\/uploads\/2022\/01\/moc-0203-chilis-restaurant-with-2243-pieces-1.jpg\" alt=\"MOC-0203 Chili\u2019s Restaurant with 2243 pieces\" width=\"800\" height=\"800\" srcset=\"https:\/\/mouldking.store\/wp-content\/uploads\/2022\/01\/moc-0203-chilis-restaurant-with-2243-pieces-1.jpg 800w, https:\/\/mouldking.store\/wp-content\/uploads\/2022\/01\/moc-0203-chilis-restaurant-with-2243-pieces-1-300x300.jpg 300w, https:\/\/mouldking.store\/wp-content\/uploads\/2022\/01\/moc-0203-chilis-restaurant-with-2243-pieces-1-768x768.jpg 768w, https:\/\/mouldking.store\/wp-content\/uploads\/2022\/01\/moc-0203-chilis-restaurant-with-2243-pieces-1-600x600.jpg 600w, https:\/\/mouldking.store\/wp-content\/uploads\/2022\/01\/moc-0203-chilis-restaurant-with-2243-pieces-1-150x150.jpg 150w\" sizes=\"(max-width: 800px) 100vw, 800px\" \/><figcaption id=\"caption-attachment-29079\" class=\"wp-caption-text\">MOC-0203 Chili&#039;s Restaurant med 2243 stykker<\/figcaption><\/figure>\n<figure id=\"attachment_29080\" aria-describedby=\"caption-attachment-29080\" style=\"width: 800px\" class=\"wp-caption aligncenter\"><img decoding=\"async\" class=\"size-full wp-image-29080\" title=\"MOC-0203 Chili&#039;s Restaurant med 2243 stykker\" src=\"https:\/\/mouldking.store\/wp-content\/uploads\/2022\/01\/moc-0203-chilis-restaurant-with-2243-pieces-2.jpg\" alt=\"MOC-0203 Chili\u2019s Restaurant with 2243 pieces\" width=\"800\" height=\"800\" srcset=\"https:\/\/mouldking.store\/wp-content\/uploads\/2022\/01\/moc-0203-chilis-restaurant-with-2243-pieces-2.jpg 800w, https:\/\/mouldking.store\/wp-content\/uploads\/2022\/01\/moc-0203-chilis-restaurant-with-2243-pieces-2-300x300.jpg 300w, https:\/\/mouldking.store\/wp-content\/uploads\/2022\/01\/moc-0203-chilis-restaurant-with-2243-pieces-2-768x768.jpg 768w, https:\/\/mouldking.store\/wp-content\/uploads\/2022\/01\/moc-0203-chilis-restaurant-with-2243-pieces-2-600x600.jpg 600w, https:\/\/mouldking.store\/wp-content\/uploads\/2022\/01\/moc-0203-chilis-restaurant-with-2243-pieces-2-150x150.jpg 150w\" sizes=\"(max-width: 800px) 100vw, 800px\" \/><figcaption id=\"caption-attachment-29080\" class=\"wp-caption-text\">MOC-0203 Chili&#039;s Restaurant med 2243 stykker<\/figcaption><\/figure>","protected":false},"excerpt":{"rendered":"<p>Product information: Brand: MOC Gender: Unisex Name: Chili\u2019s Restaurant Age Range: &gt; 6 years old Model Number: MOC-0203 Classification: Assemblage Plastic Block Shape: Self-Locking Bricks Material: Plastic Plastic Type: ABS Bricks Blocks: 2243 PCS Contains detailed assembly instructions. Notice: 1. Without an original box, but we guarantee our products have quality assurance and nice packaging. [&hellip;]<\/p>","protected":false},"featured_media":29081,"comment_status":"open","ping_status":"closed","template":"","meta":{"_acf_changed":false},"product_cat":[390],"product_tag":[4420,4419],"class_list":["product","first","instock","shipping-taxable","purchasable","product-type-simple"],"acf":[],"_links":{"self":[{"href":"https:\/\/mouldking.store\/nb\/wp-json\/wp\/v2\/product\/29077","targetHints":{"allow":["GET"]}}],"collection":[{"href":"https:\/\/mouldking.store\/nb\/wp-json\/wp\/v2\/product"}],"about":[{"href":"https:\/\/mouldking.store\/nb\/wp-json\/wp\/v2\/types\/product"}],"replies":[{"embeddable":true,"href":"https:\/\/mouldking.store\/nb\/wp-json\/wp\/v2\/comments?post=29077"}],"wp:featuredmedia":[{"embeddable":true,"href":"https:\/\/mouldking.store\/nb\/wp-json\/wp\/v2\/media\/29081"}],"wp:attachment":[{"href":"https:\/\/mouldking.store\/nb\/wp-json\/wp\/v2\/media?parent=29077"}],"wp:term":[{"taxonomy":"product_cat","embeddable":true,"href":"https:\/\/mouldking.store\/nb\/wp-json\/wp\/v2\/product_cat?post=29077"},{"taxonomy":"product_tag","embeddable":true,"href":"https:\/\/mouldking.store\/nb\/wp-json\/wp\/v2\/product_tag?post=29077"}],"curies":[{"name":"wp","href":"https:\/\/api.w.org\/{rel}","templated":true}]}}