{"id":29085,"date":"2022-01-04T04:43:13","date_gmt":"2022-01-03T21:43:13","guid":{"rendered":"https:\/\/mouldking.store\/?post_type=product&#038;p=29085"},"modified":"2025-12-25T09:12:29","modified_gmt":"2025-12-25T02:12:29","slug":"moc-40173-downtown-diner-apocalypse-with-2438-pieces","status":"publish","type":"product","link":"https:\/\/mouldking.store\/nb\/shop\/moc-40173-downtown-diner-apocalypse-with-2438-pieces\/","title":{"rendered":"MOC-40173 Downtown Diner \u2013 Apokalypse med 2438 deler"},"content":{"rendered":"<p>Produktinformasjon:<\/p>\n<ol>\n<li>Merke: MOC<\/li>\n<li>Kj\u00f8nn: Unisex<\/li>\n<li>Navn: Downtown Diner \u2013 Apocalypse<\/li>\n<li>Aldersgruppe: &gt; 6 \u00e5r gammel<\/li>\n<li>Modellnummer: MOC-40173<\/li>\n<li>Klassifisering: Montering<\/li>\n<li>Plastblokkform: Selvl\u00e5sende murstein<\/li>\n<li>Materiale: Plast<\/li>\n<li>Plasttype: ABS<\/li>\n<li>Mursteinsblokker: 2438 STK<\/li>\n<li>Inneholder detaljerte monteringsanvisninger.<\/li>\n<li>Tidsbestemt: 4-8 uker<\/li>\n<\/ol>\n<p>Legge merke til:<br \/>\n1. Uten original eske, men vi garanterer at v\u00e5re produkter har kvalitetssikring og pen emballasje.<br \/>\n2. Som alle delene vi har sjekket f\u00f8r frakt, s\u00e5 hvis du finner noen deler savnet eller skadet, ikke bekymre deg og bare kontakt oss, s\u00e5 kan vi sende dem til deg p\u00e5 nytt umiddelbart gratis.<\/p>\n<figure id=\"attachment_29086\" aria-describedby=\"caption-attachment-29086\" style=\"width: 800px\" class=\"wp-caption aligncenter\"><img fetchpriority=\"high\" decoding=\"async\" class=\"size-full wp-image-29086\" title=\"MOC-40173 Downtown Diner - Apokalypse med 2438 stykker\" src=\"https:\/\/mouldking.store\/wp-content\/uploads\/2022\/01\/moc-40173-downtown-diner-apocalypse-with-2438-pieces.jpg\" alt=\"MOC-40173 Downtown Diner - Apocalypse with 2438 pieces\" width=\"800\" height=\"800\" srcset=\"https:\/\/mouldking.store\/wp-content\/uploads\/2022\/01\/moc-40173-downtown-diner-apocalypse-with-2438-pieces.jpg 800w, https:\/\/mouldking.store\/wp-content\/uploads\/2022\/01\/moc-40173-downtown-diner-apocalypse-with-2438-pieces-300x300.jpg 300w, https:\/\/mouldking.store\/wp-content\/uploads\/2022\/01\/moc-40173-downtown-diner-apocalypse-with-2438-pieces-768x768.jpg 768w, https:\/\/mouldking.store\/wp-content\/uploads\/2022\/01\/moc-40173-downtown-diner-apocalypse-with-2438-pieces-600x600.jpg 600w, https:\/\/mouldking.store\/wp-content\/uploads\/2022\/01\/moc-40173-downtown-diner-apocalypse-with-2438-pieces-150x150.jpg 150w\" sizes=\"(max-width: 800px) 100vw, 800px\" \/><figcaption id=\"caption-attachment-29086\" class=\"wp-caption-text\">MOC-40173 Downtown Diner \u2013 Apokalypse med 2438 deler<\/figcaption><\/figure>\n<figure id=\"attachment_29087\" aria-describedby=\"caption-attachment-29087\" style=\"width: 800px\" class=\"wp-caption aligncenter\"><img decoding=\"async\" class=\"size-full wp-image-29087\" title=\"MOC-40173 Downtown Diner - Apokalypse med 2438 stykker\" src=\"https:\/\/mouldking.store\/wp-content\/uploads\/2022\/01\/moc-40173-downtown-diner-apocalypse-with-2438-pieces-1.jpg\" alt=\"MOC-40173 Downtown Diner - Apocalypse with 2438 pieces\" width=\"800\" height=\"800\" srcset=\"https:\/\/mouldking.store\/wp-content\/uploads\/2022\/01\/moc-40173-downtown-diner-apocalypse-with-2438-pieces-1.jpg 800w, https:\/\/mouldking.store\/wp-content\/uploads\/2022\/01\/moc-40173-downtown-diner-apocalypse-with-2438-pieces-1-300x300.jpg 300w, https:\/\/mouldking.store\/wp-content\/uploads\/2022\/01\/moc-40173-downtown-diner-apocalypse-with-2438-pieces-1-768x768.jpg 768w, https:\/\/mouldking.store\/wp-content\/uploads\/2022\/01\/moc-40173-downtown-diner-apocalypse-with-2438-pieces-1-600x600.jpg 600w, https:\/\/mouldking.store\/wp-content\/uploads\/2022\/01\/moc-40173-downtown-diner-apocalypse-with-2438-pieces-1-150x150.jpg 150w\" sizes=\"(max-width: 800px) 100vw, 800px\" \/><figcaption id=\"caption-attachment-29087\" class=\"wp-caption-text\">MOC-40173 Downtown Diner \u2013 Apokalypse med 2438 deler<\/figcaption><\/figure>\n<figure id=\"attachment_29088\" aria-describedby=\"caption-attachment-29088\" style=\"width: 800px\" class=\"wp-caption aligncenter\"><img decoding=\"async\" class=\"size-full wp-image-29088\" title=\"MOC-40173 Downtown Diner - Apokalypse med 2438 stykker\" src=\"https:\/\/mouldking.store\/wp-content\/uploads\/2022\/01\/moc-40173-downtown-diner-apocalypse-with-2438-pieces-2.jpg\" alt=\"MOC-40173 Downtown Diner - Apocalypse with 2438 pieces\" width=\"800\" height=\"800\" srcset=\"https:\/\/mouldking.store\/wp-content\/uploads\/2022\/01\/moc-40173-downtown-diner-apocalypse-with-2438-pieces-2.jpg 800w, https:\/\/mouldking.store\/wp-content\/uploads\/2022\/01\/moc-40173-downtown-diner-apocalypse-with-2438-pieces-2-300x300.jpg 300w, https:\/\/mouldking.store\/wp-content\/uploads\/2022\/01\/moc-40173-downtown-diner-apocalypse-with-2438-pieces-2-768x768.jpg 768w, https:\/\/mouldking.store\/wp-content\/uploads\/2022\/01\/moc-40173-downtown-diner-apocalypse-with-2438-pieces-2-600x600.jpg 600w, https:\/\/mouldking.store\/wp-content\/uploads\/2022\/01\/moc-40173-downtown-diner-apocalypse-with-2438-pieces-2-150x150.jpg 150w\" sizes=\"(max-width: 800px) 100vw, 800px\" \/><figcaption id=\"caption-attachment-29088\" class=\"wp-caption-text\">MOC-40173 Downtown Diner \u2013 Apokalypse med 2438 deler<\/figcaption><\/figure>","protected":false},"excerpt":{"rendered":"<p>Product information: Brand: MOC Gender: Unisex Name: Downtown Diner &#8211; Apocalypse Age Range: &gt; 6 years old Model Number: MOC-40173 Classification: Assemblage Plastic Block Shape: Self-Locking Bricks Material: Plastic Plastic Type: ABS Bricks Blocks: 2438 PCS Contains detailed assembly instructions. Time arrange: 4-8 weeks Notice: 1. Without an original box, but we guarantee our products [&hellip;]<\/p>","protected":false},"featured_media":29089,"comment_status":"open","ping_status":"closed","template":"","meta":{"_acf_changed":false},"product_cat":[390],"product_tag":[4424,4423],"class_list":["product","first","instock","shipping-taxable","purchasable","product-type-simple"],"acf":[],"_links":{"self":[{"href":"https:\/\/mouldking.store\/nb\/wp-json\/wp\/v2\/product\/29085","targetHints":{"allow":["GET"]}}],"collection":[{"href":"https:\/\/mouldking.store\/nb\/wp-json\/wp\/v2\/product"}],"about":[{"href":"https:\/\/mouldking.store\/nb\/wp-json\/wp\/v2\/types\/product"}],"replies":[{"embeddable":true,"href":"https:\/\/mouldking.store\/nb\/wp-json\/wp\/v2\/comments?post=29085"}],"wp:featuredmedia":[{"embeddable":true,"href":"https:\/\/mouldking.store\/nb\/wp-json\/wp\/v2\/media\/29089"}],"wp:attachment":[{"href":"https:\/\/mouldking.store\/nb\/wp-json\/wp\/v2\/media?parent=29085"}],"wp:term":[{"taxonomy":"product_cat","embeddable":true,"href":"https:\/\/mouldking.store\/nb\/wp-json\/wp\/v2\/product_cat?post=29085"},{"taxonomy":"product_tag","embeddable":true,"href":"https:\/\/mouldking.store\/nb\/wp-json\/wp\/v2\/product_tag?post=29085"}],"curies":[{"name":"wp","href":"https:\/\/api.w.org\/{rel}","templated":true}]}}