{"id":29114,"date":"2022-01-07T02:51:47","date_gmt":"2022-01-07T02:51:47","guid":{"rendered":"https:\/\/mouldking.store\/?post_type=product&#038;p=29114"},"modified":"2025-12-25T09:12:29","modified_gmt":"2025-12-25T02:12:29","slug":"moc-71221-finwer-castle-with-13678-pieces","status":"publish","type":"product","link":"https:\/\/mouldking.store\/nb\/shop\/moc-71221-finwer-castle-with-13678-pieces\/","title":{"rendered":"MOC-71221 Finw\u00ebr slott med 13678 stykker"},"content":{"rendered":"<p>Produktinformasjon:<\/p>\n<ol>\n<li>Merke: MOC<\/li>\n<li>Kj\u00f8nn: Unisex<\/li>\n<li>Name: Finw\u00ebr Castle<\/li>\n<li>Aldersgruppe: &gt; 6 \u00e5r gammel<\/li>\n<li>Model Number: MOC-71221<\/li>\n<li>Klassifisering: Montering<\/li>\n<li>Plastblokkform: Selvl\u00e5sende murstein<\/li>\n<li>Materiale: Plast<\/li>\n<li>Plasttype: ABS<\/li>\n<li>Bricks Blocks: 13678 PCS<\/li>\n<li>Inneholder detaljerte monteringsanvisninger.<\/li>\n<li>Tidsbestemt: 4-8 uker<\/li>\n<\/ol>\n<p>Legge merke til:<br \/>\n1. Uten original eske, men vi garanterer at v\u00e5re produkter har kvalitetssikring og pen emballasje.<br \/>\n2. Som alle delene vi har sjekket f\u00f8r frakt, s\u00e5 hvis du finner noen deler savnet eller skadet, ikke bekymre deg og bare kontakt oss, s\u00e5 kan vi sende dem til deg p\u00e5 nytt umiddelbart gratis.<\/p>\n<figure id=\"attachment_29115\" aria-describedby=\"caption-attachment-29115\" style=\"width: 1000px\" class=\"wp-caption aligncenter\"><img fetchpriority=\"high\" decoding=\"async\" class=\"size-full wp-image-29115\" title=\"MOC-71221 Finw\u00ebr slott med 13678 stykker\" src=\"https:\/\/mouldking.store\/wp-content\/uploads\/2022\/01\/moc-71221-finwer-castle-with-13678-pieces.jpg\" alt=\"MOC-71221 Finw\u00ebr Castle with 13678 pieces\" width=\"1000\" height=\"1000\" srcset=\"https:\/\/mouldking.store\/wp-content\/uploads\/2022\/01\/moc-71221-finwer-castle-with-13678-pieces.jpg 1000w, https:\/\/mouldking.store\/wp-content\/uploads\/2022\/01\/moc-71221-finwer-castle-with-13678-pieces-300x300.jpg 300w, https:\/\/mouldking.store\/wp-content\/uploads\/2022\/01\/moc-71221-finwer-castle-with-13678-pieces-768x768.jpg 768w, https:\/\/mouldking.store\/wp-content\/uploads\/2022\/01\/moc-71221-finwer-castle-with-13678-pieces-600x600.jpg 600w, https:\/\/mouldking.store\/wp-content\/uploads\/2022\/01\/moc-71221-finwer-castle-with-13678-pieces-150x150.jpg 150w\" sizes=\"(max-width: 1000px) 100vw, 1000px\" \/><figcaption id=\"caption-attachment-29115\" class=\"wp-caption-text\">MOC-71221 Finw\u00ebr slott med 13678 stykker<\/figcaption><\/figure>\n<figure id=\"attachment_29116\" aria-describedby=\"caption-attachment-29116\" style=\"width: 1000px\" class=\"wp-caption aligncenter\"><img decoding=\"async\" class=\"size-full wp-image-29116\" title=\"MOC-71221 Finw\u00ebr slott med 13678 stykker\" src=\"https:\/\/mouldking.store\/wp-content\/uploads\/2022\/01\/moc-71221-finwer-castle-with-13678-pieces-1.jpg\" alt=\"MOC-71221 Finw\u00ebr Castle with 13678 pieces\" width=\"1000\" height=\"1000\" srcset=\"https:\/\/mouldking.store\/wp-content\/uploads\/2022\/01\/moc-71221-finwer-castle-with-13678-pieces-1.jpg 1000w, https:\/\/mouldking.store\/wp-content\/uploads\/2022\/01\/moc-71221-finwer-castle-with-13678-pieces-1-300x300.jpg 300w, https:\/\/mouldking.store\/wp-content\/uploads\/2022\/01\/moc-71221-finwer-castle-with-13678-pieces-1-768x768.jpg 768w, https:\/\/mouldking.store\/wp-content\/uploads\/2022\/01\/moc-71221-finwer-castle-with-13678-pieces-1-600x600.jpg 600w, https:\/\/mouldking.store\/wp-content\/uploads\/2022\/01\/moc-71221-finwer-castle-with-13678-pieces-1-150x150.jpg 150w\" sizes=\"(max-width: 1000px) 100vw, 1000px\" \/><figcaption id=\"caption-attachment-29116\" class=\"wp-caption-text\">MOC-71221 Finw\u00ebr slott med 13678 stykker<\/figcaption><\/figure>","protected":false},"excerpt":{"rendered":"<p>Product information: Brand: MOC Gender: Unisex Name: Finw\u00ebr Castle Age Range: &gt; 6 years old Model Number: MOC-71221 Classification: Assemblage Plastic Block Shape: Self-Locking Bricks Material: Plastic Plastic Type: ABS Bricks Blocks: 13678 PCS Contains detailed assembly instructions. Time arrange: 4-8 weeks Notice: 1. Without an original box, but we guarantee our products have quality [&hellip;]<\/p>","protected":false},"featured_media":29117,"comment_status":"open","ping_status":"closed","template":"","meta":{"_acf_changed":false},"product_cat":[390],"product_tag":[4428,4427],"class_list":["product","first","instock","shipping-taxable","purchasable","product-type-simple"],"acf":[],"_links":{"self":[{"href":"https:\/\/mouldking.store\/nb\/wp-json\/wp\/v2\/product\/29114","targetHints":{"allow":["GET"]}}],"collection":[{"href":"https:\/\/mouldking.store\/nb\/wp-json\/wp\/v2\/product"}],"about":[{"href":"https:\/\/mouldking.store\/nb\/wp-json\/wp\/v2\/types\/product"}],"replies":[{"embeddable":true,"href":"https:\/\/mouldking.store\/nb\/wp-json\/wp\/v2\/comments?post=29114"}],"wp:featuredmedia":[{"embeddable":true,"href":"https:\/\/mouldking.store\/nb\/wp-json\/wp\/v2\/media\/29117"}],"wp:attachment":[{"href":"https:\/\/mouldking.store\/nb\/wp-json\/wp\/v2\/media?parent=29114"}],"wp:term":[{"taxonomy":"product_cat","embeddable":true,"href":"https:\/\/mouldking.store\/nb\/wp-json\/wp\/v2\/product_cat?post=29114"},{"taxonomy":"product_tag","embeddable":true,"href":"https:\/\/mouldking.store\/nb\/wp-json\/wp\/v2\/product_tag?post=29114"}],"curies":[{"name":"wp","href":"https:\/\/api.w.org\/{rel}","templated":true}]}}