{"id":29516,"date":"2022-02-21T22:58:39","date_gmt":"2022-02-21T15:58:39","guid":{"rendered":"https:\/\/mouldking.store\/?post_type=product&#038;p=29516"},"modified":"2022-02-21T22:58:39","modified_gmt":"2022-02-21T15:58:39","slug":"pogo-pg5001-mickey-mouse-with-2500-pieces","status":"publish","type":"product","link":"https:\/\/mouldking.store\/nb\/shop\/pogo-pg5001-mickey-mouse-with-2500-pieces\/","title":{"rendered":"POGO PG5001 Mikke Mus med 2500 stk"},"content":{"rendered":"<p>Produktinformasjon:<br \/>\n1. Modellnummer: PG5001<br \/>\n2. Advarsel: kan ikke spise<br \/>\n3. Aldersgruppe: &gt; 6 \u00e5r gammel<br \/>\n4. Sertifisering: 3C<br \/>\n5. Plastblokkform: Selvl\u00e5sende murstein<br \/>\n6. Materiale: Plast<br \/>\n7. Plast Type: ABS<br \/>\n8. Mursteinsblokker: ~2500+STK<br \/>\n9. Inneholder detaljerte monteringsanvisninger<\/p>\n<p>Legge merke til:<br \/>\n1. Uten original eske, men vi garanterer at v\u00e5re produkter har kvalitetssikring og pen emballasje.<br \/>\n2. Som alle delene vi har sjekket f\u00f8r frakt, s\u00e5 hvis du finner noen deler savnet eller skadet, ikke bekymre deg og bare kontakt oss, s\u00e5 kan vi sende dem til deg p\u00e5 nytt umiddelbart gratis.<\/p>\n<figure id=\"attachment_29500\" aria-describedby=\"caption-attachment-29500\" style=\"width: 828px\" class=\"wp-caption aligncenter\"><img fetchpriority=\"high\" decoding=\"async\" class=\"wp-image-29500 size-full\" src=\"https:\/\/mouldking.store\/wp-content\/uploads\/2022\/02\/POGO-PG5001-Cute-Mickey-2.jpg\" alt=\"POGO PG5001 Mickey Mouse\" width=\"828\" height=\"822\" title=\"-\" srcset=\"https:\/\/mouldking.store\/wp-content\/uploads\/2022\/02\/POGO-PG5001-Cute-Mickey-2.jpg 828w, https:\/\/mouldking.store\/wp-content\/uploads\/2022\/02\/POGO-PG5001-Cute-Mickey-2-300x298.jpg 300w, https:\/\/mouldking.store\/wp-content\/uploads\/2022\/02\/POGO-PG5001-Cute-Mickey-2-768x762.jpg 768w, https:\/\/mouldking.store\/wp-content\/uploads\/2022\/02\/POGO-PG5001-Cute-Mickey-2-600x596.jpg 600w, https:\/\/mouldking.store\/wp-content\/uploads\/2022\/02\/POGO-PG5001-Cute-Mickey-2-150x150.jpg 150w\" sizes=\"(max-width: 828px) 100vw, 828px\" \/><figcaption id=\"caption-attachment-29500\" class=\"wp-caption-text\">POGO PG5001 Mikke Mus<\/figcaption><\/figure>\n<figure id=\"attachment_29501\" aria-describedby=\"caption-attachment-29501\" style=\"width: 827px\" class=\"wp-caption aligncenter\"><img decoding=\"async\" class=\"wp-image-29501 size-full\" src=\"https:\/\/mouldking.store\/wp-content\/uploads\/2022\/02\/POGO-PG5001-Cute-Mickey-3.jpg\" alt=\"POGO PG5001 Mickey Mouse\" width=\"827\" height=\"827\" title=\"-\" srcset=\"https:\/\/mouldking.store\/wp-content\/uploads\/2022\/02\/POGO-PG5001-Cute-Mickey-3.jpg 827w, https:\/\/mouldking.store\/wp-content\/uploads\/2022\/02\/POGO-PG5001-Cute-Mickey-3-300x300.jpg 300w, https:\/\/mouldking.store\/wp-content\/uploads\/2022\/02\/POGO-PG5001-Cute-Mickey-3-768x768.jpg 768w, https:\/\/mouldking.store\/wp-content\/uploads\/2022\/02\/POGO-PG5001-Cute-Mickey-3-600x600.jpg 600w, https:\/\/mouldking.store\/wp-content\/uploads\/2022\/02\/POGO-PG5001-Cute-Mickey-3-150x150.jpg 150w\" sizes=\"(max-width: 827px) 100vw, 827px\" \/><figcaption id=\"caption-attachment-29501\" class=\"wp-caption-text\">POGO PG5001 Mikke Mus<\/figcaption><\/figure>\n<figure id=\"attachment_29503\" aria-describedby=\"caption-attachment-29503\" style=\"width: 1024px\" class=\"wp-caption aligncenter\"><img decoding=\"async\" class=\"wp-image-29503 size-large\" src=\"https:\/\/mouldking.store\/wp-content\/uploads\/2022\/02\/POGO-PG5001-Cute-Mickey-5-1024x1024.jpg\" alt=\"POGO PG5001 Mickey Mouse\" width=\"1024\" height=\"1024\" title=\"-\" srcset=\"https:\/\/mouldking.store\/wp-content\/uploads\/2022\/02\/POGO-PG5001-Cute-Mickey-5-1024x1024.jpg 1024w, https:\/\/mouldking.store\/wp-content\/uploads\/2022\/02\/POGO-PG5001-Cute-Mickey-5-300x300.jpg 300w, https:\/\/mouldking.store\/wp-content\/uploads\/2022\/02\/POGO-PG5001-Cute-Mickey-5-768x768.jpg 768w, https:\/\/mouldking.store\/wp-content\/uploads\/2022\/02\/POGO-PG5001-Cute-Mickey-5-1536x1536.jpg 1536w, https:\/\/mouldking.store\/wp-content\/uploads\/2022\/02\/POGO-PG5001-Cute-Mickey-5-600x600.jpg 600w, https:\/\/mouldking.store\/wp-content\/uploads\/2022\/02\/POGO-PG5001-Cute-Mickey-5-150x150.jpg 150w, https:\/\/mouldking.store\/wp-content\/uploads\/2022\/02\/POGO-PG5001-Cute-Mickey-5.jpg 1920w\" sizes=\"(max-width: 1024px) 100vw, 1024px\" \/><figcaption id=\"caption-attachment-29503\" class=\"wp-caption-text\">POGO PG5001 Mikke Mus<\/figcaption><\/figure>\n<figure id=\"attachment_29502\" aria-describedby=\"caption-attachment-29502\" style=\"width: 826px\" class=\"wp-caption aligncenter\"><img loading=\"lazy\" decoding=\"async\" class=\"wp-image-29502 size-full\" src=\"https:\/\/mouldking.store\/wp-content\/uploads\/2022\/02\/POGO-PG5001-Cute-Mickey-4.jpg\" alt=\"POGO PG5001 Mickey Mouse\" width=\"826\" height=\"806\" title=\"-\" srcset=\"https:\/\/mouldking.store\/wp-content\/uploads\/2022\/02\/POGO-PG5001-Cute-Mickey-4.jpg 826w, https:\/\/mouldking.store\/wp-content\/uploads\/2022\/02\/POGO-PG5001-Cute-Mickey-4-300x293.jpg 300w, https:\/\/mouldking.store\/wp-content\/uploads\/2022\/02\/POGO-PG5001-Cute-Mickey-4-768x749.jpg 768w, https:\/\/mouldking.store\/wp-content\/uploads\/2022\/02\/POGO-PG5001-Cute-Mickey-4-600x585.jpg 600w, https:\/\/mouldking.store\/wp-content\/uploads\/2022\/02\/POGO-PG5001-Cute-Mickey-4-150x146.jpg 150w\" sizes=\"(max-width: 826px) 100vw, 826px\" \/><figcaption id=\"caption-attachment-29502\" class=\"wp-caption-text\">POGO PG5001 Mikke Mus<\/figcaption><\/figure>\n<figure id=\"attachment_29504\" aria-describedby=\"caption-attachment-29504\" style=\"width: 1024px\" class=\"wp-caption aligncenter\"><img loading=\"lazy\" decoding=\"async\" class=\"wp-image-29504 size-large\" src=\"https:\/\/mouldking.store\/wp-content\/uploads\/2022\/02\/POGO-PG5001-Cute-Mickey-1-1024x1024.jpg\" alt=\"POGO PG5001 Mickey Mouse\" width=\"1024\" height=\"1024\" title=\"-\" srcset=\"https:\/\/mouldking.store\/wp-content\/uploads\/2022\/02\/POGO-PG5001-Cute-Mickey-1-1024x1024.jpg 1024w, https:\/\/mouldking.store\/wp-content\/uploads\/2022\/02\/POGO-PG5001-Cute-Mickey-1-300x300.jpg 300w, https:\/\/mouldking.store\/wp-content\/uploads\/2022\/02\/POGO-PG5001-Cute-Mickey-1-768x768.jpg 768w, https:\/\/mouldking.store\/wp-content\/uploads\/2022\/02\/POGO-PG5001-Cute-Mickey-1-1536x1536.jpg 1536w, https:\/\/mouldking.store\/wp-content\/uploads\/2022\/02\/POGO-PG5001-Cute-Mickey-1-600x600.jpg 600w, https:\/\/mouldking.store\/wp-content\/uploads\/2022\/02\/POGO-PG5001-Cute-Mickey-1-150x150.jpg 150w, https:\/\/mouldking.store\/wp-content\/uploads\/2022\/02\/POGO-PG5001-Cute-Mickey-1.jpg 1920w\" sizes=\"(max-width: 1024px) 100vw, 1024px\" \/><figcaption id=\"caption-attachment-29504\" class=\"wp-caption-text\">POGO PG5001 Mikke Mus<\/figcaption><\/figure>","protected":false},"excerpt":{"rendered":"<p>Product information: 1. Model Number: PG5001 2. Warning: can not eat 3. Age Range: &gt; 6 years old 4. Certification: 3C 5. Plastic Block Shape: Self-Locking Bricks 6. Material: Plastic 7. Plastic Type: ABS 8. Bricks Blocks: ~2500+PCS 9. Contains detailed assembly instructions Notice: 1. Without original box, but we guarantee our products have quality [&hellip;]<\/p>","protected":false},"featured_media":29500,"comment_status":"closed","ping_status":"closed","template":"","meta":{"_acf_changed":false},"product_cat":[581],"product_tag":[4462,4459,4463,4461,4460,4458,4457],"class_list":["product","first","instock","shipping-taxable","purchasable","product-type-simple"],"acf":[],"_links":{"self":[{"href":"https:\/\/mouldking.store\/nb\/wp-json\/wp\/v2\/product\/29516","targetHints":{"allow":["GET"]}}],"collection":[{"href":"https:\/\/mouldking.store\/nb\/wp-json\/wp\/v2\/product"}],"about":[{"href":"https:\/\/mouldking.store\/nb\/wp-json\/wp\/v2\/types\/product"}],"replies":[{"embeddable":true,"href":"https:\/\/mouldking.store\/nb\/wp-json\/wp\/v2\/comments?post=29516"}],"wp:featuredmedia":[{"embeddable":true,"href":"https:\/\/mouldking.store\/nb\/wp-json\/wp\/v2\/media\/29500"}],"wp:attachment":[{"href":"https:\/\/mouldking.store\/nb\/wp-json\/wp\/v2\/media?parent=29516"}],"wp:term":[{"taxonomy":"product_cat","embeddable":true,"href":"https:\/\/mouldking.store\/nb\/wp-json\/wp\/v2\/product_cat?post=29516"},{"taxonomy":"product_tag","embeddable":true,"href":"https:\/\/mouldking.store\/nb\/wp-json\/wp\/v2\/product_tag?post=29516"}],"curies":[{"name":"wp","href":"https:\/\/api.w.org\/{rel}","templated":true}]}}