{"id":29543,"date":"2022-02-22T09:09:08","date_gmt":"2022-02-22T02:09:08","guid":{"rendered":"https:\/\/mouldking.store\/?post_type=product&#038;p=29543"},"modified":"2022-02-22T09:09:08","modified_gmt":"2022-02-22T02:09:08","slug":"qman-k20211-pokemon-music-box-with-500-pieces","status":"publish","type":"product","link":"https:\/\/mouldking.store\/nb\/shop\/qman-k20211-pokemon-music-box-with-500-pieces\/","title":{"rendered":"Qman K20211 Pok\u00e9mon musikkboks med 500 stykker"},"content":{"rendered":"<p>Produktinformasjon:<\/p>\n<ol>\n<li>Merke: Qman<\/li>\n<li>Kj\u00f8nn: Unisex<\/li>\n<li>Name: Pokemon Music Box<\/li>\n<li>Aldersgruppe: &gt; 6 \u00e5r gammel<\/li>\n<li>Model Number: K20211<\/li>\n<li>Klassifisering: Montering<\/li>\n<li>Plastblokkform: Selvl\u00e5sende murstein<\/li>\n<li>Materiale: Plast<\/li>\n<li>Plasttype: ABS<\/li>\n<li>Mursteinsblokker: 500 STK<\/li>\n<li>Inneholder detaljerte monteringsanvisninger.<\/li>\n<\/ol>\n<p>Legge merke til:<br \/>\n1. Uten original eske, men vi garanterer at v\u00e5re produkter har kvalitetssikring og pen emballasje.<br \/>\n2. Som alle delene vi har sjekket f\u00f8r frakt, s\u00e5 hvis du finner noen deler savnet eller skadet, ikke bekymre deg og bare kontakt oss, s\u00e5 kan vi sende dem til deg p\u00e5 nytt umiddelbart gratis.<\/p>\n<p>&nbsp;<\/p>\n<figure id=\"attachment_29544\" aria-describedby=\"caption-attachment-29544\" style=\"width: 800px\" class=\"wp-caption aligncenter\"><img fetchpriority=\"high\" decoding=\"async\" class=\"wp-image-29544 size-full\" src=\"https:\/\/mouldking.store\/wp-content\/uploads\/2022\/02\/Qman-K20211-Pokemon-Music-Box-with-500-pieces-1.jpg\" alt=\"Qman K20211 Pokemon Music Box with 500 pieces\" width=\"800\" height=\"800\" title=\"-\" srcset=\"https:\/\/mouldking.store\/wp-content\/uploads\/2022\/02\/Qman-K20211-Pokemon-Music-Box-with-500-pieces-1.jpg 800w, https:\/\/mouldking.store\/wp-content\/uploads\/2022\/02\/Qman-K20211-Pokemon-Music-Box-with-500-pieces-1-300x300.jpg 300w, https:\/\/mouldking.store\/wp-content\/uploads\/2022\/02\/Qman-K20211-Pokemon-Music-Box-with-500-pieces-1-768x768.jpg 768w, https:\/\/mouldking.store\/wp-content\/uploads\/2022\/02\/Qman-K20211-Pokemon-Music-Box-with-500-pieces-1-600x600.jpg 600w, https:\/\/mouldking.store\/wp-content\/uploads\/2022\/02\/Qman-K20211-Pokemon-Music-Box-with-500-pieces-1-150x150.jpg 150w\" sizes=\"(max-width: 800px) 100vw, 800px\" \/><figcaption id=\"caption-attachment-29544\" class=\"wp-caption-text\">Qman K20211 Pok\u00e9mon musikkboks med 500 stykker<\/figcaption><\/figure>\n<figure id=\"attachment_29549\" aria-describedby=\"caption-attachment-29549\" style=\"width: 800px\" class=\"wp-caption aligncenter\"><img decoding=\"async\" class=\"wp-image-29549 size-full\" src=\"https:\/\/mouldking.store\/wp-content\/uploads\/2022\/02\/Qman-K20211-Pokemon-Music-Box-with-500-pieces-4.jpg\" alt=\"Qman K20211 Pokemon Music Box with 500 pieces\" width=\"800\" height=\"800\" title=\"-\" srcset=\"https:\/\/mouldking.store\/wp-content\/uploads\/2022\/02\/Qman-K20211-Pokemon-Music-Box-with-500-pieces-4.jpg 800w, https:\/\/mouldking.store\/wp-content\/uploads\/2022\/02\/Qman-K20211-Pokemon-Music-Box-with-500-pieces-4-300x300.jpg 300w, https:\/\/mouldking.store\/wp-content\/uploads\/2022\/02\/Qman-K20211-Pokemon-Music-Box-with-500-pieces-4-768x768.jpg 768w, https:\/\/mouldking.store\/wp-content\/uploads\/2022\/02\/Qman-K20211-Pokemon-Music-Box-with-500-pieces-4-600x600.jpg 600w, https:\/\/mouldking.store\/wp-content\/uploads\/2022\/02\/Qman-K20211-Pokemon-Music-Box-with-500-pieces-4-150x150.jpg 150w\" sizes=\"(max-width: 800px) 100vw, 800px\" \/><figcaption id=\"caption-attachment-29549\" class=\"wp-caption-text\">Qman K20211 Pok\u00e9mon musikkboks med 500 stykker<\/figcaption><\/figure>\n<figure id=\"attachment_29550\" aria-describedby=\"caption-attachment-29550\" style=\"width: 651px\" class=\"wp-caption aligncenter\"><img decoding=\"async\" class=\"wp-image-29550 size-full\" src=\"https:\/\/mouldking.store\/wp-content\/uploads\/2022\/02\/Qman-K20211-Pokemon-Music-Box-with-500-pieces-3.png\" alt=\"Qman K20211 Pokemon Music Box with 500 pieces\" width=\"651\" height=\"1024\" title=\"-\" srcset=\"https:\/\/mouldking.store\/wp-content\/uploads\/2022\/02\/Qman-K20211-Pokemon-Music-Box-with-500-pieces-3.png 651w, https:\/\/mouldking.store\/wp-content\/uploads\/2022\/02\/Qman-K20211-Pokemon-Music-Box-with-500-pieces-3-191x300.png 191w, https:\/\/mouldking.store\/wp-content\/uploads\/2022\/02\/Qman-K20211-Pokemon-Music-Box-with-500-pieces-3-300x472.png 300w, https:\/\/mouldking.store\/wp-content\/uploads\/2022\/02\/Qman-K20211-Pokemon-Music-Box-with-500-pieces-3-600x944.png 600w, https:\/\/mouldking.store\/wp-content\/uploads\/2022\/02\/Qman-K20211-Pokemon-Music-Box-with-500-pieces-3-95x150.png 95w\" sizes=\"(max-width: 651px) 100vw, 651px\" \/><figcaption id=\"caption-attachment-29550\" class=\"wp-caption-text\">Qman K20211 Pok\u00e9mon musikkboks med 500 stykker<\/figcaption><\/figure>\n<figure id=\"attachment_29552\" aria-describedby=\"caption-attachment-29552\" style=\"width: 800px\" class=\"wp-caption aligncenter\"><img loading=\"lazy\" decoding=\"async\" class=\"wp-image-29552 size-full\" src=\"https:\/\/mouldking.store\/wp-content\/uploads\/2022\/02\/Qman-K20211-Pokemon-Music-Box-with-500-pieces-5.jpg\" alt=\"Qman K20211 Pokemon Music Box with 500 pieces\" width=\"800\" height=\"800\" title=\"-\" srcset=\"https:\/\/mouldking.store\/wp-content\/uploads\/2022\/02\/Qman-K20211-Pokemon-Music-Box-with-500-pieces-5.jpg 800w, https:\/\/mouldking.store\/wp-content\/uploads\/2022\/02\/Qman-K20211-Pokemon-Music-Box-with-500-pieces-5-300x300.jpg 300w, https:\/\/mouldking.store\/wp-content\/uploads\/2022\/02\/Qman-K20211-Pokemon-Music-Box-with-500-pieces-5-768x768.jpg 768w, https:\/\/mouldking.store\/wp-content\/uploads\/2022\/02\/Qman-K20211-Pokemon-Music-Box-with-500-pieces-5-600x600.jpg 600w, https:\/\/mouldking.store\/wp-content\/uploads\/2022\/02\/Qman-K20211-Pokemon-Music-Box-with-500-pieces-5-150x150.jpg 150w\" sizes=\"(max-width: 800px) 100vw, 800px\" \/><figcaption id=\"caption-attachment-29552\" class=\"wp-caption-text\">Qman K20211 Pok\u00e9mon musikkboks med 500 stykker<\/figcaption><\/figure>\n<figure id=\"attachment_29551\" aria-describedby=\"caption-attachment-29551\" style=\"width: 683px\" class=\"wp-caption aligncenter\"><img loading=\"lazy\" decoding=\"async\" class=\"wp-image-29551 size-full\" src=\"https:\/\/mouldking.store\/wp-content\/uploads\/2022\/02\/Qman-K20211-Pokemon-Music-Box-with-500-pieces-4.png\" alt=\"Qman K20211 Pokemon Music Box with 500 pieces\" width=\"683\" height=\"1024\" title=\"-\" srcset=\"https:\/\/mouldking.store\/wp-content\/uploads\/2022\/02\/Qman-K20211-Pokemon-Music-Box-with-500-pieces-4.png 683w, https:\/\/mouldking.store\/wp-content\/uploads\/2022\/02\/Qman-K20211-Pokemon-Music-Box-with-500-pieces-4-200x300.png 200w, https:\/\/mouldking.store\/wp-content\/uploads\/2022\/02\/Qman-K20211-Pokemon-Music-Box-with-500-pieces-4-300x450.png 300w, https:\/\/mouldking.store\/wp-content\/uploads\/2022\/02\/Qman-K20211-Pokemon-Music-Box-with-500-pieces-4-600x900.png 600w, https:\/\/mouldking.store\/wp-content\/uploads\/2022\/02\/Qman-K20211-Pokemon-Music-Box-with-500-pieces-4-100x150.png 100w\" sizes=\"(max-width: 683px) 100vw, 683px\" \/><figcaption id=\"caption-attachment-29551\" class=\"wp-caption-text\">Qman K20211 Pok\u00e9mon musikkboks med 500 stykker<\/figcaption><\/figure>\n<figure id=\"attachment_29548\" aria-describedby=\"caption-attachment-29548\" style=\"width: 565px\" class=\"wp-caption aligncenter\"><img loading=\"lazy\" decoding=\"async\" class=\"wp-image-29548 size-full\" src=\"https:\/\/mouldking.store\/wp-content\/uploads\/2022\/02\/Qman-K20211-Pokemon-Music-Box-with-500-pieces-2.png\" alt=\"Qman K20211 Pokemon Music Box with 500 pieces\" width=\"565\" height=\"1024\" title=\"-\" srcset=\"https:\/\/mouldking.store\/wp-content\/uploads\/2022\/02\/Qman-K20211-Pokemon-Music-Box-with-500-pieces-2.png 565w, https:\/\/mouldking.store\/wp-content\/uploads\/2022\/02\/Qman-K20211-Pokemon-Music-Box-with-500-pieces-2-166x300.png 166w, https:\/\/mouldking.store\/wp-content\/uploads\/2022\/02\/Qman-K20211-Pokemon-Music-Box-with-500-pieces-2-300x544.png 300w, https:\/\/mouldking.store\/wp-content\/uploads\/2022\/02\/Qman-K20211-Pokemon-Music-Box-with-500-pieces-2-83x150.png 83w\" sizes=\"(max-width: 565px) 100vw, 565px\" \/><figcaption id=\"caption-attachment-29548\" class=\"wp-caption-text\">Qman K20211 Pok\u00e9mon musikkboks med 500 stykker<\/figcaption><\/figure>\n<figure id=\"attachment_29545\" aria-describedby=\"caption-attachment-29545\" style=\"width: 800px\" class=\"wp-caption aligncenter\"><img loading=\"lazy\" decoding=\"async\" class=\"wp-image-29545 size-full\" src=\"https:\/\/mouldking.store\/wp-content\/uploads\/2022\/02\/Qman-K20211-Pokemon-Music-Box-with-500-pieces-2.jpg\" alt=\"Qman K20211 Pokemon Music Box with 500 pieces\" width=\"800\" height=\"800\" title=\"-\" srcset=\"https:\/\/mouldking.store\/wp-content\/uploads\/2022\/02\/Qman-K20211-Pokemon-Music-Box-with-500-pieces-2.jpg 800w, https:\/\/mouldking.store\/wp-content\/uploads\/2022\/02\/Qman-K20211-Pokemon-Music-Box-with-500-pieces-2-300x300.jpg 300w, https:\/\/mouldking.store\/wp-content\/uploads\/2022\/02\/Qman-K20211-Pokemon-Music-Box-with-500-pieces-2-768x768.jpg 768w, https:\/\/mouldking.store\/wp-content\/uploads\/2022\/02\/Qman-K20211-Pokemon-Music-Box-with-500-pieces-2-600x600.jpg 600w, https:\/\/mouldking.store\/wp-content\/uploads\/2022\/02\/Qman-K20211-Pokemon-Music-Box-with-500-pieces-2-150x150.jpg 150w\" sizes=\"(max-width: 800px) 100vw, 800px\" \/><figcaption id=\"caption-attachment-29545\" class=\"wp-caption-text\">Qman K20211 Pok\u00e9mon musikkboks med 500 stykker<\/figcaption><\/figure>\n<figure id=\"attachment_29546\" aria-describedby=\"caption-attachment-29546\" style=\"width: 800px\" class=\"wp-caption aligncenter\"><img loading=\"lazy\" decoding=\"async\" class=\"wp-image-29546 size-full\" src=\"https:\/\/mouldking.store\/wp-content\/uploads\/2022\/02\/Qman-K20211-Pokemon-Music-Box-with-500-pieces-3.jpg\" alt=\"Qman K20211 Pokemon Music Box with 500 pieces\" width=\"800\" height=\"800\" title=\"-\" srcset=\"https:\/\/mouldking.store\/wp-content\/uploads\/2022\/02\/Qman-K20211-Pokemon-Music-Box-with-500-pieces-3.jpg 800w, https:\/\/mouldking.store\/wp-content\/uploads\/2022\/02\/Qman-K20211-Pokemon-Music-Box-with-500-pieces-3-300x300.jpg 300w, https:\/\/mouldking.store\/wp-content\/uploads\/2022\/02\/Qman-K20211-Pokemon-Music-Box-with-500-pieces-3-768x768.jpg 768w, https:\/\/mouldking.store\/wp-content\/uploads\/2022\/02\/Qman-K20211-Pokemon-Music-Box-with-500-pieces-3-600x600.jpg 600w, https:\/\/mouldking.store\/wp-content\/uploads\/2022\/02\/Qman-K20211-Pokemon-Music-Box-with-500-pieces-3-150x150.jpg 150w\" sizes=\"(max-width: 800px) 100vw, 800px\" \/><figcaption id=\"caption-attachment-29546\" class=\"wp-caption-text\">Qman K20211 Pok\u00e9mon musikkboks med 500 stykker<\/figcaption><\/figure>\n<figure id=\"attachment_29547\" aria-describedby=\"caption-attachment-29547\" style=\"width: 790px\" class=\"wp-caption aligncenter\"><img loading=\"lazy\" decoding=\"async\" class=\"wp-image-29547 size-full\" src=\"https:\/\/mouldking.store\/wp-content\/uploads\/2022\/02\/Qman-K20211-Pokemon-Music-Box-with-500-pieces-1.png\" alt=\"Qman K20211 Pokemon Music Box with 500 pieces\" width=\"790\" height=\"585\" title=\"-\" srcset=\"https:\/\/mouldking.store\/wp-content\/uploads\/2022\/02\/Qman-K20211-Pokemon-Music-Box-with-500-pieces-1.png 790w, https:\/\/mouldking.store\/wp-content\/uploads\/2022\/02\/Qman-K20211-Pokemon-Music-Box-with-500-pieces-1-300x222.png 300w, https:\/\/mouldking.store\/wp-content\/uploads\/2022\/02\/Qman-K20211-Pokemon-Music-Box-with-500-pieces-1-768x569.png 768w, https:\/\/mouldking.store\/wp-content\/uploads\/2022\/02\/Qman-K20211-Pokemon-Music-Box-with-500-pieces-1-600x444.png 600w, https:\/\/mouldking.store\/wp-content\/uploads\/2022\/02\/Qman-K20211-Pokemon-Music-Box-with-500-pieces-1-150x111.png 150w\" sizes=\"(max-width: 790px) 100vw, 790px\" \/><figcaption id=\"caption-attachment-29547\" class=\"wp-caption-text\">Qman K20211 Pok\u00e9mon musikkboks med 500 stykker<\/figcaption><\/figure>","protected":false},"excerpt":{"rendered":"<p>Product information: Brand: Qman Gender: Unisex Name: Pokemon Music Box Age Range: &gt; 6 years old Model Number: K20211 Classification: Assemblage Plastic Block Shape: Self-Locking Bricks Material: Plastic Plastic Type: ABS Bricks Blocks: 500 PCS Contains detailed assembly instructions. Notice: 1. Without an original box, but we guarantee our products have quality assurance and nice [&hellip;]<\/p>","protected":false},"featured_media":29544,"comment_status":"closed","ping_status":"closed","template":"","meta":{"_acf_changed":false},"product_cat":[581],"product_tag":[4487,1370,2468,4484,4125,4483,4486,4485,4482],"class_list":["product","first","instock","shipping-taxable","purchasable","product-type-simple"],"acf":[],"_links":{"self":[{"href":"https:\/\/mouldking.store\/nb\/wp-json\/wp\/v2\/product\/29543","targetHints":{"allow":["GET"]}}],"collection":[{"href":"https:\/\/mouldking.store\/nb\/wp-json\/wp\/v2\/product"}],"about":[{"href":"https:\/\/mouldking.store\/nb\/wp-json\/wp\/v2\/types\/product"}],"replies":[{"embeddable":true,"href":"https:\/\/mouldking.store\/nb\/wp-json\/wp\/v2\/comments?post=29543"}],"wp:featuredmedia":[{"embeddable":true,"href":"https:\/\/mouldking.store\/nb\/wp-json\/wp\/v2\/media\/29544"}],"wp:attachment":[{"href":"https:\/\/mouldking.store\/nb\/wp-json\/wp\/v2\/media?parent=29543"}],"wp:term":[{"taxonomy":"product_cat","embeddable":true,"href":"https:\/\/mouldking.store\/nb\/wp-json\/wp\/v2\/product_cat?post=29543"},{"taxonomy":"product_tag","embeddable":true,"href":"https:\/\/mouldking.store\/nb\/wp-json\/wp\/v2\/product_tag?post=29543"}],"curies":[{"name":"wp","href":"https:\/\/api.w.org\/{rel}","templated":true}]}}