{"id":29567,"date":"2022-02-22T09:24:45","date_gmt":"2022-02-22T02:24:45","guid":{"rendered":"https:\/\/mouldking.store\/?post_type=product&#038;p=29567"},"modified":"2022-02-22T09:24:45","modified_gmt":"2022-02-22T02:24:45","slug":"quanguan-100112-soviet-army-gaz-552-ambulance-with-334-pieces","status":"publish","type":"product","link":"https:\/\/mouldking.store\/nb\/shop\/quanguan-100112-soviet-army-gaz-552-ambulance-with-334-pieces\/","title":{"rendered":"QuanGuan 100112 sovjetiske h\u00e6r Gaz-552 ambulanse med 334 stykker"},"content":{"rendered":"<p>Produktinformasjon:<\/p>\n<ol>\n<li>Merke: QuanGuan<\/li>\n<li>Kj\u00f8nn: Unisex<\/li>\n<li>Name: Soviet Army Gaz-552 Ambulance<\/li>\n<li>Aldersgruppe: &gt; 6 \u00e5r gammel<\/li>\n<li>Model Number: 100112<\/li>\n<li>Klassifisering: Montering<\/li>\n<li>Plastblokkform: Selvl\u00e5sende murstein<\/li>\n<li>Materiale: Plast<\/li>\n<li>Plasttype: ABS<\/li>\n<li>Bricks Blocks: 334 PCS<\/li>\n<li>Inneholder detaljerte monteringsanvisninger.<\/li>\n<\/ol>\n<p>Legge merke til:<br \/>\n1. Uten original eske, men vi garanterer at v\u00e5re produkter har kvalitetssikring og pen emballasje.<br \/>\n2. Som alle delene vi har sjekket f\u00f8r frakt, s\u00e5 hvis du finner noen deler savnet eller skadet, ikke bekymre deg og bare kontakt oss, s\u00e5 kan vi sende dem til deg p\u00e5 nytt umiddelbart gratis.<\/p>\n<figure id=\"attachment_29568\" aria-describedby=\"caption-attachment-29568\" style=\"width: 800px\" class=\"wp-caption aligncenter\"><img fetchpriority=\"high\" decoding=\"async\" class=\"wp-image-29568 size-full\" src=\"https:\/\/mouldking.store\/wp-content\/uploads\/2022\/02\/QuanGuan-100112-Soviet-Army-Gaz-552-Ambulance-with-334-pieces-1.png\" alt=\"QuanGuan 100112 Soviet Army Gaz-552 Ambulance with 334 pieces\" width=\"800\" height=\"800\" title=\"-\" srcset=\"https:\/\/mouldking.store\/wp-content\/uploads\/2022\/02\/QuanGuan-100112-Soviet-Army-Gaz-552-Ambulance-with-334-pieces-1.png 800w, https:\/\/mouldking.store\/wp-content\/uploads\/2022\/02\/QuanGuan-100112-Soviet-Army-Gaz-552-Ambulance-with-334-pieces-1-300x300.png 300w, https:\/\/mouldking.store\/wp-content\/uploads\/2022\/02\/QuanGuan-100112-Soviet-Army-Gaz-552-Ambulance-with-334-pieces-1-768x768.png 768w, https:\/\/mouldking.store\/wp-content\/uploads\/2022\/02\/QuanGuan-100112-Soviet-Army-Gaz-552-Ambulance-with-334-pieces-1-600x600.png 600w, https:\/\/mouldking.store\/wp-content\/uploads\/2022\/02\/QuanGuan-100112-Soviet-Army-Gaz-552-Ambulance-with-334-pieces-1-150x150.png 150w\" sizes=\"(max-width: 800px) 100vw, 800px\" \/><figcaption id=\"caption-attachment-29568\" class=\"wp-caption-text\">QuanGuan 100112 sovjetiske h\u00e6r Gaz-552 ambulanse med 334 stykker<\/figcaption><\/figure>\n<figure id=\"attachment_29572\" aria-describedby=\"caption-attachment-29572\" style=\"width: 800px\" class=\"wp-caption aligncenter\"><img decoding=\"async\" class=\"wp-image-29572 size-full\" src=\"https:\/\/mouldking.store\/wp-content\/uploads\/2022\/02\/QuanGuan-100112-Soviet-Army-Gaz-552-Ambulance-with-334-pieces-4.png\" alt=\"QuanGuan 100112 Soviet Army Gaz-552 Ambulance with 334 pieces\" width=\"800\" height=\"800\" title=\"-\" srcset=\"https:\/\/mouldking.store\/wp-content\/uploads\/2022\/02\/QuanGuan-100112-Soviet-Army-Gaz-552-Ambulance-with-334-pieces-4.png 800w, https:\/\/mouldking.store\/wp-content\/uploads\/2022\/02\/QuanGuan-100112-Soviet-Army-Gaz-552-Ambulance-with-334-pieces-4-300x300.png 300w, https:\/\/mouldking.store\/wp-content\/uploads\/2022\/02\/QuanGuan-100112-Soviet-Army-Gaz-552-Ambulance-with-334-pieces-4-768x768.png 768w, https:\/\/mouldking.store\/wp-content\/uploads\/2022\/02\/QuanGuan-100112-Soviet-Army-Gaz-552-Ambulance-with-334-pieces-4-600x600.png 600w, https:\/\/mouldking.store\/wp-content\/uploads\/2022\/02\/QuanGuan-100112-Soviet-Army-Gaz-552-Ambulance-with-334-pieces-4-150x150.png 150w\" sizes=\"(max-width: 800px) 100vw, 800px\" \/><figcaption id=\"caption-attachment-29572\" class=\"wp-caption-text\">QuanGuan 100112 sovjetiske h\u00e6r Gaz-552 ambulanse med 334 stykker<\/figcaption><\/figure>\n<figure id=\"attachment_29573\" aria-describedby=\"caption-attachment-29573\" style=\"width: 800px\" class=\"wp-caption aligncenter\"><img decoding=\"async\" class=\"wp-image-29573 size-full\" src=\"https:\/\/mouldking.store\/wp-content\/uploads\/2022\/02\/QuanGuan-100112-Soviet-Army-Gaz-552-Ambulance-with-334-pieces-5.png\" alt=\"QuanGuan 100112 Soviet Army Gaz-552 Ambulance with 334 pieces\" width=\"800\" height=\"800\" title=\"-\" srcset=\"https:\/\/mouldking.store\/wp-content\/uploads\/2022\/02\/QuanGuan-100112-Soviet-Army-Gaz-552-Ambulance-with-334-pieces-5.png 800w, https:\/\/mouldking.store\/wp-content\/uploads\/2022\/02\/QuanGuan-100112-Soviet-Army-Gaz-552-Ambulance-with-334-pieces-5-300x300.png 300w, https:\/\/mouldking.store\/wp-content\/uploads\/2022\/02\/QuanGuan-100112-Soviet-Army-Gaz-552-Ambulance-with-334-pieces-5-768x768.png 768w, https:\/\/mouldking.store\/wp-content\/uploads\/2022\/02\/QuanGuan-100112-Soviet-Army-Gaz-552-Ambulance-with-334-pieces-5-600x600.png 600w, https:\/\/mouldking.store\/wp-content\/uploads\/2022\/02\/QuanGuan-100112-Soviet-Army-Gaz-552-Ambulance-with-334-pieces-5-150x150.png 150w\" sizes=\"(max-width: 800px) 100vw, 800px\" \/><figcaption id=\"caption-attachment-29573\" class=\"wp-caption-text\">QuanGuan 100112 sovjetiske h\u00e6r Gaz-552 ambulanse med 334 stykker<\/figcaption><\/figure>\n<figure id=\"attachment_29570\" aria-describedby=\"caption-attachment-29570\" style=\"width: 800px\" class=\"wp-caption aligncenter\"><img loading=\"lazy\" decoding=\"async\" class=\"wp-image-29570 size-full\" src=\"https:\/\/mouldking.store\/wp-content\/uploads\/2022\/02\/QuanGuan-100112-Soviet-Army-Gaz-552-Ambulance-with-334-pieces-2.png\" alt=\"QuanGuan 100112 Soviet Army Gaz-552 Ambulance with 334 pieces\" width=\"800\" height=\"800\" title=\"-\" srcset=\"https:\/\/mouldking.store\/wp-content\/uploads\/2022\/02\/QuanGuan-100112-Soviet-Army-Gaz-552-Ambulance-with-334-pieces-2.png 800w, https:\/\/mouldking.store\/wp-content\/uploads\/2022\/02\/QuanGuan-100112-Soviet-Army-Gaz-552-Ambulance-with-334-pieces-2-300x300.png 300w, https:\/\/mouldking.store\/wp-content\/uploads\/2022\/02\/QuanGuan-100112-Soviet-Army-Gaz-552-Ambulance-with-334-pieces-2-768x768.png 768w, https:\/\/mouldking.store\/wp-content\/uploads\/2022\/02\/QuanGuan-100112-Soviet-Army-Gaz-552-Ambulance-with-334-pieces-2-600x600.png 600w, https:\/\/mouldking.store\/wp-content\/uploads\/2022\/02\/QuanGuan-100112-Soviet-Army-Gaz-552-Ambulance-with-334-pieces-2-150x150.png 150w\" sizes=\"(max-width: 800px) 100vw, 800px\" \/><figcaption id=\"caption-attachment-29570\" class=\"wp-caption-text\">QuanGuan 100112 sovjetiske h\u00e6r Gaz-552 ambulanse med 334 stykker<\/figcaption><\/figure>\n<figure id=\"attachment_29571\" aria-describedby=\"caption-attachment-29571\" style=\"width: 800px\" class=\"wp-caption aligncenter\"><img loading=\"lazy\" decoding=\"async\" class=\"wp-image-29571 size-full\" src=\"https:\/\/mouldking.store\/wp-content\/uploads\/2022\/02\/QuanGuan-100112-Soviet-Army-Gaz-552-Ambulance-with-334-pieces-3.png\" alt=\"QuanGuan 100112 Soviet Army Gaz-552 Ambulance with 334 pieces\" width=\"800\" height=\"800\" title=\"-\" srcset=\"https:\/\/mouldking.store\/wp-content\/uploads\/2022\/02\/QuanGuan-100112-Soviet-Army-Gaz-552-Ambulance-with-334-pieces-3.png 800w, https:\/\/mouldking.store\/wp-content\/uploads\/2022\/02\/QuanGuan-100112-Soviet-Army-Gaz-552-Ambulance-with-334-pieces-3-300x300.png 300w, https:\/\/mouldking.store\/wp-content\/uploads\/2022\/02\/QuanGuan-100112-Soviet-Army-Gaz-552-Ambulance-with-334-pieces-3-768x768.png 768w, https:\/\/mouldking.store\/wp-content\/uploads\/2022\/02\/QuanGuan-100112-Soviet-Army-Gaz-552-Ambulance-with-334-pieces-3-600x600.png 600w, https:\/\/mouldking.store\/wp-content\/uploads\/2022\/02\/QuanGuan-100112-Soviet-Army-Gaz-552-Ambulance-with-334-pieces-3-150x150.png 150w\" sizes=\"(max-width: 800px) 100vw, 800px\" \/><figcaption id=\"caption-attachment-29571\" class=\"wp-caption-text\">QuanGuan 100112 sovjetiske h\u00e6r Gaz-552 ambulanse med 334 stykker<\/figcaption><\/figure>\n<figure id=\"attachment_29569\" aria-describedby=\"caption-attachment-29569\" style=\"width: 800px\" class=\"wp-caption aligncenter\"><img loading=\"lazy\" decoding=\"async\" class=\"wp-image-29569 size-full\" src=\"https:\/\/mouldking.store\/wp-content\/uploads\/2022\/02\/QuanGuan-100112-Soviet-Army-Gaz-552-Ambulance-with-334-pieces-1.jpg\" alt=\"QuanGuan 100112 Soviet Army Gaz-552 Ambulance with 334 pieces\" width=\"800\" height=\"800\" title=\"-\" srcset=\"https:\/\/mouldking.store\/wp-content\/uploads\/2022\/02\/QuanGuan-100112-Soviet-Army-Gaz-552-Ambulance-with-334-pieces-1.jpg 800w, https:\/\/mouldking.store\/wp-content\/uploads\/2022\/02\/QuanGuan-100112-Soviet-Army-Gaz-552-Ambulance-with-334-pieces-1-300x300.jpg 300w, https:\/\/mouldking.store\/wp-content\/uploads\/2022\/02\/QuanGuan-100112-Soviet-Army-Gaz-552-Ambulance-with-334-pieces-1-768x768.jpg 768w, https:\/\/mouldking.store\/wp-content\/uploads\/2022\/02\/QuanGuan-100112-Soviet-Army-Gaz-552-Ambulance-with-334-pieces-1-600x600.jpg 600w, https:\/\/mouldking.store\/wp-content\/uploads\/2022\/02\/QuanGuan-100112-Soviet-Army-Gaz-552-Ambulance-with-334-pieces-1-150x150.jpg 150w\" sizes=\"(max-width: 800px) 100vw, 800px\" \/><figcaption id=\"caption-attachment-29569\" class=\"wp-caption-text\">QuanGuan 100112 sovjetiske h\u00e6r Gaz-552 ambulanse med 334 stykker<\/figcaption><\/figure>","protected":false},"excerpt":{"rendered":"<p>Product information: Brand: QuanGuan Gender: Unisex Name: Soviet Army Gaz-552 Ambulance Age Range: &gt; 6 years old Model Number: 100112 Classification: Assemblage Plastic Block Shape: Self-Locking Bricks Material: Plastic Plastic Type: ABS Bricks Blocks: 334 PCS Contains detailed assembly instructions. Notice: 1. Without an original box, but we guarantee our products have quality assurance and [&hellip;]<\/p>","protected":false},"featured_media":29568,"comment_status":"closed","ping_status":"closed","template":"","meta":{"_acf_changed":false},"product_cat":[372],"product_tag":[4505,4507,2290,4503,4502,4506,4504],"class_list":["product","first","instock","shipping-taxable","purchasable","product-type-simple"],"acf":[],"_links":{"self":[{"href":"https:\/\/mouldking.store\/nb\/wp-json\/wp\/v2\/product\/29567","targetHints":{"allow":["GET"]}}],"collection":[{"href":"https:\/\/mouldking.store\/nb\/wp-json\/wp\/v2\/product"}],"about":[{"href":"https:\/\/mouldking.store\/nb\/wp-json\/wp\/v2\/types\/product"}],"replies":[{"embeddable":true,"href":"https:\/\/mouldking.store\/nb\/wp-json\/wp\/v2\/comments?post=29567"}],"wp:featuredmedia":[{"embeddable":true,"href":"https:\/\/mouldking.store\/nb\/wp-json\/wp\/v2\/media\/29568"}],"wp:attachment":[{"href":"https:\/\/mouldking.store\/nb\/wp-json\/wp\/v2\/media?parent=29567"}],"wp:term":[{"taxonomy":"product_cat","embeddable":true,"href":"https:\/\/mouldking.store\/nb\/wp-json\/wp\/v2\/product_cat?post=29567"},{"taxonomy":"product_tag","embeddable":true,"href":"https:\/\/mouldking.store\/nb\/wp-json\/wp\/v2\/product_tag?post=29567"}],"curies":[{"name":"wp","href":"https:\/\/api.w.org\/{rel}","templated":true}]}}