{"id":29583,"date":"2022-02-22T09:32:29","date_gmt":"2022-02-22T02:32:29","guid":{"rendered":"https:\/\/mouldking.store\/?post_type=product&#038;p=29583"},"modified":"2022-02-22T09:32:29","modified_gmt":"2022-02-22T02:32:29","slug":"qman-k20505-naruto-gaara-vs-deidara-with-466-pieces","status":"publish","type":"product","link":"https:\/\/mouldking.store\/nb\/shop\/qman-k20505-naruto-gaara-vs-deidara-with-466-pieces\/","title":{"rendered":"Qman K20505 Naruto Gaara vs. Deidara with 466 pieces"},"content":{"rendered":"<p>Produktinformasjon:<\/p>\n<ol>\n<li>Merke: Qman<\/li>\n<li>Kj\u00f8nn: Unisex<\/li>\n<li>Name: Naruto Gaara vs. Deidara<\/li>\n<li>Aldersgruppe: &gt; 6 \u00e5r gammel<\/li>\n<li>Model Number: K20505<\/li>\n<li>Klassifisering: Montering<\/li>\n<li>Plastblokkform: Selvl\u00e5sende murstein<\/li>\n<li>Materiale: Plast<\/li>\n<li>Plasttype: ABS<\/li>\n<li>Bricks Blocks: 466 PCS<\/li>\n<li>Inneholder detaljerte monteringsanvisninger.<\/li>\n<\/ol>\n<p>Legge merke til:<br \/>\n1. Uten original eske, men vi garanterer at v\u00e5re produkter har kvalitetssikring og pen emballasje.<br \/>\n2. Som alle delene vi har sjekket f\u00f8r frakt, s\u00e5 hvis du finner noen deler savnet eller skadet, ikke bekymre deg og bare kontakt oss, s\u00e5 kan vi sende dem til deg p\u00e5 nytt umiddelbart gratis.<\/p>\n<figure id=\"attachment_29584\" aria-describedby=\"caption-attachment-29584\" style=\"width: 800px\" class=\"wp-caption aligncenter\"><img fetchpriority=\"high\" decoding=\"async\" class=\"wp-image-29584 size-full\" src=\"https:\/\/mouldking.store\/wp-content\/uploads\/2022\/02\/Qman-K20505-Naruto-Gaara-vs.-Deidara-with-466-pieces-1.jpg\" alt=\"Qman K20505 Naruto Gaara vs. Deidara with 466 pieces\" width=\"800\" height=\"800\" title=\"-\" srcset=\"https:\/\/mouldking.store\/wp-content\/uploads\/2022\/02\/Qman-K20505-Naruto-Gaara-vs.-Deidara-with-466-pieces-1.jpg 800w, https:\/\/mouldking.store\/wp-content\/uploads\/2022\/02\/Qman-K20505-Naruto-Gaara-vs.-Deidara-with-466-pieces-1-300x300.jpg 300w, https:\/\/mouldking.store\/wp-content\/uploads\/2022\/02\/Qman-K20505-Naruto-Gaara-vs.-Deidara-with-466-pieces-1-768x768.jpg 768w, https:\/\/mouldking.store\/wp-content\/uploads\/2022\/02\/Qman-K20505-Naruto-Gaara-vs.-Deidara-with-466-pieces-1-600x600.jpg 600w, https:\/\/mouldking.store\/wp-content\/uploads\/2022\/02\/Qman-K20505-Naruto-Gaara-vs.-Deidara-with-466-pieces-1-150x150.jpg 150w\" sizes=\"(max-width: 800px) 100vw, 800px\" \/><figcaption id=\"caption-attachment-29584\" class=\"wp-caption-text\">Qman K20505 Naruto Gaara vs. Deidara with 466 pieces<\/figcaption><\/figure>\n<figure id=\"attachment_29586\" aria-describedby=\"caption-attachment-29586\" style=\"width: 800px\" class=\"wp-caption aligncenter\"><img decoding=\"async\" class=\"wp-image-29586 size-full\" src=\"https:\/\/mouldking.store\/wp-content\/uploads\/2022\/02\/Qman-K20505-Naruto-Gaara-vs.-Deidara-with-466-pieces-3.jpg\" alt=\"Qman K20505 Naruto Gaara vs. Deidara with 466 pieces\" width=\"800\" height=\"800\" title=\"-\" srcset=\"https:\/\/mouldking.store\/wp-content\/uploads\/2022\/02\/Qman-K20505-Naruto-Gaara-vs.-Deidara-with-466-pieces-3.jpg 800w, https:\/\/mouldking.store\/wp-content\/uploads\/2022\/02\/Qman-K20505-Naruto-Gaara-vs.-Deidara-with-466-pieces-3-300x300.jpg 300w, https:\/\/mouldking.store\/wp-content\/uploads\/2022\/02\/Qman-K20505-Naruto-Gaara-vs.-Deidara-with-466-pieces-3-768x768.jpg 768w, https:\/\/mouldking.store\/wp-content\/uploads\/2022\/02\/Qman-K20505-Naruto-Gaara-vs.-Deidara-with-466-pieces-3-600x600.jpg 600w, https:\/\/mouldking.store\/wp-content\/uploads\/2022\/02\/Qman-K20505-Naruto-Gaara-vs.-Deidara-with-466-pieces-3-150x150.jpg 150w\" sizes=\"(max-width: 800px) 100vw, 800px\" \/><figcaption id=\"caption-attachment-29586\" class=\"wp-caption-text\">Qman K20505 Naruto Gaara vs. Deidara with 466 pieces<\/figcaption><\/figure>\n<figure id=\"attachment_29585\" aria-describedby=\"caption-attachment-29585\" style=\"width: 800px\" class=\"wp-caption aligncenter\"><img decoding=\"async\" class=\"wp-image-29585 size-full\" src=\"https:\/\/mouldking.store\/wp-content\/uploads\/2022\/02\/Qman-K20505-Naruto-Gaara-vs.-Deidara-with-466-pieces-2.jpg\" alt=\"Qman K20505 Naruto Gaara vs. Deidara with 466 pieces\" width=\"800\" height=\"800\" title=\"-\" srcset=\"https:\/\/mouldking.store\/wp-content\/uploads\/2022\/02\/Qman-K20505-Naruto-Gaara-vs.-Deidara-with-466-pieces-2.jpg 800w, https:\/\/mouldking.store\/wp-content\/uploads\/2022\/02\/Qman-K20505-Naruto-Gaara-vs.-Deidara-with-466-pieces-2-300x300.jpg 300w, https:\/\/mouldking.store\/wp-content\/uploads\/2022\/02\/Qman-K20505-Naruto-Gaara-vs.-Deidara-with-466-pieces-2-768x768.jpg 768w, https:\/\/mouldking.store\/wp-content\/uploads\/2022\/02\/Qman-K20505-Naruto-Gaara-vs.-Deidara-with-466-pieces-2-600x600.jpg 600w, https:\/\/mouldking.store\/wp-content\/uploads\/2022\/02\/Qman-K20505-Naruto-Gaara-vs.-Deidara-with-466-pieces-2-150x150.jpg 150w\" sizes=\"(max-width: 800px) 100vw, 800px\" \/><figcaption id=\"caption-attachment-29585\" class=\"wp-caption-text\">Qman K20505 Naruto Gaara vs. Deidara with 466 pieces<\/figcaption><\/figure>","protected":false},"excerpt":{"rendered":"<p>Product information: Brand: Qman Gender: Unisex Name: Naruto Gaara vs. Deidara Age Range: &gt; 6 years old Model Number: K20505 Classification: Assemblage Plastic Block Shape: Self-Locking Bricks Material: Plastic Plastic Type: ABS Bricks Blocks: 466 PCS Contains detailed assembly instructions. Notice: 1. Without an original box, but we guarantee our products have quality assurance and [&hellip;]<\/p>","protected":false},"featured_media":29584,"comment_status":"closed","ping_status":"closed","template":"","meta":{"_acf_changed":false},"product_cat":[581],"product_tag":[4522,4521,4523,4519,4520,2383,4517,4125,4516,4518,4515],"class_list":["product","first","instock","shipping-taxable","purchasable","product-type-simple"],"acf":[],"_links":{"self":[{"href":"https:\/\/mouldking.store\/nb\/wp-json\/wp\/v2\/product\/29583","targetHints":{"allow":["GET"]}}],"collection":[{"href":"https:\/\/mouldking.store\/nb\/wp-json\/wp\/v2\/product"}],"about":[{"href":"https:\/\/mouldking.store\/nb\/wp-json\/wp\/v2\/types\/product"}],"replies":[{"embeddable":true,"href":"https:\/\/mouldking.store\/nb\/wp-json\/wp\/v2\/comments?post=29583"}],"wp:featuredmedia":[{"embeddable":true,"href":"https:\/\/mouldking.store\/nb\/wp-json\/wp\/v2\/media\/29584"}],"wp:attachment":[{"href":"https:\/\/mouldking.store\/nb\/wp-json\/wp\/v2\/media?parent=29583"}],"wp:term":[{"taxonomy":"product_cat","embeddable":true,"href":"https:\/\/mouldking.store\/nb\/wp-json\/wp\/v2\/product_cat?post=29583"},{"taxonomy":"product_tag","embeddable":true,"href":"https:\/\/mouldking.store\/nb\/wp-json\/wp\/v2\/product_tag?post=29583"}],"curies":[{"name":"wp","href":"https:\/\/api.w.org\/{rel}","templated":true}]}}