{"id":29587,"date":"2022-02-22T09:38:07","date_gmt":"2022-02-22T02:38:07","guid":{"rendered":"https:\/\/mouldking.store\/?post_type=product&#038;p=29587"},"modified":"2022-02-22T09:38:07","modified_gmt":"2022-02-22T02:38:07","slug":"qman-k20508-naruto-and-hinata-wedding-banquet-with-355-pieces","status":"publish","type":"product","link":"https:\/\/mouldking.store\/nb\/shop\/qman-k20508-naruto-and-hinata-wedding-banquet-with-355-pieces\/","title":{"rendered":"Qman K20508 Naruto og Hinata bryllupsbankett med 355 stykker"},"content":{"rendered":"<p>Produktinformasjon:<\/p>\n<ol>\n<li>Merke: Qman<\/li>\n<li>Kj\u00f8nn: Unisex<\/li>\n<li>Name: Naruto and Hinata Wedding Banquet<\/li>\n<li>Aldersgruppe: &gt; 6 \u00e5r gammel<\/li>\n<li>Model Number: K20508<\/li>\n<li>Klassifisering: Montering<\/li>\n<li>Plastblokkform: Selvl\u00e5sende murstein<\/li>\n<li>Materiale: Plast<\/li>\n<li>Plasttype: ABS<\/li>\n<li>Bricks Blocks: 355 PCS<\/li>\n<li>Inneholder detaljerte monteringsanvisninger.<\/li>\n<\/ol>\n<p>Legge merke til:<br \/>\n1. Uten original eske, men vi garanterer at v\u00e5re produkter har kvalitetssikring og pen emballasje.<br \/>\n2. Som alle delene vi har sjekket f\u00f8r frakt, s\u00e5 hvis du finner noen deler savnet eller skadet, ikke bekymre deg og bare kontakt oss, s\u00e5 kan vi sende dem til deg p\u00e5 nytt umiddelbart gratis.<\/p>\n<figure id=\"attachment_29588\" aria-describedby=\"caption-attachment-29588\" style=\"width: 800px\" class=\"wp-caption aligncenter\"><img fetchpriority=\"high\" decoding=\"async\" class=\"wp-image-29588 size-full\" src=\"https:\/\/mouldking.store\/wp-content\/uploads\/2022\/02\/Qman-K20508-Naruto-and-Hinata-Wedding-Banquet-with-355-pieces-1.jpg\" alt=\"Qman K20508 Naruto and Hinata Wedding Banquet with 355 pieces\" width=\"800\" height=\"800\" title=\"-\" srcset=\"https:\/\/mouldking.store\/wp-content\/uploads\/2022\/02\/Qman-K20508-Naruto-and-Hinata-Wedding-Banquet-with-355-pieces-1.jpg 800w, https:\/\/mouldking.store\/wp-content\/uploads\/2022\/02\/Qman-K20508-Naruto-and-Hinata-Wedding-Banquet-with-355-pieces-1-300x300.jpg 300w, https:\/\/mouldking.store\/wp-content\/uploads\/2022\/02\/Qman-K20508-Naruto-and-Hinata-Wedding-Banquet-with-355-pieces-1-768x768.jpg 768w, https:\/\/mouldking.store\/wp-content\/uploads\/2022\/02\/Qman-K20508-Naruto-and-Hinata-Wedding-Banquet-with-355-pieces-1-600x600.jpg 600w, https:\/\/mouldking.store\/wp-content\/uploads\/2022\/02\/Qman-K20508-Naruto-and-Hinata-Wedding-Banquet-with-355-pieces-1-150x150.jpg 150w\" sizes=\"(max-width: 800px) 100vw, 800px\" \/><figcaption id=\"caption-attachment-29588\" class=\"wp-caption-text\">Qman K20508 Naruto og Hinata bryllupsbankett med 355 stykker<\/figcaption><\/figure>\n<figure id=\"attachment_29591\" aria-describedby=\"caption-attachment-29591\" style=\"width: 690px\" class=\"wp-caption aligncenter\"><img decoding=\"async\" class=\"wp-image-29591 size-full\" src=\"https:\/\/mouldking.store\/wp-content\/uploads\/2022\/02\/Qman-K20508-Naruto-and-Hinata-Wedding-Banquet-with-355-pieces-4.jpg\" alt=\"Qman K20508 Naruto and Hinata Wedding Banquet with 355 pieces\" width=\"690\" height=\"1024\" title=\"-\" srcset=\"https:\/\/mouldking.store\/wp-content\/uploads\/2022\/02\/Qman-K20508-Naruto-and-Hinata-Wedding-Banquet-with-355-pieces-4.jpg 690w, https:\/\/mouldking.store\/wp-content\/uploads\/2022\/02\/Qman-K20508-Naruto-and-Hinata-Wedding-Banquet-with-355-pieces-4-202x300.jpg 202w, https:\/\/mouldking.store\/wp-content\/uploads\/2022\/02\/Qman-K20508-Naruto-and-Hinata-Wedding-Banquet-with-355-pieces-4-300x445.jpg 300w, https:\/\/mouldking.store\/wp-content\/uploads\/2022\/02\/Qman-K20508-Naruto-and-Hinata-Wedding-Banquet-with-355-pieces-4-600x890.jpg 600w, https:\/\/mouldking.store\/wp-content\/uploads\/2022\/02\/Qman-K20508-Naruto-and-Hinata-Wedding-Banquet-with-355-pieces-4-101x150.jpg 101w\" sizes=\"(max-width: 690px) 100vw, 690px\" \/><figcaption id=\"caption-attachment-29591\" class=\"wp-caption-text\">Qman K20508 Naruto og Hinata bryllupsbankett med 355 stykker<\/figcaption><\/figure>\n<figure id=\"attachment_29590\" aria-describedby=\"caption-attachment-29590\" style=\"width: 484px\" class=\"wp-caption aligncenter\"><img decoding=\"async\" class=\"wp-image-29590 size-full\" src=\"https:\/\/mouldking.store\/wp-content\/uploads\/2022\/02\/Qman-K20508-Naruto-and-Hinata-Wedding-Banquet-with-355-pieces-3.jpg\" alt=\"Qman K20508 Naruto and Hinata Wedding Banquet with 355 pieces\" width=\"484\" height=\"1024\" title=\"-\" srcset=\"https:\/\/mouldking.store\/wp-content\/uploads\/2022\/02\/Qman-K20508-Naruto-and-Hinata-Wedding-Banquet-with-355-pieces-3.jpg 484w, https:\/\/mouldking.store\/wp-content\/uploads\/2022\/02\/Qman-K20508-Naruto-and-Hinata-Wedding-Banquet-with-355-pieces-3-142x300.jpg 142w, https:\/\/mouldking.store\/wp-content\/uploads\/2022\/02\/Qman-K20508-Naruto-and-Hinata-Wedding-Banquet-with-355-pieces-3-300x635.jpg 300w, https:\/\/mouldking.store\/wp-content\/uploads\/2022\/02\/Qman-K20508-Naruto-and-Hinata-Wedding-Banquet-with-355-pieces-3-71x150.jpg 71w\" sizes=\"(max-width: 484px) 100vw, 484px\" \/><figcaption id=\"caption-attachment-29590\" class=\"wp-caption-text\">Qman K20508 Naruto og Hinata bryllupsbankett med 355 stykker<\/figcaption><\/figure>\n<figure id=\"attachment_29589\" aria-describedby=\"caption-attachment-29589\" style=\"width: 790px\" class=\"wp-caption aligncenter\"><img loading=\"lazy\" decoding=\"async\" class=\"wp-image-29589 size-full\" src=\"https:\/\/mouldking.store\/wp-content\/uploads\/2022\/02\/Qman-K20508-Naruto-and-Hinata-Wedding-Banquet-with-355-pieces-2.jpg\" alt=\"Qman K20508 Naruto and Hinata Wedding Banquet with 355 pieces\" width=\"790\" height=\"766\" title=\"-\" srcset=\"https:\/\/mouldking.store\/wp-content\/uploads\/2022\/02\/Qman-K20508-Naruto-and-Hinata-Wedding-Banquet-with-355-pieces-2.jpg 790w, https:\/\/mouldking.store\/wp-content\/uploads\/2022\/02\/Qman-K20508-Naruto-and-Hinata-Wedding-Banquet-with-355-pieces-2-300x291.jpg 300w, https:\/\/mouldking.store\/wp-content\/uploads\/2022\/02\/Qman-K20508-Naruto-and-Hinata-Wedding-Banquet-with-355-pieces-2-768x745.jpg 768w, https:\/\/mouldking.store\/wp-content\/uploads\/2022\/02\/Qman-K20508-Naruto-and-Hinata-Wedding-Banquet-with-355-pieces-2-600x582.jpg 600w, https:\/\/mouldking.store\/wp-content\/uploads\/2022\/02\/Qman-K20508-Naruto-and-Hinata-Wedding-Banquet-with-355-pieces-2-150x145.jpg 150w\" sizes=\"(max-width: 790px) 100vw, 790px\" \/><figcaption id=\"caption-attachment-29589\" class=\"wp-caption-text\">Qman K20508 Naruto og Hinata bryllupsbankett med 355 stykker<\/figcaption><\/figure>","protected":false},"excerpt":{"rendered":"<p>Product information: Brand: Qman Gender: Unisex Name: Naruto and Hinata Wedding Banquet Age Range: &gt; 6 years old Model Number: K20508 Classification: Assemblage Plastic Block Shape: Self-Locking Bricks Material: Plastic Plastic Type: ABS Bricks Blocks: 355 PCS Contains detailed assembly instructions. Notice: 1. Without an original box, but we guarantee our products have quality assurance [&hellip;]<\/p>","protected":false},"featured_media":29588,"comment_status":"closed","ping_status":"closed","template":"","meta":{"_acf_changed":false},"product_cat":[581],"product_tag":[4527,4528,4530,4526,4531,4125,4525,4524,2324,4529],"class_list":["product","first","instock","shipping-taxable","purchasable","product-type-simple"],"acf":[],"_links":{"self":[{"href":"https:\/\/mouldking.store\/nb\/wp-json\/wp\/v2\/product\/29587","targetHints":{"allow":["GET"]}}],"collection":[{"href":"https:\/\/mouldking.store\/nb\/wp-json\/wp\/v2\/product"}],"about":[{"href":"https:\/\/mouldking.store\/nb\/wp-json\/wp\/v2\/types\/product"}],"replies":[{"embeddable":true,"href":"https:\/\/mouldking.store\/nb\/wp-json\/wp\/v2\/comments?post=29587"}],"wp:featuredmedia":[{"embeddable":true,"href":"https:\/\/mouldking.store\/nb\/wp-json\/wp\/v2\/media\/29588"}],"wp:attachment":[{"href":"https:\/\/mouldking.store\/nb\/wp-json\/wp\/v2\/media?parent=29587"}],"wp:term":[{"taxonomy":"product_cat","embeddable":true,"href":"https:\/\/mouldking.store\/nb\/wp-json\/wp\/v2\/product_cat?post=29587"},{"taxonomy":"product_tag","embeddable":true,"href":"https:\/\/mouldking.store\/nb\/wp-json\/wp\/v2\/product_tag?post=29587"}],"curies":[{"name":"wp","href":"https:\/\/api.w.org\/{rel}","templated":true}]}}