{"id":29614,"date":"2022-02-22T09:56:23","date_gmt":"2022-02-22T02:56:23","guid":{"rendered":"https:\/\/mouldking.store\/?post_type=product&#038;p=29614"},"modified":"2022-02-22T09:56:23","modified_gmt":"2022-02-22T02:56:23","slug":"mould-king-15052-rc-desert-storm-with-555-pieces","status":"publish","type":"product","link":"https:\/\/mouldking.store\/nb\/shop\/mould-king-15052-rc-desert-storm-with-555-pieces\/","title":{"rendered":"Mold King 15052 RC Desert Storm med 555 stk"},"content":{"rendered":"<p>Produktinformasjon:<\/p>\n<ol>\n<li>Merke: Mold King<\/li>\n<li>Kj\u00f8nn: Unisex<\/li>\n<li>Name: RC Desert Storm<\/li>\n<li>Aldersgruppe: &gt; 14 \u00e5r gammel<\/li>\n<li>Model Number: 15052<\/li>\n<li>Klassifisering: Montering<\/li>\n<li>Plastblokkform: Selvl\u00e5sende murstein<\/li>\n<li>Materiale: Plast<\/li>\n<li>Plasttype: ABS<\/li>\n<li>Mursteinsblokker: 555 STK<\/li>\n<li>Inneholder detaljerte monteringsanvisninger.<\/li>\n<\/ol>\n<p>Legge merke til:<br \/>\n1. Uten original eske, men vi garanterer at v\u00e5re produkter har kvalitetssikring og pen emballasje.<br \/>\n2. Som alle delene vi har sjekket f\u00f8r frakt, s\u00e5 hvis du finner noen deler savnet eller skadet, ikke bekymre deg og bare kontakt oss, s\u00e5 kan vi sende dem til deg p\u00e5 nytt umiddelbart gratis.<\/p>\n<figure id=\"attachment_29615\" aria-describedby=\"caption-attachment-29615\" style=\"width: 800px\" class=\"wp-caption aligncenter\"><img fetchpriority=\"high\" decoding=\"async\" class=\"wp-image-29615 size-full\" src=\"https:\/\/mouldking.store\/wp-content\/uploads\/2022\/02\/Mould-King-15052-RC-Desert-Storm-with-555-pieces-1.jpg\" alt=\"Mould King 15052 RC Desert Storm with 555 pieces\" width=\"800\" height=\"800\" title=\"-\" srcset=\"https:\/\/mouldking.store\/wp-content\/uploads\/2022\/02\/Mould-King-15052-RC-Desert-Storm-with-555-pieces-1.jpg 800w, https:\/\/mouldking.store\/wp-content\/uploads\/2022\/02\/Mould-King-15052-RC-Desert-Storm-with-555-pieces-1-300x300.jpg 300w, https:\/\/mouldking.store\/wp-content\/uploads\/2022\/02\/Mould-King-15052-RC-Desert-Storm-with-555-pieces-1-768x768.jpg 768w, https:\/\/mouldking.store\/wp-content\/uploads\/2022\/02\/Mould-King-15052-RC-Desert-Storm-with-555-pieces-1-600x600.jpg 600w, https:\/\/mouldking.store\/wp-content\/uploads\/2022\/02\/Mould-King-15052-RC-Desert-Storm-with-555-pieces-1-150x150.jpg 150w\" sizes=\"(max-width: 800px) 100vw, 800px\" \/><figcaption id=\"caption-attachment-29615\" class=\"wp-caption-text\">Mold King 15052 RC Desert Storm med 555 stk<\/figcaption><\/figure>\n<figure id=\"attachment_29619\" aria-describedby=\"caption-attachment-29619\" style=\"width: 790px\" class=\"wp-caption aligncenter\"><img decoding=\"async\" class=\"wp-image-29619 size-full\" src=\"https:\/\/mouldking.store\/wp-content\/uploads\/2022\/02\/Mould-King-15052-RC-Desert-Storm-with-555-pieces-5.jpg\" alt=\"Mould King 15052 RC Desert Storm with 555 pieces\" width=\"790\" height=\"748\" title=\"-\" srcset=\"https:\/\/mouldking.store\/wp-content\/uploads\/2022\/02\/Mould-King-15052-RC-Desert-Storm-with-555-pieces-5.jpg 790w, https:\/\/mouldking.store\/wp-content\/uploads\/2022\/02\/Mould-King-15052-RC-Desert-Storm-with-555-pieces-5-300x284.jpg 300w, https:\/\/mouldking.store\/wp-content\/uploads\/2022\/02\/Mould-King-15052-RC-Desert-Storm-with-555-pieces-5-768x727.jpg 768w, https:\/\/mouldking.store\/wp-content\/uploads\/2022\/02\/Mould-King-15052-RC-Desert-Storm-with-555-pieces-5-600x568.jpg 600w, https:\/\/mouldking.store\/wp-content\/uploads\/2022\/02\/Mould-King-15052-RC-Desert-Storm-with-555-pieces-5-150x142.jpg 150w\" sizes=\"(max-width: 790px) 100vw, 790px\" \/><figcaption id=\"caption-attachment-29619\" class=\"wp-caption-text\">Mold King 15052 RC Desert Storm med 555 stk<\/figcaption><\/figure>\n<figure id=\"attachment_29618\" aria-describedby=\"caption-attachment-29618\" style=\"width: 790px\" class=\"wp-caption aligncenter\"><img decoding=\"async\" class=\"wp-image-29618 size-full\" src=\"https:\/\/mouldking.store\/wp-content\/uploads\/2022\/02\/Mould-King-15052-RC-Desert-Storm-with-555-pieces-4.jpg\" alt=\"Mould King 15052 RC Desert Storm with 555 pieces\" width=\"790\" height=\"780\" title=\"-\" srcset=\"https:\/\/mouldking.store\/wp-content\/uploads\/2022\/02\/Mould-King-15052-RC-Desert-Storm-with-555-pieces-4.jpg 790w, https:\/\/mouldking.store\/wp-content\/uploads\/2022\/02\/Mould-King-15052-RC-Desert-Storm-with-555-pieces-4-300x296.jpg 300w, https:\/\/mouldking.store\/wp-content\/uploads\/2022\/02\/Mould-King-15052-RC-Desert-Storm-with-555-pieces-4-768x758.jpg 768w, https:\/\/mouldking.store\/wp-content\/uploads\/2022\/02\/Mould-King-15052-RC-Desert-Storm-with-555-pieces-4-600x592.jpg 600w, https:\/\/mouldking.store\/wp-content\/uploads\/2022\/02\/Mould-King-15052-RC-Desert-Storm-with-555-pieces-4-150x148.jpg 150w\" sizes=\"(max-width: 790px) 100vw, 790px\" \/><figcaption id=\"caption-attachment-29618\" class=\"wp-caption-text\">Mold King 15052 RC Desert Storm med 555 stk<\/figcaption><\/figure>\n<figure id=\"attachment_29617\" aria-describedby=\"caption-attachment-29617\" style=\"width: 769px\" class=\"wp-caption aligncenter\"><img loading=\"lazy\" decoding=\"async\" class=\"wp-image-29617 size-full\" src=\"https:\/\/mouldking.store\/wp-content\/uploads\/2022\/02\/Mould-King-15052-RC-Desert-Storm-with-555-pieces-3.jpg\" alt=\"Mould King 15052 RC Desert Storm with 555 pieces\" width=\"769\" height=\"1024\" title=\"-\" srcset=\"https:\/\/mouldking.store\/wp-content\/uploads\/2022\/02\/Mould-King-15052-RC-Desert-Storm-with-555-pieces-3.jpg 769w, https:\/\/mouldking.store\/wp-content\/uploads\/2022\/02\/Mould-King-15052-RC-Desert-Storm-with-555-pieces-3-225x300.jpg 225w, https:\/\/mouldking.store\/wp-content\/uploads\/2022\/02\/Mould-King-15052-RC-Desert-Storm-with-555-pieces-3-300x399.jpg 300w, https:\/\/mouldking.store\/wp-content\/uploads\/2022\/02\/Mould-King-15052-RC-Desert-Storm-with-555-pieces-3-600x799.jpg 600w, https:\/\/mouldking.store\/wp-content\/uploads\/2022\/02\/Mould-King-15052-RC-Desert-Storm-with-555-pieces-3-113x150.jpg 113w\" sizes=\"(max-width: 769px) 100vw, 769px\" \/><figcaption id=\"caption-attachment-29617\" class=\"wp-caption-text\">Mold King 15052 RC Desert Storm med 555 stk<\/figcaption><\/figure>\n<figure id=\"attachment_29616\" aria-describedby=\"caption-attachment-29616\" style=\"width: 647px\" class=\"wp-caption aligncenter\"><img loading=\"lazy\" decoding=\"async\" class=\"wp-image-29616 size-full\" src=\"https:\/\/mouldking.store\/wp-content\/uploads\/2022\/02\/Mould-King-15052-RC-Desert-Storm-with-555-pieces-2.jpg\" alt=\"Mould King 15052 RC Desert Storm with 555 pieces\" width=\"647\" height=\"1024\" title=\"-\" srcset=\"https:\/\/mouldking.store\/wp-content\/uploads\/2022\/02\/Mould-King-15052-RC-Desert-Storm-with-555-pieces-2.jpg 647w, https:\/\/mouldking.store\/wp-content\/uploads\/2022\/02\/Mould-King-15052-RC-Desert-Storm-with-555-pieces-2-190x300.jpg 190w, https:\/\/mouldking.store\/wp-content\/uploads\/2022\/02\/Mould-King-15052-RC-Desert-Storm-with-555-pieces-2-300x475.jpg 300w, https:\/\/mouldking.store\/wp-content\/uploads\/2022\/02\/Mould-King-15052-RC-Desert-Storm-with-555-pieces-2-600x950.jpg 600w, https:\/\/mouldking.store\/wp-content\/uploads\/2022\/02\/Mould-King-15052-RC-Desert-Storm-with-555-pieces-2-95x150.jpg 95w\" sizes=\"(max-width: 647px) 100vw, 647px\" \/><figcaption id=\"caption-attachment-29616\" class=\"wp-caption-text\">Mold King 15052 RC Desert Storm med 555 stk<\/figcaption><\/figure>","protected":false},"excerpt":{"rendered":"<p>Product information: Brand: Mould King Gender: Unisex Name: RC Desert Storm Age Range: &gt; 14 years old Model Number: 15052 Classification: Assemblage Plastic Block Shape: Self-Locking Bricks Material: Plastic Plastic Type: ABS Bricks Blocks: 555 PCS Contains detailed assembly instructions. Notice: 1. Without an original box, but we guarantee our products have quality assurance and [&hellip;]<\/p>","protected":false},"featured_media":29615,"comment_status":"closed","ping_status":"closed","template":"","meta":{"_acf_changed":false},"product_cat":[364],"product_tag":[4546,4547,615,4544,4543,481,4545],"class_list":["product","first","instock","shipping-taxable","purchasable","product-type-simple"],"acf":[],"_links":{"self":[{"href":"https:\/\/mouldking.store\/nb\/wp-json\/wp\/v2\/product\/29614","targetHints":{"allow":["GET"]}}],"collection":[{"href":"https:\/\/mouldking.store\/nb\/wp-json\/wp\/v2\/product"}],"about":[{"href":"https:\/\/mouldking.store\/nb\/wp-json\/wp\/v2\/types\/product"}],"replies":[{"embeddable":true,"href":"https:\/\/mouldking.store\/nb\/wp-json\/wp\/v2\/comments?post=29614"}],"wp:featuredmedia":[{"embeddable":true,"href":"https:\/\/mouldking.store\/nb\/wp-json\/wp\/v2\/media\/29615"}],"wp:attachment":[{"href":"https:\/\/mouldking.store\/nb\/wp-json\/wp\/v2\/media?parent=29614"}],"wp:term":[{"taxonomy":"product_cat","embeddable":true,"href":"https:\/\/mouldking.store\/nb\/wp-json\/wp\/v2\/product_cat?post=29614"},{"taxonomy":"product_tag","embeddable":true,"href":"https:\/\/mouldking.store\/nb\/wp-json\/wp\/v2\/product_tag?post=29614"}],"curies":[{"name":"wp","href":"https:\/\/api.w.org\/{rel}","templated":true}]}}