{"id":29636,"date":"2022-02-22T10:26:03","date_gmt":"2022-02-22T03:26:03","guid":{"rendered":"https:\/\/mouldking.store\/?post_type=product&#038;p=29636"},"modified":"2022-02-22T10:26:03","modified_gmt":"2022-02-22T03:26:03","slug":"qman-k20406-doraemon-beetle-car-with-152-pieces","status":"publish","type":"product","link":"https:\/\/mouldking.store\/nb\/shop\/qman-k20406-doraemon-beetle-car-with-152-pieces\/","title":{"rendered":"Qman K20406 Doraemon Beetle Car med 152 stk"},"content":{"rendered":"<p>Produktinformasjon:<\/p>\n<ol>\n<li>Merke: Qman<\/li>\n<li>Kj\u00f8nn: Unisex<\/li>\n<li>Navn: Doraemon Beetle Car<\/li>\n<li>Aldersgruppe: &gt; 6 \u00e5r gammel<\/li>\n<li>Modellnummer: K20406<\/li>\n<li>Klassifisering: Montering<\/li>\n<li>Plastblokkform: Selvl\u00e5sende murstein<\/li>\n<li>Materiale: Plast<\/li>\n<li>Plasttype: ABS<\/li>\n<li>Mursteinsblokker: 152 STK<\/li>\n<li>Inneholder detaljerte monteringsanvisninger.<\/li>\n<\/ol>\n<p>Legge merke til:<br \/>\n1. Uten original eske, men vi garanterer at v\u00e5re produkter har kvalitetssikring og pen emballasje.<br \/>\n2. Som alle delene vi har sjekket f\u00f8r frakt, s\u00e5 hvis du finner noen deler savnet eller skadet, ikke bekymre deg og bare kontakt oss, s\u00e5 kan vi sende dem til deg p\u00e5 nytt umiddelbart gratis.<\/p>\n<figure id=\"attachment_29637\" aria-describedby=\"caption-attachment-29637\" style=\"width: 800px\" class=\"wp-caption aligncenter\"><img fetchpriority=\"high\" decoding=\"async\" class=\"wp-image-29637 size-full\" src=\"https:\/\/mouldking.store\/wp-content\/uploads\/2022\/02\/Qman-K20406-Doraemon-Beetle-Car-with-152-pieces-1.jpg\" alt=\"Qman K20406 Doraemon Beetle Car with 152 pieces\" width=\"800\" height=\"800\" title=\"-\" srcset=\"https:\/\/mouldking.store\/wp-content\/uploads\/2022\/02\/Qman-K20406-Doraemon-Beetle-Car-with-152-pieces-1.jpg 800w, https:\/\/mouldking.store\/wp-content\/uploads\/2022\/02\/Qman-K20406-Doraemon-Beetle-Car-with-152-pieces-1-300x300.jpg 300w, https:\/\/mouldking.store\/wp-content\/uploads\/2022\/02\/Qman-K20406-Doraemon-Beetle-Car-with-152-pieces-1-768x768.jpg 768w, https:\/\/mouldking.store\/wp-content\/uploads\/2022\/02\/Qman-K20406-Doraemon-Beetle-Car-with-152-pieces-1-600x600.jpg 600w, https:\/\/mouldking.store\/wp-content\/uploads\/2022\/02\/Qman-K20406-Doraemon-Beetle-Car-with-152-pieces-1-150x150.jpg 150w\" sizes=\"(max-width: 800px) 100vw, 800px\" \/><figcaption id=\"caption-attachment-29637\" class=\"wp-caption-text\">Qman K20406 Doraemon Beetle Car med 152 stk<\/figcaption><\/figure>\n<figure id=\"attachment_29638\" aria-describedby=\"caption-attachment-29638\" style=\"width: 790px\" class=\"wp-caption aligncenter\"><img decoding=\"async\" class=\"wp-image-29638 size-full\" src=\"https:\/\/mouldking.store\/wp-content\/uploads\/2022\/02\/Qman-K20406-Doraemon-Beetle-Car-with-152-pieces-2.jpg\" alt=\"Qman K20406 Doraemon Beetle Car with 152 pieces\" width=\"790\" height=\"905\" title=\"-\" srcset=\"https:\/\/mouldking.store\/wp-content\/uploads\/2022\/02\/Qman-K20406-Doraemon-Beetle-Car-with-152-pieces-2.jpg 790w, https:\/\/mouldking.store\/wp-content\/uploads\/2022\/02\/Qman-K20406-Doraemon-Beetle-Car-with-152-pieces-2-262x300.jpg 262w, https:\/\/mouldking.store\/wp-content\/uploads\/2022\/02\/Qman-K20406-Doraemon-Beetle-Car-with-152-pieces-2-768x880.jpg 768w, https:\/\/mouldking.store\/wp-content\/uploads\/2022\/02\/Qman-K20406-Doraemon-Beetle-Car-with-152-pieces-2-300x344.jpg 300w, https:\/\/mouldking.store\/wp-content\/uploads\/2022\/02\/Qman-K20406-Doraemon-Beetle-Car-with-152-pieces-2-600x687.jpg 600w, https:\/\/mouldking.store\/wp-content\/uploads\/2022\/02\/Qman-K20406-Doraemon-Beetle-Car-with-152-pieces-2-131x150.jpg 131w\" sizes=\"(max-width: 790px) 100vw, 790px\" \/><figcaption id=\"caption-attachment-29638\" class=\"wp-caption-text\">Qman K20406 Doraemon Beetle Car med 152 stk<\/figcaption><\/figure>\n<figure id=\"attachment_29639\" aria-describedby=\"caption-attachment-29639\" style=\"width: 790px\" class=\"wp-caption aligncenter\"><img decoding=\"async\" class=\"wp-image-29639 size-full\" src=\"https:\/\/mouldking.store\/wp-content\/uploads\/2022\/02\/Qman-K20406-Doraemon-Beetle-Car-with-152-pieces-3.jpg\" alt=\"Qman K20406 Doraemon Beetle Car with 152 pieces\" width=\"790\" height=\"891\" title=\"-\" srcset=\"https:\/\/mouldking.store\/wp-content\/uploads\/2022\/02\/Qman-K20406-Doraemon-Beetle-Car-with-152-pieces-3.jpg 790w, https:\/\/mouldking.store\/wp-content\/uploads\/2022\/02\/Qman-K20406-Doraemon-Beetle-Car-with-152-pieces-3-266x300.jpg 266w, https:\/\/mouldking.store\/wp-content\/uploads\/2022\/02\/Qman-K20406-Doraemon-Beetle-Car-with-152-pieces-3-768x866.jpg 768w, https:\/\/mouldking.store\/wp-content\/uploads\/2022\/02\/Qman-K20406-Doraemon-Beetle-Car-with-152-pieces-3-300x338.jpg 300w, https:\/\/mouldking.store\/wp-content\/uploads\/2022\/02\/Qman-K20406-Doraemon-Beetle-Car-with-152-pieces-3-600x677.jpg 600w, https:\/\/mouldking.store\/wp-content\/uploads\/2022\/02\/Qman-K20406-Doraemon-Beetle-Car-with-152-pieces-3-133x150.jpg 133w\" sizes=\"(max-width: 790px) 100vw, 790px\" \/><figcaption id=\"caption-attachment-29639\" class=\"wp-caption-text\">Qman K20406 Doraemon Beetle Car med 152 stk<\/figcaption><\/figure>","protected":false},"excerpt":{"rendered":"<p>Product information: Brand: Qman Gender: Unisex Name: Doraemon Beetle Car Age Range: &gt; 6 years old Model Number: K20406 Classification: Assemblage Plastic Block Shape: Self-Locking Bricks Material: Plastic Plastic Type: ABS Bricks Blocks: 152 PCS Contains detailed assembly instructions. Notice: 1. Without an original box, but we guarantee our products have quality assurance and nice [&hellip;]<\/p>","protected":false},"featured_media":29637,"comment_status":"closed","ping_status":"closed","template":"","meta":{"_acf_changed":false},"product_cat":[364],"product_tag":[2971,4492,4565,4567,4125,4564,4566,4563],"class_list":["product","first","instock","shipping-taxable","purchasable","product-type-simple"],"acf":[],"_links":{"self":[{"href":"https:\/\/mouldking.store\/nb\/wp-json\/wp\/v2\/product\/29636","targetHints":{"allow":["GET"]}}],"collection":[{"href":"https:\/\/mouldking.store\/nb\/wp-json\/wp\/v2\/product"}],"about":[{"href":"https:\/\/mouldking.store\/nb\/wp-json\/wp\/v2\/types\/product"}],"replies":[{"embeddable":true,"href":"https:\/\/mouldking.store\/nb\/wp-json\/wp\/v2\/comments?post=29636"}],"wp:featuredmedia":[{"embeddable":true,"href":"https:\/\/mouldking.store\/nb\/wp-json\/wp\/v2\/media\/29637"}],"wp:attachment":[{"href":"https:\/\/mouldking.store\/nb\/wp-json\/wp\/v2\/media?parent=29636"}],"wp:term":[{"taxonomy":"product_cat","embeddable":true,"href":"https:\/\/mouldking.store\/nb\/wp-json\/wp\/v2\/product_cat?post=29636"},{"taxonomy":"product_tag","embeddable":true,"href":"https:\/\/mouldking.store\/nb\/wp-json\/wp\/v2\/product_tag?post=29636"}],"curies":[{"name":"wp","href":"https:\/\/api.w.org\/{rel}","templated":true}]}}