{"id":29662,"date":"2022-02-22T10:45:03","date_gmt":"2022-02-22T03:45:03","guid":{"rendered":"https:\/\/mouldking.store\/?post_type=product&#038;p=29662"},"modified":"2022-02-22T10:45:03","modified_gmt":"2022-02-22T03:45:03","slug":"qman-23013-xian-y-20-with-1736-pieces","status":"publish","type":"product","link":"https:\/\/mouldking.store\/nb\/shop\/qman-23013-xian-y-20-with-1736-pieces\/","title":{"rendered":"Qman 23013 Xian Y-20 med 1736 deler"},"content":{"rendered":"<p>Produktinformasjon:<\/p>\n<ol>\n<li>Merke: Qman<\/li>\n<li>Kj\u00f8nn: Unisex<\/li>\n<li>Navn: Xian Y-20<\/li>\n<li>Aldersgruppe: &gt; 6 \u00e5r gammel<\/li>\n<li>Modellnummer: 23013<\/li>\n<li>Klassifisering: Montering<\/li>\n<li>Plastblokkform: Selvl\u00e5sende murstein<\/li>\n<li>Materiale: Plast<\/li>\n<li>Plasttype: ABS<\/li>\n<li>Mursteinsblokker: 1736 STK<\/li>\n<li>Inneholder detaljerte monteringsanvisninger.<\/li>\n<\/ol>\n<p>Legge merke til:<br \/>\n1. Uten original eske, men vi garanterer at v\u00e5re produkter har kvalitetssikring og pen emballasje.<br \/>\n2. Som alle delene vi har sjekket f\u00f8r frakt, s\u00e5 hvis du finner noen deler savnet eller skadet, ikke bekymre deg og bare kontakt oss, s\u00e5 kan vi sende dem til deg p\u00e5 nytt umiddelbart gratis.<\/p>\n<figure id=\"attachment_29671\" aria-describedby=\"caption-attachment-29671\" style=\"width: 373px\" class=\"wp-caption aligncenter\"><img fetchpriority=\"high\" decoding=\"async\" class=\"wp-image-29671 size-full\" src=\"https:\/\/mouldking.store\/wp-content\/uploads\/2022\/02\/Qman-23013-Xian-Y-20-with-1736-pieces-9.jpg\" alt=\"Qman 23013 Xian Y-20 with 1736 pieces\" width=\"373\" height=\"1024\" title=\"-\" srcset=\"https:\/\/mouldking.store\/wp-content\/uploads\/2022\/02\/Qman-23013-Xian-Y-20-with-1736-pieces-9.jpg 373w, https:\/\/mouldking.store\/wp-content\/uploads\/2022\/02\/Qman-23013-Xian-Y-20-with-1736-pieces-9-109x300.jpg 109w, https:\/\/mouldking.store\/wp-content\/uploads\/2022\/02\/Qman-23013-Xian-Y-20-with-1736-pieces-9-300x824.jpg 300w, https:\/\/mouldking.store\/wp-content\/uploads\/2022\/02\/Qman-23013-Xian-Y-20-with-1736-pieces-9-55x150.jpg 55w\" sizes=\"(max-width: 373px) 100vw, 373px\" \/><figcaption id=\"caption-attachment-29671\" class=\"wp-caption-text\">Qman 23013 Xian Y-20 med 1736 deler<\/figcaption><\/figure>\n<figure id=\"attachment_29664\" aria-describedby=\"caption-attachment-29664\" style=\"width: 599px\" class=\"wp-caption aligncenter\"><img decoding=\"async\" class=\"wp-image-29664 size-full\" src=\"https:\/\/mouldking.store\/wp-content\/uploads\/2022\/02\/Qman-23013-Xian-Y-20-with-1736-pieces-2.jpg\" alt=\"Qman 23013 Xian Y-20 with 1736 pieces\" width=\"599\" height=\"1024\" title=\"-\" srcset=\"https:\/\/mouldking.store\/wp-content\/uploads\/2022\/02\/Qman-23013-Xian-Y-20-with-1736-pieces-2.jpg 599w, https:\/\/mouldking.store\/wp-content\/uploads\/2022\/02\/Qman-23013-Xian-Y-20-with-1736-pieces-2-175x300.jpg 175w, https:\/\/mouldking.store\/wp-content\/uploads\/2022\/02\/Qman-23013-Xian-Y-20-with-1736-pieces-2-300x513.jpg 300w, https:\/\/mouldking.store\/wp-content\/uploads\/2022\/02\/Qman-23013-Xian-Y-20-with-1736-pieces-2-88x150.jpg 88w\" sizes=\"(max-width: 599px) 100vw, 599px\" \/><figcaption id=\"caption-attachment-29664\" class=\"wp-caption-text\">Qman 23013 Xian Y-20 med 1736 deler<\/figcaption><\/figure>\n<figure id=\"attachment_29663\" aria-describedby=\"caption-attachment-29663\" style=\"width: 800px\" class=\"wp-caption aligncenter\"><img decoding=\"async\" class=\"wp-image-29663 size-full\" src=\"https:\/\/mouldking.store\/wp-content\/uploads\/2022\/02\/Qman-23013-Xian-Y-20-with-1736-pieces-1.jpg\" alt=\"Qman 23013 Xian Y-20 with 1736 pieces\" width=\"800\" height=\"800\" title=\"-\" srcset=\"https:\/\/mouldking.store\/wp-content\/uploads\/2022\/02\/Qman-23013-Xian-Y-20-with-1736-pieces-1.jpg 800w, https:\/\/mouldking.store\/wp-content\/uploads\/2022\/02\/Qman-23013-Xian-Y-20-with-1736-pieces-1-300x300.jpg 300w, https:\/\/mouldking.store\/wp-content\/uploads\/2022\/02\/Qman-23013-Xian-Y-20-with-1736-pieces-1-768x768.jpg 768w, https:\/\/mouldking.store\/wp-content\/uploads\/2022\/02\/Qman-23013-Xian-Y-20-with-1736-pieces-1-600x600.jpg 600w, https:\/\/mouldking.store\/wp-content\/uploads\/2022\/02\/Qman-23013-Xian-Y-20-with-1736-pieces-1-150x150.jpg 150w\" sizes=\"(max-width: 800px) 100vw, 800px\" \/><figcaption id=\"caption-attachment-29663\" class=\"wp-caption-text\">Qman 23013 Xian Y-20 med 1736 deler<\/figcaption><\/figure>\n<figure id=\"attachment_29670\" aria-describedby=\"caption-attachment-29670\" style=\"width: 778px\" class=\"wp-caption aligncenter\"><img loading=\"lazy\" decoding=\"async\" class=\"wp-image-29670 size-full\" src=\"https:\/\/mouldking.store\/wp-content\/uploads\/2022\/02\/Qman-23013-Xian-Y-20-with-1736-pieces-8.jpg\" alt=\"Qman 23013 Xian Y-20 with 1736 pieces\" width=\"778\" height=\"1024\" title=\"-\" srcset=\"https:\/\/mouldking.store\/wp-content\/uploads\/2022\/02\/Qman-23013-Xian-Y-20-with-1736-pieces-8.jpg 778w, https:\/\/mouldking.store\/wp-content\/uploads\/2022\/02\/Qman-23013-Xian-Y-20-with-1736-pieces-8-228x300.jpg 228w, https:\/\/mouldking.store\/wp-content\/uploads\/2022\/02\/Qman-23013-Xian-Y-20-with-1736-pieces-8-768x1011.jpg 768w, https:\/\/mouldking.store\/wp-content\/uploads\/2022\/02\/Qman-23013-Xian-Y-20-with-1736-pieces-8-300x395.jpg 300w, https:\/\/mouldking.store\/wp-content\/uploads\/2022\/02\/Qman-23013-Xian-Y-20-with-1736-pieces-8-600x790.jpg 600w, https:\/\/mouldking.store\/wp-content\/uploads\/2022\/02\/Qman-23013-Xian-Y-20-with-1736-pieces-8-114x150.jpg 114w\" sizes=\"(max-width: 778px) 100vw, 778px\" \/><figcaption id=\"caption-attachment-29670\" class=\"wp-caption-text\">Qman 23013 Xian Y-20 med 1736 deler<\/figcaption><\/figure>\n<figure id=\"attachment_29668\" aria-describedby=\"caption-attachment-29668\" style=\"width: 619px\" class=\"wp-caption aligncenter\"><img loading=\"lazy\" decoding=\"async\" class=\"wp-image-29668 size-full\" src=\"https:\/\/mouldking.store\/wp-content\/uploads\/2022\/02\/Qman-23013-Xian-Y-20-with-1736-pieces-6.jpg\" alt=\"Qman 23013 Xian Y-20 with 1736 pieces\" width=\"619\" height=\"1024\" title=\"-\" srcset=\"https:\/\/mouldking.store\/wp-content\/uploads\/2022\/02\/Qman-23013-Xian-Y-20-with-1736-pieces-6.jpg 619w, https:\/\/mouldking.store\/wp-content\/uploads\/2022\/02\/Qman-23013-Xian-Y-20-with-1736-pieces-6-181x300.jpg 181w, https:\/\/mouldking.store\/wp-content\/uploads\/2022\/02\/Qman-23013-Xian-Y-20-with-1736-pieces-6-300x496.jpg 300w, https:\/\/mouldking.store\/wp-content\/uploads\/2022\/02\/Qman-23013-Xian-Y-20-with-1736-pieces-6-600x993.jpg 600w, https:\/\/mouldking.store\/wp-content\/uploads\/2022\/02\/Qman-23013-Xian-Y-20-with-1736-pieces-6-91x150.jpg 91w\" sizes=\"(max-width: 619px) 100vw, 619px\" \/><figcaption id=\"caption-attachment-29668\" class=\"wp-caption-text\">Qman 23013 Xian Y-20 med 1736 deler<\/figcaption><\/figure>\n<figure id=\"attachment_29665\" aria-describedby=\"caption-attachment-29665\" style=\"width: 790px\" class=\"wp-caption aligncenter\"><img loading=\"lazy\" decoding=\"async\" class=\"wp-image-29665 size-full\" src=\"https:\/\/mouldking.store\/wp-content\/uploads\/2022\/02\/Qman-23013-Xian-Y-20-with-1736-pieces-3.jpg\" alt=\"Qman 23013 Xian Y-20 with 1736 pieces\" width=\"790\" height=\"663\" title=\"-\" srcset=\"https:\/\/mouldking.store\/wp-content\/uploads\/2022\/02\/Qman-23013-Xian-Y-20-with-1736-pieces-3.jpg 790w, https:\/\/mouldking.store\/wp-content\/uploads\/2022\/02\/Qman-23013-Xian-Y-20-with-1736-pieces-3-300x252.jpg 300w, https:\/\/mouldking.store\/wp-content\/uploads\/2022\/02\/Qman-23013-Xian-Y-20-with-1736-pieces-3-768x645.jpg 768w, https:\/\/mouldking.store\/wp-content\/uploads\/2022\/02\/Qman-23013-Xian-Y-20-with-1736-pieces-3-600x504.jpg 600w, https:\/\/mouldking.store\/wp-content\/uploads\/2022\/02\/Qman-23013-Xian-Y-20-with-1736-pieces-3-150x126.jpg 150w\" sizes=\"(max-width: 790px) 100vw, 790px\" \/><figcaption id=\"caption-attachment-29665\" class=\"wp-caption-text\">Qman 23013 Xian Y-20 med 1736 deler<\/figcaption><\/figure>\n<figure id=\"attachment_29669\" aria-describedby=\"caption-attachment-29669\" style=\"width: 729px\" class=\"wp-caption aligncenter\"><img loading=\"lazy\" decoding=\"async\" class=\"wp-image-29669 size-full\" src=\"https:\/\/mouldking.store\/wp-content\/uploads\/2022\/02\/Qman-23013-Xian-Y-20-with-1736-pieces-7.jpg\" alt=\"Qman 23013 Xian Y-20 with 1736 pieces\" width=\"729\" height=\"1024\" title=\"-\" srcset=\"https:\/\/mouldking.store\/wp-content\/uploads\/2022\/02\/Qman-23013-Xian-Y-20-with-1736-pieces-7.jpg 729w, https:\/\/mouldking.store\/wp-content\/uploads\/2022\/02\/Qman-23013-Xian-Y-20-with-1736-pieces-7-214x300.jpg 214w, https:\/\/mouldking.store\/wp-content\/uploads\/2022\/02\/Qman-23013-Xian-Y-20-with-1736-pieces-7-300x421.jpg 300w, https:\/\/mouldking.store\/wp-content\/uploads\/2022\/02\/Qman-23013-Xian-Y-20-with-1736-pieces-7-600x843.jpg 600w, https:\/\/mouldking.store\/wp-content\/uploads\/2022\/02\/Qman-23013-Xian-Y-20-with-1736-pieces-7-107x150.jpg 107w\" sizes=\"(max-width: 729px) 100vw, 729px\" \/><figcaption id=\"caption-attachment-29669\" class=\"wp-caption-text\">Qman 23013 Xian Y-20 med 1736 deler<\/figcaption><\/figure>\n<figure id=\"attachment_29667\" aria-describedby=\"caption-attachment-29667\" style=\"width: 790px\" class=\"wp-caption aligncenter\"><img loading=\"lazy\" decoding=\"async\" class=\"wp-image-29667 size-full\" src=\"https:\/\/mouldking.store\/wp-content\/uploads\/2022\/02\/Qman-23013-Xian-Y-20-with-1736-pieces-5.jpg\" alt=\"Qman 23013 Xian Y-20 with 1736 pieces\" width=\"790\" height=\"896\" title=\"-\" srcset=\"https:\/\/mouldking.store\/wp-content\/uploads\/2022\/02\/Qman-23013-Xian-Y-20-with-1736-pieces-5.jpg 790w, https:\/\/mouldking.store\/wp-content\/uploads\/2022\/02\/Qman-23013-Xian-Y-20-with-1736-pieces-5-265x300.jpg 265w, https:\/\/mouldking.store\/wp-content\/uploads\/2022\/02\/Qman-23013-Xian-Y-20-with-1736-pieces-5-768x871.jpg 768w, https:\/\/mouldking.store\/wp-content\/uploads\/2022\/02\/Qman-23013-Xian-Y-20-with-1736-pieces-5-300x340.jpg 300w, https:\/\/mouldking.store\/wp-content\/uploads\/2022\/02\/Qman-23013-Xian-Y-20-with-1736-pieces-5-600x681.jpg 600w, https:\/\/mouldking.store\/wp-content\/uploads\/2022\/02\/Qman-23013-Xian-Y-20-with-1736-pieces-5-132x150.jpg 132w\" sizes=\"(max-width: 790px) 100vw, 790px\" \/><figcaption id=\"caption-attachment-29667\" class=\"wp-caption-text\">Qman 23013 Xian Y-20 med 1736 deler<\/figcaption><\/figure>\n<figure id=\"attachment_29666\" aria-describedby=\"caption-attachment-29666\" style=\"width: 346px\" class=\"wp-caption aligncenter\"><img loading=\"lazy\" decoding=\"async\" class=\"wp-image-29666 size-full\" src=\"https:\/\/mouldking.store\/wp-content\/uploads\/2022\/02\/Qman-23013-Xian-Y-20-with-1736-pieces-4.jpg\" alt=\"Qman 23013 Xian Y-20 with 1736 pieces\" width=\"346\" height=\"1024\" title=\"-\" srcset=\"https:\/\/mouldking.store\/wp-content\/uploads\/2022\/02\/Qman-23013-Xian-Y-20-with-1736-pieces-4.jpg 346w, https:\/\/mouldking.store\/wp-content\/uploads\/2022\/02\/Qman-23013-Xian-Y-20-with-1736-pieces-4-101x300.jpg 101w, https:\/\/mouldking.store\/wp-content\/uploads\/2022\/02\/Qman-23013-Xian-Y-20-with-1736-pieces-4-300x888.jpg 300w, https:\/\/mouldking.store\/wp-content\/uploads\/2022\/02\/Qman-23013-Xian-Y-20-with-1736-pieces-4-51x150.jpg 51w\" sizes=\"(max-width: 346px) 100vw, 346px\" \/><figcaption id=\"caption-attachment-29666\" class=\"wp-caption-text\">Qman 23013 Xian Y-20 med 1736 deler<\/figcaption><\/figure>","protected":false},"excerpt":{"rendered":"<p>Product information: Brand: Qman Gender: Unisex Name: Xian Y-20 Age Range: &gt; 6 years old Model Number: 23013 Classification: Assemblage Plastic Block Shape: Self-Locking Bricks Material: Plastic Plastic Type: ABS Bricks Blocks: 1736 PCS Contains detailed assembly instructions. Notice: 1. Without an original box, but we guarantee our products have quality assurance and nice packaging. [&hellip;]<\/p>","protected":false},"featured_media":29663,"comment_status":"closed","ping_status":"closed","template":"","meta":{"_acf_changed":false},"product_cat":[372],"product_tag":[4592,4125,4590,4589,4591,4593],"class_list":["product","first","instock","shipping-taxable","purchasable","product-type-simple"],"acf":[],"_links":{"self":[{"href":"https:\/\/mouldking.store\/nb\/wp-json\/wp\/v2\/product\/29662","targetHints":{"allow":["GET"]}}],"collection":[{"href":"https:\/\/mouldking.store\/nb\/wp-json\/wp\/v2\/product"}],"about":[{"href":"https:\/\/mouldking.store\/nb\/wp-json\/wp\/v2\/types\/product"}],"replies":[{"embeddable":true,"href":"https:\/\/mouldking.store\/nb\/wp-json\/wp\/v2\/comments?post=29662"}],"wp:featuredmedia":[{"embeddable":true,"href":"https:\/\/mouldking.store\/nb\/wp-json\/wp\/v2\/media\/29663"}],"wp:attachment":[{"href":"https:\/\/mouldking.store\/nb\/wp-json\/wp\/v2\/media?parent=29662"}],"wp:term":[{"taxonomy":"product_cat","embeddable":true,"href":"https:\/\/mouldking.store\/nb\/wp-json\/wp\/v2\/product_cat?post=29662"},{"taxonomy":"product_tag","embeddable":true,"href":"https:\/\/mouldking.store\/nb\/wp-json\/wp\/v2\/product_tag?post=29662"}],"curies":[{"name":"wp","href":"https:\/\/api.w.org\/{rel}","templated":true}]}}