{"id":29771,"date":"2022-02-23T15:26:29","date_gmt":"2022-02-23T08:26:29","guid":{"rendered":"https:\/\/mouldking.store\/?post_type=product&#038;p=29771"},"modified":"2022-02-23T15:26:29","modified_gmt":"2022-02-23T08:26:29","slug":"qman-41223-41224-rubiks-cube","status":"publish","type":"product","link":"https:\/\/mouldking.store\/nb\/shop\/qman-41223-41224-rubiks-cube\/","title":{"rendered":"Qman 41223-41224 Rubiks kube"},"content":{"rendered":"<p>Produktinformasjon:<\/p>\n<ol>\n<li>Merke: Qman<\/li>\n<li>Kj\u00f8nn: Unisex<\/li>\n<li>Navn: Rubiks kube<\/li>\n<li>Aldersgruppe: &gt; 6 \u00e5r gammel<\/li>\n<li>Modellnummer: 41223-41224<\/li>\n<li>Klassifisering: Montering<\/li>\n<li>Plastblokkform: Selvl\u00e5sende murstein<\/li>\n<li>Materiale: Plast<\/li>\n<li>Plasttype: ABS<\/li>\n<li>Mursteinblokker: 41223 ~292 STK, 41224 ~273 STK, 41223-41224 ~565 STK<\/li>\n<li>Inneholder detaljerte monteringsanvisninger.<\/li>\n<\/ol>\n<p>Legge merke til:<br \/>\n1. Uten original eske, men vi garanterer at v\u00e5re produkter har kvalitetssikring og pen emballasje.<br \/>\n2. Som alle delene vi har sjekket f\u00f8r frakt, s\u00e5 hvis du finner noen deler savnet eller skadet, ikke bekymre deg og bare kontakt oss, s\u00e5 kan vi sende dem til deg p\u00e5 nytt umiddelbart gratis.<\/p>\n<figure id=\"attachment_29772\" aria-describedby=\"caption-attachment-29772\" style=\"width: 800px\" class=\"wp-caption aligncenter\"><img fetchpriority=\"high\" decoding=\"async\" class=\"wp-image-29772 size-full\" src=\"https:\/\/mouldking.store\/wp-content\/uploads\/2022\/02\/Qman-41223-41224-Rubiks-Cube-1.jpg\" alt=\"Qman 41223-41224 Rubik&#039;s Cube\" width=\"800\" height=\"800\" title=\"-\" srcset=\"https:\/\/mouldking.store\/wp-content\/uploads\/2022\/02\/Qman-41223-41224-Rubiks-Cube-1.jpg 800w, https:\/\/mouldking.store\/wp-content\/uploads\/2022\/02\/Qman-41223-41224-Rubiks-Cube-1-300x300.jpg 300w, https:\/\/mouldking.store\/wp-content\/uploads\/2022\/02\/Qman-41223-41224-Rubiks-Cube-1-768x768.jpg 768w, https:\/\/mouldking.store\/wp-content\/uploads\/2022\/02\/Qman-41223-41224-Rubiks-Cube-1-600x600.jpg 600w, https:\/\/mouldking.store\/wp-content\/uploads\/2022\/02\/Qman-41223-41224-Rubiks-Cube-1-150x150.jpg 150w\" sizes=\"(max-width: 800px) 100vw, 800px\" \/><figcaption id=\"caption-attachment-29772\" class=\"wp-caption-text\">Qman 41223-41224 Rubiks kube<\/figcaption><\/figure>\n<figure id=\"attachment_29783\" aria-describedby=\"caption-attachment-29783\" style=\"width: 800px\" class=\"wp-caption aligncenter\"><img decoding=\"async\" class=\"wp-image-29783 size-full\" src=\"https:\/\/mouldking.store\/wp-content\/uploads\/2022\/02\/Qman-41223-41224-Rubiks-Cube-12.jpg\" alt=\"Qman 41223-41224 Rubik&#039;s Cube\" width=\"800\" height=\"800\" title=\"-\" srcset=\"https:\/\/mouldking.store\/wp-content\/uploads\/2022\/02\/Qman-41223-41224-Rubiks-Cube-12.jpg 800w, https:\/\/mouldking.store\/wp-content\/uploads\/2022\/02\/Qman-41223-41224-Rubiks-Cube-12-300x300.jpg 300w, https:\/\/mouldking.store\/wp-content\/uploads\/2022\/02\/Qman-41223-41224-Rubiks-Cube-12-768x768.jpg 768w, https:\/\/mouldking.store\/wp-content\/uploads\/2022\/02\/Qman-41223-41224-Rubiks-Cube-12-600x600.jpg 600w, https:\/\/mouldking.store\/wp-content\/uploads\/2022\/02\/Qman-41223-41224-Rubiks-Cube-12-150x150.jpg 150w\" sizes=\"(max-width: 800px) 100vw, 800px\" \/><figcaption id=\"caption-attachment-29783\" class=\"wp-caption-text\">Qman 41223-41224 Rubiks kube<\/figcaption><\/figure>\n<figure id=\"attachment_29782\" aria-describedby=\"caption-attachment-29782\" style=\"width: 800px\" class=\"wp-caption aligncenter\"><img decoding=\"async\" class=\"wp-image-29782 size-full\" src=\"https:\/\/mouldking.store\/wp-content\/uploads\/2022\/02\/Qman-41223-41224-Rubiks-Cube-11.jpg\" alt=\"Qman 41223-41224 Rubik&#039;s Cube\" width=\"800\" height=\"800\" title=\"-\" srcset=\"https:\/\/mouldking.store\/wp-content\/uploads\/2022\/02\/Qman-41223-41224-Rubiks-Cube-11.jpg 800w, https:\/\/mouldking.store\/wp-content\/uploads\/2022\/02\/Qman-41223-41224-Rubiks-Cube-11-300x300.jpg 300w, https:\/\/mouldking.store\/wp-content\/uploads\/2022\/02\/Qman-41223-41224-Rubiks-Cube-11-768x768.jpg 768w, https:\/\/mouldking.store\/wp-content\/uploads\/2022\/02\/Qman-41223-41224-Rubiks-Cube-11-600x600.jpg 600w, https:\/\/mouldking.store\/wp-content\/uploads\/2022\/02\/Qman-41223-41224-Rubiks-Cube-11-150x150.jpg 150w\" sizes=\"(max-width: 800px) 100vw, 800px\" \/><figcaption id=\"caption-attachment-29782\" class=\"wp-caption-text\">Qman 41223-41224 Rubiks kube<\/figcaption><\/figure>\n<figure id=\"attachment_29778\" aria-describedby=\"caption-attachment-29778\" style=\"width: 790px\" class=\"wp-caption aligncenter\"><img loading=\"lazy\" decoding=\"async\" class=\"wp-image-29778 size-full\" src=\"https:\/\/mouldking.store\/wp-content\/uploads\/2022\/02\/Qman-41223-41224-Rubiks-Cube-7.jpg\" alt=\"Qman 41223-41224 Rubik&#039;s Cube\" width=\"790\" height=\"808\" title=\"-\" srcset=\"https:\/\/mouldking.store\/wp-content\/uploads\/2022\/02\/Qman-41223-41224-Rubiks-Cube-7.jpg 790w, https:\/\/mouldking.store\/wp-content\/uploads\/2022\/02\/Qman-41223-41224-Rubiks-Cube-7-293x300.jpg 293w, https:\/\/mouldking.store\/wp-content\/uploads\/2022\/02\/Qman-41223-41224-Rubiks-Cube-7-768x785.jpg 768w, https:\/\/mouldking.store\/wp-content\/uploads\/2022\/02\/Qman-41223-41224-Rubiks-Cube-7-300x307.jpg 300w, https:\/\/mouldking.store\/wp-content\/uploads\/2022\/02\/Qman-41223-41224-Rubiks-Cube-7-600x614.jpg 600w, https:\/\/mouldking.store\/wp-content\/uploads\/2022\/02\/Qman-41223-41224-Rubiks-Cube-7-147x150.jpg 147w\" sizes=\"(max-width: 790px) 100vw, 790px\" \/><figcaption id=\"caption-attachment-29778\" class=\"wp-caption-text\">Qman 41223-41224 Rubiks kube<\/figcaption><\/figure>\n<figure id=\"attachment_29777\" aria-describedby=\"caption-attachment-29777\" style=\"width: 786px\" class=\"wp-caption aligncenter\"><img loading=\"lazy\" decoding=\"async\" class=\"wp-image-29777 size-full\" src=\"https:\/\/mouldking.store\/wp-content\/uploads\/2022\/02\/Qman-41223-41224-Rubiks-Cube-6.jpg\" alt=\"Qman 41223-41224 Rubik&#039;s Cube\" width=\"786\" height=\"593\" title=\"-\" srcset=\"https:\/\/mouldking.store\/wp-content\/uploads\/2022\/02\/Qman-41223-41224-Rubiks-Cube-6.jpg 786w, https:\/\/mouldking.store\/wp-content\/uploads\/2022\/02\/Qman-41223-41224-Rubiks-Cube-6-300x226.jpg 300w, https:\/\/mouldking.store\/wp-content\/uploads\/2022\/02\/Qman-41223-41224-Rubiks-Cube-6-768x579.jpg 768w, https:\/\/mouldking.store\/wp-content\/uploads\/2022\/02\/Qman-41223-41224-Rubiks-Cube-6-600x453.jpg 600w, https:\/\/mouldking.store\/wp-content\/uploads\/2022\/02\/Qman-41223-41224-Rubiks-Cube-6-150x113.jpg 150w\" sizes=\"(max-width: 786px) 100vw, 786px\" \/><figcaption id=\"caption-attachment-29777\" class=\"wp-caption-text\">Qman 41223-41224 Rubiks kube<\/figcaption><\/figure>\n<figure id=\"attachment_29781\" aria-describedby=\"caption-attachment-29781\" style=\"width: 790px\" class=\"wp-caption aligncenter\"><img loading=\"lazy\" decoding=\"async\" class=\"wp-image-29781 size-full\" src=\"https:\/\/mouldking.store\/wp-content\/uploads\/2022\/02\/Qman-41223-41224-Rubiks-Cube-10.jpg\" alt=\"Qman 41223-41224 Rubik&#039;s Cube\" width=\"790\" height=\"519\" title=\"-\" srcset=\"https:\/\/mouldking.store\/wp-content\/uploads\/2022\/02\/Qman-41223-41224-Rubiks-Cube-10.jpg 790w, https:\/\/mouldking.store\/wp-content\/uploads\/2022\/02\/Qman-41223-41224-Rubiks-Cube-10-300x197.jpg 300w, https:\/\/mouldking.store\/wp-content\/uploads\/2022\/02\/Qman-41223-41224-Rubiks-Cube-10-768x505.jpg 768w, https:\/\/mouldking.store\/wp-content\/uploads\/2022\/02\/Qman-41223-41224-Rubiks-Cube-10-600x394.jpg 600w, https:\/\/mouldking.store\/wp-content\/uploads\/2022\/02\/Qman-41223-41224-Rubiks-Cube-10-150x99.jpg 150w\" sizes=\"(max-width: 790px) 100vw, 790px\" \/><figcaption id=\"caption-attachment-29781\" class=\"wp-caption-text\">Qman 41223-41224 Rubiks kube<\/figcaption><\/figure>\n<figure id=\"attachment_29780\" aria-describedby=\"caption-attachment-29780\" style=\"width: 790px\" class=\"wp-caption aligncenter\"><img loading=\"lazy\" decoding=\"async\" class=\"wp-image-29780 size-full\" src=\"https:\/\/mouldking.store\/wp-content\/uploads\/2022\/02\/Qman-41223-41224-Rubiks-Cube-9.jpg\" alt=\"Qman 41223-41224 Rubik&#039;s Cube\" width=\"790\" height=\"809\" title=\"-\" srcset=\"https:\/\/mouldking.store\/wp-content\/uploads\/2022\/02\/Qman-41223-41224-Rubiks-Cube-9.jpg 790w, https:\/\/mouldking.store\/wp-content\/uploads\/2022\/02\/Qman-41223-41224-Rubiks-Cube-9-293x300.jpg 293w, https:\/\/mouldking.store\/wp-content\/uploads\/2022\/02\/Qman-41223-41224-Rubiks-Cube-9-768x786.jpg 768w, https:\/\/mouldking.store\/wp-content\/uploads\/2022\/02\/Qman-41223-41224-Rubiks-Cube-9-300x307.jpg 300w, https:\/\/mouldking.store\/wp-content\/uploads\/2022\/02\/Qman-41223-41224-Rubiks-Cube-9-600x614.jpg 600w, https:\/\/mouldking.store\/wp-content\/uploads\/2022\/02\/Qman-41223-41224-Rubiks-Cube-9-146x150.jpg 146w\" sizes=\"(max-width: 790px) 100vw, 790px\" \/><figcaption id=\"caption-attachment-29780\" class=\"wp-caption-text\">Qman 41223-41224 Rubiks kube<\/figcaption><\/figure>\n<figure id=\"attachment_29779\" aria-describedby=\"caption-attachment-29779\" style=\"width: 323px\" class=\"wp-caption aligncenter\"><img loading=\"lazy\" decoding=\"async\" class=\"wp-image-29779 size-full\" src=\"https:\/\/mouldking.store\/wp-content\/uploads\/2022\/02\/Qman-41223-41224-Rubiks-Cube-8.jpg\" alt=\"Qman 41223-41224 Rubik&#039;s Cube\" width=\"323\" height=\"430\" title=\"-\" srcset=\"https:\/\/mouldking.store\/wp-content\/uploads\/2022\/02\/Qman-41223-41224-Rubiks-Cube-8.jpg 323w, https:\/\/mouldking.store\/wp-content\/uploads\/2022\/02\/Qman-41223-41224-Rubiks-Cube-8-225x300.jpg 225w, https:\/\/mouldking.store\/wp-content\/uploads\/2022\/02\/Qman-41223-41224-Rubiks-Cube-8-300x399.jpg 300w, https:\/\/mouldking.store\/wp-content\/uploads\/2022\/02\/Qman-41223-41224-Rubiks-Cube-8-113x150.jpg 113w\" sizes=\"(max-width: 323px) 100vw, 323px\" \/><figcaption id=\"caption-attachment-29779\" class=\"wp-caption-text\">Qman 41223-41224 Rubiks kube<\/figcaption><\/figure>\n<figure id=\"attachment_29773\" aria-describedby=\"caption-attachment-29773\" style=\"width: 800px\" class=\"wp-caption aligncenter\"><img loading=\"lazy\" decoding=\"async\" class=\"wp-image-29773 size-full\" src=\"https:\/\/mouldking.store\/wp-content\/uploads\/2022\/02\/Qman-41223-41224-Rubiks-Cube-2.jpg\" alt=\"Qman 41223-41224 Rubik&#039;s Cube\" width=\"800\" height=\"800\" title=\"-\" srcset=\"https:\/\/mouldking.store\/wp-content\/uploads\/2022\/02\/Qman-41223-41224-Rubiks-Cube-2.jpg 800w, https:\/\/mouldking.store\/wp-content\/uploads\/2022\/02\/Qman-41223-41224-Rubiks-Cube-2-300x300.jpg 300w, https:\/\/mouldking.store\/wp-content\/uploads\/2022\/02\/Qman-41223-41224-Rubiks-Cube-2-768x768.jpg 768w, https:\/\/mouldking.store\/wp-content\/uploads\/2022\/02\/Qman-41223-41224-Rubiks-Cube-2-600x600.jpg 600w, https:\/\/mouldking.store\/wp-content\/uploads\/2022\/02\/Qman-41223-41224-Rubiks-Cube-2-150x150.jpg 150w\" sizes=\"(max-width: 800px) 100vw, 800px\" \/><figcaption id=\"caption-attachment-29773\" class=\"wp-caption-text\">Qman 41223-41224 Rubiks kube<\/figcaption><\/figure>\n<figure id=\"attachment_29774\" aria-describedby=\"caption-attachment-29774\" style=\"width: 800px\" class=\"wp-caption aligncenter\"><img loading=\"lazy\" decoding=\"async\" class=\"wp-image-29774 size-full\" src=\"https:\/\/mouldking.store\/wp-content\/uploads\/2022\/02\/Qman-41223-41224-Rubiks-Cube-3.jpg\" alt=\"Qman 41223-41224 Rubik&#039;s Cube\" width=\"800\" height=\"800\" title=\"-\" srcset=\"https:\/\/mouldking.store\/wp-content\/uploads\/2022\/02\/Qman-41223-41224-Rubiks-Cube-3.jpg 800w, https:\/\/mouldking.store\/wp-content\/uploads\/2022\/02\/Qman-41223-41224-Rubiks-Cube-3-300x300.jpg 300w, https:\/\/mouldking.store\/wp-content\/uploads\/2022\/02\/Qman-41223-41224-Rubiks-Cube-3-768x768.jpg 768w, https:\/\/mouldking.store\/wp-content\/uploads\/2022\/02\/Qman-41223-41224-Rubiks-Cube-3-600x600.jpg 600w, https:\/\/mouldking.store\/wp-content\/uploads\/2022\/02\/Qman-41223-41224-Rubiks-Cube-3-150x150.jpg 150w\" sizes=\"(max-width: 800px) 100vw, 800px\" \/><figcaption id=\"caption-attachment-29774\" class=\"wp-caption-text\">Qman 41223-41224 Rubiks kube<\/figcaption><\/figure>\n<figure id=\"attachment_29775\" aria-describedby=\"caption-attachment-29775\" style=\"width: 790px\" class=\"wp-caption aligncenter\"><img loading=\"lazy\" decoding=\"async\" class=\"wp-image-29775 size-full\" src=\"https:\/\/mouldking.store\/wp-content\/uploads\/2022\/02\/Qman-41223-41224-Rubiks-Cube-4.jpg\" alt=\"Qman 41223-41224 Rubik&#039;s Cube\" width=\"790\" height=\"579\" title=\"-\" srcset=\"https:\/\/mouldking.store\/wp-content\/uploads\/2022\/02\/Qman-41223-41224-Rubiks-Cube-4.jpg 790w, https:\/\/mouldking.store\/wp-content\/uploads\/2022\/02\/Qman-41223-41224-Rubiks-Cube-4-300x220.jpg 300w, https:\/\/mouldking.store\/wp-content\/uploads\/2022\/02\/Qman-41223-41224-Rubiks-Cube-4-768x563.jpg 768w, https:\/\/mouldking.store\/wp-content\/uploads\/2022\/02\/Qman-41223-41224-Rubiks-Cube-4-600x440.jpg 600w, https:\/\/mouldking.store\/wp-content\/uploads\/2022\/02\/Qman-41223-41224-Rubiks-Cube-4-150x110.jpg 150w\" sizes=\"(max-width: 790px) 100vw, 790px\" \/><figcaption id=\"caption-attachment-29775\" class=\"wp-caption-text\">Qman 41223-41224 Rubiks kube<\/figcaption><\/figure>\n<figure id=\"attachment_29776\" aria-describedby=\"caption-attachment-29776\" style=\"width: 800px\" class=\"wp-caption aligncenter\"><img loading=\"lazy\" decoding=\"async\" class=\"wp-image-29776 size-full\" src=\"https:\/\/mouldking.store\/wp-content\/uploads\/2022\/02\/Qman-41223-41224-Rubiks-Cube-5.jpg\" alt=\"Qman 41223-41224 Rubik&#039;s Cube\" width=\"800\" height=\"800\" title=\"-\" srcset=\"https:\/\/mouldking.store\/wp-content\/uploads\/2022\/02\/Qman-41223-41224-Rubiks-Cube-5.jpg 800w, https:\/\/mouldking.store\/wp-content\/uploads\/2022\/02\/Qman-41223-41224-Rubiks-Cube-5-300x300.jpg 300w, https:\/\/mouldking.store\/wp-content\/uploads\/2022\/02\/Qman-41223-41224-Rubiks-Cube-5-768x768.jpg 768w, https:\/\/mouldking.store\/wp-content\/uploads\/2022\/02\/Qman-41223-41224-Rubiks-Cube-5-600x600.jpg 600w, https:\/\/mouldking.store\/wp-content\/uploads\/2022\/02\/Qman-41223-41224-Rubiks-Cube-5-150x150.jpg 150w\" sizes=\"(max-width: 800px) 100vw, 800px\" \/><figcaption id=\"caption-attachment-29776\" class=\"wp-caption-text\">Qman 41223-41224 Rubiks kube<\/figcaption><\/figure>","protected":false},"excerpt":{"rendered":"<p>Product information: Brand: Qman Gender: Unisex Name: Rubik&#8217;s Cube Age Range: &gt; 6 years old Model Number: 41223-41224 Classification: Assemblage Plastic Block Shape: Self-Locking Bricks Material: Plastic Plastic Type: ABS Bricks Blocks: 41223 ~292 PCS, 41224 ~273\u00a0 PCS, 41223-41224 ~565 PCS Contains detailed assembly instructions. Notice: 1. Without an original box, but we guarantee our [&hellip;]<\/p>","protected":false},"featured_media":29772,"comment_status":"closed","ping_status":"closed","template":"","meta":{"_acf_changed":false},"product_cat":[371],"product_tag":[4655,4654,4656,4125,4653,4652,4647],"class_list":["product","first","instock","shipping-taxable","purchasable","product-type-variable"],"acf":[],"_links":{"self":[{"href":"https:\/\/mouldking.store\/nb\/wp-json\/wp\/v2\/product\/29771","targetHints":{"allow":["GET"]}}],"collection":[{"href":"https:\/\/mouldking.store\/nb\/wp-json\/wp\/v2\/product"}],"about":[{"href":"https:\/\/mouldking.store\/nb\/wp-json\/wp\/v2\/types\/product"}],"replies":[{"embeddable":true,"href":"https:\/\/mouldking.store\/nb\/wp-json\/wp\/v2\/comments?post=29771"}],"wp:featuredmedia":[{"embeddable":true,"href":"https:\/\/mouldking.store\/nb\/wp-json\/wp\/v2\/media\/29772"}],"wp:attachment":[{"href":"https:\/\/mouldking.store\/nb\/wp-json\/wp\/v2\/media?parent=29771"}],"wp:term":[{"taxonomy":"product_cat","embeddable":true,"href":"https:\/\/mouldking.store\/nb\/wp-json\/wp\/v2\/product_cat?post=29771"},{"taxonomy":"product_tag","embeddable":true,"href":"https:\/\/mouldking.store\/nb\/wp-json\/wp\/v2\/product_tag?post=29771"}],"curies":[{"name":"wp","href":"https:\/\/api.w.org\/{rel}","templated":true}]}}