{"id":29787,"date":"2022-02-23T15:30:19","date_gmt":"2022-02-23T08:30:19","guid":{"rendered":"https:\/\/mouldking.store\/?post_type=product&#038;p=29787"},"modified":"2022-02-23T15:30:19","modified_gmt":"2022-02-23T08:30:19","slug":"qman-41305-roaring-flame-god-general-with-1201-pieces","status":"publish","type":"product","link":"https:\/\/mouldking.store\/nb\/shop\/qman-41305-roaring-flame-god-general-with-1201-pieces\/","title":{"rendered":"Qman 41305 Roaring Flame God General med 1201 stykker"},"content":{"rendered":"<p>Produktinformasjon:<\/p>\n<ol>\n<li>Merke: Qman<\/li>\n<li>Kj\u00f8nn: Unisex<\/li>\n<li>Navn: Roaring Flame God General<\/li>\n<li>Aldersgruppe: &gt; 6 \u00e5r gammel<\/li>\n<li>Modellnummer: 41305<\/li>\n<li>Klassifisering: Montering<\/li>\n<li>Plastblokkform: Selvl\u00e5sende murstein<\/li>\n<li>Materiale: Plast<\/li>\n<li>Plasttype: ABS<\/li>\n<li>Mursteinsblokker: 1201 STK<\/li>\n<li>Inneholder detaljerte monteringsanvisninger.<\/li>\n<\/ol>\n<p>Legge merke til:<br \/>\n1. Uten original eske, men vi garanterer at v\u00e5re produkter har kvalitetssikring og pen emballasje.<br \/>\n2. Som alle delene vi har sjekket f\u00f8r frakt, s\u00e5 hvis du finner noen deler savnet eller skadet, ikke bekymre deg og bare kontakt oss, s\u00e5 kan vi sende dem til deg p\u00e5 nytt umiddelbart gratis.<\/p>\n<p>&nbsp;<\/p>\n<figure id=\"attachment_29788\" aria-describedby=\"caption-attachment-29788\" style=\"width: 800px\" class=\"wp-caption aligncenter\"><img fetchpriority=\"high\" decoding=\"async\" class=\"wp-image-29788 size-full\" src=\"https:\/\/mouldking.store\/wp-content\/uploads\/2022\/02\/Qman-41305-Roaring-Flame-God-General-with-1201-pieces-1.jpg\" alt=\"Qman 41305 Roaring Flame God General with 1201 pieces\" width=\"800\" height=\"800\" title=\"-\" srcset=\"https:\/\/mouldking.store\/wp-content\/uploads\/2022\/02\/Qman-41305-Roaring-Flame-God-General-with-1201-pieces-1.jpg 800w, https:\/\/mouldking.store\/wp-content\/uploads\/2022\/02\/Qman-41305-Roaring-Flame-God-General-with-1201-pieces-1-300x300.jpg 300w, https:\/\/mouldking.store\/wp-content\/uploads\/2022\/02\/Qman-41305-Roaring-Flame-God-General-with-1201-pieces-1-768x768.jpg 768w, https:\/\/mouldking.store\/wp-content\/uploads\/2022\/02\/Qman-41305-Roaring-Flame-God-General-with-1201-pieces-1-600x600.jpg 600w, https:\/\/mouldking.store\/wp-content\/uploads\/2022\/02\/Qman-41305-Roaring-Flame-God-General-with-1201-pieces-1-150x150.jpg 150w\" sizes=\"(max-width: 800px) 100vw, 800px\" \/><figcaption id=\"caption-attachment-29788\" class=\"wp-caption-text\">Qman 41305 Roaring Flame God General med 1201 stykker<\/figcaption><\/figure>\n<figure id=\"attachment_29789\" aria-describedby=\"caption-attachment-29789\" style=\"width: 617px\" class=\"wp-caption aligncenter\"><img decoding=\"async\" class=\"wp-image-29789 size-full\" src=\"https:\/\/mouldking.store\/wp-content\/uploads\/2022\/02\/Qman-41305-Roaring-Flame-God-General-with-1201-pieces-2.jpg\" alt=\"Qman 41305 Roaring Flame God General with 1201 pieces\" width=\"617\" height=\"1024\" title=\"-\" srcset=\"https:\/\/mouldking.store\/wp-content\/uploads\/2022\/02\/Qman-41305-Roaring-Flame-God-General-with-1201-pieces-2.jpg 617w, https:\/\/mouldking.store\/wp-content\/uploads\/2022\/02\/Qman-41305-Roaring-Flame-God-General-with-1201-pieces-2-181x300.jpg 181w, https:\/\/mouldking.store\/wp-content\/uploads\/2022\/02\/Qman-41305-Roaring-Flame-God-General-with-1201-pieces-2-300x498.jpg 300w, https:\/\/mouldking.store\/wp-content\/uploads\/2022\/02\/Qman-41305-Roaring-Flame-God-General-with-1201-pieces-2-600x996.jpg 600w, https:\/\/mouldking.store\/wp-content\/uploads\/2022\/02\/Qman-41305-Roaring-Flame-God-General-with-1201-pieces-2-90x150.jpg 90w\" sizes=\"(max-width: 617px) 100vw, 617px\" \/><figcaption id=\"caption-attachment-29789\" class=\"wp-caption-text\">Qman 41305 Roaring Flame God General med 1201 stykker<\/figcaption><\/figure>\n<figure id=\"attachment_29791\" aria-describedby=\"caption-attachment-29791\" style=\"width: 790px\" class=\"wp-caption aligncenter\"><img decoding=\"async\" class=\"wp-image-29791 size-full\" src=\"https:\/\/mouldking.store\/wp-content\/uploads\/2022\/02\/Qman-41305-Roaring-Flame-God-General-with-1201-pieces-4.jpg\" alt=\"Qman 41305 Roaring Flame God General with 1201 pieces\" width=\"790\" height=\"843\" title=\"-\" srcset=\"https:\/\/mouldking.store\/wp-content\/uploads\/2022\/02\/Qman-41305-Roaring-Flame-God-General-with-1201-pieces-4.jpg 790w, https:\/\/mouldking.store\/wp-content\/uploads\/2022\/02\/Qman-41305-Roaring-Flame-God-General-with-1201-pieces-4-281x300.jpg 281w, https:\/\/mouldking.store\/wp-content\/uploads\/2022\/02\/Qman-41305-Roaring-Flame-God-General-with-1201-pieces-4-768x820.jpg 768w, https:\/\/mouldking.store\/wp-content\/uploads\/2022\/02\/Qman-41305-Roaring-Flame-God-General-with-1201-pieces-4-300x320.jpg 300w, https:\/\/mouldking.store\/wp-content\/uploads\/2022\/02\/Qman-41305-Roaring-Flame-God-General-with-1201-pieces-4-600x640.jpg 600w, https:\/\/mouldking.store\/wp-content\/uploads\/2022\/02\/Qman-41305-Roaring-Flame-God-General-with-1201-pieces-4-141x150.jpg 141w\" sizes=\"(max-width: 790px) 100vw, 790px\" \/><figcaption id=\"caption-attachment-29791\" class=\"wp-caption-text\">Qman 41305 Roaring Flame God General med 1201 stykker<\/figcaption><\/figure>\n<figure id=\"attachment_29792\" aria-describedby=\"caption-attachment-29792\" style=\"width: 628px\" class=\"wp-caption aligncenter\"><img loading=\"lazy\" decoding=\"async\" class=\"wp-image-29792 size-full\" src=\"https:\/\/mouldking.store\/wp-content\/uploads\/2022\/02\/Qman-41305-Roaring-Flame-God-General-with-1201-pieces-5.jpg\" alt=\"Qman 41305 Roaring Flame God General with 1201 pieces\" width=\"628\" height=\"1024\" title=\"-\" srcset=\"https:\/\/mouldking.store\/wp-content\/uploads\/2022\/02\/Qman-41305-Roaring-Flame-God-General-with-1201-pieces-5.jpg 628w, https:\/\/mouldking.store\/wp-content\/uploads\/2022\/02\/Qman-41305-Roaring-Flame-God-General-with-1201-pieces-5-184x300.jpg 184w, https:\/\/mouldking.store\/wp-content\/uploads\/2022\/02\/Qman-41305-Roaring-Flame-God-General-with-1201-pieces-5-300x489.jpg 300w, https:\/\/mouldking.store\/wp-content\/uploads\/2022\/02\/Qman-41305-Roaring-Flame-God-General-with-1201-pieces-5-600x978.jpg 600w, https:\/\/mouldking.store\/wp-content\/uploads\/2022\/02\/Qman-41305-Roaring-Flame-God-General-with-1201-pieces-5-92x150.jpg 92w\" sizes=\"(max-width: 628px) 100vw, 628px\" \/><figcaption id=\"caption-attachment-29792\" class=\"wp-caption-text\">Qman 41305 Roaring Flame God General med 1201 stykker<\/figcaption><\/figure>\n<figure id=\"attachment_29790\" aria-describedby=\"caption-attachment-29790\" style=\"width: 790px\" class=\"wp-caption aligncenter\"><img loading=\"lazy\" decoding=\"async\" class=\"wp-image-29790 size-full\" src=\"https:\/\/mouldking.store\/wp-content\/uploads\/2022\/02\/Qman-41305-Roaring-Flame-God-General-with-1201-pieces-3.jpg\" alt=\"Qman 41305 Roaring Flame God General with 1201 pieces\" width=\"790\" height=\"743\" title=\"-\" srcset=\"https:\/\/mouldking.store\/wp-content\/uploads\/2022\/02\/Qman-41305-Roaring-Flame-God-General-with-1201-pieces-3.jpg 790w, https:\/\/mouldking.store\/wp-content\/uploads\/2022\/02\/Qman-41305-Roaring-Flame-God-General-with-1201-pieces-3-300x282.jpg 300w, https:\/\/mouldking.store\/wp-content\/uploads\/2022\/02\/Qman-41305-Roaring-Flame-God-General-with-1201-pieces-3-768x722.jpg 768w, https:\/\/mouldking.store\/wp-content\/uploads\/2022\/02\/Qman-41305-Roaring-Flame-God-General-with-1201-pieces-3-600x564.jpg 600w, https:\/\/mouldking.store\/wp-content\/uploads\/2022\/02\/Qman-41305-Roaring-Flame-God-General-with-1201-pieces-3-150x141.jpg 150w\" sizes=\"(max-width: 790px) 100vw, 790px\" \/><figcaption id=\"caption-attachment-29790\" class=\"wp-caption-text\">Qman 41305 Roaring Flame God General med 1201 stykker<\/figcaption><\/figure>","protected":false},"excerpt":{"rendered":"<p>Product information: Brand: Qman Gender: Unisex Name: Roaring Flame God General Age Range: &gt; 6 years old Model Number: 41305 Classification: Assemblage Plastic Block Shape: Self-Locking Bricks Material: Plastic Plastic Type: ABS Bricks Blocks: 1201 PCS Contains detailed assembly instructions. Notice: 1. Without an original box, but we guarantee our products have quality assurance and [&hellip;]<\/p>","protected":false},"featured_media":29788,"comment_status":"closed","ping_status":"closed","template":"","meta":{"_acf_changed":false},"product_cat":[371],"product_tag":[4661,4662,4663,4125,4659,4658,4657,4660],"class_list":["product","first","instock","shipping-taxable","purchasable","product-type-simple"],"acf":[],"_links":{"self":[{"href":"https:\/\/mouldking.store\/nb\/wp-json\/wp\/v2\/product\/29787","targetHints":{"allow":["GET"]}}],"collection":[{"href":"https:\/\/mouldking.store\/nb\/wp-json\/wp\/v2\/product"}],"about":[{"href":"https:\/\/mouldking.store\/nb\/wp-json\/wp\/v2\/types\/product"}],"replies":[{"embeddable":true,"href":"https:\/\/mouldking.store\/nb\/wp-json\/wp\/v2\/comments?post=29787"}],"wp:featuredmedia":[{"embeddable":true,"href":"https:\/\/mouldking.store\/nb\/wp-json\/wp\/v2\/media\/29788"}],"wp:attachment":[{"href":"https:\/\/mouldking.store\/nb\/wp-json\/wp\/v2\/media?parent=29787"}],"wp:term":[{"taxonomy":"product_cat","embeddable":true,"href":"https:\/\/mouldking.store\/nb\/wp-json\/wp\/v2\/product_cat?post=29787"},{"taxonomy":"product_tag","embeddable":true,"href":"https:\/\/mouldking.store\/nb\/wp-json\/wp\/v2\/product_tag?post=29787"}],"curies":[{"name":"wp","href":"https:\/\/api.w.org\/{rel}","templated":true}]}}