{"id":29800,"date":"2022-02-23T15:36:51","date_gmt":"2022-02-23T08:36:51","guid":{"rendered":"https:\/\/mouldking.store\/?post_type=product&#038;p=29800"},"modified":"2022-02-23T15:36:51","modified_gmt":"2022-02-23T08:36:51","slug":"qman-42103-sky-overlord-with-604-pieces","status":"publish","type":"product","link":"https:\/\/mouldking.store\/nb\/shop\/qman-42103-sky-overlord-with-604-pieces\/","title":{"rendered":"Qman 42103 Sky Overlord med 604 stykker"},"content":{"rendered":"<p>Produktinformasjon:<\/p>\n<ol>\n<li>Merke: Qman<\/li>\n<li>Kj\u00f8nn: Unisex<\/li>\n<li>Name: Sky Overlord<\/li>\n<li>Aldersgruppe: &gt; 6 \u00e5r gammel<\/li>\n<li>Model Number: 42103<\/li>\n<li>Klassifisering: Montering<\/li>\n<li>Plastblokkform: Selvl\u00e5sende murstein<\/li>\n<li>Materiale: Plast<\/li>\n<li>Plasttype: ABS<\/li>\n<li>Bricks Blocks: 604 PCS<\/li>\n<li>Inneholder detaljerte monteringsanvisninger.<\/li>\n<\/ol>\n<p>Legge merke til:<br \/>\n1. Uten original eske, men vi garanterer at v\u00e5re produkter har kvalitetssikring og pen emballasje.<br \/>\n2. Som alle delene vi har sjekket f\u00f8r frakt, s\u00e5 hvis du finner noen deler savnet eller skadet, ikke bekymre deg og bare kontakt oss, s\u00e5 kan vi sende dem til deg p\u00e5 nytt umiddelbart gratis.<\/p>\n<p>&nbsp;<\/p>\n<figure id=\"attachment_29801\" aria-describedby=\"caption-attachment-29801\" style=\"width: 800px\" class=\"wp-caption aligncenter\"><img fetchpriority=\"high\" decoding=\"async\" class=\"wp-image-29801 size-full\" src=\"https:\/\/mouldking.store\/wp-content\/uploads\/2022\/02\/Qman-42103-Sky-Overlord-with-604-pieces-1.jpg\" alt=\"Qman 42103 Sky Overlord with 604 pieces\" width=\"800\" height=\"800\" title=\"-\" srcset=\"https:\/\/mouldking.store\/wp-content\/uploads\/2022\/02\/Qman-42103-Sky-Overlord-with-604-pieces-1.jpg 800w, https:\/\/mouldking.store\/wp-content\/uploads\/2022\/02\/Qman-42103-Sky-Overlord-with-604-pieces-1-300x300.jpg 300w, https:\/\/mouldking.store\/wp-content\/uploads\/2022\/02\/Qman-42103-Sky-Overlord-with-604-pieces-1-768x768.jpg 768w, https:\/\/mouldking.store\/wp-content\/uploads\/2022\/02\/Qman-42103-Sky-Overlord-with-604-pieces-1-600x600.jpg 600w, https:\/\/mouldking.store\/wp-content\/uploads\/2022\/02\/Qman-42103-Sky-Overlord-with-604-pieces-1-150x150.jpg 150w\" sizes=\"(max-width: 800px) 100vw, 800px\" \/><figcaption id=\"caption-attachment-29801\" class=\"wp-caption-text\">Qman 42103 Sky Overlord med 604 stykker<\/figcaption><\/figure>\n<figure id=\"attachment_29802\" aria-describedby=\"caption-attachment-29802\" style=\"width: 789px\" class=\"wp-caption aligncenter\"><img decoding=\"async\" class=\"wp-image-29802 size-full\" src=\"https:\/\/mouldking.store\/wp-content\/uploads\/2022\/02\/Qman-42103-Sky-Overlord-with-604-pieces-2.jpg\" alt=\"Qman 42103 Sky Overlord with 604 pieces\" width=\"789\" height=\"652\" title=\"-\" srcset=\"https:\/\/mouldking.store\/wp-content\/uploads\/2022\/02\/Qman-42103-Sky-Overlord-with-604-pieces-2.jpg 789w, https:\/\/mouldking.store\/wp-content\/uploads\/2022\/02\/Qman-42103-Sky-Overlord-with-604-pieces-2-300x248.jpg 300w, https:\/\/mouldking.store\/wp-content\/uploads\/2022\/02\/Qman-42103-Sky-Overlord-with-604-pieces-2-768x635.jpg 768w, https:\/\/mouldking.store\/wp-content\/uploads\/2022\/02\/Qman-42103-Sky-Overlord-with-604-pieces-2-600x496.jpg 600w, https:\/\/mouldking.store\/wp-content\/uploads\/2022\/02\/Qman-42103-Sky-Overlord-with-604-pieces-2-150x124.jpg 150w\" sizes=\"(max-width: 789px) 100vw, 789px\" \/><figcaption id=\"caption-attachment-29802\" class=\"wp-caption-text\">Qman 42103 Sky Overlord med 604 stykker<\/figcaption><\/figure>\n<figure id=\"attachment_29803\" aria-describedby=\"caption-attachment-29803\" style=\"width: 767px\" class=\"wp-caption aligncenter\"><img decoding=\"async\" class=\"wp-image-29803 size-full\" src=\"https:\/\/mouldking.store\/wp-content\/uploads\/2022\/02\/Qman-42103-Sky-Overlord-with-604-pieces-3.jpg\" alt=\"Qman 42103 Sky Overlord with 604 pieces\" width=\"767\" height=\"1024\" title=\"-\" srcset=\"https:\/\/mouldking.store\/wp-content\/uploads\/2022\/02\/Qman-42103-Sky-Overlord-with-604-pieces-3.jpg 767w, https:\/\/mouldking.store\/wp-content\/uploads\/2022\/02\/Qman-42103-Sky-Overlord-with-604-pieces-3-225x300.jpg 225w, https:\/\/mouldking.store\/wp-content\/uploads\/2022\/02\/Qman-42103-Sky-Overlord-with-604-pieces-3-300x401.jpg 300w, https:\/\/mouldking.store\/wp-content\/uploads\/2022\/02\/Qman-42103-Sky-Overlord-with-604-pieces-3-600x801.jpg 600w, https:\/\/mouldking.store\/wp-content\/uploads\/2022\/02\/Qman-42103-Sky-Overlord-with-604-pieces-3-112x150.jpg 112w\" sizes=\"(max-width: 767px) 100vw, 767px\" \/><figcaption id=\"caption-attachment-29803\" class=\"wp-caption-text\">Qman 42103 Sky Overlord med 604 stykker<\/figcaption><\/figure>\n<figure id=\"attachment_29804\" aria-describedby=\"caption-attachment-29804\" style=\"width: 757px\" class=\"wp-caption aligncenter\"><img loading=\"lazy\" decoding=\"async\" class=\"wp-image-29804 size-full\" src=\"https:\/\/mouldking.store\/wp-content\/uploads\/2022\/02\/Qman-42103-Sky-Overlord-with-604-pieces-4.jpg\" alt=\"Qman 42103 Sky Overlord with 604 pieces\" width=\"757\" height=\"1024\" title=\"-\" srcset=\"https:\/\/mouldking.store\/wp-content\/uploads\/2022\/02\/Qman-42103-Sky-Overlord-with-604-pieces-4.jpg 757w, https:\/\/mouldking.store\/wp-content\/uploads\/2022\/02\/Qman-42103-Sky-Overlord-with-604-pieces-4-222x300.jpg 222w, https:\/\/mouldking.store\/wp-content\/uploads\/2022\/02\/Qman-42103-Sky-Overlord-with-604-pieces-4-300x406.jpg 300w, https:\/\/mouldking.store\/wp-content\/uploads\/2022\/02\/Qman-42103-Sky-Overlord-with-604-pieces-4-600x812.jpg 600w, https:\/\/mouldking.store\/wp-content\/uploads\/2022\/02\/Qman-42103-Sky-Overlord-with-604-pieces-4-111x150.jpg 111w\" sizes=\"(max-width: 757px) 100vw, 757px\" \/><figcaption id=\"caption-attachment-29804\" class=\"wp-caption-text\">Qman 42103 Sky Overlord med 604 stykker<\/figcaption><\/figure>","protected":false},"excerpt":{"rendered":"<p>Product information: Brand: Qman Gender: Unisex Name: Sky Overlord Age Range: &gt; 6 years old Model Number: 42103 Classification: Assemblage Plastic Block Shape: Self-Locking Bricks Material: Plastic Plastic Type: ABS Bricks Blocks: 604 PCS Contains detailed assembly instructions. Notice: 1. Without an original box, but we guarantee our products have quality assurance and nice packaging. [&hellip;]<\/p>","protected":false},"featured_media":29801,"comment_status":"closed","ping_status":"closed","template":"","meta":{"_acf_changed":false},"product_cat":[364],"product_tag":[4673,4674,4125,4671,4670,4669,4672],"class_list":["product","first","instock","shipping-taxable","purchasable","product-type-simple"],"acf":[],"_links":{"self":[{"href":"https:\/\/mouldking.store\/nb\/wp-json\/wp\/v2\/product\/29800","targetHints":{"allow":["GET"]}}],"collection":[{"href":"https:\/\/mouldking.store\/nb\/wp-json\/wp\/v2\/product"}],"about":[{"href":"https:\/\/mouldking.store\/nb\/wp-json\/wp\/v2\/types\/product"}],"replies":[{"embeddable":true,"href":"https:\/\/mouldking.store\/nb\/wp-json\/wp\/v2\/comments?post=29800"}],"wp:featuredmedia":[{"embeddable":true,"href":"https:\/\/mouldking.store\/nb\/wp-json\/wp\/v2\/media\/29801"}],"wp:attachment":[{"href":"https:\/\/mouldking.store\/nb\/wp-json\/wp\/v2\/media?parent=29800"}],"wp:term":[{"taxonomy":"product_cat","embeddable":true,"href":"https:\/\/mouldking.store\/nb\/wp-json\/wp\/v2\/product_cat?post=29800"},{"taxonomy":"product_tag","embeddable":true,"href":"https:\/\/mouldking.store\/nb\/wp-json\/wp\/v2\/product_tag?post=29800"}],"curies":[{"name":"wp","href":"https:\/\/api.w.org\/{rel}","templated":true}]}}